{"id":1256,"date":"2015-04-28T12:45:13","date_gmt":"2015-04-28T10:45:13","guid":{"rendered":"http:\/\/www.ff-sarstedt.de\/stadt\/?page_id=1256"},"modified":"2025-02-09T16:16:01","modified_gmt":"2025-02-09T15:16:01","slug":"wir-ueber-uns","status":"publish","type":"page","link":"https:\/\/www.ff-sarstedt.de\/stadt\/ruthe\/wir-ueber-uns","title":{"rendered":"Wir \u00fcber uns"},"content":{"rendered":"<table width=\"100%\">\n<tbody>\n<tr>\n<td width=\"120\"><a href=\"https:\/\/www.ff-sarstedt.de\/stadt\/?page_id=1752\"><img loading=\"lazy\" decoding=\"async\" class=\" wp-image-629 size-thumbnail alignleft\" src=\"https:\/\/www.ff-sarstedt.de\/stadt\/wp-content\/uploads\/2015\/07\/news.png\" alt=\"\" width=\"60\" height=\"60\" \/><\/a><\/td>\n<td><a href=\"https:\/\/www.ff-sarstedt.de\/stadt\/?page_id=1752\"><span style=\"color: #000000;\"><strong><u>Chronik<\/u><\/strong><\/span><\/a><\/td>\n<td width=\"120\"><a href=\"https:\/\/www.ff-sarstedt.de\/stadt\/?page_id=2400\"><img loading=\"lazy\" decoding=\"async\" class=\" wp-image-629 size-thumbnail alignleft\" src=\"https:\/\/www.ff-sarstedt.de\/stadt\/wp-content\/uploads\/2015\/07\/male.png\" alt=\"\" width=\"60\" height=\"60\" \/><\/a><\/td>\n<td><a href=\"https:\/\/www.ff-sarstedt.de\/stadt\/?page_id=2400\"><span style=\"color: #000000;\"><strong><u>Wehrf\u00fchrer<\/u><\/strong><\/span><\/a><\/td>\n<td width=\"120\"><a href=\"https:\/\/www.ff-sarstedt.de\/stadt\/?page_id=2051\"><img loading=\"lazy\" decoding=\"async\" class=\" wp-image-629 size-thumbnail alignleft\" src=\"https:\/\/www.ff-sarstedt.de\/stadt\/wp-content\/uploads\/2015\/07\/aktivitaet.png\" alt=\"\" width=\"60\" height=\"60\" \/><\/a><\/td>\n<td><a href=\"https:\/\/www.ff-sarstedt.de\/stadt\/?page_id=2051\"><span style=\"color: #000000;\"><strong><u>Archivbilder<\/u><\/strong><\/span><\/a><\/td>\n<\/tr>\n<\/tbody>\n<\/table>\n<h2 class=\"ueberschrift\"><b>Abteilungsbilder<\/b><\/h2>\n<table>\n<tbody>\n<tr>\n<td>\n<p><div id=\"attachment_2117\" style=\"width: 300px\" class=\"wp-caption aligncenter\"><a href=\"https:\/\/www.ff-sarstedt.de\/stadt\/wp-content\/uploads\/2015\/04\/2011-08-22-Feuerwehr_2011-025.jpg\" rel=\"lightbox[1256]\"><img loading=\"lazy\" decoding=\"async\" aria-describedby=\"caption-attachment-2117\" class=\"size-medium wp-image-2117\" src=\"https:\/\/www.ff-sarstedt.de\/stadt\/wp-content\/uploads\/2015\/04\/2011-08-22-Feuerwehr_2011-025-300x200.jpg\" alt=\"Ortskommando\" width=\"290\" height=\"200\" \/><\/a><p id=\"caption-attachment-2117\" class=\"wp-caption-text\">Ortskommando<\/p><\/div><\/td>\n<td>\n<p><div id=\"attachment_2116\" style=\"width: 300px\" class=\"wp-caption aligncenter\"><a href=\"https:\/\/www.ff-sarstedt.de\/stadt\/wp-content\/uploads\/2015\/04\/2011-08-22-Feuerwehr_2011-043.jpg\" rel=\"lightbox[1256]\"><img loading=\"lazy\" decoding=\"async\" aria-describedby=\"caption-attachment-2116\" class=\"size-medium wp-image-2116\" src=\"https:\/\/www.ff-sarstedt.de\/stadt\/wp-content\/uploads\/2015\/04\/2011-08-22-Feuerwehr_2011-043-300x200.jpg\" alt=\"Jugendfeuerwehr\" width=\"290\" height=\"200\" \/><\/a><p id=\"caption-attachment-2116\" class=\"wp-caption-text\">Jugendfeuerwehr<\/p><\/div><\/td>\n<\/tr>\n<\/tbody>\n<\/table>\n<table>\n<tbody>\n<tr>\n<td>\n<p><div id=\"attachment_2042\" style=\"width: 310px\" class=\"wp-caption aligncenter\"><a href=\"https:\/\/www.ff-sarstedt.de\/stadt\/wp-content\/uploads\/2015\/07\/Mannschaftsbild.png\" rel=\"lightbox[1256]\"><img loading=\"lazy\" decoding=\"async\" aria-describedby=\"caption-attachment-2042\" class=\"wp-image-2042 size-medium\" src=\"https:\/\/www.ff-sarstedt.de\/stadt\/wp-content\/uploads\/2015\/07\/Mannschaftsbild-300x172.png\" alt=\"Mannschaftsbild\" width=\"300\" height=\"172\" \/><\/a><p id=\"caption-attachment-2042\" class=\"wp-caption-text\">Mannschaftsbild<\/p><\/div><\/td>\n<\/tr>\n<\/tbody>\n<\/table>\n<h2 class=\"ueberschrift\"><b>Feuerwehr Informationen<\/b><\/h2>\n<p>Die Ortsfeuerwehr mit Grundaustattung besitzt ein Tragkraftspritzenfahrzeug mit 750 Liter Wassertank (TSF-W) und geh\u00f6rt zum 3. L\u00f6schzug der Stadt Sarstedt und zur Dekonaminationsgruppe der ABC-Komponente.<\/p>\n<h2 class=\"ueberschrift\"><b>Allgemeine Informationen<\/b><\/h2>\n<p><iframe loading=\"lazy\" style=\"border: 0;\" src=\"https:\/\/www.google.com\/maps\/embed?pb=!1m18!1m12!1m3!1d2442.7904356787312!2d9.834369999999998!3d52.24718999999999!2m3!1f0!2f0!3f0!3m2!1i1024!2i768!4f13.1!3m3!1m2!1s0x47baa6d77360815d%3A0x11f8979524d34b1b!2sAmtshof+1%2C+31157+Sarstedt!5e0!3m2!1sde!2sde!4v1436481036678\" width=\"600\" height=\"450\" frameborder=\"0\" allowfullscreen=\"allowfullscreen\"><\/iframe><br \/>\nEinwohner : 338<br \/>\nFl\u00e4che: 505,31<\/p>\n<p>Ruthe &#8211; ein Dorf, das \u00fcber 1000 Jahre besteht; als Vogtei und Amt Ruthe Geschichte geschrieben hat und heute als Hochschulstandort einen bedeutenden Namen f\u00fcr Wissenschaftler und Forscher f\u00fchrt.<\/p>\n<h2 class=\"ueberschrift\"><b>Kontakt<\/b><\/h2>\n<table width=\"500\">\n<tbody>\n<tr>\n<td width=\"183.08px\"><img loading=\"lazy\" decoding=\"async\" class=\"alignnone wp-image-29521 size-full\" src=\"https:\/\/www.ff-sarstedt.de\/stadt\/wp-content\/uploads\/2025\/02\/MBP05020-scaled.jpg\" alt=\"\" width=\"1978\" height=\"2560\" \/><\/td>\n<td style=\"vertical-align: top;\">\n<h2><b>Ortsbrandmeister<\/b><\/h2>\n<p>Patrick Bauch<\/td>\n<\/tr>\n<\/tbody>\n<\/table>\n<table width=\"500\">\n<tbody>\n<tr>\n<td style=\"width: 183.08px;\"><img loading=\"lazy\" decoding=\"async\" class=\"alignnone wp-image-29522 size-full\" src=\"https:\/\/www.ff-sarstedt.de\/stadt\/wp-content\/uploads\/2025\/02\/Silhouette-maennlich3.png\" alt=\"\" width=\"3864\" height=\"4071\" \/><\/td>\n<td style=\"vertical-align: top; width: 301.92px;\">\n<h2><b>stv. Ortsbrandmeister<\/b><\/h2>\n<p>Christian L\u00fchmann<\/td>\n<\/tr>\n<\/tbody>\n<\/table>\n<table width=\"500\">\n<tbody>\n<tr>\n<td width=\"125\"><img loading=\"lazy\" decoding=\"async\" class=\" wp-image-629 size-thumbnail alignleft\" src=\"https:\/\/www.ff-sarstedt.de\/stadt\/wp-content\/uploads\/2015\/05\/FW-Haus.png\" alt=\"\" width=\"125\" height=\"125\" \/><\/td>\n<td style=\"vertical-align: top;\">\n<h2><b>Feuerwehrhaus<\/b><\/h2>\n<p>Amtshof 1<br \/>\n31157 Ruthe<\/td>\n<\/tr>\n<\/tbody>\n<\/table>\n","protected":false},"excerpt":{"rendered":"<p>Chronik Wehrf\u00fchrer Archivbilder Abteilungsbilder Feuerwehr Informationen Die Ortsfeuerwehr mit Grundaustattung besitzt ein Tragkraftspritzenfahrzeug mit 750 Liter Wassertank (TSF-W) und geh\u00f6rt zum 3. L\u00f6schzug der Stadt Sarstedt und zur Dekonaminationsgruppe der ABC-Komponente. Allgemeine Informationen Einwohner : 338 Fl\u00e4che: 505,31 Ruthe &#8211; ein Dorf, das \u00fcber 1000 Jahre besteht; als Vogtei und Amt Ruthe Geschichte geschrieben hat [&hellip;]<\/p>\n","protected":false},"author":9,"featured_media":2042,"parent":50,"menu_order":44,"comment_status":"closed","ping_status":"closed","template":"side-navigation.php","meta":{"_monsterinsights_skip_tracking":false,"_monsterinsights_sitenote_active":false,"_monsterinsights_sitenote_note":"","_monsterinsights_sitenote_category":0,"footnotes":""},"class_list":["post-1256","page","type-page","status-publish","has-post-thumbnail","hentry"],"aioseo_notices":[],"_links":{"self":[{"href":"https:\/\/www.ff-sarstedt.de\/stadt\/wp-json\/wp\/v2\/pages\/1256","targetHints":{"allow":["GET"]}}],"collection":[{"href":"https:\/\/www.ff-sarstedt.de\/stadt\/wp-json\/wp\/v2\/pages"}],"about":[{"href":"https:\/\/www.ff-sarstedt.de\/stadt\/wp-json\/wp\/v2\/types\/page"}],"author":[{"embeddable":true,"href":"https:\/\/www.ff-sarstedt.de\/stadt\/wp-json\/wp\/v2\/users\/9"}],"replies":[{"embeddable":true,"href":"https:\/\/www.ff-sarstedt.de\/stadt\/wp-json\/wp\/v2\/comments?post=1256"}],"version-history":[{"count":1,"href":"https:\/\/www.ff-sarstedt.de\/stadt\/wp-json\/wp\/v2\/pages\/1256\/revisions"}],"predecessor-version":[{"id":29523,"href":"https:\/\/www.ff-sarstedt.de\/stadt\/wp-json\/wp\/v2\/pages\/1256\/revisions\/29523"}],"up":[{"embeddable":true,"href":"https:\/\/www.ff-sarstedt.de\/stadt\/wp-json\/wp\/v2\/pages\/50"}],"wp:featuredmedia":[{"embeddable":true,"href":"https:\/\/www.ff-sarstedt.de\/stadt\/wp-json\/wp\/v2\/media\/2042"}],"wp:attachment":[{"href":"https:\/\/www.ff-sarstedt.de\/stadt\/wp-json\/wp\/v2\/media?parent=1256"}],"curies":[{"name":"wp","href":"https:\/\/api.w.org\/{rel}","templated":true}]}}