{"id":12706,"date":"2016-07-16T21:39:26","date_gmt":"2016-07-16T19:39:26","guid":{"rendered":"http:\/\/www.ff-sarstedt.de\/stadt\/?page_id=12706"},"modified":"2025-02-16T12:28:24","modified_gmt":"2025-02-16T11:28:24","slug":"technik","status":"publish","type":"page","link":"https:\/\/www.ff-sarstedt.de\/stadt\/schliekum\/technik","title":{"rendered":"Technik"},"content":{"rendered":"<div id=\"ccchildpages-1\" class=\"ccchildpages ccflex twocol cc-child ccclearfix\"><div class=\"ccchildpage  ccfirst ccodd ccpage-count-1 ccpage-id-12703 ccpage-feuerwehrhaus ccpage-has-parent ccpage-pid-12706 ccpage-parent-technik\"><h3 class=\"ccpage_title\" title=\"Feuerwehrhaus Schliekum\">Feuerwehrhaus Schliekum<\/h3><img loading=\"lazy\" decoding=\"async\" width=\"300\" height=\"169\" src=\"https:\/\/www.ff-sarstedt.de\/stadt\/wp-content\/uploads\/2016\/04\/IMG_1931-300x169.jpg\" class=\"cc-child-pages-thumb wp-post-image\" alt=\"Feuerwehrhaus Schliekum\" title=\"Feuerwehrhaus Schliekum\" \/><div class=\"ccpages_excerpt\">Das Feuerwehrhaus verf\u00fcgt \u00fcber zwei Stellpl\u00e4tze sowie einen...<\/div><p class=\"ccpages_more\"><a href=\"https:\/\/www.ff-sarstedt.de\/stadt\/schliekum\/technik\/feuerwehrhaus\"  title=\"weiterlesen...\">weiterlesen...<\/a><\/p><\/div><div class=\"ccchildpage  cclast cceven ccpage-count-2 ccpage-id-12738 ccpage-fahrzeuge ccpage-has-parent ccpage-pid-12706 ccpage-parent-technik\"><h3 class=\"ccpage_title\" title=\"Fahrzeuge\">Fahrzeuge<\/h3><div class=\"ccpages_excerpt\">Die Ortsfeuerwehr Schliekum verf\u00fcgt \u00fcber ein L\u00f6schgruppenfahrzeug LF...<\/div><p class=\"ccpages_more\"><a href=\"https:\/\/www.ff-sarstedt.de\/stadt\/schliekum\/technik\/fahrzeuge\"  title=\"weiterlesen...\">weiterlesen...<\/a><\/p><\/div><\/div>\n","protected":false},"excerpt":{"rendered":"","protected":false},"author":19,"featured_media":29573,"parent":52,"menu_order":54,"comment_status":"closed","ping_status":"closed","template":"side-navigation.php","meta":{"_monsterinsights_skip_tracking":false,"_monsterinsights_sitenote_active":false,"_monsterinsights_sitenote_note":"","_monsterinsights_sitenote_category":0,"footnotes":""},"class_list":["post-12706","page","type-page","status-publish","has-post-thumbnail","hentry"],"aioseo_notices":[],"_links":{"self":[{"href":"https:\/\/www.ff-sarstedt.de\/stadt\/wp-json\/wp\/v2\/pages\/12706","targetHints":{"allow":["GET"]}}],"collection":[{"href":"https:\/\/www.ff-sarstedt.de\/stadt\/wp-json\/wp\/v2\/pages"}],"about":[{"href":"https:\/\/www.ff-sarstedt.de\/stadt\/wp-json\/wp\/v2\/types\/page"}],"author":[{"embeddable":true,"href":"https:\/\/www.ff-sarstedt.de\/stadt\/wp-json\/wp\/v2\/users\/19"}],"replies":[{"embeddable":true,"href":"https:\/\/www.ff-sarstedt.de\/stadt\/wp-json\/wp\/v2\/comments?post=12706"}],"version-history":[{"count":1,"href":"https:\/\/www.ff-sarstedt.de\/stadt\/wp-json\/wp\/v2\/pages\/12706\/revisions"}],"predecessor-version":[{"id":29586,"href":"https:\/\/www.ff-sarstedt.de\/stadt\/wp-json\/wp\/v2\/pages\/12706\/revisions\/29586"}],"up":[{"embeddable":true,"href":"https:\/\/www.ff-sarstedt.de\/stadt\/wp-json\/wp\/v2\/pages\/52"}],"wp:featuredmedia":[{"embeddable":true,"href":"https:\/\/www.ff-sarstedt.de\/stadt\/wp-json\/wp\/v2\/media\/29573"}],"wp:attachment":[{"href":"https:\/\/www.ff-sarstedt.de\/stadt\/wp-json\/wp\/v2\/media?parent=12706"}],"curies":[{"name":"wp","href":"https:\/\/api.w.org\/{rel}","templated":true}]}}