{"id":12738,"date":"2016-07-16T22:27:17","date_gmt":"2016-07-16T20:27:17","guid":{"rendered":"http:\/\/www.ff-sarstedt.de\/stadt\/?page_id=12738"},"modified":"2019-05-03T21:23:26","modified_gmt":"2019-05-03T19:23:26","slug":"fahrzeuge","status":"publish","type":"page","link":"https:\/\/www.ff-sarstedt.de\/stadt\/schliekum\/technik\/fahrzeuge","title":{"rendered":"Fahrzeuge"},"content":{"rendered":"<p>Die Ortsfeuerwehr Schliekum verf\u00fcgt \u00fcber ein L\u00f6schgruppenfahrzeug LF 8\/6, einen Mannschaftstransportwagen\u00a0sowie einen Dekon-Anh\u00e4nger.<\/p>\n<div id=\"ccchildpages-1\" class=\"ccchildpages ccflex twocol cc-child ccclearfix\"><div class=\"ccchildpage  ccfirst ccodd ccpage-count-1 ccpage-id-1713 ccpage-technik ccpage-has-parent ccpage-pid-12738 ccpage-parent-fahrzeuge\"><h3 class=\"ccpage_title\" title=\"L\u00f6schgruppenfahrzeug LF 8\/6\">L\u00f6schgruppenfahrzeug LF 8\/6<\/h3><img loading=\"lazy\" decoding=\"async\" width=\"300\" height=\"169\" src=\"https:\/\/www.ff-sarstedt.de\/stadt\/wp-content\/uploads\/2016\/04\/IMG_1937-300x169.jpg\" class=\"cc-child-pages-thumb wp-post-image\" alt=\"L\u00f6schgruppenfahrzeug LF 8\/6\" title=\"L\u00f6schgruppenfahrzeug LF 8\/6\" \/><div class=\"ccpages_excerpt\">Das L\u00f6schgruppenfahrzeug wird zur Brandbek\u00e4mpfung...<\/div><p class=\"ccpages_more\"><a href=\"https:\/\/www.ff-sarstedt.de\/stadt\/schliekum\/technik\/fahrzeuge\/technik\"  title=\"weiterlesen...\">weiterlesen...<\/a><\/p><\/div><div class=\"ccchildpage  cclast cceven ccpage-count-2 ccpage-id-19652 ccpage-mannschaftstransportwagen ccpage-has-parent ccpage-pid-12738 ccpage-parent-fahrzeuge\"><h3 class=\"ccpage_title\" title=\"Mannschaftstransportwagen\">Mannschaftstransportwagen<\/h3><img loading=\"lazy\" decoding=\"async\" width=\"300\" height=\"225\" src=\"https:\/\/www.ff-sarstedt.de\/stadt\/wp-content\/uploads\/2019\/05\/2019-05-03-20.39.42-300x225.jpg\" class=\"cc-child-pages-thumb wp-post-image\" alt=\"Mannschaftstransportwagen\" title=\"Mannschaftstransportwagen\" \/><div class=\"ccpages_excerpt\">Der Mannschaftstransportwagen (MTW) kann sowohl...<\/div><p class=\"ccpages_more\"><a href=\"https:\/\/www.ff-sarstedt.de\/stadt\/schliekum\/technik\/fahrzeuge\/mannschaftstransportwagen\"  title=\"weiterlesen...\">weiterlesen...<\/a><\/p><\/div><div class=\"ccchildpage  ccfirst ccodd ccpage-count-3 ccpage-id-19587 ccpage-historische-fahrzeuge ccpage-has-parent ccpage-pid-12738 ccpage-parent-fahrzeuge\"><h3 class=\"ccpage_title\" title=\"Historische Fahrzeuge\">Historische Fahrzeuge<\/h3><div class=\"ccpages_excerpt\">Bevor in Schliekum die aktuellen...<\/div><p class=\"ccpages_more\"><a href=\"https:\/\/www.ff-sarstedt.de\/stadt\/schliekum\/technik\/fahrzeuge\/historische-fahrzeuge\"  title=\"weiterlesen...\">weiterlesen...<\/a><\/p><\/div><\/div>\n","protected":false},"excerpt":{"rendered":"<p>Die Ortsfeuerwehr Schliekum verf\u00fcgt \u00fcber ein L\u00f6schgruppenfahrzeug LF 8\/6, einen Mannschaftstransportwagen\u00a0sowie einen Dekon-Anh\u00e4nger.<\/p>\n","protected":false},"author":19,"featured_media":0,"parent":12706,"menu_order":25,"comment_status":"closed","ping_status":"closed","template":"side-navigation.php","meta":{"_monsterinsights_skip_tracking":false,"_monsterinsights_sitenote_active":false,"_monsterinsights_sitenote_note":"","_monsterinsights_sitenote_category":0,"footnotes":""},"class_list":["post-12738","page","type-page","status-publish","hentry"],"aioseo_notices":[],"_links":{"self":[{"href":"https:\/\/www.ff-sarstedt.de\/stadt\/wp-json\/wp\/v2\/pages\/12738","targetHints":{"allow":["GET"]}}],"collection":[{"href":"https:\/\/www.ff-sarstedt.de\/stadt\/wp-json\/wp\/v2\/pages"}],"about":[{"href":"https:\/\/www.ff-sarstedt.de\/stadt\/wp-json\/wp\/v2\/types\/page"}],"author":[{"embeddable":true,"href":"https:\/\/www.ff-sarstedt.de\/stadt\/wp-json\/wp\/v2\/users\/19"}],"replies":[{"embeddable":true,"href":"https:\/\/www.ff-sarstedt.de\/stadt\/wp-json\/wp\/v2\/comments?post=12738"}],"version-history":[{"count":0,"href":"https:\/\/www.ff-sarstedt.de\/stadt\/wp-json\/wp\/v2\/pages\/12738\/revisions"}],"up":[{"embeddable":true,"href":"https:\/\/www.ff-sarstedt.de\/stadt\/wp-json\/wp\/v2\/pages\/12706"}],"wp:attachment":[{"href":"https:\/\/www.ff-sarstedt.de\/stadt\/wp-json\/wp\/v2\/media?parent=12738"}],"curies":[{"name":"wp","href":"https:\/\/api.w.org\/{rel}","templated":true}]}}