{"id":1328,"date":"2015-05-02T17:04:18","date_gmt":"2015-05-02T15:04:18","guid":{"rendered":"http:\/\/www.ff-sarstedt.de\/stadt\/?page_id=1328"},"modified":"2016-03-25T10:14:25","modified_gmt":"2016-03-25T09:14:25","slug":"fuenfter-abschnitt-die-brandmeister-von-der-gruendung-bis-heute","status":"publish","type":"page","link":"https:\/\/www.ff-sarstedt.de\/stadt\/heisede\/wir-ueber-uns\/chronik\/fuenfter-abschnitt-die-brandmeister-von-der-gruendung-bis-heute","title":{"rendered":"5. Abschnitt: Die Brandmeister von der Gr\u00fcndung bis heute"},"content":{"rendered":"<p><center>\n\t\t<style type=\"text\/css\">\n\t\t\t#gallery-1 {\n\t\t\t\tmargin: auto;\n\t\t\t}\n\t\t\t#gallery-1 .gallery-item {\n\t\t\t\tfloat: left;\n\t\t\t\tmargin-top: 10px;\n\t\t\t\ttext-align: center;\n\t\t\t\twidth: 33%;\n\t\t\t}\n\t\t\t#gallery-1 img {\n\t\t\t\tborder: 2px solid #cfcfcf;\n\t\t\t}\n\t\t\t#gallery-1 .gallery-caption {\n\t\t\t\tmargin-left: 0;\n\t\t\t}\n\t\t\t\/* see gallery_shortcode() in wp-includes\/media.php *\/\n\t\t<\/style>\n\t\t<div id='gallery-1' class='gallery galleryid-1328 gallery-columns-3 gallery-size-thumbnail'><dl class='gallery-item'>\n\t\t\t<dt class='gallery-icon portrait'>\n\t\t\t\t<a rel=\"prettyPhoto[postimages]\" href='https:\/\/www.ff-sarstedt.de\/stadt\/wp-content\/uploads\/2015\/05\/1._W.Lippel.jpg'><img loading=\"lazy\" decoding=\"async\" width=\"150\" height=\"150\" src=\"https:\/\/www.ff-sarstedt.de\/stadt\/wp-content\/uploads\/2015\/05\/1._W.Lippel-150x150.jpg\" class=\"attachment-thumbnail size-thumbnail\" alt=\"\" aria-describedby=\"gallery-1-1363\" \/><\/a>\n\t\t\t<\/dt>\n\t\t\t\t<dd class='wp-caption-text gallery-caption' id='gallery-1-1363'>\n\t\t\t\tWilhelm Lippel<br>Wehrf\u00fchrer<br>1930 &#8211; 1936\n\t\t\t\t<\/dd><\/dl><dl class='gallery-item'>\n\t\t\t<dt class='gallery-icon portrait'>\n\t\t\t\t<a rel=\"prettyPhoto[postimages]\" href='https:\/\/www.ff-sarstedt.de\/stadt\/wp-content\/uploads\/2015\/05\/2._F.Wissel.jpg'><img loading=\"lazy\" decoding=\"async\" width=\"150\" height=\"150\" src=\"https:\/\/www.ff-sarstedt.de\/stadt\/wp-content\/uploads\/2015\/05\/2._F.Wissel-150x150.jpg\" class=\"attachment-thumbnail size-thumbnail\" alt=\"\" aria-describedby=\"gallery-1-1364\" \/><\/a>\n\t\t\t<\/dt>\n\t\t\t\t<dd class='wp-caption-text gallery-caption' id='gallery-1-1364'>\n\t\t\t\tFriedrich Wissel<br>Wehrf\u00fchrer<br>1936 &#8211; 1956\n\t\t\t\t<\/dd><\/dl><dl class='gallery-item'>\n\t\t\t<dt class='gallery-icon portrait'>\n\t\t\t\t<a rel=\"prettyPhoto[postimages]\" href='https:\/\/www.ff-sarstedt.de\/stadt\/wp-content\/uploads\/2015\/05\/3._E.Wolkenhauer.jpg'><img loading=\"lazy\" decoding=\"async\" width=\"150\" height=\"150\" src=\"https:\/\/www.ff-sarstedt.de\/stadt\/wp-content\/uploads\/2015\/05\/3._E.Wolkenhauer-150x150.jpg\" class=\"attachment-thumbnail size-thumbnail\" alt=\"\" aria-describedby=\"gallery-1-1365\" \/><\/a>\n\t\t\t<\/dt>\n\t\t\t\t<dd class='wp-caption-text gallery-caption' id='gallery-1-1365'>\n\t\t\t\tErnst Wolkenhauer<br>Wehrf\u00fchrer<br>1956 &#8211; 1958\n\t\t\t\t<\/dd><\/dl><br style=\"clear: both\" \/><dl class='gallery-item'>\n\t\t\t<dt class='gallery-icon portrait'>\n\t\t\t\t<a rel=\"prettyPhoto[postimages]\" href='https:\/\/www.ff-sarstedt.de\/stadt\/wp-content\/uploads\/2015\/05\/4._F.R\u00fchmkorf.jpg'><img loading=\"lazy\" decoding=\"async\" width=\"150\" height=\"150\" src=\"https:\/\/www.ff-sarstedt.de\/stadt\/wp-content\/uploads\/2015\/05\/4._F.R\u00fchmkorf-150x150.jpg\" class=\"attachment-thumbnail size-thumbnail\" alt=\"\" aria-describedby=\"gallery-1-1366\" \/><\/a>\n\t\t\t<\/dt>\n\t\t\t\t<dd class='wp-caption-text gallery-caption' id='gallery-1-1366'>\n\t\t\t\tFriedrich R\u00fchmkorf<br>Wehrf\u00fchrer<br>1958 &#8211; 1966\n\t\t\t\t<\/dd><\/dl><dl class='gallery-item'>\n\t\t\t<dt class='gallery-icon portrait'>\n\t\t\t\t<a rel=\"prettyPhoto[postimages]\" href='https:\/\/www.ff-sarstedt.de\/stadt\/wp-content\/uploads\/2015\/05\/5._F.K\u00f6hler.jpg'><img loading=\"lazy\" decoding=\"async\" width=\"150\" height=\"150\" src=\"https:\/\/www.ff-sarstedt.de\/stadt\/wp-content\/uploads\/2015\/05\/5._F.K\u00f6hler-150x150.jpg\" class=\"attachment-thumbnail size-thumbnail\" alt=\"\" aria-describedby=\"gallery-1-1367\" \/><\/a>\n\t\t\t<\/dt>\n\t\t\t\t<dd class='wp-caption-text gallery-caption' id='gallery-1-1367'>\n\t\t\t\tFriedrich K\u00f6hler<br>Wehrf\u00fchrer<br>1966 &#8211; 1976\n\t\t\t\t<\/dd><\/dl><dl class='gallery-item'>\n\t\t\t<dt class='gallery-icon portrait'>\n\t\t\t\t<a rel=\"prettyPhoto[postimages]\" href='https:\/\/www.ff-sarstedt.de\/stadt\/wp-content\/uploads\/2015\/05\/6._F.L.Reinhardt.jpg'><img loading=\"lazy\" decoding=\"async\" width=\"150\" height=\"150\" src=\"https:\/\/www.ff-sarstedt.de\/stadt\/wp-content\/uploads\/2015\/05\/6._F.L.Reinhardt-150x150.jpg\" class=\"attachment-thumbnail size-thumbnail\" alt=\"\" aria-describedby=\"gallery-1-1368\" \/><\/a>\n\t\t\t<\/dt>\n\t\t\t\t<dd class='wp-caption-text gallery-caption' id='gallery-1-1368'>\n\t\t\t\tFriedrich-Ludwig Reinhardt<br>Wehrf\u00fchrer<br>1976 &#8211; 1982\n\t\t\t\t<\/dd><\/dl><br style=\"clear: both\" \/><dl class='gallery-item'>\n\t\t\t<dt class='gallery-icon portrait'>\n\t\t\t\t<a rel=\"prettyPhoto[postimages]\" href='https:\/\/www.ff-sarstedt.de\/stadt\/wp-content\/uploads\/2015\/05\/7._S.Gerber.jpg'><img loading=\"lazy\" decoding=\"async\" width=\"150\" height=\"150\" src=\"https:\/\/www.ff-sarstedt.de\/stadt\/wp-content\/uploads\/2015\/05\/7._S.Gerber-150x150.jpg\" class=\"attachment-thumbnail size-thumbnail\" alt=\"\" aria-describedby=\"gallery-1-1369\" \/><\/a>\n\t\t\t<\/dt>\n\t\t\t\t<dd class='wp-caption-text gallery-caption' id='gallery-1-1369'>\n\t\t\t\tSiegfried Gerber<br>Wehrf\u00fchrer<br>1982 &#8211; 1988\n\t\t\t\t<\/dd><\/dl><dl class='gallery-item'>\n\t\t\t<dt class='gallery-icon portrait'>\n\t\t\t\t<a rel=\"prettyPhoto[postimages]\" href='https:\/\/www.ff-sarstedt.de\/stadt\/wp-content\/uploads\/2015\/05\/8._H.Gerber.jpg'><img loading=\"lazy\" decoding=\"async\" width=\"150\" height=\"150\" src=\"https:\/\/www.ff-sarstedt.de\/stadt\/wp-content\/uploads\/2015\/05\/8._H.Gerber-150x150.jpg\" class=\"attachment-thumbnail size-thumbnail\" alt=\"\" aria-describedby=\"gallery-1-1370\" \/><\/a>\n\t\t\t<\/dt>\n\t\t\t\t<dd class='wp-caption-text gallery-caption' id='gallery-1-1370'>\n\t\t\t\tHeinrich Gerber<br>Wehrf\u00fchrer<br>1988 &#8211; 2004\n\t\t\t\t<\/dd><\/dl><dl class='gallery-item'>\n\t\t\t<dt class='gallery-icon portrait'>\n\t\t\t\t<a rel=\"prettyPhoto[postimages]\" href='https:\/\/www.ff-sarstedt.de\/stadt\/wp-content\/uploads\/2015\/05\/9_F.Wedekind.jpg'><img loading=\"lazy\" decoding=\"async\" width=\"150\" height=\"150\" src=\"https:\/\/www.ff-sarstedt.de\/stadt\/wp-content\/uploads\/2015\/05\/9_F.Wedekind-150x150.jpg\" class=\"attachment-thumbnail size-thumbnail\" alt=\"\" aria-describedby=\"gallery-1-1371\" \/><\/a>\n\t\t\t<\/dt>\n\t\t\t\t<dd class='wp-caption-text gallery-caption' id='gallery-1-1371'>\n\t\t\t\tFrank Wedekind<br>Wehrf\u00fchrer<br> 2004-2020\n\t\t\t\t<\/dd><\/dl><br style=\"clear: both\" \/>\n\t\t<\/div>\n<\/p>\n<p>&nbsp;<\/p>\n<p>&nbsp;<\/p>\n<p><\/center>Der lang gehegte Wunsch nach einem neuen Feuerwehrger\u00e4tehaus ging 1982 in Erf\u00fcllung. Als Ersatz f\u00fcr den ehemals umgebauten Ziegenbockstall in der Marienburger Stra\u00dfe entstand ein neues Domizil im Fasanengarten. Das moderne Geb\u00e4ude besitzt eine normgerechte Fahrzeugbox, einen ger\u00e4umigen Unterrichtsraum sowie Sanit\u00e4ranlagen. Den Schl\u00fcssel \u00fcberreichte am Er\u00f6ffnungstag der damalige Ortsb\u00fcrgermeister Egon Pauls. Noch im selben Jahr lud die Feuerwehr die B\u00fcrger zum \u201cTag der offenen T\u00fcr\u201d ein, um die neuen R\u00e4umlichkeiten in Augenschein nehmen zu k\u00f6nnen.<\/p>\n<p>Ein \u201cDisko\u201d-unfall auf der B 6 am Bierbruch bei Ahrbergen, zu dem unsere Feuerwehr im Januar 1985 gerufen wurde, kostete drei jungen Menschen das Leben. Solche Bilder bleiben den Helfern im Ged\u00e4chtnis.<\/p>\n<p>Auf der Jahreshauptversammlung 1987 wurden Ehrenbrandmeister Friedrich K\u00f6hler und Franz Burlit zu Ehrenmitgliedern ernannt.<\/p>\n<p>Einen Wohnungsbrand gab es 1987 in Sarstedt, Im Sacke, zu bek\u00e4mpfen. Trotz der dichten Bebauung der Altstadt konnte ein \u00dcbergreifen der Flammen verhindert werden.<\/p>\n<p>Im Juni mussten bei der Fa. Chemica in Heisede, Nordstra\u00dfe, 20 Liter ausgelaufenes Formaldehyd entsorgt werden.<\/p>\n<p>1988 wurde Heinrich Gerber zum Ortsbrandmeister gew\u00e4hlt, sein Stellvertreter wurde Gerhard Franke, der jedoch infolge Wohnortwechsels dieses Amt nur 9 Monate bekleiden konnte. Andreas Volke wurde neuer Stellvertreter.<\/p>\n<p>Im Juli 1988 forderte ein Brand des Papierlagers der Gro\u00dfdruckerei Schr\u00f6ter und Bake den Einsatz aller Sarstedter Ortswehren. Es gelang, die Druckerei und das B\u00fcrogeb\u00e4ude vor den Flammen zu sch\u00fctzen.<\/p>\n<p>Bei einer Kommandositzung im Jahr 1988 wurde beschlossen, die alte Handruckspritze zu restaurieren und diese im Festumzug anl\u00e4sslich des 60-j\u00e4hrigen Jubil\u00e4ums im Jahr 1990 mitrollen zu lassen. Die Arbeiten wurden ma\u00dfgeblich von Holger Schmeling und Thomas von Einem durchgef\u00fchrt.<\/p>\n<p>Das besagte Jubil\u00e4um wurde vom 8. bis 10. Juni 1990 mit einem gro\u00dfen Zeltfest gefeiert. Hierzu konnten wir unsere Partnerfeuerwehr aus Detershagen bei Magdeburg begr\u00fc\u00dfen. Damit hatte die deutsche Wiedervereinigung auch unsere Ortswehr erreicht. Die Verbindung war auf Initiative des Kameraden Siegfried Gerber kurz nach dem Mauerfall eingegangen worden und bestand noch bis zum Ende der Neunziger Jahre. Zu erw\u00e4hnen sei noch, dass uns ausgerechnet am Tag unseres Festumzugs ein PKW-Brand in Atem hielt.<\/p>\n<p>Im Dezember 1990 erhielt die Feuerwehr eine neue Tragkraftspritze. Die noch funktionsf\u00e4hige TS 8 von 1958 wurde der Detershagener Feuerwehr dort im Fr\u00fchjahr 1991 im Rahmen einer Feierstunde \u00fcbergeben. In der folgenden Zeit h\u00e4uften sich \u00d6l-Eins\u00e4tze durch den zunehmenden Kraftfahrzeugverkehr. Zwischen 1992 und 1994 seien die folgenden Brandeins\u00e4tze zu erw\u00e4hnen: Brand eines Bettenlagers auf dem Kasernengel\u00e4nde in Ahrbergen, Brand eines Kellers im Masurenweg, Fahrstuhlbrand in Sarstedt und der Brand einer Fischerh\u00fctte am \u201cNullpunkt\u201d-Teich.<\/p>\n<p>Im September 1992 folgten wir einer Einladung der Partnerfeuerwehr aus Detershagen zur Teilnahme an den Feierlichkeiten anl\u00e4sslich ihres 80-j\u00e4hrigen Bestehens.<\/p>\n<p>1994 konnte der stellvertretende Ortsbrandmeister Andreas Volke infolge Wohnortwechsels nicht erneut kandidieren. Seine Nachfolge trat G\u00fcnther Eicke an.<\/p>\n<p>Ein schwerer Verkehrsunfall ereignete sich im Februar 1996 auf der Stra\u00dfe zwischen Ruthe und Heisede in der Kurve vor dem Bahn\u00fcbergang. Das Fahrzeug war ins Schleudern geraten und gegen einen Baum geprallt. Die junge Fahrerin konnte von unserer Wehr nur noch tot geborgen werden.<\/p>\n<p>1997 wurde der Kauf eines neuen L\u00f6schfahrzeugs notwendig. Unser LF 8\/6 wurde in Dissen vom Ortskommando in Empfang genommen. Es war f\u00fcr alle Kameraden ein bewegender Augenblick, als Ortsbrandmeister Heinrich Gerber das Fahrzeug mit Blaulicht und Martinshorn in den Ort rollen lie\u00df. Mit diesem Fahrzeug wuchsen auch die Anforderungen an alle Aktiven, war doch hier wesentlich mehr Technik eingebaut. So stand die Ausbildung am neuen L\u00f6schfahrzeug nun regelm\u00e4\u00dfig auf dem Dienstplan. Mit den zur Verf\u00fcgung stehenden 600 Litern Wasser, die das Fahrzeug fasste (hierf\u00fcr steht die 6) und der eingebauten Schnellangriffseinrichtung wurde die Feuerwehr in die Lage versetzt, sofort mit L\u00f6scharbeiten zu beginnen.<\/p>\n<p>Erster Einsatz des LF 8\/6 war der Brand auf dem ehemaligen Ziegeleigel\u00e4nde am Boksberg. Ein weiterer Gro\u00dfbrand im Dezember 1997 vernichtete das gesamte Obergeschoss eines Wohnhauses in der Nordstra\u00dfe. Im Juli 1999 wurden Kassenhaus und Kiosk am Heiseder Badesee durch Brandstiftung vernichtet. Es entstand ein Schaden von \u00fcber 200.000 DM. In Sarstedt, Friedrich-Ebert-Stra\u00dfe, vernichtete ein Gro\u00dfbrand im August 1999 infolge Brandstiftung in einem abgestellten Bus das in unmittelbarer N\u00e4he befindliche Geb\u00e4ude, in dem sich au\u00dfer dem Busunternehmen auch die Notarztzentrale und das Jugendzentrum befanden.<\/p>\n<p>Im Industriegel\u00e4nde am Boksberg brannte im September 2001 ein Restpostenmarkt nieder. Die Gefahr bei diesem \u00fcber 8 Stunden andauernden Einsatz war nicht zu untersch\u00e4tzen, denn hier lieferten u.a. Farben, Lacke und Kunststoffe dem Feuer immer neue Nahrung.<\/p>\n<p>Das Jahr 2002 war gepr\u00e4gt von Hochwassereins\u00e4tzen. Zun\u00e4chst f\u00fchrten starke Regenf\u00e4lle im Juli zu lokalen \u00dcberschwemmungen und wir mussten, insbesondere bei unseren \u201cSorgenkindern\u201d in der Sorauer Stra\u00dfe, die Keller leer pumpen. Vom 25. bis zum 27. August wurde unsere Wehr anl\u00e4sslich des verheerenden Elbe-Hochwassers zu Deichsicherungsma\u00dfnahmen nach Dannenberg gerufen. Kurz nach dem Jahreswechsel hatte dann Sarstedt seine \u201cJahrhundertflut\u201d zu \u00fcberstehen. Der Pegel der Innerste war auf 3 Meter gestiegen, s\u00e4mtliche Ortswehren waren vom 3. bis 5. Januar im Dauereinsatz.<\/p>\n<p>Kurz darauf wurde die Wehr abermals zu einem Verkehrsunfall gerufen, der sich am Ortsausgang von Heisede ereignet hatte. Der eingeklemmte Fahrer musste mit der Rettungsschere des Hottelner R\u00fcstwagens aus seinem Fahrzeug befreit werden.<\/p>\n<p>2004 fand dann an der Spitze der Feuerwehr ein Wechsel statt. Heinrich Gerber, der vor \u00dcbernahme des Ortsbrandmeisteramtes im Jahr 1988 bereits seit 1982 als stellvertretender Ortsbrandmeister fungiert hatte, legte aus gesundheitlichen Gr\u00fcnden sein Amt nieder. F\u00fcr seine geleistete Arbeit geb\u00fchrt ihm Dank und Anerkennung.<\/p>\n<p>Auf der Mitgliederversammlung im Oktober 2004 wurde unser ehemaliger Jugendfeuerwehrwart Frank Wedekind zu seinem Nachfolger gew\u00e4hlt.<\/p>\n<p>Nat\u00fcrlich konnten wir in unserer Geschichte nicht alle Geschehnisse der vergangenen 75 Jahre schildern. Unsere Auswahl ist insoweit nur beispielhaft f\u00fcr die Arbeit unserer Feuerwehr. Nicht zuletzt waren aber auch die kleineren Hilfeleistungseins\u00e4tze bedeutungsvoll, z.B. als es hie\u00df, einem Schwan zu helfen, der sich im Geb\u00fcsch verfangen hatte oder eine Katze zu bergen, die in der Dachrinne \u201cfestsa\u00df\u201d.<\/p>\n<p>Au\u00dfer bei den Lehrg\u00e4ngen an der Landesfeuerwehrschule in Celle und weiteren Fortbildungsveranstaltungen wird an den Dienstabenden das notwendige theoretische Wissen f\u00fcr den Feuerwehrmann vermittelt. Hierzu z\u00e4hlen auch Vortr\u00e4ge von externen Fachleuten, z.B. der Polizei oder der Avacon. Nat\u00fcrlich finden auch entsprechende praktische \u00dcbungen statt. Regelm\u00e4\u00dfige Einsatz\u00fcbungen in gr\u00f6\u00dferem Rahmen gew\u00e4hrleisten, im Ernstfall schnell und sicher handeln zu k\u00f6nnen.<\/p>\n<p>Unser vielf\u00e4ltiges Aufgabengebiet w\u00e4chst stetig mit dem technischen und dem industriellen Fortschritt. Schwerpunkte der Aus- und Fortbildung sind in j\u00fcngster Zeit die Strahlenschutzausbildung und die Ausbildung der Atemschutzger\u00e4tetr\u00e4ger. Im Jahr 2002 war unter der Leitung von Sarstedts stellvertretendem Ortsbrandmeister Uwe Meyer aus den Atemschutzger\u00e4tetr\u00e4gern der Freiwilligen Feuerwehren Heisede und G\u00f6dringen eine Strahlenschutzgruppe aufgebaut und ausgebildet worden.<\/p>\n<p>Die Feuerwehr pr\u00e4gt aber auch das Leben im Ort entscheidend mit. Beim allj\u00e4hrlichen \u201cInselfest\u201d sorgt die Feuerwehr mit dem Bratwurstverkauf f\u00fcr das leibliche Wohl der Besucher. Eingeladen sind die B\u00fcrger auch j\u00e4hrlich zur Teilnahme an einem Busausflug, zum Wurstessen und zu einem Skat \u2013 und Knobelabend. Beim \u201cTag der offenen T\u00fcr\u201d k\u00f6nnen sich Interessierte \u00fcber die Arbeit der Feuerwehr informieren und bei Kaffee und Kuchen oder Gegrilltem ein paar nette Stunden verbringen. Auch das Osterfeuer wird im Wechsel mit den anderen Vereinen ausgerichtet.<\/p>\n<p>Selbstverst\u00e4ndlich kommt bei diversen Freizeitaktivit\u00e4ten auch die Pflege der Kameradschaft nicht zu kurz. Neu hinzugekommen sind die Motorradtouren unserer \u201cFeuerwehrbiker\u201d, die im vergangenen Jahr eine Herbsttour in die Dolomiten unternommen haben.<\/p>\n<p>Wir hoffen, dass Sie, liebe Leserin und lieber Leser, unsere Feuerwehr beim Lesen unserer Geschichte ein wenig n\u00e4her kennenlernen konnten.<\/p>\n<p>\u201cUnsere Freizeit f\u00fcr Ihre Sicherheit\u201d lautet der Slogan, mit dem wir um Ihre Unterst\u00fctzung werben.<\/p>\n<p>Es w\u00e4re leichter, wenn wir unsere Arbeit auf mehrere Schultern verteilen k\u00f6nnten.<\/p>\n<p>Wir bieten eine unverbindliche \u201cSchnuppermitgliedschaft\u201d an und freuen uns gerade auch auf \u201cQuereinsteiger\u201d. Sie erreichen uns an jedem Dienstagabend ab 19 Uhr im Feuerwehrger\u00e4tehaus im Fasanengarten. Auch wenn Sie sich nicht aktiv beteiligen, k\u00f6nnen Sie uns mit Ihrer f\u00f6rdernden Mitgliedschaft (15 Euro j\u00e4hrlich) unterst\u00fctzen.<\/p>\n<p>Wir hoffen sehr, dass wir alle anl\u00e4sslich unseres 75j\u00e4hrigen Jubil\u00e4ums ein gelungenes Fest feiern werden, das die Gemeinschaft des Dorfes und der Kameraden untereinander st\u00e4rkt und an das wir gern zur\u00fcckdenken werden .<\/p>\n<p><center><a href=\"https:\/\/www.ff-sarstedt.de\/stadt\/?page_id=1330\">\u27a2 <b>WEITER ZUM N\u00c4CHSTEN ABSCHNITT<\/b> \u27a2<\/a><\/center><\/p>\n","protected":false},"excerpt":{"rendered":"<p>&nbsp; &nbsp; Der lang gehegte Wunsch nach einem neuen Feuerwehrger\u00e4tehaus ging 1982 in Erf\u00fcllung. Als Ersatz f\u00fcr den ehemals umgebauten Ziegenbockstall in der Marienburger Stra\u00dfe entstand ein neues Domizil im Fasanengarten. Das moderne Geb\u00e4ude besitzt eine normgerechte Fahrzeugbox, einen ger\u00e4umigen Unterrichtsraum sowie Sanit\u00e4ranlagen. Den Schl\u00fcssel \u00fcberreichte am Er\u00f6ffnungstag der damalige Ortsb\u00fcrgermeister Egon Pauls. Noch im [&hellip;]<\/p>\n","protected":false},"author":9,"featured_media":0,"parent":460,"menu_order":0,"comment_status":"closed","ping_status":"closed","template":"side-navigation.php","meta":{"_monsterinsights_skip_tracking":false,"_monsterinsights_sitenote_active":false,"_monsterinsights_sitenote_note":"","_monsterinsights_sitenote_category":0,"footnotes":""},"class_list":["post-1328","page","type-page","status-publish","hentry"],"aioseo_notices":[],"_links":{"self":[{"href":"https:\/\/www.ff-sarstedt.de\/stadt\/wp-json\/wp\/v2\/pages\/1328","targetHints":{"allow":["GET"]}}],"collection":[{"href":"https:\/\/www.ff-sarstedt.de\/stadt\/wp-json\/wp\/v2\/pages"}],"about":[{"href":"https:\/\/www.ff-sarstedt.de\/stadt\/wp-json\/wp\/v2\/types\/page"}],"author":[{"embeddable":true,"href":"https:\/\/www.ff-sarstedt.de\/stadt\/wp-json\/wp\/v2\/users\/9"}],"replies":[{"embeddable":true,"href":"https:\/\/www.ff-sarstedt.de\/stadt\/wp-json\/wp\/v2\/comments?post=1328"}],"version-history":[{"count":0,"href":"https:\/\/www.ff-sarstedt.de\/stadt\/wp-json\/wp\/v2\/pages\/1328\/revisions"}],"up":[{"embeddable":true,"href":"https:\/\/www.ff-sarstedt.de\/stadt\/wp-json\/wp\/v2\/pages\/460"}],"wp:attachment":[{"href":"https:\/\/www.ff-sarstedt.de\/stadt\/wp-json\/wp\/v2\/media?parent=1328"}],"curies":[{"name":"wp","href":"https:\/\/api.w.org\/{rel}","templated":true}]}}