{"id":13742,"date":"2017-01-16T16:52:31","date_gmt":"2017-01-16T15:52:31","guid":{"rendered":"http:\/\/www.ff-sarstedt.de\/stadt\/?page_id=13742"},"modified":"2024-04-26T12:44:46","modified_gmt":"2024-04-26T10:44:46","slug":"bockessen","status":"publish","type":"page","link":"https:\/\/www.ff-sarstedt.de\/stadt\/hotteln\/wir-ueber-uns\/veranstaltungen\/bockessen","title":{"rendered":"Hottelner Bockessen"},"content":{"rendered":"\n<p>Das\u00a0sogenannte\u00a0\u2013 nennen wir es mittlerweile traditionelle \u2013\u00a0Bockessen\u00a0hat seinen Ursprung in einem Wetteinsatz beim Sommergrillen der Freiwilligen Feuerwehr Hotteln im Jahre 2002.<\/p>\n\n\n\n<table style=\"height: 543px; width: 90%; border-style: dashed; border-color: #000000;\" width=\"90%\">\n<tbody>\n<tr style=\"height: 46px;\">\n<td style=\"width: 12.619%; height: 36px;\">2002<\/td>\n<td style=\"width: 14.881%; height: 36px;\">CD + Wasserbock<\/td>\n<td style=\"width: 20.7143%; height: 36px;\">Wette<\/td>\n<td style=\"width: 1.32275%; height: 36px;\">\u00a0<\/td>\n<td style=\"width: 14.7619%; height: 36px;\">2003<\/td>\n<td style=\"width: 17.381%; height: 36px;\">1. CD -&gt; Wetteinl\u00f6sung<\/td>\n<td style=\"width: 16.6667%; height: 36px;\">Kamerun-Schaf<\/td>\n<\/tr>\n<tr style=\"height: 46px;\">\n<td style=\"width: 12.619%; height: 46px;\">2004<\/td>\n<td style=\"width: 14.881%; height: 46px;\">2. Wasserbock + Atze<\/td>\n<td style=\"width: 20.7143%; height: 46px;\">Kamerun-Schaf<\/td>\n<td style=\"width: 1.32275%; height: 46px;\">\u00a0<\/td>\n<td style=\"width: 14.7619%; height: 46px;\">2005<\/td>\n<td style=\"width: 17.381%; height: 46px;\">3. Heinrich-Ernst<\/td>\n<td style=\"width: 16.6667%; height: 46px;\">Heidschnucke<\/td>\n<\/tr>\n<tr style=\"height: 46px;\">\n<td style=\"width: 12.619%; height: 46px;\">2006<\/td>\n<td style=\"width: 14.881%; height: 46px;\">4. Bj\u00f6rn, Bernd, Holger<\/td>\n<td style=\"width: 20.7143%; height: 46px;\">Wildschwein<\/td>\n<td style=\"width: 1.32275%; height: 46px;\">\u00a0<\/td>\n<td style=\"width: 14.7619%; height: 46px;\">2007<\/td>\n<td style=\"width: 17.381%; height: 46px;\">5. Gurke + George<\/td>\n<td style=\"width: 16.6667%; height: 46px;\">Schinken<\/td>\n<\/tr>\n<tr style=\"height: 46px;\">\n<td style=\"width: 12.619%; height: 46px;\">2008<\/td>\n<td style=\"width: 14.881%; height: 46px;\">6. Alex + Uwe<\/td>\n<td style=\"width: 20.7143%; height: 46px;\">Spanferkel<\/td>\n<td style=\"width: 1.32275%; height: 46px;\">\u00a0<\/td>\n<td style=\"width: 14.7619%; height: 46px;\">2009<\/td>\n<td style=\"width: 17.381%; height: 46px;\">7. Annegret + Hanna<\/td>\n<td style=\"width: 16.6667%; height: 46px;\">Heidschnucke<\/td>\n<\/tr>\n<tr style=\"height: 46px;\">\n<td style=\"width: 12.619%; height: 46px;\">2010<\/td>\n<td style=\"width: 14.881%; height: 46px;\">8. Kathrina + Joster<\/td>\n<td style=\"width: 20.7143%; height: 46px;\">Spanferkel<\/td>\n<td style=\"width: 1.32275%; height: 46px;\">\u00a0<\/td>\n<td style=\"width: 14.7619%; height: 46px;\">2011<\/td>\n<td style=\"width: 17.381%; height: 46px;\">9. Dieter + Ruppi<\/td>\n<td style=\"width: 16.6667%; height: 46px;\">Hirsch<\/td>\n<\/tr>\n<tr style=\"height: 46px;\">\n<td style=\"width: 12.619%; height: 46px;\">2012<\/td>\n<td style=\"width: 14.881%; height: 46px;\">10. Kalle + Florian<\/td>\n<td style=\"width: 20.7143%; height: 46px;\">Wildschwein<\/td>\n<td style=\"width: 1.32275%; height: 46px;\">\u00a0<\/td>\n<td style=\"width: 14.7619%; height: 46px;\">2013<\/td>\n<td style=\"width: 17.381%; height: 46px;\">11. Spion + Diddi<\/td>\n<td style=\"width: 16.6667%; height: 46px;\">Bayersich<\/td>\n<\/tr>\n<tr style=\"height: 46px;\">\n<td style=\"width: 12.619%; height: 46px;\">2014<\/td>\n<td style=\"width: 14.881%; height: 46px;\">12. Jabba + Manni<\/td>\n<td style=\"width: 20.7143%; height: 46px;\">Spanferkel<\/td>\n<td style=\"width: 1.32275%; height: 46px;\">\u00a0<\/td>\n<td style=\"width: 14.7619%; height: 46px;\">2015<\/td>\n<td style=\"width: 17.381%; height: 46px;\">13. Lars, Piro + Fritze<\/td>\n<td style=\"width: 16.6667%; height: 46px;\">Galloway Rind<\/td>\n<\/tr>\n<tr style=\"height: 46px;\">\n<td style=\"width: 12.619%; height: 46px;\">2016<\/td>\n<td style=\"width: 14.881%; height: 46px;\">14. Marc B. + Daniel E.<\/td>\n<td style=\"width: 20.7143%; height: 46px;\">\u00a0Pferderoulade<\/td>\n<td style=\"width: 1.32275%; height: 46px;\">\u00a0<\/td>\n<td style=\"width: 14.7619%; height: 46px;\">2017<\/td>\n<td style=\"width: 17.381%; height: 46px;\">15. Detlef + Basti<\/td>\n<td style=\"width: 16.6667%; height: 46px;\">New York Strip mit Gambas<\/td>\n<\/tr>\n<tr style=\"height: 70px;\">\n<td style=\"width: 12.619%; height: 70px;\">2018<\/td>\n<td style=\"width: 14.881%; height: 70px;\">16. Volker + Andi<\/td>\n<td style=\"width: 20.7143%; height: 70px;\">Wildgulasch toskanische Art (Reh, Hirsch., Wildschwein)<\/td>\n<td style=\"width: 1.32275%; height: 70px;\">\u00a0<\/td>\n<td style=\"width: 14.7619%; height: 70px;\">2019<\/td>\n<td style=\"width: 17.381%; height: 70px;\">17. CD + Wasserbock mit Haanrich<\/td>\n<td style=\"width: 16.6667%; height: 70px;\">Revival<\/td>\n<\/tr>\n<tr style=\"height: 46px;\">\n<td style=\"width: 12.619%; height: 46px;\">2020<\/td>\n<td style=\"width: 14.881%; height: 46px;\">18. Rudi + Oschi<\/td>\n<td style=\"width: 20.7143%; height: 46px;\">Gulasch<\/td>\n<td style=\"width: 1.32275%; height: 46px;\">\u00a0<\/td>\n<td style=\"width: 14.7619%; height: 46px;\">2021<\/td>\n<td style=\"width: 17.381%; height: 46px;\">entfallen<\/td>\n<td style=\"width: 16.6667%; height: 46px;\">\u00a0<\/td>\n<\/tr>\n<tr style=\"height: 23px;\">\n<td style=\"width: 12.619%; height: 23px;\">2022<\/td>\n<td style=\"width: 14.881%; height: 23px;\">entfallen<\/td>\n<td style=\"width: 20.7143%; height: 23px;\">\u00a0<\/td>\n<td style=\"width: 1.32275%; height: 23px;\">\u00a0<\/td>\n<td style=\"width: 14.7619%; height: 23px;\">2023<\/td>\n<td style=\"width: 17.381%; height: 23px;\">19. Uwe + Alex<\/td>\n<td style=\"width: 16.6667%; height: 23px;\">Pulled Porc Burger<\/td>\n<\/tr>\n<tr style=\"height: 46px;\">\n<td style=\"width: 12.619%; height: 46px;\">2024<\/td>\n<td style=\"width: 14.881%; height: 46px;\">20. Andi G. + Bernd<\/td>\n<td style=\"width: 20.7143%; height: 46px;\">Detlef&#8217;s Dammwild, Rote Gr\u00fctze mit Marille<\/td>\n<td style=\"width: 1.32275%; height: 46px;\">\u00a0<\/td>\n<td style=\"width: 14.7619%; height: 46px;\">2025<\/td>\n<td style=\"width: 17.381%; height: 46px;\">21. Achim H. + Freddi<\/td>\n<td style=\"width: 16.6667%; height: 46px;\">\u00a0<\/td>\n<\/tr>\n<\/tbody>\n<\/table>\n<p>\u00a0<\/p>\n\n\n\n<h2 class=\"wp-block-heading\"><strong>Historie<\/strong><\/h2>\n\n\n\n<p>Die Wette betraf zwei Mitglieder der Freiwilligen Feuerwehr Hotteln. CD hatte gewettet, dass es Wasserbock nicht schaffen w\u00fcrde, einen lebendigen Bock von der Weide zu fangen. Aus der Anspielung wurde schnell eine Wette an der sich die Anwesenden mit einem kleinen Wetteinsatz beteiligten. Der Herausforderer verlor die Wette sehr deutlich und somit bot er an, Anfang des kommenden Jahres ein Bock zu spenden und diesen in einem \u201eBockessen\u201c mit allen Wettpaten zu verspeisen.<\/p>\n\n\n\n<div class=\"wp-block-columns is-layout-flex wp-container-core-columns-is-layout-9d6595d7 wp-block-columns-is-layout-flex\">\n<div class=\"wp-block-column is-layout-flow wp-block-column-is-layout-flow\" style=\"flex-basis:66.66%\">\n<p>Mittlerweile sind am Bockessen neben den damals an der Wette beteiligten auch noch weitere Hottelner hinzugekommen, die diese Tradition aufrecht erhalten wollen und den geselligen Abend genie\u00dfen m\u00f6chten. Nat\u00fcrlich spendet nicht jedes Jahr der selbe einen Bock sondern es erfolgt jedes mal ein Losung und Benennung f\u00fcr die Veranstalter des n\u00e4chsten Bockessens.<\/p>\n<\/div>\n\n\n\n<div class=\"wp-block-column is-layout-flow wp-block-column-is-layout-flow\" style=\"flex-basis:33.33%\">\n<figure class=\"wp-block-image size-large\"><img loading=\"lazy\" decoding=\"async\" width=\"1200\" height=\"800\" src=\"https:\/\/www.ff-sarstedt.de\/stadt\/wp-content\/uploads\/2023\/02\/Bock-1200x800.jpg\" alt=\"\" class=\"wp-image-27172\"\/><\/figure>\n<\/div>\n<\/div>\n\n\n\n<p>So findet sich jedes Jahr um Fastnacht eine Horde hungriger Feuerwehrkameraden ein, um von zwei &#8220;Bockmeistern&#8221; mit einem besonderen Mahl bek\u00f6stigt zu werden&#8230;<\/p>\n\n\n\n<p>&#8220;Bock zum Gru\u00dfe&#8221; &#8211; Fortsetzung folgt &#8211; j\u00e4hrlich<\/p>\n","protected":false},"excerpt":{"rendered":"<p>Das\u00a0sogenannte\u00a0\u2013 nennen wir es mittlerweile traditionelle \u2013\u00a0Bockessen\u00a0hat seinen Ursprung in einem Wetteinsatz beim Sommergrillen der Freiwilligen Feuerwehr Hotteln im Jahre 2002. 2002 CD + Wasserbock Wette \u00a0 2003 1. CD -&gt; Wetteinl\u00f6sung Kamerun-Schaf 2004 2. Wasserbock + Atze Kamerun-Schaf \u00a0 2005 3. Heinrich-Ernst Heidschnucke 2006 4. Bj\u00f6rn, Bernd, Holger Wildschwein \u00a0 2007 5. Gurke + [&hellip;]<\/p>\n","protected":false},"author":7,"featured_media":0,"parent":6968,"menu_order":0,"comment_status":"closed","ping_status":"closed","template":"","meta":{"_monsterinsights_skip_tracking":false,"_monsterinsights_sitenote_active":false,"_monsterinsights_sitenote_note":"","_monsterinsights_sitenote_category":0,"footnotes":""},"class_list":["post-13742","page","type-page","status-publish","hentry"],"aioseo_notices":[],"_links":{"self":[{"href":"https:\/\/www.ff-sarstedt.de\/stadt\/wp-json\/wp\/v2\/pages\/13742","targetHints":{"allow":["GET"]}}],"collection":[{"href":"https:\/\/www.ff-sarstedt.de\/stadt\/wp-json\/wp\/v2\/pages"}],"about":[{"href":"https:\/\/www.ff-sarstedt.de\/stadt\/wp-json\/wp\/v2\/types\/page"}],"author":[{"embeddable":true,"href":"https:\/\/www.ff-sarstedt.de\/stadt\/wp-json\/wp\/v2\/users\/7"}],"replies":[{"embeddable":true,"href":"https:\/\/www.ff-sarstedt.de\/stadt\/wp-json\/wp\/v2\/comments?post=13742"}],"version-history":[{"count":8,"href":"https:\/\/www.ff-sarstedt.de\/stadt\/wp-json\/wp\/v2\/pages\/13742\/revisions"}],"predecessor-version":[{"id":28621,"href":"https:\/\/www.ff-sarstedt.de\/stadt\/wp-json\/wp\/v2\/pages\/13742\/revisions\/28621"}],"up":[{"embeddable":true,"href":"https:\/\/www.ff-sarstedt.de\/stadt\/wp-json\/wp\/v2\/pages\/6968"}],"wp:attachment":[{"href":"https:\/\/www.ff-sarstedt.de\/stadt\/wp-json\/wp\/v2\/media?parent=13742"}],"curies":[{"name":"wp","href":"https:\/\/api.w.org\/{rel}","templated":true}]}}