{"id":1455,"date":"2015-05-10T22:43:43","date_gmt":"2015-05-10T20:43:43","guid":{"rendered":"http:\/\/www.ff-sarstedt.de\/stadt\/?page_id=1455"},"modified":"2016-03-20T21:37:16","modified_gmt":"2016-03-20T20:37:16","slug":"chronik-2","status":"publish","type":"page","link":"https:\/\/www.ff-sarstedt.de\/stadt\/ruthe\/wir-ueber-uns\/chronik-3\/chronik-2","title":{"rendered":"Chronik Kinderfeuerwehr"},"content":{"rendered":"<p><center><a href=\"https:\/\/www.ff-sarstedt.de\/stadt\/wp-content\/uploads\/2015\/05\/Floba_logo.jpg\" rel=\"lightbox[1455]\"><img loading=\"lazy\" decoding=\"async\" class=\"alignnone wp-image-1450\" src=\"https:\/\/www.ff-sarstedt.de\/stadt\/wp-content\/uploads\/2015\/05\/Floba_logo-300x281.jpg\" alt=\"Floba_logo\" width=\"174\" height=\"163\" \/><\/a><\/center><br \/>\nNach den <strong>Sommerferien 1999<\/strong> mu\u00dfte die Jugendfeuerwehr Ruthe aus personellen Gr\u00fcnden den Dienstbetrieb einstellen.<\/p>\n<p>Am <strong>05.Oktober 1999<\/strong> trafen sich 7 Feuerwehrkameraden, um die Floriansbande ins Leben zu rufen. Die Kinder von 6-10 Jahre sollten mit Spiel, Spa\u00df und ein wenig Feuertechnik an die Jugendfeuerwehr herangef\u00fchrt werden, um in Ruthe die Jugendfeuerwehr wieder aufleben lassen zu k\u00f6nnen.<\/p>\n<p>Mit viel Engagement und vielen tollen Ideen wurde der Start der Floriansbande vorbereitet. Am <strong>26.Oktober 1999<\/strong> fand das erste Floriansbanden-Treffen statt. Die Kinder durften sich im Feuerwehrger\u00e4tehaus mit den Einsatzuniformen am\u00fcsieren und sich fotografieren lassen, w\u00e4hrend f\u00fcr die Eltern im Schulungsraum ein Informationsabend stattfand.<\/p>\n<p>Das war der Beginn einer erfolgreichen Jugendarbeit. Beim n\u00e4chsten Treffen z\u00e4hlten wir 18 Kinder !!<\/p>\n<p>Nun sind mittlerweile 5 Jahre ins Land gezogen. Wir haben viel gebastelt, viel gespielt, gefeiert, besichtigt, gemalt, gezeltet, an Wettbewerben (Pl\u00e4tze 2, 3, 1, 2) und Orientierungsl\u00e4ufen teilgenommen. Zu unserem Maskottchen ist der kleine Feuerwehrmann geworden, der sich auf Einladungen, T-Shirts, Laternen, Lampen etc. wiederfindet.<\/p>\n<p>Bereits im <strong>Jahr 2000<\/strong> wurde der Dienstbetrieb der Jugendfeuerwehr in Zusammenarbeit mit der Jugendfeuerwehr Schliekum wieder aufgenommen. Der Jugendfeuerwehr z\u00e4hlt mittlerweile 17 Jugendliche.<\/p>\n<p>Aufgrund der zahlreichen \u00dcbernahmen in die Jugendfeuerwehr gingen uns Anfang dieses Jahres die Kinder in der Floriansbande ein wenig aus. Wieder setzte sich das derweil nur noch 6-k\u00f6pfige Betreuerteam zusammen und beschlossen das Einstiegsalter auf 4 Jahre herunter zu setzen. Der Erfolg stellte sich abermals ein, wir betreuen stand heute bis zu 12 Kinder in der Floriansbande.<\/p>\n<p>Damit k\u00f6nnen wir uns auf die n\u00e4chsten 5 Jahre voller Spa\u00df, Spiel und ein klein wenig Feuertechnik freuen.<\/p>\n","protected":false},"excerpt":{"rendered":"<p>Nach den Sommerferien 1999 mu\u00dfte die Jugendfeuerwehr Ruthe aus personellen Gr\u00fcnden den Dienstbetrieb einstellen. Am 05.Oktober 1999 trafen sich 7 Feuerwehrkameraden, um die Floriansbande ins Leben zu rufen. Die Kinder von 6-10 Jahre sollten mit Spiel, Spa\u00df und ein wenig Feuertechnik an die Jugendfeuerwehr herangef\u00fchrt werden, um in Ruthe die Jugendfeuerwehr wieder aufleben lassen zu [&hellip;]<\/p>\n","protected":false},"author":12,"featured_media":1450,"parent":1752,"menu_order":0,"comment_status":"closed","ping_status":"closed","template":"side-navigation.php","meta":{"_monsterinsights_skip_tracking":false,"_monsterinsights_sitenote_active":false,"_monsterinsights_sitenote_note":"","_monsterinsights_sitenote_category":0,"footnotes":""},"class_list":["post-1455","page","type-page","status-publish","has-post-thumbnail","hentry"],"aioseo_notices":[],"_links":{"self":[{"href":"https:\/\/www.ff-sarstedt.de\/stadt\/wp-json\/wp\/v2\/pages\/1455","targetHints":{"allow":["GET"]}}],"collection":[{"href":"https:\/\/www.ff-sarstedt.de\/stadt\/wp-json\/wp\/v2\/pages"}],"about":[{"href":"https:\/\/www.ff-sarstedt.de\/stadt\/wp-json\/wp\/v2\/types\/page"}],"author":[{"embeddable":true,"href":"https:\/\/www.ff-sarstedt.de\/stadt\/wp-json\/wp\/v2\/users\/12"}],"replies":[{"embeddable":true,"href":"https:\/\/www.ff-sarstedt.de\/stadt\/wp-json\/wp\/v2\/comments?post=1455"}],"version-history":[{"count":0,"href":"https:\/\/www.ff-sarstedt.de\/stadt\/wp-json\/wp\/v2\/pages\/1455\/revisions"}],"up":[{"embeddable":true,"href":"https:\/\/www.ff-sarstedt.de\/stadt\/wp-json\/wp\/v2\/pages\/1752"}],"wp:featuredmedia":[{"embeddable":true,"href":"https:\/\/www.ff-sarstedt.de\/stadt\/wp-json\/wp\/v2\/media\/1450"}],"wp:attachment":[{"href":"https:\/\/www.ff-sarstedt.de\/stadt\/wp-json\/wp\/v2\/media?parent=1455"}],"curies":[{"name":"wp","href":"https:\/\/api.w.org\/{rel}","templated":true}]}}