{"id":1607,"date":"2015-06-22T14:42:36","date_gmt":"2015-06-22T12:42:36","guid":{"rendered":"http:\/\/www.ff-sarstedt.de\/stadt\/sarstedt\/einsatzabteilung\/"},"modified":"2022-01-01T14:01:56","modified_gmt":"2022-01-01T13:01:56","slug":"einsatzabteilung","status":"publish","type":"page","link":"https:\/\/www.ff-sarstedt.de\/stadt\/sarstedt-1\/einsatzabteilung","title":{"rendered":"Einsatzabteilung"},"content":{"rendered":"<div id=\"attachment_6908\" style=\"width: 210px\" class=\"wp-caption aligncenter\"><a href=\"https:\/\/www.ff-sarstedt.de\/stadt\/wp-content\/uploads\/ff_turm.jpg\" rel=\"lightbox[1607]\"><img loading=\"lazy\" decoding=\"async\" aria-describedby=\"caption-attachment-6908\" class=\"size-medium wp-image-6908\" src=\"https:\/\/www.ff-sarstedt.de\/stadt\/wp-content\/uploads\/ff_turm-200x300.jpg\" alt=\"Einsatzabteilung der Feuerwehr Sarstedt im Jahre 2014\" width=\"200\" height=\"300\" \/><\/a><p id=\"caption-attachment-6908\" class=\"wp-caption-text\">Einsatzabteilung der Feuerwehr Sarstedt im Jahre 2014<\/p><\/div>\n<hr \/>\n<div class=\"ueberschrift\">Mitglieder<\/div>\n<p>Die Einsatzabteilung der Freiwilligen Feuerwehr Sarstedt z\u00e4hlt <strong>77 Mitglieder<\/strong>.<\/p>\n<p>Bestehend aus:<\/p>\n<p><img loading=\"lazy\" decoding=\"async\" src=\"https:\/\/www.ff-sarstedt.de\/stadt\/wp-content\/uploads\/2015\/05\/female-sign.jpg\" alt=\"\" width=\"35\" height=\"35\" \/><span style=\"color: #ff0000;\">\u00a0 11 Frauen<\/span><\/p>\n<p><img loading=\"lazy\" decoding=\"async\" src=\"https:\/\/www.ff-sarstedt.de\/stadt\/wp-content\/uploads\/2015\/05\/male-sign.jpg\" alt=\"\" width=\"35\" height=\"35\" \/><span style=\"color: #0000ff;\"> <strong>66<\/strong> M\u00e4nnern<\/span><\/p>\n<p><em>Stand: 01.01.2022<\/em><\/p>\n<div class=\"ueberschrift\">Dienstabende<\/div>\n<table width=\"100%\">\n<tbody>\n<tr>\n<td width=\"125\"><img loading=\"lazy\" decoding=\"async\" class=\" wp-image-629 size-thumbnail alignleft\" src=\"https:\/\/www.ff-sarstedt.de\/stadt\/wp-content\/uploads\/2015\/05\/dienstplan.png\" alt=\"\" width=\"60\" height=\"60\" \/><\/td>\n<td>\u27a2 <strong>Unsere Dienstabende finden w\u00f6chentlich Mittwochs von 19:00 bis 21:00 Uhr statt.<br \/>\n<\/strong><\/td>\n<\/tr>\n<\/tbody>\n<\/table>\n<p>Der Dienst besteht im wesentlichen aus:<\/p>\n<ul>\n<li>Theoretischen Unterricht und Weiterbildung<\/li>\n<li>Praktische T\u00e4tigkeiten und \u00dcbungen sowie Fahrzeug- und Ger\u00e4tekunde<\/li>\n<li>Spezialausbildung auf Sonderfahrzeugen<\/li>\n<li>Pflege, Reinigung und Instandhaltung von Ausr\u00fcstung, Fahrzeugen, Ger\u00e4tschaften und dem Feuerwehrhaus<\/li>\n<li>und vieles mehr&#8230;<\/li>\n<\/ul>\n<p>Dar\u00fcber hinaus werden Lehrg\u00e4nge und Seminare auf Kreisebene sowie auf der Nieders\u00e4chsischen Akademie f\u00fcr Brand und Katastrophenschutz in Celle angeboten. S\u00e4mtliche Atemschutzger\u00e4tetr\u00e4ger m\u00fcssen einmal im Jahr die \u00dcbungsstrecke des Landkreises Hildesheim im St\u00fctzpunkt der Feuerwehrtechnischen-Zenrale in Gro\u00df D\u00fcngen zu durchlaufen.<\/p>\n<p>Nat\u00fcrlich spielt auch die generations\u00fcbergreifende Kameradschaftspflege eine wichtige Rolle. Gem\u00fctliches Beisammensein nach getaner Arbeit spielt eine ebenso bedeutende Rolle wie gemeinsame Ausflugsfahrten und zahlreiche Feste und Feierlichkeiten \u2013 mit und ohne Familien.<\/p>\n","protected":false},"excerpt":{"rendered":"<p>Mitglieder Die Einsatzabteilung der Freiwilligen Feuerwehr Sarstedt z\u00e4hlt 77 Mitglieder. Bestehend aus: \u00a0 11 Frauen 66 M\u00e4nnern Stand: 01.01.2022 Dienstabende \u27a2 Unsere Dienstabende finden w\u00f6chentlich Mittwochs von 19:00 bis 21:00 Uhr statt. Der Dienst besteht im wesentlichen aus: Theoretischen Unterricht und Weiterbildung Praktische T\u00e4tigkeiten und \u00dcbungen sowie Fahrzeug- und Ger\u00e4tekunde Spezialausbildung auf Sonderfahrzeugen Pflege, Reinigung [&hellip;]<\/p>\n","protected":false},"author":3,"featured_media":6908,"parent":22709,"menu_order":30,"comment_status":"closed","ping_status":"closed","template":"side-navigation.php","meta":{"_monsterinsights_skip_tracking":false,"_monsterinsights_sitenote_active":false,"_monsterinsights_sitenote_note":"","_monsterinsights_sitenote_category":0,"footnotes":""},"class_list":["post-1607","page","type-page","status-publish","has-post-thumbnail","hentry"],"aioseo_notices":[],"_links":{"self":[{"href":"https:\/\/www.ff-sarstedt.de\/stadt\/wp-json\/wp\/v2\/pages\/1607","targetHints":{"allow":["GET"]}}],"collection":[{"href":"https:\/\/www.ff-sarstedt.de\/stadt\/wp-json\/wp\/v2\/pages"}],"about":[{"href":"https:\/\/www.ff-sarstedt.de\/stadt\/wp-json\/wp\/v2\/types\/page"}],"author":[{"embeddable":true,"href":"https:\/\/www.ff-sarstedt.de\/stadt\/wp-json\/wp\/v2\/users\/3"}],"replies":[{"embeddable":true,"href":"https:\/\/www.ff-sarstedt.de\/stadt\/wp-json\/wp\/v2\/comments?post=1607"}],"version-history":[{"count":0,"href":"https:\/\/www.ff-sarstedt.de\/stadt\/wp-json\/wp\/v2\/pages\/1607\/revisions"}],"up":[{"embeddable":true,"href":"https:\/\/www.ff-sarstedt.de\/stadt\/wp-json\/wp\/v2\/pages\/22709"}],"wp:featuredmedia":[{"embeddable":true,"href":"https:\/\/www.ff-sarstedt.de\/stadt\/wp-json\/wp\/v2\/media\/6908"}],"wp:attachment":[{"href":"https:\/\/www.ff-sarstedt.de\/stadt\/wp-json\/wp\/v2\/media?parent=1607"}],"curies":[{"name":"wp","href":"https:\/\/api.w.org\/{rel}","templated":true}]}}