{"id":1629,"date":"2015-06-22T15:53:29","date_gmt":"2015-06-22T13:53:29","guid":{"rendered":"http:\/\/www.ff-sarstedt.de\/stadt\/goedringen\/technik-goe\/"},"modified":"2016-10-17T13:19:40","modified_gmt":"2016-10-17T11:19:40","slug":"technik","status":"publish","type":"page","link":"https:\/\/www.ff-sarstedt.de\/stadt\/goedringen\/technik","title":{"rendered":"Technik"},"content":{"rendered":"<div id=\"ccchildpages-1\" class=\"ccchildpages ccflex twocol cc-child ccclearfix\"><div class=\"ccchildpage  ccfirst ccodd ccpage-count-1 ccpage-id-966 ccpage-feuerwehrhaus ccpage-has-parent ccpage-pid-1629 ccpage-parent-technik\"><h3 class=\"ccpage_title\" title=\"Feuerwehrhaus\">Feuerwehrhaus<\/h3><img loading=\"lazy\" decoding=\"async\" width=\"300\" height=\"224\" src=\"https:\/\/www.ff-sarstedt.de\/stadt\/wp-content\/uploads\/2015\/03\/IMG_0303-300x224.jpg\" class=\"cc-child-pages-thumb wp-post-image\" alt=\"Feuerwehrhaus\" title=\"Feuerwehrhaus\" \/><div class=\"ccpages_excerpt\">Das Feuerwehrhaus in der Ortschaft G\u00f6dringen befindet sich in der...<\/div><p class=\"ccpages_more\"><a href=\"https:\/\/www.ff-sarstedt.de\/stadt\/goedringen\/technik\/feuerwehrhaus\"  title=\"weiterlesen...\">weiterlesen...<\/a><\/p><\/div><div class=\"ccchildpage  cclast cceven ccpage-count-2 ccpage-id-958 ccpage-lf86 ccpage-has-parent ccpage-pid-1629 ccpage-parent-technik\"><h3 class=\"ccpage_title\" title=\"LF 8\/6 G\u00f6dringen\">LF 8\/6 G\u00f6dringen<\/h3><img loading=\"lazy\" decoding=\"async\" width=\"300\" height=\"225\" src=\"https:\/\/www.ff-sarstedt.de\/stadt\/wp-content\/uploads\/2015\/03\/P4080003-300x225.jpg\" class=\"cc-child-pages-thumb wp-post-image\" alt=\"LF 8\/6 G\u00f6dringen\" title=\"LF 8\/6 G\u00f6dringen\" \/><div class=\"ccpages_excerpt\">Die Feuerwehr G\u00f6dringen verf\u00fcgt \u00fcber ein L\u00f6schgruppenfahrzeug (LF 8\/6). Das...<\/div><p class=\"ccpages_more\"><a href=\"https:\/\/www.ff-sarstedt.de\/stadt\/goedringen\/technik\/lf86\"  title=\"weiterlesen...\">weiterlesen...<\/a><\/p><\/div><\/div>\n","protected":false},"excerpt":{"rendered":"","protected":false},"author":6,"featured_media":962,"parent":54,"menu_order":50,"comment_status":"closed","ping_status":"closed","template":"side-navigation.php","meta":{"_monsterinsights_skip_tracking":false,"_monsterinsights_sitenote_active":false,"_monsterinsights_sitenote_note":"","_monsterinsights_sitenote_category":0,"footnotes":""},"class_list":["post-1629","page","type-page","status-publish","has-post-thumbnail","hentry"],"aioseo_notices":[],"_links":{"self":[{"href":"https:\/\/www.ff-sarstedt.de\/stadt\/wp-json\/wp\/v2\/pages\/1629","targetHints":{"allow":["GET"]}}],"collection":[{"href":"https:\/\/www.ff-sarstedt.de\/stadt\/wp-json\/wp\/v2\/pages"}],"about":[{"href":"https:\/\/www.ff-sarstedt.de\/stadt\/wp-json\/wp\/v2\/types\/page"}],"author":[{"embeddable":true,"href":"https:\/\/www.ff-sarstedt.de\/stadt\/wp-json\/wp\/v2\/users\/6"}],"replies":[{"embeddable":true,"href":"https:\/\/www.ff-sarstedt.de\/stadt\/wp-json\/wp\/v2\/comments?post=1629"}],"version-history":[{"count":0,"href":"https:\/\/www.ff-sarstedt.de\/stadt\/wp-json\/wp\/v2\/pages\/1629\/revisions"}],"up":[{"embeddable":true,"href":"https:\/\/www.ff-sarstedt.de\/stadt\/wp-json\/wp\/v2\/pages\/54"}],"wp:featuredmedia":[{"embeddable":true,"href":"https:\/\/www.ff-sarstedt.de\/stadt\/wp-json\/wp\/v2\/media\/962"}],"wp:attachment":[{"href":"https:\/\/www.ff-sarstedt.de\/stadt\/wp-json\/wp\/v2\/media?parent=1629"}],"curies":[{"name":"wp","href":"https:\/\/api.w.org\/{rel}","templated":true}]}}