{"id":1644,"date":"2015-06-22T16:26:52","date_gmt":"2015-06-22T14:26:52","guid":{"rendered":"http:\/\/www.ff-sarstedt.de\/stadt\/stadtjugendfeuerwehr\/"},"modified":"2021-10-29T20:03:24","modified_gmt":"2021-10-29T18:03:24","slug":"stadtjugendfeuerwehr","status":"publish","type":"page","link":"https:\/\/www.ff-sarstedt.de\/stadt\/stadt-fw\/abteilungen\/stadtjugendfeuerwehr","title":{"rendered":"Stadtjugendfeuerwehr"},"content":{"rendered":"<p>Du bist\u00a0im Alter von <strong>10-17 Jahren<\/strong> und wohnst im Stadtgebiet Sarstedt?<br \/>\nDu suchst eine Gemeinschaft aus M\u00e4dchen und Jungen, die dich m\u00f6gen wie du bist?<br \/>\nDu willst Action und Spa\u00df mit anderen erleben?<br \/>\nDu machst gerne mit bei Zeltlagern und willst Jugendliche aus aller Welt kennenlernen?<\/p>\n<p>&#8230;dann komm zu uns!<\/p>\n<h3 class=\"ueberschrift\">Was wird bei der Jugendfeuerwehr gemacht?<\/h3>\n<p>Bei der Jugendfeuerwehr lernt ihr den Umgang mit der Feuerwehr-Technik und messt euch bei Wettwewerben. Dar\u00fcber hinaus geht es darum, bei Spiel und Spa\u00df das Teamwork zu f\u00f6rdern. Gemeinsam werden Zeltlager und Fahrten unternommen. Es ist f\u00fcr viel Abwechslung gesorgt!<\/p>\n<p>Ab dem <strong>16. Lebensjahr<\/strong> besteht die M\u00f6glichkeit, am Einsatzdienst der Feuerwehr teilzunehmen.<\/p>\n<h3 class=\"ueberschrift\">Wie kann ich\u00a0mitmachen?<\/h3>\n<p>In der Regel schauen sich Neulinge zwei bis drei Dienste an.<br \/>\nWenn sie dann gefallen daran haben und gerne ein fester Bestandteil der Gruppe werden m\u00f6chten, k\u00f6nnen Sie als Erziehungsberechtigter einen Aufnahmeantrag erhalten, ausf\u00fcllen und diesen einfach beim n\u00e4chsten mal wieder mitbringen.<\/p>\n<h3 class=\"ueberschrift\">Ansprechpartner<\/h3>\n<table class=\" aligncenter\">\n<tbody>\n<tr>\n<td width=\"200\"><a href=\"https:\/\/www.ff-sarstedt.de\/stadt\/wp-content\/uploads\/2015\/06\/IMG_1648.jpg\" rel=\"lightbox[2423]\"><img loading=\"lazy\" decoding=\"async\" class=\"alignleft wp-image-8148 size-thumbnail\" src=\"https:\/\/www.ff-sarstedt.de\/stadt\/wp-content\/uploads\/2015\/06\/IMG_1648-150x150.jpg\" alt=\"\" width=\"150\" height=\"150\" \/><\/a><\/td>\n<td><b>Stadtjugendfeuerwehrwart<\/b><\/p>\n<p>Kai Brinkmann<br \/>\nCalenberger Stra\u00dfe 3<br \/>\n31157 Sarstedt<br \/>\nTel.: 05066 \u2013 8659722<br \/>\nE-mail: <a href=\"mailto:stjfw-sarstedt@web.de\">stjfw-sarstedt@web.de<\/a><\/td>\n<\/tr>\n<\/tbody>\n<\/table>\n<div id=\"ccchildpages-1\" class=\"ccchildpages ccflex twocol cc-child ccclearfix\"><div class=\"ccchildpage  ccfirst ccodd ccpage-count-1 ccpage-id-1945 ccpage-jugendflamme ccpage-has-parent ccpage-pid-1644 ccpage-parent-stadtjugendfeuerwehr\"><h3 class=\"ccpage_title\" title=\"Jugendflamme\">Jugendflamme<\/h3><div class=\"ccpages_excerpt\">Die Jugendflamme ist ein Ausbildungsnachweis in Form eines Abzeichens f\u00fcr Jugendfeuerwehrmitglieder und wird in drei Stufen unterteilt. Die von der...<\/div><p class=\"ccpages_more\"><a href=\"https:\/\/www.ff-sarstedt.de\/stadt\/stadt-fw\/abteilungen\/stadtjugendfeuerwehr\/jugendflamme\"  title=\"weiterlesen...\">weiterlesen...<\/a><\/p><\/div><div class=\"ccchildpage  cclast cceven ccpage-count-2 ccpage-id-2423 ccpage-leistungsspange-2 ccpage-has-parent ccpage-pid-1644 ccpage-parent-stadtjugendfeuerwehr\"><h3 class=\"ccpage_title\" title=\"Leistungsspange\">Leistungsspange<\/h3><div class=\"ccpages_excerpt\">Die Leistungsspange ist das h\u00f6chste Leistungsabzeichen f\u00fcr ein Mitglied der Deutschen Jugendfeuerwehr. Sie wird verliehen, wenn ein Jugendfeuerwehrmitglied in einer...<\/div><p class=\"ccpages_more\"><a href=\"https:\/\/www.ff-sarstedt.de\/stadt\/stadt-fw\/abteilungen\/stadtjugendfeuerwehr\/leistungsspange-2\"  title=\"weiterlesen...\">weiterlesen...<\/a><\/p><\/div><\/div>\n","protected":false},"excerpt":{"rendered":"<p>Du bist\u00a0im Alter von 10-17 Jahren und wohnst im Stadtgebiet Sarstedt? Du suchst eine Gemeinschaft aus M\u00e4dchen und Jungen, die dich m\u00f6gen wie du bist? Du willst Action und Spa\u00df mit anderen erleben? Du machst gerne mit bei Zeltlagern und willst Jugendliche aus aller Welt kennenlernen? &#8230;dann komm zu uns! Was wird bei der Jugendfeuerwehr [&hellip;]<\/p>\n","protected":false},"author":1,"featured_media":8157,"parent":8112,"menu_order":37,"comment_status":"closed","ping_status":"open","template":"side-navigation.php","meta":{"_monsterinsights_skip_tracking":false,"_monsterinsights_sitenote_active":false,"_monsterinsights_sitenote_note":"","_monsterinsights_sitenote_category":0,"footnotes":""},"class_list":["post-1644","page","type-page","status-publish","has-post-thumbnail","hentry"],"aioseo_notices":[],"_links":{"self":[{"href":"https:\/\/www.ff-sarstedt.de\/stadt\/wp-json\/wp\/v2\/pages\/1644","targetHints":{"allow":["GET"]}}],"collection":[{"href":"https:\/\/www.ff-sarstedt.de\/stadt\/wp-json\/wp\/v2\/pages"}],"about":[{"href":"https:\/\/www.ff-sarstedt.de\/stadt\/wp-json\/wp\/v2\/types\/page"}],"author":[{"embeddable":true,"href":"https:\/\/www.ff-sarstedt.de\/stadt\/wp-json\/wp\/v2\/users\/1"}],"replies":[{"embeddable":true,"href":"https:\/\/www.ff-sarstedt.de\/stadt\/wp-json\/wp\/v2\/comments?post=1644"}],"version-history":[{"count":0,"href":"https:\/\/www.ff-sarstedt.de\/stadt\/wp-json\/wp\/v2\/pages\/1644\/revisions"}],"up":[{"embeddable":true,"href":"https:\/\/www.ff-sarstedt.de\/stadt\/wp-json\/wp\/v2\/pages\/8112"}],"wp:featuredmedia":[{"embeddable":true,"href":"https:\/\/www.ff-sarstedt.de\/stadt\/wp-json\/wp\/v2\/media\/8157"}],"wp:attachment":[{"href":"https:\/\/www.ff-sarstedt.de\/stadt\/wp-json\/wp\/v2\/media?parent=1644"}],"curies":[{"name":"wp","href":"https:\/\/api.w.org\/{rel}","templated":true}]}}