{"id":1654,"date":"2015-06-22T16:33:36","date_gmt":"2015-06-22T14:33:36","guid":{"rendered":"http:\/\/www.ff-sarstedt.de\/stadt\/stadt-fw\/stadtkinderfeuerwehr\/"},"modified":"2021-10-29T20:04:21","modified_gmt":"2021-10-29T18:04:21","slug":"stadtkinderfeuerwehr","status":"publish","type":"page","link":"https:\/\/www.ff-sarstedt.de\/stadt\/stadt-fw\/abteilungen\/stadtkinderfeuerwehr","title":{"rendered":"Stadtkinderfeuerwehr"},"content":{"rendered":"<p>Du bist\u00a0im Alter von <strong>6-12 Jahren<\/strong> und wohnst im Stadtgebiet Sarstedt? Du hast Lust bei Spiel und Spa\u00df das Thema Feuerwehr kennenzulernen? Dann komm zu uns!!<\/p>\n<h3 class=\"ueberschrift\">Was wird bei der Kinderfeuerwehr gemacht?<\/h3>\n<p>Bei der Kinderfeuerwehr geht es in erster Linie um Spiel und Spa\u00df. Gemeinsam wird gebastelt, gespielt, gekocht oder auch zusammen das Feuerwehrhaus, die Feuerwehrfahrzeuge und die verschiedenen Ger\u00e4te unter die Lupe genommen. Es ist f\u00fcr viel Abwechslung gesorgt!<\/p>\n<p>Wir vermitteln den Kindern auf spielerische Art das richtige Verhalten in<\/p>\n<ul>\n<li>Notsituationen<\/li>\n<li>Verkehrserziehung<\/li>\n<li>Gesundheitserziehung<\/li>\n<li>F\u00f6rderung der Teamf\u00e4higkeit<\/li>\n<li>sozialen Kompetenz<\/li>\n<li>und vieles mehr&#8230;<\/li>\n<\/ul>\n<p>Ab dem <strong>10. Lebensjahr<\/strong> besteht f\u00fcr die Kinder die M\u00f6glichkeit, sich am Jugendfeuerwehrdienst zu beteiligen.<\/p>\n<h3 class=\"ueberschrift\">Wie kann ich\u00a0mitmachen?<\/h3>\n<p>In der Regel schauen sich Neulinge zwei bis drei Dienste an.<br \/>\nWenn sie dann gefallen daran haben und gerne ein fester Bestandteil der Gruppe werden m\u00f6chten, k\u00f6nnen Sie als Erziehungsberechtigter einen Aufnahmeantrag erhalten, ausf\u00fcllen und diesen einfach beim n\u00e4chsten mal wieder mitbringen.<\/p>\n<h3 class=\"ueberschrift\">Ansprechpartner<\/h3>\n<table class=\" aligncenter\">\n<tbody>\n<tr>\n<td width=\"200\"><a href=\"https:\/\/www.ff-sarstedt.de\/stadt\/wp-content\/uploads\/2015\/06\/IMG_1648.jpg\" rel=\"lightbox[1654]\"><img loading=\"lazy\" decoding=\"async\" class=\"alignleft wp-image-8148 size-thumbnail\" src=\"https:\/\/www.ff-sarstedt.de\/stadt\/wp-content\/uploads\/2015\/06\/IMG_1648-150x150.jpg\" alt=\"\" width=\"150\" height=\"150\" \/><\/a><\/td>\n<td><b>Stadtkinderfeuerwehrwart<\/b><\/p>\n<p>Kai Brinkmann<br \/>\nCalenberger Stra\u00dfe 3<br \/>\n31157 Sarstedt<br \/>\nTel.: 05066 \u2013 8659722<br \/>\nE-mail: <a href=\"mailto:stjfw-sarstedt@web.de\">stjfw-sarstedt@web.de<\/a><\/td>\n<\/tr>\n<\/tbody>\n<\/table>\n","protected":false},"excerpt":{"rendered":"<p>Du bist\u00a0im Alter von 6-12 Jahren und wohnst im Stadtgebiet Sarstedt? Du hast Lust bei Spiel und Spa\u00df das Thema Feuerwehr kennenzulernen? Dann komm zu uns!! Was wird bei der Kinderfeuerwehr gemacht? Bei der Kinderfeuerwehr geht es in erster Linie um Spiel und Spa\u00df. Gemeinsam wird gebastelt, gespielt, gekocht oder auch zusammen das Feuerwehrhaus, die [&hellip;]<\/p>\n","protected":false},"author":1,"featured_media":8146,"parent":8112,"menu_order":33,"comment_status":"closed","ping_status":"open","template":"side-navigation.php","meta":{"_monsterinsights_skip_tracking":false,"_monsterinsights_sitenote_active":false,"_monsterinsights_sitenote_note":"","_monsterinsights_sitenote_category":0,"footnotes":""},"class_list":["post-1654","page","type-page","status-publish","has-post-thumbnail","hentry"],"aioseo_notices":[],"_links":{"self":[{"href":"https:\/\/www.ff-sarstedt.de\/stadt\/wp-json\/wp\/v2\/pages\/1654","targetHints":{"allow":["GET"]}}],"collection":[{"href":"https:\/\/www.ff-sarstedt.de\/stadt\/wp-json\/wp\/v2\/pages"}],"about":[{"href":"https:\/\/www.ff-sarstedt.de\/stadt\/wp-json\/wp\/v2\/types\/page"}],"author":[{"embeddable":true,"href":"https:\/\/www.ff-sarstedt.de\/stadt\/wp-json\/wp\/v2\/users\/1"}],"replies":[{"embeddable":true,"href":"https:\/\/www.ff-sarstedt.de\/stadt\/wp-json\/wp\/v2\/comments?post=1654"}],"version-history":[{"count":0,"href":"https:\/\/www.ff-sarstedt.de\/stadt\/wp-json\/wp\/v2\/pages\/1654\/revisions"}],"up":[{"embeddable":true,"href":"https:\/\/www.ff-sarstedt.de\/stadt\/wp-json\/wp\/v2\/pages\/8112"}],"wp:featuredmedia":[{"embeddable":true,"href":"https:\/\/www.ff-sarstedt.de\/stadt\/wp-json\/wp\/v2\/media\/8146"}],"wp:attachment":[{"href":"https:\/\/www.ff-sarstedt.de\/stadt\/wp-json\/wp\/v2\/media?parent=1654"}],"curies":[{"name":"wp","href":"https:\/\/api.w.org\/{rel}","templated":true}]}}