{"id":1662,"date":"2015-06-22T17:44:15","date_gmt":"2015-06-22T15:44:15","guid":{"rendered":"http:\/\/www.ff-sarstedt.de\/stadt\/?page_id=1662"},"modified":"2024-02-25T21:36:04","modified_gmt":"2024-02-25T20:36:04","slug":"kinderfeuerwehr","status":"publish","type":"page","link":"https:\/\/www.ff-sarstedt.de\/stadt\/giften\/kinderfeuerwehr","title":{"rendered":"Kinderfeuerwehr"},"content":{"rendered":"<p>Kinderabteilung der Giftener Feuerwehr<\/p>\n<p>Die Kinderabteilung der Freiwilligen Feuerwehr Giften \u2013 unsere Feuerfl\u00f6he &#8211;\u00a0 wurde im Sommer 2007 gegr\u00fcndet, um schon den Kleinsten den Traum erf\u00fcllen zu k\u00f6nnen, sp\u00e4ter einmal<br \/>\nFeuerwehrmann zu werden.<\/p>\n<p>Kinder im Alter von 6 bis 10 Jahren treffen sich einmal monatlich f\u00fcr ca. 1,5 Stunden, um spielerisch an die Aufgaben der Feuerwehr herangef\u00fchrt zu werden. Neben Sport, Spa\u00df und Spiel stehen Brandschutzerziehung, Besuche anderer Hilfsorganisationen, gemeinsames Schwimmen oder Ausfl\u00fcge auf dem Programm.<\/p>\n<p>Auch kleine Wettbewerbe, bei denen sich die J\u00fcngsten mit anderen<br \/>\nKinderfeuerwehren messen, tragen zur Abwechslung bei.<\/p>\n<p>Interessierte Kinder k\u00f6nnen sich jederzeit bei einem Schnupperdienst<br \/>\nselbst ein Bild von den Feuerfl\u00f6hen machen.<\/p>\n<div class=\"ueberschrift\">Ansprechpartner<\/div>\n<table style=\"height: 191px;\" width=\"500\">\n<tbody>\n<tr>\n<td width=\"125\"><\/td>\n<td style=\"vertical-align: top;\">\n<h2>Betreuerin<\/h2>\n<p>Vanessa Bolte<br \/>\nJeinser Weg 9<br \/>\n31157 Sarstedt<\/td>\n<\/tr>\n<tr>\n<td><\/td>\n<td style=\"vertical-align: top;\">\n<h2><\/h2>\n<\/td>\n<\/tr>\n<\/tbody>\n<\/table>\n","protected":false},"excerpt":{"rendered":"<p>Kinderabteilung der Giftener Feuerwehr Die Kinderabteilung der Freiwilligen Feuerwehr Giften \u2013 unsere Feuerfl\u00f6he &#8211;\u00a0 wurde im Sommer 2007 gegr\u00fcndet, um schon den Kleinsten den Traum erf\u00fcllen zu k\u00f6nnen, sp\u00e4ter einmal Feuerwehrmann zu werden. Kinder im Alter von 6 bis 10 Jahren treffen sich einmal monatlich f\u00fcr ca. 1,5 Stunden, um spielerisch an die Aufgaben der [&hellip;]<\/p>\n","protected":false},"author":8,"featured_media":0,"parent":48,"menu_order":0,"comment_status":"closed","ping_status":"open","template":"side-navigation.php","meta":{"_monsterinsights_skip_tracking":false,"_monsterinsights_sitenote_active":false,"_monsterinsights_sitenote_note":"","_monsterinsights_sitenote_category":0,"footnotes":""},"class_list":["post-1662","page","type-page","status-publish","hentry"],"aioseo_notices":[],"_links":{"self":[{"href":"https:\/\/www.ff-sarstedt.de\/stadt\/wp-json\/wp\/v2\/pages\/1662","targetHints":{"allow":["GET"]}}],"collection":[{"href":"https:\/\/www.ff-sarstedt.de\/stadt\/wp-json\/wp\/v2\/pages"}],"about":[{"href":"https:\/\/www.ff-sarstedt.de\/stadt\/wp-json\/wp\/v2\/types\/page"}],"author":[{"embeddable":true,"href":"https:\/\/www.ff-sarstedt.de\/stadt\/wp-json\/wp\/v2\/users\/8"}],"replies":[{"embeddable":true,"href":"https:\/\/www.ff-sarstedt.de\/stadt\/wp-json\/wp\/v2\/comments?post=1662"}],"version-history":[{"count":2,"href":"https:\/\/www.ff-sarstedt.de\/stadt\/wp-json\/wp\/v2\/pages\/1662\/revisions"}],"predecessor-version":[{"id":28392,"href":"https:\/\/www.ff-sarstedt.de\/stadt\/wp-json\/wp\/v2\/pages\/1662\/revisions\/28392"}],"up":[{"embeddable":true,"href":"https:\/\/www.ff-sarstedt.de\/stadt\/wp-json\/wp\/v2\/pages\/48"}],"wp:attachment":[{"href":"https:\/\/www.ff-sarstedt.de\/stadt\/wp-json\/wp\/v2\/media?parent=1662"}],"curies":[{"name":"wp","href":"https:\/\/api.w.org\/{rel}","templated":true}]}}