{"id":1666,"date":"2015-06-22T17:46:11","date_gmt":"2015-06-22T15:46:11","guid":{"rendered":"http:\/\/www.ff-sarstedt.de\/stadt\/giften\/jugendfeuerwehr\/"},"modified":"2025-03-23T19:41:44","modified_gmt":"2025-03-23T18:41:44","slug":"jugendfeuerwehr","status":"publish","type":"page","link":"https:\/\/www.ff-sarstedt.de\/stadt\/giften\/jugendfeuerwehr","title":{"rendered":"Jugendfeuerwehr"},"content":{"rendered":"<p>Die Giftener Jugendfeuerwehr<\/p>\n<p>Seit 1982 besteht in Giften eine Jugendabteilung der Freiwilligen Feuerwehr, in der Kinder und Jugendliche im Alter zwischen 10 und 17 Jahren aufgenommen werden.<\/p>\n<p>Jugendfeuerwehren z\u00e4hlen heute zu den gr\u00f6\u00dften Anbietern sinnvoller und zuverl\u00e4ssiger Freizeitbesch\u00e4ftigungen f\u00fcr junge Menschen. Es gibt sie in fast jedem Ort, auf dem Land oder in der Gro\u00dfstadt und sie ist f\u00fcr uns alle unverzichtbar, die Jugendfeuerwehr, unser Nachwuchs.<\/p>\n<p>Aus- und Weiterbildungen bringen den Kindern und Jugendlichen feuerwehrbezogene Themen n\u00e4her und lassen sie Erfolg, Anerkennung und Gemeinsamkeit erleben.<\/p>\n<p>Aber auch Spiel und Spa\u00df kommen nicht zu kurz, Aktivit\u00e4ten wie Fahrradtouren, Kinobesuche, Schwimmen, Zeltlager, das Einsammeln der ausgedienten Tannenb\u00e4ume und vieles mehr geh\u00f6ren zum<br \/>\nDienstalltag unserer Jugendfeuerwehr.<\/p>\n<p>Derzeit besteht die Jugendfeuerwehr Giften aus 5 Mitgliedern im<br \/>\nAlter ab 10 Jahren sowie den Betreuern Nadine Platzek und Henry Voigt.<\/p>\n<div class=\"ueberschrift\">Ansprechpartner<\/div>\n<table style=\"width: 100%; height: 191px;\" width=\"500\">\n<tbody>\n<tr>\n<td style=\"width: 29.48%;\" width=\"125\"><\/td>\n<td style=\"width: 69.12%; vertical-align: top;\">\n<h2>Betreuerin<\/h2>\n<p>Nadine Platzek<\/p>\n<p>H\u00fcckedahl 2a<\/p>\n<p>31157 Sarstedt<\/td>\n<\/tr>\n<\/tbody>\n<\/table>\n<table style=\"width: 99.65%; height: 21px;\" width=\"500\">\n<tbody>\n<tr style=\"height: 21px;\">\n<td style=\"width: 125px; height: 21px;\"><\/td>\n<td style=\"width: 447px; height: 21px; vertical-align: top;\">\n<h2><\/h2>\n<h2><\/h2>\n<h2><\/h2>\n<\/td>\n<\/tr>\n<\/tbody>\n<\/table>\n","protected":false},"excerpt":{"rendered":"<p>Die Giftener Jugendfeuerwehr Seit 1982 besteht in Giften eine Jugendabteilung der Freiwilligen Feuerwehr, in der Kinder und Jugendliche im Alter zwischen 10 und 17 Jahren aufgenommen werden. Jugendfeuerwehren z\u00e4hlen heute zu den gr\u00f6\u00dften Anbietern sinnvoller und zuverl\u00e4ssiger Freizeitbesch\u00e4ftigungen f\u00fcr junge Menschen. Es gibt sie in fast jedem Ort, auf dem Land oder in der Gro\u00dfstadt [&hellip;]<\/p>\n","protected":false},"author":8,"featured_media":0,"parent":48,"menu_order":40,"comment_status":"closed","ping_status":"open","template":"side-navigation.php","meta":{"_monsterinsights_skip_tracking":false,"_monsterinsights_sitenote_active":false,"_monsterinsights_sitenote_note":"","_monsterinsights_sitenote_category":0,"footnotes":""},"class_list":["post-1666","page","type-page","status-publish","hentry"],"aioseo_notices":[],"_links":{"self":[{"href":"https:\/\/www.ff-sarstedt.de\/stadt\/wp-json\/wp\/v2\/pages\/1666","targetHints":{"allow":["GET"]}}],"collection":[{"href":"https:\/\/www.ff-sarstedt.de\/stadt\/wp-json\/wp\/v2\/pages"}],"about":[{"href":"https:\/\/www.ff-sarstedt.de\/stadt\/wp-json\/wp\/v2\/types\/page"}],"author":[{"embeddable":true,"href":"https:\/\/www.ff-sarstedt.de\/stadt\/wp-json\/wp\/v2\/users\/8"}],"replies":[{"embeddable":true,"href":"https:\/\/www.ff-sarstedt.de\/stadt\/wp-json\/wp\/v2\/comments?post=1666"}],"version-history":[{"count":2,"href":"https:\/\/www.ff-sarstedt.de\/stadt\/wp-json\/wp\/v2\/pages\/1666\/revisions"}],"predecessor-version":[{"id":29732,"href":"https:\/\/www.ff-sarstedt.de\/stadt\/wp-json\/wp\/v2\/pages\/1666\/revisions\/29732"}],"up":[{"embeddable":true,"href":"https:\/\/www.ff-sarstedt.de\/stadt\/wp-json\/wp\/v2\/pages\/48"}],"wp:attachment":[{"href":"https:\/\/www.ff-sarstedt.de\/stadt\/wp-json\/wp\/v2\/media?parent=1666"}],"curies":[{"name":"wp","href":"https:\/\/api.w.org\/{rel}","templated":true}]}}