{"id":1672,"date":"2015-06-22T17:50:21","date_gmt":"2015-06-22T15:50:21","guid":{"rendered":"http:\/\/www.ff-sarstedt.de\/stadt\/giften\/wir-ueber-uns\/"},"modified":"2016-03-25T10:51:56","modified_gmt":"2016-03-25T09:51:56","slug":"wir-ueber-uns","status":"publish","type":"page","link":"https:\/\/www.ff-sarstedt.de\/stadt\/giften\/wir-ueber-uns","title":{"rendered":"Wir \u00fcber uns"},"content":{"rendered":"<p>Ein fester Bestandteil der Ortsgemeinschaft ist die Freiwillige Feuerwehr Giften, die bereits seit 1890 f\u00fcr den Brandschutz im Dorf sorgt. Die Aufgaben der Feuerwehren haben sich im Laufe der Jahre gravierend ver\u00e4ndert.<br \/>\nW\u00e4hrend damals das L\u00f6schen von Br\u00e4nden Hauptaufgabe der Feuerwehren war, sind die ehrenamtlichen Feuerwehrleute heute mit einer Vielzahl anderer\u00a0 Aufgaben wie Hilfeleistungen bei Verkehrsunf\u00e4llen, \u00dcberschwemmungen, Sturmsch\u00e4den oder Tierrettungen betraut. Der vorbeugende Brandschutz nimmt heute einen wesentlichen Teil der \u00d6ffentlichkeitsarbeit ein.<br \/>\nWeiterhin nehmen wir an Leistungswettbewerben der Feuerwehren im Landkreis teil.<br \/>\nMit der Gebietsreform 1974 wurden die Aufgaben der Giftener Wehr auch in den Stadtbereich einbezogen.\u00a0 Ein L\u00f6schgruppenfahrzeug LF 8\/8 wurde beschafft und das im Bau befindliche Feuerwehrger\u00e4tehaus\u00a0 konnte 1975 \u00fcbergeben werden.<br \/>\nSeit Februar 1999 verf\u00fcgt unsere Feuerwehr \u00fcber ein Feuerwehrfahrzeug mit einem 600 Liter Wassertank. Im Gebiet der Stadt Sarstedt sind wir in den 3. Zug eingebunden und haben hier auch Aufgaben im Dekontaminationsbereich \u00fcbernommen.<br \/>\nVon z.Zt. 170 Mitgliedern sind drei\u00dfig Aktive, darunter auch Feuerwehrfrauen, zu verzeichnen.<br \/>\nHerbstfeuer, Bosselturnier, Kegeln, Preisskat, Familienwanderung und Grillabende bieten einen abwechslungsreichen Ausgleich zum Feuerwehrdienst.<br \/>\nWir laden alle interessierten Giftener gern zu einem Schnuppertag bei unserem Dienst, der mittwochs 14t\u00e4gig stattfindet, ein.<\/p>\n<h3>Allgemeine Informationen<\/h3>\n<p>Einwohner : 735<br \/>\nFl\u00e4che: 497,96<\/p>\n<p><strong>Lage:<\/strong><\/p>\n<p>Giften liegt im Dreieck zwischen Innerste und Leine, einen Kilometer s\u00fcdlich von Sarstedt und ist mit seinen rund 700 Einwohnern die drittgr\u00f6\u00dfte Ortschaft von Sarstedt. Einst z\u00e4hlte Giften zu den D\u00f6rfern des &#8220;G\u00fcldenen Winkel&#8221;. Seine erste urkundliche Bezeichnung geht auf das Jahr 1223 zur\u00fcck und hie\u00df &#8220;Giftene&#8221;.<\/p>\n","protected":false},"excerpt":{"rendered":"<p>Ein fester Bestandteil der Ortsgemeinschaft ist die Freiwillige Feuerwehr Giften, die bereits seit 1890 f\u00fcr den Brandschutz im Dorf sorgt. Die Aufgaben der Feuerwehren haben sich im Laufe der Jahre gravierend ver\u00e4ndert. W\u00e4hrend damals das L\u00f6schen von Br\u00e4nden Hauptaufgabe der Feuerwehren war, sind die ehrenamtlichen Feuerwehrleute heute mit einer Vielzahl anderer\u00a0 Aufgaben wie Hilfeleistungen bei [&hellip;]<\/p>\n","protected":false},"author":8,"featured_media":0,"parent":48,"menu_order":48,"comment_status":"closed","ping_status":"open","template":"side-navigation.php","meta":{"_monsterinsights_skip_tracking":false,"_monsterinsights_sitenote_active":false,"_monsterinsights_sitenote_note":"","_monsterinsights_sitenote_category":0,"footnotes":""},"class_list":["post-1672","page","type-page","status-publish","hentry"],"aioseo_notices":[],"_links":{"self":[{"href":"https:\/\/www.ff-sarstedt.de\/stadt\/wp-json\/wp\/v2\/pages\/1672","targetHints":{"allow":["GET"]}}],"collection":[{"href":"https:\/\/www.ff-sarstedt.de\/stadt\/wp-json\/wp\/v2\/pages"}],"about":[{"href":"https:\/\/www.ff-sarstedt.de\/stadt\/wp-json\/wp\/v2\/types\/page"}],"author":[{"embeddable":true,"href":"https:\/\/www.ff-sarstedt.de\/stadt\/wp-json\/wp\/v2\/users\/8"}],"replies":[{"embeddable":true,"href":"https:\/\/www.ff-sarstedt.de\/stadt\/wp-json\/wp\/v2\/comments?post=1672"}],"version-history":[{"count":0,"href":"https:\/\/www.ff-sarstedt.de\/stadt\/wp-json\/wp\/v2\/pages\/1672\/revisions"}],"up":[{"embeddable":true,"href":"https:\/\/www.ff-sarstedt.de\/stadt\/wp-json\/wp\/v2\/pages\/48"}],"wp:attachment":[{"href":"https:\/\/www.ff-sarstedt.de\/stadt\/wp-json\/wp\/v2\/media?parent=1672"}],"curies":[{"name":"wp","href":"https:\/\/api.w.org\/{rel}","templated":true}]}}