{"id":1679,"date":"2015-06-22T17:54:15","date_gmt":"2015-06-22T15:54:15","guid":{"rendered":"http:\/\/www.ff-sarstedt.de\/stadt\/goedringen\/wir-ueber-uns\/"},"modified":"2025-06-13T17:25:24","modified_gmt":"2025-06-13T15:25:24","slug":"wir-ueber-uns","status":"publish","type":"page","link":"https:\/\/www.ff-sarstedt.de\/stadt\/goedringen\/wir-ueber-uns","title":{"rendered":"Wir \u00fcber uns"},"content":{"rendered":"<h1 style=\"text-align: center;\"><strong>Das sind wir&#8230;<\/strong><\/h1>\n<p>Die Freiwillige Feuerwehr G\u00f6dringen, besteht schon seit 1902 und kann auf eine lange Tradition im Feuerl\u00f6schwesen zur\u00fcckblicken.<\/p>\n<p>Unser Wirken reicht nicht nur bis an die Grenzen der Stadt Sarstedt.<\/p>\n<p>Wir sind auch im \u00fcber\u00f6rtlichen Katastrophenschutz in der Feuerwehrbereitschaft 1 des Landkreises Hildesheim t\u00e4tig. So waren wir bei einigen Gro\u00dfschadenslagen, wie dem Heidebrand oder den Hochwassern an Innerste und Elbe f\u00fcr mehrere Tage im Einsatz.<\/p>\n<p>Des Weiteren sind wir in der Komponente Strahlenschutz, die f\u00fcr den gesamten Brandabschnitt Nord zust\u00e4ndig ist, eingesetzt.<\/p>\n<p>Im Prinzip muss \u00a0jeder damit rechnen, dass er irgendwann die Hilfe einer Feuerwehr ben\u00f6tigt, sei es bei einem Brand, einem Verkehrsunfall oder einem sonstigen Ungl\u00fccksfall.<\/p>\n<p>Mit Ausl\u00f6sen des Alarms sind wir in der Regel innerhalb von 5 Minuten im Bereich der Ortschaft G\u00f6dringen an der Einsatzstelle pr\u00e4sent. Dieses ist nur m\u00f6glich, weil wir ehrenamtlich und freiwillig unseren Dienst in der Freiwilligen Feuerwehr G\u00f6dringen leisten und Tag und Nacht f\u00fcr ihre Sicherheit bereit stehen.<\/p>\n<p><strong>Die Freiwillige Feuerwehr G\u00f6dringen gliedert sich in folgende Abteilungen:<\/strong><\/p>\n<p>&#8211;<strong>Miniclub<\/strong>, unsere Kinderfeuerwehr f\u00fcr Kinder von 6 bis 10 Jahren<\/p>\n<p>&#8211;<strong>Jugendfeuerwehr<\/strong>, f\u00fcr Kinder von 10 bis 16 Jahren<\/p>\n<p>&#8211;<strong>Einsatzabteilung<\/strong>, f\u00fcr Aktive von 16 bis 67 Jahren<\/p>\n<p>&#8211;<strong>Alters- und Ehrenabteilung<\/strong>, f\u00fcr Alterskammerden und Ehrenmitglieder<\/p>\n<p>&#8211;<strong>F\u00f6rderer<\/strong>, f\u00fcr f\u00f6rdernde Mitglieder unserer Ortsfeuerwehr<\/p>\n","protected":false},"excerpt":{"rendered":"<p>Das sind wir&#8230; Die Freiwillige Feuerwehr G\u00f6dringen, besteht schon seit 1902 und kann auf eine lange Tradition im Feuerl\u00f6schwesen zur\u00fcckblicken. Unser Wirken reicht nicht nur bis an die Grenzen der Stadt Sarstedt. Wir sind auch im \u00fcber\u00f6rtlichen Katastrophenschutz in der Feuerwehrbereitschaft 1 des Landkreises Hildesheim t\u00e4tig. So waren wir bei einigen Gro\u00dfschadenslagen, wie dem Heidebrand [&hellip;]<\/p>\n","protected":false},"author":6,"featured_media":0,"parent":54,"menu_order":53,"comment_status":"closed","ping_status":"open","template":"side-navigation.php","meta":{"_monsterinsights_skip_tracking":false,"_monsterinsights_sitenote_active":false,"_monsterinsights_sitenote_note":"","_monsterinsights_sitenote_category":0,"footnotes":""},"class_list":["post-1679","page","type-page","status-publish","hentry"],"aioseo_notices":[],"_links":{"self":[{"href":"https:\/\/www.ff-sarstedt.de\/stadt\/wp-json\/wp\/v2\/pages\/1679","targetHints":{"allow":["GET"]}}],"collection":[{"href":"https:\/\/www.ff-sarstedt.de\/stadt\/wp-json\/wp\/v2\/pages"}],"about":[{"href":"https:\/\/www.ff-sarstedt.de\/stadt\/wp-json\/wp\/v2\/types\/page"}],"author":[{"embeddable":true,"href":"https:\/\/www.ff-sarstedt.de\/stadt\/wp-json\/wp\/v2\/users\/6"}],"replies":[{"embeddable":true,"href":"https:\/\/www.ff-sarstedt.de\/stadt\/wp-json\/wp\/v2\/comments?post=1679"}],"version-history":[{"count":1,"href":"https:\/\/www.ff-sarstedt.de\/stadt\/wp-json\/wp\/v2\/pages\/1679\/revisions"}],"predecessor-version":[{"id":29929,"href":"https:\/\/www.ff-sarstedt.de\/stadt\/wp-json\/wp\/v2\/pages\/1679\/revisions\/29929"}],"up":[{"embeddable":true,"href":"https:\/\/www.ff-sarstedt.de\/stadt\/wp-json\/wp\/v2\/pages\/54"}],"wp:attachment":[{"href":"https:\/\/www.ff-sarstedt.de\/stadt\/wp-json\/wp\/v2\/media?parent=1679"}],"curies":[{"name":"wp","href":"https:\/\/api.w.org\/{rel}","templated":true}]}}