{"id":1689,"date":"2015-06-22T18:04:17","date_gmt":"2015-06-22T16:04:17","guid":{"rendered":"http:\/\/www.ff-sarstedt.de\/stadt\/kinderfeuerwehr\/"},"modified":"2026-03-16T18:59:28","modified_gmt":"2026-03-16T17:59:28","slug":"kinderfeuerwehr","status":"publish","type":"page","link":"https:\/\/www.ff-sarstedt.de\/stadt\/hotteln\/kinderfeuerwehr","title":{"rendered":"Kinderfeuerwehr"},"content":{"rendered":"<ul>\n<li style=\"text-align: left;\"><\/li>\n<\/ul>\n<h2 style=\"text-align: left;\"><strong>Unsere L\u00f6schteufel<\/strong><\/h2>\n<p style=\"text-align: justify;\">Als eine der ersten Kinderfeuerwehren im Landkreis Hildesheim wurden am 7. Juni 2001 die \u201eL\u00f6schteufel\u201c gegr\u00fcndet, in der Kinder zwischen 6 und 10 Jahren spielerisch an die Arbeit der Feuerwehr herangef\u00fchrt werden.<\/p>\n<p style=\"text-align: justify;\">Die L\u00f6schteufel treffen sich<strong> jeden 3. Freitag im Monat um 17:00 Uhr<\/strong> im Ger\u00e4tehaus.<\/p>\n<p style=\"text-align: justify;\">Wir freuen uns auf dich...<\/p>\n<p style=\"text-align: justify;\">Euer L\u00f6schteufelwart und Betreuer<\/p>\n<p style=\"text-align: justify;\">(Ansprechpartner siehe: <a href=\"?page_id=1170\">Wir \u00fcber uns<\/a>, \u00dcbungsplan unter <a href=\"?page_id=5386\">Termin\u00fcbersicht<\/a>)<\/p>\n<h2>Hottelner L\u00f6schteufel 2024<\/h2>\n<p><img loading=\"lazy\" decoding=\"async\" class=\"alignnone size-medium wp-image-30854\" src=\"https:\/\/www.ff-sarstedt.de\/stadt\/wp-content\/uploads\/2026\/03\/aDSC_1656a-300x294.jpg\" alt=\"FF Hotteln Kinder Gruppe 2024\" width=\"300\" height=\"294\" \/><\/p>\n<h2 style=\"text-align: justify;\">Hotteln L\u00f6schteufel 2023<\/h2>\n<div id=\"attachment_27245\" style=\"width: 510px\" class=\"wp-caption alignnone\"><img loading=\"lazy\" decoding=\"async\" aria-describedby=\"caption-attachment-27245\" class=\" wp-image-27245\" src=\"https:\/\/www.ff-sarstedt.de\/stadt\/wp-content\/uploads\/2023\/02\/Loeschteufel_Hotteln_2023-300x206.jpg\" alt=\"\" width=\"500\" height=\"343\" \/><p id=\"caption-attachment-27245\" class=\"wp-caption-text\">L\u00f6schteufel Hotteln beim Dienst (2023)<\/p><\/div>\n<h2 style=\"text-align: justify;\">Hotteln L\u00f6schteufel 2015<\/h2>\n<div id=\"attachment_6690\" style=\"width: 504px\" class=\"wp-caption alignnone\"><a href=\"https:\/\/www.ff-sarstedt.de\/stadt\/wp-content\/uploads\/DSC_0571_Hotteln_Loeschteufel.jpg\" rel=\"lightbox[1689]\"><img loading=\"lazy\" decoding=\"async\" aria-describedby=\"caption-attachment-6690\" class=\" wp-image-6690\" src=\"https:\/\/www.ff-sarstedt.de\/stadt\/wp-content\/uploads\/DSC_0571_Hotteln_Loeschteufel.jpg\" alt=\"Hotteln Loeschteufel 2015\" width=\"494\" height=\"329\" \/><\/a><p id=\"caption-attachment-6690\" class=\"wp-caption-text\">Hotteln Loeschteufel 2015<\/p><\/div>\n","protected":false},"excerpt":{"rendered":"<p>Unsere L\u00f6schteufel Als eine der ersten Kinderfeuerwehren im Landkreis Hildesheim wurden am 7. Juni 2001 die \u201eL\u00f6schteufel\u201c gegr\u00fcndet, in der Kinder zwischen 6 und 10 Jahren spielerisch an die Arbeit der Feuerwehr herangef\u00fchrt werden. Die L\u00f6schteufel treffen sich jeden 3. Freitag im Monat um 17:00 Uhr im Ger\u00e4tehaus. Wir freuen uns auf dich&#8230; Euer L\u00f6schteufelwart [&hellip;]<\/p>\n","protected":false},"author":7,"featured_media":27245,"parent":58,"menu_order":43,"comment_status":"closed","ping_status":"closed","template":"side-navigation.php","meta":{"_monsterinsights_skip_tracking":false,"_monsterinsights_sitenote_active":false,"_monsterinsights_sitenote_note":"","_monsterinsights_sitenote_category":0,"footnotes":""},"class_list":["post-1689","page","type-page","status-publish","has-post-thumbnail","hentry"],"aioseo_notices":[],"_links":{"self":[{"href":"https:\/\/www.ff-sarstedt.de\/stadt\/wp-json\/wp\/v2\/pages\/1689","targetHints":{"allow":["GET"]}}],"collection":[{"href":"https:\/\/www.ff-sarstedt.de\/stadt\/wp-json\/wp\/v2\/pages"}],"about":[{"href":"https:\/\/www.ff-sarstedt.de\/stadt\/wp-json\/wp\/v2\/types\/page"}],"author":[{"embeddable":true,"href":"https:\/\/www.ff-sarstedt.de\/stadt\/wp-json\/wp\/v2\/users\/7"}],"replies":[{"embeddable":true,"href":"https:\/\/www.ff-sarstedt.de\/stadt\/wp-json\/wp\/v2\/comments?post=1689"}],"version-history":[{"count":3,"href":"https:\/\/www.ff-sarstedt.de\/stadt\/wp-json\/wp\/v2\/pages\/1689\/revisions"}],"predecessor-version":[{"id":30857,"href":"https:\/\/www.ff-sarstedt.de\/stadt\/wp-json\/wp\/v2\/pages\/1689\/revisions\/30857"}],"up":[{"embeddable":true,"href":"https:\/\/www.ff-sarstedt.de\/stadt\/wp-json\/wp\/v2\/pages\/58"}],"wp:featuredmedia":[{"embeddable":true,"href":"https:\/\/www.ff-sarstedt.de\/stadt\/wp-json\/wp\/v2\/media\/27245"}],"wp:attachment":[{"href":"https:\/\/www.ff-sarstedt.de\/stadt\/wp-json\/wp\/v2\/media?parent=1689"}],"curies":[{"name":"wp","href":"https:\/\/api.w.org\/{rel}","templated":true}]}}