{"id":1691,"date":"2015-06-22T18:04:17","date_gmt":"2015-06-22T16:04:17","guid":{"rendered":"http:\/\/www.ff-sarstedt.de\/stadt\/einsatzabteilung\/"},"modified":"2026-03-16T18:58:00","modified_gmt":"2026-03-16T17:58:00","slug":"einsatzabteilung","status":"publish","type":"page","link":"https:\/\/www.ff-sarstedt.de\/stadt\/hotteln\/einsatzabteilung","title":{"rendered":"Einsatzabteilung"},"content":{"rendered":"<h1><strong>Einsatzabteilung<\/strong><\/h1>\n<p><span style=\"line-height: 1.5;\">In der Einsatzabteilung stehen der Feuerwehr 50 Kameradinnen und Kameraden zur Verf\u00fcgung. <\/span><\/p>\n<p><span style=\"line-height: 1.5;\">Sie treffen sich <strong>jeden ersten und zweiten Montag im Monat um 19:00 Uhr<\/strong> im Feuerwehrger\u00e4tehaus in der B\u00e4ckerstrasse 5 zum \u00dcbungs-Dienst.<\/span><\/p>\n<p>Euer Ortsbrandmeister<\/p>\n<p>(<strong>Ansprechpartner<\/strong> siehe: <a href=\"?page_id=1170\">Wir \u00fcber uns<\/a>, <strong>\u00dcbungsplan<\/strong> unter <a href=\"?page_id=5386\">Termin\u00fcbersicht.<\/a><\/p>\n<h2>Feuerwehrbereitschaft<\/h2>\n<p><span style=\"line-height: 1.5;\">10 Kameraden der Wehr verrichten zus\u00e4tzlichen Dienst in der \u201eFeuerwehrbereitschaft 1\u201c des Landkreises Hildesheim. Sie werden bei \u00fcber\u00f6rtlichen Katastrophen wie zum Beispiel Heidebr\u00e4nde, Elbehochwasser oder auch Eisenbahnungl\u00fccken alarmiert.<\/span><\/p>\n<div id=\"ccchildpages-1\" class=\"ccchildpages ccflex onecol cc-child ccclearfix\"><div class=\"ccchildpage  ccodd ccpage-count-1 ccpage-id-6923 ccpage-feuerwehrbereitschaft-1 ccpage-has-parent ccpage-pid-1691 ccpage-parent-einsatzabteilung\"><h3 class=\"ccpage_title\" title=\"Feuerwehrbereitschaft 1\">Feuerwehrbereitschaft 1<\/h3><div class=\"ccpages_excerpt\">Hotteln in der Feuerwehrbereitschaft 1 des Landeskreises Hildesheim - Zur\u00fcck zur Einsatzabteilung\u00a0- Im Jahr 1974 fand in der Freiwilligen Feuerwehr ein Umstrukturierung der \u201eUnterkreise\u201c in die \u201eBrandabschnitte\u201c statt. Die Freiwillige Feuerwehr Hotteln wurde ab diesem Zeitpunkt dem Brandabschnitt Nord zugeordnet. Gleichzeitig wurde die Katastrophenschutzeinheiten im Landkreis Hildesheim neu geordnet. Seit 1974 bilden die Feuerwehren Hotteln,...<\/div><p class=\"ccpages_more\"><a href=\"https:\/\/www.ff-sarstedt.de\/stadt\/hotteln\/einsatzabteilung\/feuerwehrbereitschaft-1\"  title=\"weiterlesen...\">weiterlesen...<\/a><\/p><\/div><div class=\"ccchildpage  cceven ccpage-count-2 ccpage-id-6932 ccpage-gruppe-der-bademeister ccpage-has-parent ccpage-pid-1691 ccpage-parent-einsatzabteilung\"><h3 class=\"ccpage_title\" title=\"Gruppe der Bademeister\">Gruppe der Bademeister<\/h3><div class=\"ccpages_excerpt\">Hotteln - die Gruppe der Bademeister - Zur\u00fcck zur Einsatzabteilung\u00a0- Eine Wettkampfgruppe der Freiwilligen Feuerwehr Hotteln qualifizierte sich im Jahre 1986 bei den Stadtwettk\u00e4mpfen der Stadt Sarstedt zu den Kreiswettk\u00e4mpfen, die am 30.08.1986 in \u00d6strum ausgetragen werden sollte. Mit Kampfeslust nahm die Hottelner Gruppe am Wettkampf teil und handelte sich w\u00e4hrend der \u00dcbung durch einen...<\/div><p class=\"ccpages_more\"><a href=\"https:\/\/www.ff-sarstedt.de\/stadt\/hotteln\/einsatzabteilung\/gruppe-der-bademeister\"  title=\"weiterlesen...\">weiterlesen...<\/a><\/p><\/div><\/div>\n<h2>Gruppenbild FF Hotteln 2024<\/h2>\n<p><img loading=\"lazy\" decoding=\"async\" class=\"alignnone size-medium wp-image-30853\" src=\"https:\/\/www.ff-sarstedt.de\/stadt\/wp-content\/uploads\/2026\/03\/aDSC_1634-300x185.jpg\" alt=\"FF Hotteln - Gruppenbild 2024\" width=\"300\" height=\"185\" \/><\/p>\n<h2>Aktive Kameraden 2015<\/h2>\n<div id=\"attachment_6689\" style=\"width: 1610px\" class=\"wp-caption alignnone\"><a href=\"https:\/\/www.ff-sarstedt.de\/stadt\/wp-content\/uploads\/DSC_0562_Hotteln_FFW_Aktive.jpg\" rel=\"lightbox[6932]\"><img loading=\"lazy\" decoding=\"async\" aria-describedby=\"caption-attachment-6689\" class=\"size-full wp-image-6689\" src=\"https:\/\/www.ff-sarstedt.de\/stadt\/wp-content\/uploads\/DSC_0562_Hotteln_FFW_Aktive.jpg\" alt=\"Hotteln FFW Aktive 2015\" width=\"1600\" height=\"1067\" \/><\/a><p id=\"caption-attachment-6689\" class=\"wp-caption-text\">Hotteln FFW Aktive 2015<\/p><\/div>\n<h2>Kommando Hotteln 2015<\/h2>\n<div id=\"attachment_6942\" style=\"width: 310px\" class=\"wp-caption alignnone\"><a href=\"https:\/\/www.ff-sarstedt.de\/stadt\/wp-content\/uploads\/IMG-20150420_Hotteln_Kommando.jpg\" rel=\"lightbox[6932]\"><img loading=\"lazy\" decoding=\"async\" aria-describedby=\"caption-attachment-6942\" class=\"size-medium wp-image-6942\" src=\"https:\/\/www.ff-sarstedt.de\/stadt\/wp-content\/uploads\/IMG-20150420_Hotteln_Kommando-300x300.jpg\" alt=\"Hotteln FFW Kommando 2015\" width=\"300\" height=\"300\" \/><\/a><p id=\"caption-attachment-6942\" class=\"wp-caption-text\">Hotteln FFW Kommando 2015<\/p><\/div>\n<p><a href=\"#top\">\u21d1<\/a><\/p>\n","protected":false},"excerpt":{"rendered":"<p>Einsatzabteilung In der Einsatzabteilung stehen der Feuerwehr 50 Kameradinnen und Kameraden zur Verf\u00fcgung. Sie treffen sich jeden ersten und zweiten Montag im Monat um 19:00 Uhr im Feuerwehrger\u00e4tehaus in der B\u00e4ckerstrasse 5 zum \u00dcbungs-Dienst. Euer Ortsbrandmeister (Ansprechpartner siehe: Wir \u00fcber uns, \u00dcbungsplan unter Termin\u00fcbersicht. Feuerwehrbereitschaft 10 Kameraden der Wehr verrichten zus\u00e4tzlichen Dienst in der \u201eFeuerwehrbereitschaft [&hellip;]<\/p>\n","protected":false},"author":7,"featured_media":6689,"parent":58,"menu_order":46,"comment_status":"closed","ping_status":"open","template":"side-navigation.php","meta":{"_monsterinsights_skip_tracking":false,"_monsterinsights_sitenote_active":false,"_monsterinsights_sitenote_note":"","_monsterinsights_sitenote_category":0,"footnotes":""},"class_list":["post-1691","page","type-page","status-publish","has-post-thumbnail","hentry"],"aioseo_notices":[],"_links":{"self":[{"href":"https:\/\/www.ff-sarstedt.de\/stadt\/wp-json\/wp\/v2\/pages\/1691","targetHints":{"allow":["GET"]}}],"collection":[{"href":"https:\/\/www.ff-sarstedt.de\/stadt\/wp-json\/wp\/v2\/pages"}],"about":[{"href":"https:\/\/www.ff-sarstedt.de\/stadt\/wp-json\/wp\/v2\/types\/page"}],"author":[{"embeddable":true,"href":"https:\/\/www.ff-sarstedt.de\/stadt\/wp-json\/wp\/v2\/users\/7"}],"replies":[{"embeddable":true,"href":"https:\/\/www.ff-sarstedt.de\/stadt\/wp-json\/wp\/v2\/comments?post=1691"}],"version-history":[{"count":1,"href":"https:\/\/www.ff-sarstedt.de\/stadt\/wp-json\/wp\/v2\/pages\/1691\/revisions"}],"predecessor-version":[{"id":30856,"href":"https:\/\/www.ff-sarstedt.de\/stadt\/wp-json\/wp\/v2\/pages\/1691\/revisions\/30856"}],"up":[{"embeddable":true,"href":"https:\/\/www.ff-sarstedt.de\/stadt\/wp-json\/wp\/v2\/pages\/58"}],"wp:featuredmedia":[{"embeddable":true,"href":"https:\/\/www.ff-sarstedt.de\/stadt\/wp-json\/wp\/v2\/media\/6689"}],"wp:attachment":[{"href":"https:\/\/www.ff-sarstedt.de\/stadt\/wp-json\/wp\/v2\/media?parent=1691"}],"curies":[{"name":"wp","href":"https:\/\/api.w.org\/{rel}","templated":true}]}}