{"id":1692,"date":"2015-06-22T18:04:17","date_gmt":"2015-06-22T16:04:17","guid":{"rendered":"http:\/\/www.ff-sarstedt.de\/stadt\/technik\/"},"modified":"2022-08-31T11:31:47","modified_gmt":"2022-08-31T09:31:47","slug":"technik","status":"publish","type":"page","link":"https:\/\/www.ff-sarstedt.de\/stadt\/hotteln\/technik","title":{"rendered":"Technik"},"content":{"rendered":"<h2><strong>Unsere Einsatz-Fahrzeuge<\/strong><\/h2>\n\n\t\t<style type=\"text\/css\">\n\t\t\t#gallery-1 {\n\t\t\t\tmargin: auto;\n\t\t\t}\n\t\t\t#gallery-1 .gallery-item {\n\t\t\t\tfloat: left;\n\t\t\t\tmargin-top: 10px;\n\t\t\t\ttext-align: center;\n\t\t\t\twidth: 50%;\n\t\t\t}\n\t\t\t#gallery-1 img {\n\t\t\t\tborder: 2px solid #cfcfcf;\n\t\t\t}\n\t\t\t#gallery-1 .gallery-caption {\n\t\t\t\tmargin-left: 0;\n\t\t\t}\n\t\t\t\/* see gallery_shortcode() in wp-includes\/media.php *\/\n\t\t<\/style>\n\t\t<div id='gallery-1' class='gallery galleryid-1692 gallery-columns-2 gallery-size-medium'><dl class='gallery-item'>\n\t\t\t<dt class='gallery-icon landscape'>\n\t\t\t\t<a rel=\"prettyPhoto[postimages]\" href='https:\/\/www.ff-sarstedt.de\/stadt\/wp-content\/uploads\/2020\/01\/DSC_0686.jpg'><img loading=\"lazy\" decoding=\"async\" width=\"300\" height=\"200\" src=\"https:\/\/www.ff-sarstedt.de\/stadt\/wp-content\/uploads\/2020\/01\/DSC_0686-300x200.jpg\" class=\"attachment-medium size-medium\" alt=\"Hotteln HLF 20\" aria-describedby=\"gallery-1-21818\" \/><\/a>\n\t\t\t<\/dt>\n\t\t\t\t<dd class='wp-caption-text gallery-caption' id='gallery-1-21818'>\n\t\t\t\tHotteln HLF 20\n\t\t\t\t<\/dd><\/dl><dl class='gallery-item'>\n\t\t\t<dt class='gallery-icon landscape'>\n\t\t\t\t<a rel=\"prettyPhoto[postimages]\" href='https:\/\/www.ff-sarstedt.de\/stadt\/wp-content\/uploads\/2022\/08\/WhatsApp-Image-2022-08-08-at-20.35.09.jpg'><img loading=\"lazy\" decoding=\"async\" width=\"300\" height=\"300\" src=\"https:\/\/www.ff-sarstedt.de\/stadt\/wp-content\/uploads\/2022\/08\/WhatsApp-Image-2022-08-08-at-20.35.09-300x300.jpg\" class=\"attachment-medium size-medium\" alt=\"\" aria-describedby=\"gallery-1-26121\" \/><\/a>\n\t\t\t<\/dt>\n\t\t\t\t<dd class='wp-caption-text gallery-caption' id='gallery-1-26121'>\n\t\t\t\tHotteln LF 10\n\t\t\t\t<\/dd><\/dl><br style=\"clear: both\" \/>\n\t\t<\/div>\n\n<p>Die Feuerwehr Hotteln verf\u00fcgt \u00fcber zwei Fahrzeuge: ein L\u00f6schgruppenfahrzeug \u201eLF 10\u201c seit 2022 mit einem eingebauten 1600 l Wassertank und seit 2019 einem Hilfeleistungs-L\u00f6schfahrzeug \u201eHLF 20\u201c, dessen Beladung f\u00fcr Hilfeleistung und L\u00f6scheins\u00e4tze ausgewiesen ist.<\/p>\n<h3>Neue Funkrufnamen<\/h3>\n<p>Die Fahrzeuge erhielten 2013 durch die Einf\u00fchrung der OPTA (operativ-taktische Adresse) neue Bezeichnungen. Das LF 10 tr\u00e4gt die Kennung 11\/45\/11, das HLF 20 tr\u00e4gt die Kennung 11\/48\/11. Das sind die Funkrufnamen, die mit dem Digitalfunk im Juni 2015 eingef\u00fchrt wurde.<\/p>\n<div id=\"ccchildpages-1\" class=\"ccchildpages ccflex onecol cc-child ccclearfix\"><div class=\"ccchildpage  ccodd ccpage-count-1 ccpage-id-21811 ccpage-hotteln-hlf-20 ccpage-has-parent ccpage-pid-1692 ccpage-parent-technik\"><h3 class=\"ccpage_title\" title=\"Hotteln HLF 20\">Hotteln HLF 20<\/h3><img loading=\"lazy\" decoding=\"async\" width=\"300\" height=\"200\" src=\"https:\/\/www.ff-sarstedt.de\/stadt\/wp-content\/uploads\/2020\/01\/DSC_0584-300x200.jpg\" class=\"cc-child-pages-thumb wp-post-image\" alt=\"Hotteln HLF 20\" title=\"Hotteln HLF 20\" \/><div class=\"ccpages_excerpt\">Zur\u00fcck zu Technik Ein Ergebnis des Feuerwehr Bedarfplanes der Stadt Sarstedt war die Beschaffung eines neuen Fahrzeuges f\u00fcr die Ortsfeuerwehr Hotteln. Nach langer Planungsphase in die Ortsbrandmeister Klug samt einem Bearaterstab aus dem Kommando sowie Vertretern der Stadtfeuerwehr Sarstedt und der Stadt Sarstedt lang und breit \u00fcber die Ausstattung des Fahrzeuges diskutierten und entschieden, bevor...<\/div><p class=\"ccpages_more\"><a href=\"https:\/\/www.ff-sarstedt.de\/stadt\/hotteln\/technik\/hotteln-hlf-20\"  title=\"weiterlesen...\">weiterlesen...<\/a><\/p><\/div><div class=\"ccchildpage  cceven ccpage-count-2 ccpage-id-26228 ccpage-hotteln-lf-10 ccpage-has-parent ccpage-pid-1692 ccpage-parent-technik\"><h3 class=\"ccpage_title\" title=\"Hotteln LF 10\">Hotteln LF 10<\/h3><img loading=\"lazy\" decoding=\"async\" width=\"300\" height=\"223\" src=\"https:\/\/www.ff-sarstedt.de\/stadt\/wp-content\/uploads\/2022\/08\/MBP03976-300x223.jpg\" class=\"cc-child-pages-thumb wp-post-image\" alt=\"Hotteln LF 10\" title=\"Hotteln LF 10\" \/><div class=\"ccpages_excerpt\">Zur\u00fcck zu Technik Hotteln erh\u00e4lt ein neues LF 10 und l\u00f6st damit das 27 Jahre alte LF8\/6 ab, das seit dem Jahre 1995 unerm\u00fcdlich seine treuen Dienste verrichtete. Das neue L\u00f6schgruppenfahrzug wurde durch den Orts- und Stadtbrandmeister sowie drei weiteren Kameraden aus Ulm am 02. August 2022 abgeholt.\u00a0 Zusammen mit dem 2019 eingef\u00fchrten HLF 20...<\/div><p class=\"ccpages_more\"><a href=\"https:\/\/www.ff-sarstedt.de\/stadt\/hotteln\/technik\/hotteln-lf-10\"  title=\"weiterlesen...\">weiterlesen...<\/a><\/p><\/div><div class=\"ccchildpage  ccodd ccpage-count-3 ccpage-id-6947 ccpage-hotteln-lf-8 ccpage-has-parent ccpage-pid-1692 ccpage-parent-technik\"><h3 class=\"ccpage_title\" title=\"Hotteln LF-8 a.D.\">Hotteln LF-8 a.D.<\/h3><div class=\"ccpages_excerpt\">L\u00f6schgruppenfahrzeug 8\/6 MB 814 Zur\u00fcck zu Technik Zum 100 J\u00e4hrigen Bestehen der Freiwilligen Feuerwehr Hotteln im Jahre 1995\u00a0wurde das L\u00f6schgruppenfahrzeug 8\/6 (LF 8\/6) in Dienst gestellt. Das Fahrzeug l\u00f6ste das Hilfeleistungsl\u00f6schgruppenfahrzeug 8 (HiLF 8) aus dem Baujahr 1972 ab. Das LF 8\/6 ist ein kompaktes L\u00f6schgruppenfahrzeug und dient vornehmlich zur Brandbek\u00e4mpfung. Hinter dem K\u00fcrzel 8\/6...<\/div><p class=\"ccpages_more\"><a href=\"https:\/\/www.ff-sarstedt.de\/stadt\/hotteln\/technik\/hotteln-lf-8\"  title=\"weiterlesen...\">weiterlesen...<\/a><\/p><\/div><div class=\"ccchildpage  cceven ccpage-count-4 ccpage-id-6945 ccpage-hotteln-rw-1 ccpage-has-parent ccpage-pid-1692 ccpage-parent-technik\"><h3 class=\"ccpage_title\" title=\"Hotteln RW-1 a.D.\">Hotteln RW-1 a.D.<\/h3><div class=\"ccpages_excerpt\">Hotteln \u2013 R\u00fcstwagen \u2013 Autobahn Zur\u00fcck zu Technik Als die Stadt Sarstedt 1991 neben einer Schwerpunktfeuerwehr einen Feuerwehrst\u00fctzpunkt einrichten musste, fiel die Entscheidung unter dem damaligen Stadtbrandmeister Rainer Will auf die Freiwillige Feuerwehr Hotteln, die von einer Feuerwehr mit Grundausstattung zum Feuerwehrst\u00fctzpunkt werden sollte. Als die Bundesautobahn (BAB) 7 in dem Bereich zwischen Laatzen und...<\/div><p class=\"ccpages_more\"><a href=\"https:\/\/www.ff-sarstedt.de\/stadt\/hotteln\/technik\/hotteln-rw-1\"  title=\"weiterlesen...\">weiterlesen...<\/a><\/p><\/div><\/div>\n<h2>Unser Ger\u00e4tehaus<\/h2>\n<table style=\"height: 432px;\" width=\"724\">\n<tbody>\n<tr>\n<td>\n<p><div id=\"attachment_6706\" style=\"width: 303px\" class=\"wp-caption alignnone\"><a href=\"https:\/\/www.ff-sarstedt.de\/stadt\/wp-content\/uploads\/03_165_Hotteln_1977-08_Geraetehaus_Thie1.jpg\" rel=\"lightbox[6945]\"><img loading=\"lazy\" decoding=\"async\" aria-describedby=\"caption-attachment-6706\" class=\"size-medium wp-image-6706\" src=\"https:\/\/www.ff-sarstedt.de\/stadt\/wp-content\/uploads\/03_165_Hotteln_1977-08_Geraetehaus_Thie1-293x300.jpg\" alt=\"1977 Geraetehaus Hotteln am Thie\" width=\"293\" height=\"300\" \/><\/a><p id=\"caption-attachment-6706\" class=\"wp-caption-text\">Hotteln Ger\u00e4tehaus am Thie 1977<\/p><\/div><\/td>\n<td>\n<p><div id=\"attachment_6692\" style=\"width: 407px\" class=\"wp-caption alignnone\"><a href=\"https:\/\/www.ff-sarstedt.de\/stadt\/wp-content\/uploads\/IMG_2029_Hotteln_Geraetehaus.jpg\" rel=\"lightbox[6945]\"><img loading=\"lazy\" decoding=\"async\" aria-describedby=\"caption-attachment-6692\" class=\" wp-image-6692\" src=\"https:\/\/www.ff-sarstedt.de\/stadt\/wp-content\/uploads\/IMG_2029_Hotteln_Geraetehaus.jpg\" alt=\"Hotteln Geraetehaus 2015\" width=\"397\" height=\"298\" \/><\/a><p id=\"caption-attachment-6692\" class=\"wp-caption-text\">Hotteln Ger\u00e4tehaus 2015<\/p><\/div><\/td>\n<\/tr>\n<\/tbody>\n<\/table>\n<div id=\"attachment_7308\" style=\"width: 310px\" class=\"wp-caption alignnone\"><a href=\"https:\/\/www.ff-sarstedt.de\/stadt\/wp-content\/uploads\/Hotteln_FFW_Fahrzeuge.jpg\" rel=\"lightbox[6945]\"><img loading=\"lazy\" decoding=\"async\" aria-describedby=\"caption-attachment-7308\" class=\"wp-image-7308 size-medium\" src=\"https:\/\/www.ff-sarstedt.de\/stadt\/wp-content\/uploads\/Hotteln_FFW_Fahrzeuge-300x165.jpg\" alt=\"Historische Fahrzeuge der FFW Hotteln\" width=\"300\" height=\"165\" \/><\/a><p id=\"caption-attachment-7308\" class=\"wp-caption-text\">Historische Fahrzeuge der FFW Hotteln<\/p><\/div>\n<div id=\"attachment_6685\" style=\"width: 297px\" class=\"wp-caption alignnone\"><a href=\"https:\/\/www.ff-sarstedt.de\/stadt\/wp-content\/uploads\/05_IMG_0044_Hotteln_RW1.jpg\" rel=\"lightbox[6945]\"><img loading=\"lazy\" decoding=\"async\" aria-describedby=\"caption-attachment-6685\" class=\" wp-image-6685\" src=\"https:\/\/www.ff-sarstedt.de\/stadt\/wp-content\/uploads\/05_IMG_0044_Hotteln_RW1.jpg\" alt=\"Hotteln RW1 mit Anh\u00e4nger\" width=\"287\" height=\"215\" \/><\/a><p id=\"caption-attachment-6685\" class=\"wp-caption-text\">Hotteln RW1 mit Anh\u00e4nger (a.D. 2019)<\/p><\/div>\n<div id=\"attachment_6686\" style=\"width: 297px\" class=\"wp-caption alignnone\"><a href=\"https:\/\/www.ff-sarstedt.de\/stadt\/wp-content\/uploads\/05_IMG_0051_Hotteln_LF8-16.jpg\" rel=\"lightbox[6945]\"><img loading=\"lazy\" decoding=\"async\" aria-describedby=\"caption-attachment-6686\" class=\"wp-image-6686\" src=\"https:\/\/www.ff-sarstedt.de\/stadt\/wp-content\/uploads\/05_IMG_0051_Hotteln_LF8-16.jpg\" alt=\"Hotteln LF 8-16\" width=\"287\" height=\"215\" \/><\/a><p id=\"caption-attachment-6686\" class=\"wp-caption-text\">Hotteln LF 8-6 mit Schlauchhaspel-Anh\u00e4nger (a.D. 2022)<\/p><\/div>\n<p><a href=\"#top\">\u21d1<\/a><\/p>\n","protected":false},"excerpt":{"rendered":"<p>Unsere Einsatz-Fahrzeuge Die Feuerwehr Hotteln verf\u00fcgt \u00fcber zwei Fahrzeuge: ein L\u00f6schgruppenfahrzeug \u201eLF 10\u201c seit 2022 mit einem eingebauten 1600 l Wassertank und seit 2019 einem Hilfeleistungs-L\u00f6schfahrzeug \u201eHLF 20\u201c, dessen Beladung f\u00fcr Hilfeleistung und L\u00f6scheins\u00e4tze ausgewiesen ist. Neue Funkrufnamen Die Fahrzeuge erhielten 2013 durch die Einf\u00fchrung der OPTA (operativ-taktische Adresse) neue Bezeichnungen. Das LF 10 tr\u00e4gt [&hellip;]<\/p>\n","protected":false},"author":7,"featured_media":21813,"parent":58,"menu_order":48,"comment_status":"closed","ping_status":"open","template":"side-navigation.php","meta":{"_monsterinsights_skip_tracking":false,"_monsterinsights_sitenote_active":false,"_monsterinsights_sitenote_note":"","_monsterinsights_sitenote_category":0,"footnotes":""},"class_list":["post-1692","page","type-page","status-publish","has-post-thumbnail","hentry"],"aioseo_notices":[],"_links":{"self":[{"href":"https:\/\/www.ff-sarstedt.de\/stadt\/wp-json\/wp\/v2\/pages\/1692","targetHints":{"allow":["GET"]}}],"collection":[{"href":"https:\/\/www.ff-sarstedt.de\/stadt\/wp-json\/wp\/v2\/pages"}],"about":[{"href":"https:\/\/www.ff-sarstedt.de\/stadt\/wp-json\/wp\/v2\/types\/page"}],"author":[{"embeddable":true,"href":"https:\/\/www.ff-sarstedt.de\/stadt\/wp-json\/wp\/v2\/users\/7"}],"replies":[{"embeddable":true,"href":"https:\/\/www.ff-sarstedt.de\/stadt\/wp-json\/wp\/v2\/comments?post=1692"}],"version-history":[{"count":1,"href":"https:\/\/www.ff-sarstedt.de\/stadt\/wp-json\/wp\/v2\/pages\/1692\/revisions"}],"predecessor-version":[{"id":26246,"href":"https:\/\/www.ff-sarstedt.de\/stadt\/wp-json\/wp\/v2\/pages\/1692\/revisions\/26246"}],"up":[{"embeddable":true,"href":"https:\/\/www.ff-sarstedt.de\/stadt\/wp-json\/wp\/v2\/pages\/58"}],"wp:featuredmedia":[{"embeddable":true,"href":"https:\/\/www.ff-sarstedt.de\/stadt\/wp-json\/wp\/v2\/media\/21813"}],"wp:attachment":[{"href":"https:\/\/www.ff-sarstedt.de\/stadt\/wp-json\/wp\/v2\/media?parent=1692"}],"curies":[{"name":"wp","href":"https:\/\/api.w.org\/{rel}","templated":true}]}}