{"id":1713,"date":"2015-06-22T18:26:57","date_gmt":"2015-06-22T16:26:57","guid":{"rendered":"http:\/\/www.ff-sarstedt.de\/stadt\/schliekum\/technik\/"},"modified":"2019-05-03T21:25:17","modified_gmt":"2019-05-03T19:25:17","slug":"technik","status":"publish","type":"page","link":"https:\/\/www.ff-sarstedt.de\/stadt\/schliekum\/technik\/fahrzeuge\/technik","title":{"rendered":"L\u00f6schgruppenfahrzeug LF 8\/6"},"content":{"rendered":"<p>Das L\u00f6schgruppenfahrzeug wird zur Brandbek\u00e4mpfung und Wasserversorgung sowie einfachen technischen Hilfeleistungen eingesetzt. Im Heck des Fahrzeugs ist eine Feuerl\u00f6schkreiselpumpe mit einer Nennf\u00f6rderleistung von 800 l\/min bei 8 bar verbaut. Zus\u00e4tzlich verf\u00fcgt es \u00fcber eine Schnellangriffseinrichtung. In der Mannschaftskabine sind zwei Atemschutzger\u00e4te verlastet. Dadurch kann sich der erste Trupp schon w\u00e4hrend der Anfahrt zur Einsatzstelle damit ausr\u00fcsten.<\/p>\n<h3>Technische Daten<\/h3>\n<p>Rufname: Florian Hildesheim Land 11\/45\/32<br \/>\nRufname alt: Florian Hilburg 11-23<br \/>\nBaujahr: 1998<br \/>\nFahrgestell: Mercedes Benz 814 F<br \/>\nLeistung (kw\/PS): 103 \/ 140<br \/>\nMax. Km\/h: 97<br \/>\nZul. Gesamtgewicht (kg): 7490<br \/>\nAufbau: Firma Schlingmann<br \/>\nBesatzung: 1 \/ 8<\/p>\n<h3>Besonderheiten<\/h3>\n<p>\u2013 600 l Wassertank<br \/>\n\u2013 auf dem Dach montierter Lichtmast<br \/>\n\u2013 Tragkraftspritze (PFPN 10-1500)<br \/>\n\u2013 Schnellangriffseinrichtung<br \/>\n\u2013 Beleuchtungssatz<br \/>\n\u2013 Stromerzeuger 5 kVA<br \/>\n\u2013 Motorkettens\u00e4ge<\/p>\n\n\t\t<style type=\"text\/css\">\n\t\t\t#gallery-1 {\n\t\t\t\tmargin: auto;\n\t\t\t}\n\t\t\t#gallery-1 .gallery-item {\n\t\t\t\tfloat: left;\n\t\t\t\tmargin-top: 10px;\n\t\t\t\ttext-align: center;\n\t\t\t\twidth: 33%;\n\t\t\t}\n\t\t\t#gallery-1 img {\n\t\t\t\tborder: 2px solid #cfcfcf;\n\t\t\t}\n\t\t\t#gallery-1 .gallery-caption {\n\t\t\t\tmargin-left: 0;\n\t\t\t}\n\t\t\t\/* see gallery_shortcode() in wp-includes\/media.php *\/\n\t\t<\/style>\n\t\t<div id='gallery-1' class='gallery galleryid-1713 gallery-columns-3 gallery-size-thumbnail'><dl class='gallery-item'>\n\t\t\t<dt class='gallery-icon portrait'>\n\t\t\t\t<a rel=\"prettyPhoto[postimages]\" href='https:\/\/www.ff-sarstedt.de\/stadt\/wp-content\/uploads\/2016\/07\/2016-06-14-19.46.03-e1468695184640.jpg'><img loading=\"lazy\" decoding=\"async\" width=\"150\" height=\"150\" src=\"https:\/\/www.ff-sarstedt.de\/stadt\/wp-content\/uploads\/2016\/07\/2016-06-14-19.46.03-e1468695184640-150x150.jpg\" class=\"attachment-thumbnail size-thumbnail\" alt=\"\" \/><\/a>\n\t\t\t<\/dt><\/dl><dl class='gallery-item'>\n\t\t\t<dt class='gallery-icon portrait'>\n\t\t\t\t<a rel=\"prettyPhoto[postimages]\" href='https:\/\/www.ff-sarstedt.de\/stadt\/wp-content\/uploads\/2016\/07\/2016-06-14-19.46.31-e1468695163339.jpg'><img loading=\"lazy\" decoding=\"async\" width=\"150\" height=\"150\" src=\"https:\/\/www.ff-sarstedt.de\/stadt\/wp-content\/uploads\/2016\/07\/2016-06-14-19.46.31-e1468695163339-150x150.jpg\" class=\"attachment-thumbnail size-thumbnail\" alt=\"\" \/><\/a>\n\t\t\t<\/dt><\/dl><dl class='gallery-item'>\n\t\t\t<dt class='gallery-icon portrait'>\n\t\t\t\t<a rel=\"prettyPhoto[postimages]\" href='https:\/\/www.ff-sarstedt.de\/stadt\/wp-content\/uploads\/2016\/07\/2016-06-14-19.43.38-e1468695085497.jpg'><img loading=\"lazy\" decoding=\"async\" width=\"150\" height=\"150\" src=\"https:\/\/www.ff-sarstedt.de\/stadt\/wp-content\/uploads\/2016\/07\/2016-06-14-19.43.38-e1468695085497-150x150.jpg\" class=\"attachment-thumbnail size-thumbnail\" alt=\"\" \/><\/a>\n\t\t\t<\/dt><\/dl><br style=\"clear: both\" \/><dl class='gallery-item'>\n\t\t\t<dt class='gallery-icon portrait'>\n\t\t\t\t<a rel=\"prettyPhoto[postimages]\" href='https:\/\/www.ff-sarstedt.de\/stadt\/wp-content\/uploads\/2016\/07\/2016-06-14-19.44.00-e1468695111785.jpg'><img loading=\"lazy\" decoding=\"async\" width=\"150\" height=\"150\" src=\"https:\/\/www.ff-sarstedt.de\/stadt\/wp-content\/uploads\/2016\/07\/2016-06-14-19.44.00-e1468695111785-150x150.jpg\" class=\"attachment-thumbnail size-thumbnail\" alt=\"\" \/><\/a>\n\t\t\t<\/dt><\/dl><dl class='gallery-item'>\n\t\t\t<dt class='gallery-icon landscape'>\n\t\t\t\t<a rel=\"prettyPhoto[postimages]\" href='https:\/\/www.ff-sarstedt.de\/stadt\/wp-content\/uploads\/2016\/07\/2016-06-14-19.45.15.jpg'><img loading=\"lazy\" decoding=\"async\" width=\"150\" height=\"150\" src=\"https:\/\/www.ff-sarstedt.de\/stadt\/wp-content\/uploads\/2016\/07\/2016-06-14-19.45.15-150x150.jpg\" class=\"attachment-thumbnail size-thumbnail\" alt=\"\" \/><\/a>\n\t\t\t<\/dt><\/dl><dl class='gallery-item'>\n\t\t\t<dt class='gallery-icon portrait'>\n\t\t\t\t<a rel=\"prettyPhoto[postimages]\" href='https:\/\/www.ff-sarstedt.de\/stadt\/wp-content\/uploads\/2016\/07\/2016-06-14-19.58.17-e1468695021524.jpg'><img loading=\"lazy\" decoding=\"async\" width=\"150\" height=\"150\" src=\"https:\/\/www.ff-sarstedt.de\/stadt\/wp-content\/uploads\/2016\/07\/2016-06-14-19.58.17-e1468695021524-150x150.jpg\" class=\"attachment-thumbnail size-thumbnail\" alt=\"\" \/><\/a>\n\t\t\t<\/dt><\/dl><br style=\"clear: both\" \/>\n\t\t<\/div>\n\n\n","protected":false},"excerpt":{"rendered":"<p>Das L\u00f6schgruppenfahrzeug wird zur Brandbek\u00e4mpfung und Wasserversorgung sowie einfachen technischen Hilfeleistungen eingesetzt. Im Heck des Fahrzeugs ist eine Feuerl\u00f6schkreiselpumpe mit einer Nennf\u00f6rderleistung von 800 l\/min bei 8 bar verbaut. Zus\u00e4tzlich verf\u00fcgt es \u00fcber eine Schnellangriffseinrichtung. In der Mannschaftskabine sind zwei Atemschutzger\u00e4te verlastet. Dadurch kann sich der erste Trupp schon w\u00e4hrend der Anfahrt zur Einsatzstelle damit [&hellip;]<\/p>\n","protected":false},"author":5,"featured_media":8613,"parent":12738,"menu_order":25,"comment_status":"closed","ping_status":"open","template":"side-navigation.php","meta":{"_monsterinsights_skip_tracking":false,"_monsterinsights_sitenote_active":false,"_monsterinsights_sitenote_note":"","_monsterinsights_sitenote_category":0,"footnotes":""},"class_list":["post-1713","page","type-page","status-publish","has-post-thumbnail","hentry"],"aioseo_notices":[],"_links":{"self":[{"href":"https:\/\/www.ff-sarstedt.de\/stadt\/wp-json\/wp\/v2\/pages\/1713","targetHints":{"allow":["GET"]}}],"collection":[{"href":"https:\/\/www.ff-sarstedt.de\/stadt\/wp-json\/wp\/v2\/pages"}],"about":[{"href":"https:\/\/www.ff-sarstedt.de\/stadt\/wp-json\/wp\/v2\/types\/page"}],"author":[{"embeddable":true,"href":"https:\/\/www.ff-sarstedt.de\/stadt\/wp-json\/wp\/v2\/users\/5"}],"replies":[{"embeddable":true,"href":"https:\/\/www.ff-sarstedt.de\/stadt\/wp-json\/wp\/v2\/comments?post=1713"}],"version-history":[{"count":0,"href":"https:\/\/www.ff-sarstedt.de\/stadt\/wp-json\/wp\/v2\/pages\/1713\/revisions"}],"up":[{"embeddable":true,"href":"https:\/\/www.ff-sarstedt.de\/stadt\/wp-json\/wp\/v2\/pages\/12738"}],"wp:featuredmedia":[{"embeddable":true,"href":"https:\/\/www.ff-sarstedt.de\/stadt\/wp-json\/wp\/v2\/media\/8613"}],"wp:attachment":[{"href":"https:\/\/www.ff-sarstedt.de\/stadt\/wp-json\/wp\/v2\/media?parent=1713"}],"curies":[{"name":"wp","href":"https:\/\/api.w.org\/{rel}","templated":true}]}}