{"id":1962,"date":"2015-07-01T18:10:05","date_gmt":"2015-07-01T16:10:05","guid":{"rendered":"http:\/\/www.ff-sarstedt.de\/stadt\/?page_id=1962"},"modified":"2016-07-17T01:04:18","modified_gmt":"2016-07-16T23:04:18","slug":"chronik-2","status":"publish","type":"page","link":"https:\/\/www.ff-sarstedt.de\/stadt\/schliekum\/wir-ueber-uns\/chronik-2","title":{"rendered":"Chronik Jugendfeuerwehr"},"content":{"rendered":"<p>Die Chronik gibt einen \u00dcberblick \u00fcber die Jugendfeuerwehr seit den ersten \u00dcberlegungen im Jahr 1978, eine Jugendfeuerwehr zu gr\u00fcnden. Die Gr\u00fcndung erfolgte im Jahr 1982.<\/p>\n<h1><span style=\"color: #993300;\">1982 bis 2001<\/span><\/h1>\n<div class=\"t4p-tabs t4p-tabs-1 horizontal-tabs\"><style>.t4p-tabs.t4p-tabs-1 .nav-tabs li a{border-top-color:#ebeaea;background-color:#ebeaea;}.t4p-tabs.t4p-tabs-1 .nav-tabs li.active a,.t4p-tabs.t4p-tabs-1 .nav-tabs li.active a:hover,.t4p-tabs.t4p-tabs-1 .nav-tabs li.active a:focus{background-color:#C62020;border-right-color:#C62020;}.t4p-tabs.t4p-tabs-1 .nav,.t4p-tabs.t4p-tabs-1 .nav-tabs,.t4p-tabs.t4p-tabs-1 .tab-content .tab-pane{border-color:#ebeaea;}<\/style><div class=\"nav\"><ul class=\"nav-tabs nav-justified\"><li class=\"active\"><a class=\"tab-link\" href=\"#tab-69ff0cc7bd1e21\" data-toggle=\"tab\">2000-2001<\/a><\/li><li><a class=\"tab-link\" href=\"#tab-69ff0cc7bd2002\" data-toggle=\"tab\">1994-1999<\/a><\/li><li><a class=\"tab-link\" href=\"#tab-69ff0cc7bd2133\" data-toggle=\"tab\">1988-1993<\/a><\/li><li><a class=\"tab-link\" href=\"#tab-69ff0cc7bd2224\" data-toggle=\"tab\">1978-1987<\/a><\/li><\/ul><\/div><div class=\"tab-content\"><div class=\"tab-pane fade in active\" id=\"tab-69ff0cc7bd1e21\"><\/p>\n<h3><strong>2001<\/strong><\/h3>\n<p>Im Jahr 2001 qualifizierte sich die gemeinsame Gruppe Schliekum\/Ruthe f\u00fcr den Bezirkswettbewerb in Bad Pyrmont. Somit qualifizierte sich die Jugendfeuerwehr seit 1987 durchgehend f\u00fcr den alle zwei Jahre stattfindenden Bezirkswettbewerb.<\/p>\n<h3><strong>2000<\/strong><\/h3>\n<p>Als die Mitgliederzahlen bei der Jugendfeuerwehr Schliekum r\u00fcckl\u00e4ufig waren und die Jugendfeuerwehr Ruthe aus eigener Kraft keine Gruppe f\u00fcr die Teilnahme an den Wettbewerben aufstellen konnte, weil sie die dazu notwendige Anzahl von neun Jugendlichen nicht erreichte, entschlossen sich die Jugendfeuerwehrwarte der beiden Jugendfeuerwehren \u2013 Lars Brinkmann und Christian L\u00fchmann \u2013 zu einer vor\u00fcbergehenden Zusammenarbeit. Diese war auch sofort von Erfolg gekr\u00f6nt. Die gemeinsame Gruppe gewann den Abschnittswettbewerb des Brandschutzabschnitts Nord in L\u00fchnde. Eine Wochenendfreizeit f\u00fchrte die Jugendfeuerwehr nach Lenste an der Ostsee. In 2000 wurde ein zweites, identisches Zelt zum Ersten angeschafft, an dessen Finanzierung sich der Landkreis Hildesheim wiederum mit einem Zuschuss beteiligte. Am 1.9.2000 trat die Jugendfeuerwehr anl\u00e4sslich des Kommers zum 100-j\u00e4hrigen Bestehen der TuSpo Schliekum mit einer Vorf\u00fchrung auf, der sogenannten \u201eM\u00fclltonnen-Vorf\u00fchrung\u201c. Da diese Vorf\u00fchrung bei den G\u00e4sten sehr gut ankam, trat die Jugendfeuerwehr mit dieser Vorf\u00fchrung noch zu verschieden anderen Anl\u00e4ssen auf. H\u00f6hepunkt dabei war der Auftritt bei dem von der Stadt Sarstedt organisierten Seniorennachmittag am 7.6.2001 in dem bis auf den letzten Platz gef\u00fcllten Festzelt des Sarstedter Sch\u00fctzenfestes.<\/p>\n<p><\/div><div class=\"tab-pane fade\" id=\"tab-69ff0cc7bd2002\"><\/p>\n<h3><strong>1999<\/strong><\/h3>\n<p>Im Jahr 1999 konnte sich die Jugendfeuerwehr sowohl f\u00fcr den Bezirkswettbewerb in Hannover, als auch f\u00fcr den Landeswettbewerb in Papenburg qualifizieren, der leider nicht so erfolgreich endete wie die vorangegangenen beiden Landeswettbewerbe.<\/p>\n<h3><strong>1998<\/strong><\/h3>\n<p>Vom 27.-30.8.1998 reiste die Jugendfeuerwehr zu einer Ferienfreizeit an den Arendsee. Um bei den verschiedenen Zeltlagern nicht immer auf geliehene Zelte angewiesen zu sein, wurde am 10.3.1998 ein Mannschaftszelt f\u00fcr die Jugendfeuerwehr beschafft, das zum Teil aus Eigenmitteln \u2013 unter anderem aus dem \u00dcberschuss anl\u00e4sslich der Festveranstaltung zum 15-j\u00e4hrigen Bestehen der Jugendfeuerwehr im Jahr 1997 \u2013 und zum Teil durch einen Zuschuss des Landkreises Hildesheim finanziert wurde.<\/p>\n<h3><strong>1997<\/strong><\/h3>\n<p>In 1997 \u00fcbernahm Lars Brinkmann die Leitung der Jugendfeuerwehr, zu seinem Stellvertreter wurde Kai Brinkmann gew\u00e4hlt. Beim Abschnittswettbewerb, der anl\u00e4sslich des 15-j\u00e4hrigen Bestehens der Jugendfeuerwehr in Schliekum ausgetragen wurde, konnte sie den Sieg erneut gewinnen. Beim Bezirkswettbewerb in Stuhr erreichte die Jugendfeuerwehr den zweiten Bezirksmeistertitel und nahm eine Woche sp\u00e4ter am Landeswettbewerb in Hankensb\u00fcttel teil, bei dem sie einen sehr guten 18. Platz belegte. Das erste Abschnittszeltlager der Jugendfeuerwehren des Brandschutzabschnitts Nord vom 22.-24.8.1997 in Harsum wird den Jugendfeuerwehren in Erinnerung bleiben, allerdings in trauriger. Aufgrund der Bedrohung durch Randalierer brach die Lagerleitung das Zeltlager in der Nacht zum Sonntag ab, die Zelte wurden innerhalb k\u00fcrzester Zeit abgebaut und die Jugendlichen traten die Heimreise an. Seit 1997 organisiert die Jugendfeuerwehr in Zusammenarbeit mit den anderen Jugendabteilungen der \u00f6rtlichen Vereine das Aufstellen des Maibaums am 1. Mai. Durch die Mithilfe der Jugendlichen beim Verkauf und bei den angebotenen Spielen tr\u00e4gt die Jugendfeuerwehr ma\u00dfgeblichen Anteil am Gelingen dieser Veranstaltung. Au\u00dferdem sammelte die Jugendfeuerwehr erstmals Anfang des Jahres die ausgedienten Weihnachtsb\u00e4ume ein und f\u00fchrt sie der weiteren Verwendung zu.<\/p>\n<h3><strong>1995<\/strong><\/h3>\n<p>Die Jugendfeuerwehr qualifiziert sich\u00a0f\u00fcr den Bezirkswettbewerb am 18.6.1995 in Nienburg.<\/p>\n<h3><strong>1994<\/strong><\/h3>\n<p>Die Jugendfeuerwehr gewann in Sarstedt zum ersten Mal den Abschnittswettbewerb des Brandschutzabschnitts Nord, der j\u00e4hrlich ausgetragen wird. Eine Wochenendfreizeit f\u00fchrte die Jugendfeuerwehr nach Lenste an der Ostsee.<\/p>\n<p><\/div><div class=\"tab-pane fade\" id=\"tab-69ff0cc7bd2133\"><\/p>\n<h3><strong>1993<\/strong><\/h3>\n<p>Beim Kreiswettbewerb in Hildesheim konnte der Kreismeistertitel verteidigt werden. Nur eine Woche sp\u00e4ter belegte die Jugendfeuerwehr beim Bezirkswettbewerb in Sarstedt den ersten Platz und wurde somit Bezirksmeister des Regierungsbezirks Hannover. Damit qualifizierte sie sich f\u00fcr die Teilnahme am Landeswettbewerb des Landes Niedersachsen in Stadthagen, bei dem sie einen hervorragenden elften Platz erreichte. Am 19.6.1993 fand der Jubil\u00e4umswettbewerb der Nieders\u00e4chsischen Jugendfeuerwehr im Eilenriede-Stadion in Hannover statt, an dem alle nieders\u00e4chsischen Kreismeister des Jahres 1993 teilnehmen durften. Mit der gesamten Stadtjugendfeuerwehr fuhr die Jugendfeuerwehr ins Zeltlager an den Humboldtsee. Anl\u00e4sslich ihres 25-j\u00e4hrigen Bestehens richtete die Stadtjugendfeuerwehr Hildesheim vom 13.-15.8.1993 ein Zeltlager am Hohnsensee in Hildesheim aus, an dem auch die Schliekumer Jugendfeuerwehr teilnahm.\u00a0 Auch die Altpapiersammlungen seien an dieser Stelle erw\u00e4hnt. In insgesamt zehn Jahren \u2013 von 1983 bis 1993 \u2013 sammelte die Jugendfeuerwehr rd. 125 Tonnen Altpapier, trug somit einen wertvollen Beitrag zum Umweltschutz bei und finanzierte ihre zahlreichen Aktivit\u00e4ten. Aufgrund der fl\u00e4chendeckenden Aufstellung der Altpapiercontainer und der Regelungen des Landkreises Hildesheim mussten diese Sammlungen jedoch eingestellt werden, was auch in finanzieller Hinsicht nicht spurlos an der Jugendfeuerwehr vor\u00fcbergegangen ist.<\/p>\n<h3><strong>1992<\/strong><\/h3>\n<p>Die Jugendfeuerwehr errang in Winzenburg erstmals den Kreismeistertitel des Landkreises Hildesheim.<\/p>\n<h3><strong>1991<\/strong><\/h3>\n<p>Auch 1991 qualifizierte sich die Jugendfeuerwehr f\u00fcr die Teilnahme am Bezirkswettbewerb, der in Bad Nenndorf ausgetragen wurde. Vom 9.-12.8.1991 wurde eine Ferienfreizeit in der Jugendherberge auf Juist durchgef\u00fchrt. Mit der gesamten Stadtjugendfeuerwehr fuhr die Jugendfeuerwehr ins Zeltlager an den Humboldtsee.<\/p>\n<h3><strong>1989<\/strong><\/h3>\n<p>Unvergesslich f\u00fcr die Teilnehmer d\u00fcrfte das Kreiszeltlager vom 16.-18.6.1989 in Duingen bleiben, bei dem die Jugendfeuerwehr Schliekum als einzige ein St\u00fcck Rasen f\u00fcr ihr Zelt ergattern konnte, w\u00e4hrend die \u00fcbrigen Gruppen ihre Zelte auf dem Schotterplatz aufbauen mussten. Deshalb sammelten die Schliekumer w\u00e4hrend des Wochenendes Grassamen, den Jugendfeuerwehrwart Rainer Hanisch der Kreisjugendfeuerwehrleitung kurz vor der Siegerehrung am Sonntag in der Hoffnung auf einen Rasenplatz beim n\u00e4chsten Kreiszeltlager \u00fcbergab. Nach der Qualifikation beim Kreiswettbewerb nahm die Jugendfeuerwehr am Bezirkswettbewerb in Bad Pyrmont teil. Beim Aufenthalt auf Priwall an der Ostsee vom 24.-28.8.1989 erlebte die Jugendfeuerwehr einen Katastrophenalarm mit, da an diesem Wochenende eine Sturmflut \u00fcber der Ostsee tobte.<\/p>\n<h3><strong>1988<\/strong><\/h3>\n<p>Im Jahr 1988 \u00fcbernahm Rainer Hanisch das Amt des Jugendfeuerwehrwartes. Sein Stellvertreter wurde Friedrich Rohlfs.<\/p>\n<p><\/div><div class=\"tab-pane fade\" id=\"tab-69ff0cc7bd2224\"><\/p>\n<h3><strong>1987<\/strong><\/h3>\n<p>In diesem Jahr qualifizierte sich die Jugendfeuerwehr \u00fcber den Abschnittswettbewerb des Brandschutzabschnitts Nord und den Kreiswettbewerb des Landkreises Hildesheim erstmals f\u00fcr einen Bezirkswettbewerb des Regierungsbezirks Hannover. Dieser fand am 21.6.1987 in Garbsen statt. W\u00e4hrend des Zeltlagers in Mardorf vom 7.-10.8.1987 musste so mancher Jugendliche Bekanntschaft mit dem Schlick des Steinhuder Meeres machen, weil er aufgrund seiner Wortwahl \u201ezur Strafe getauft\u201c wurde.<\/p>\n<h3><strong>1985<\/strong><\/h3>\n<p>Die Jugendfeuerwehr bekommt zur Unterst\u00fctzung ein Maskottchen mit einer Kombi und Schiffchen als Kopfbedeckung. Das Maskottchen wird auf den Namen \u201eMecki\u201c getauft.<\/p>\n<h3><strong>1984<\/strong><\/h3>\n<p>Bereits am 16.9.1984 stellte sich eine Gruppe der Jugendfeuerwehr Schliekum der Leistungsspangenabnahme. Dies ist die h\u00f6chste Auszeichnung, die von der Jugendfeuerwehr an Jugendfeuerwehrmitglieder vergeben werden kann.<\/p>\n<h3><strong>1983<\/strong><\/h3>\n<p>Im Rahmen der feuerwehrtechnischen Ausbildung nahm die Jugendfeuerwehr erstmals an Wettbewerben teil. Zun\u00e4chst blieb es hier allerdings bei Platzierungen im hinteren Drittel des Teilnehmerfeldes und manchmal war die Tatsache, nicht Letzter zu sein, schon Grund zur Freude. Doch schnell stellten sich auf diesem Gebiet erste Erfolge ein. Bei den Siegerehrungen erschien der Name \u201eJugendfeuerwehr Schliekum\u201c vermehrt unter den ersten Gruppen. Im Juni fuhr die Jugendfeuerwehr erstmals ins Zeltlager, und zwar nach Potzwenden.<\/p>\n<h3><strong>1982<\/strong><\/h3>\n<p>In einer au\u00dferordentlichen Mitgliederversammlung der Ortsfeuerwehr Schliekum am 18.5.1982 wurde schlie\u00dflich trotz vieler skeptischer Einstellungen gegen\u00fcber diesem Vorhaben der einstimmige Beschluss gefasst, eine Jugendfeuerwehr zu gr\u00fcnden. Zum ersten Jugendfeuerwehrwart wurde G\u00fcnter Scheibe gew\u00e4hlt. Die Posten seiner Stellvertreter \u00fcbernahmen Friedrich Rohlfs und Rainer Hanisch. In einem Rundschreiben wurden die Eltern und Jugendlichen zu einem Informationsabend, an dem auch der Kreisjugendfeuerwehrwart Hans-Heinrich Albrecht teilnahm, in das Feuerwehrger\u00e4tehaus eingeladen, um ihnen einen Einblick in die Aufgaben und die Arbeit der Jugendfeuerwehr zu geben.\u00a0 Die Kosten f\u00fcr die Einkleidung der Jugendfeuerwehr beliefen sich auf rd. 1.600 DM und wurden mit 1.000 DM von der Stadt Sarstedt bezuschusst. Die verbliebenen Kosten \u00fcbernahm die Einsatzabteilung. In der ersten Versammlung der Jugendfeuerwehr am 10.12.1982 wurde der Jugendausschuss vervollst\u00e4ndigt.<\/p>\n<h3><strong>1978<\/strong><\/h3>\n<p>W\u00e4hrend der Jahreshauptversammlung der Freiwilligen Feuerwehr Schliekum am 11.2.1978 wurde auf Initiative von G\u00fcnter Scheibe erstmals der Vorschlag er\u00f6rtert, in Schliekum eine Jugendfeuerwehr zu gr\u00fcnden, um auf diese Weise den dringend ben\u00f6tigten Nachwuchs zu werben. Das Kommando sagte zu, sich \u00fcber die notwendigen Schritte zu informieren, da mit der Neugr\u00fcndung Kosten verbunden waren und die Genehmigung von der Stadt Sarstedt erteilt werden musste.<\/p>\n<p><\/div><\/div><\/div>\n","protected":false},"excerpt":{"rendered":"<p>Die Chronik gibt einen \u00dcberblick \u00fcber die Jugendfeuerwehr seit den ersten \u00dcberlegungen im Jahr 1978, eine Jugendfeuerwehr zu gr\u00fcnden. Die Gr\u00fcndung erfolgte im Jahr 1982. 1982 bis 2001<\/p>\n","protected":false},"author":5,"featured_media":0,"parent":1714,"menu_order":38,"comment_status":"closed","ping_status":"open","template":"side-navigation.php","meta":{"_monsterinsights_skip_tracking":false,"_monsterinsights_sitenote_active":false,"_monsterinsights_sitenote_note":"","_monsterinsights_sitenote_category":0,"footnotes":""},"class_list":["post-1962","page","type-page","status-publish","hentry"],"aioseo_notices":[],"_links":{"self":[{"href":"https:\/\/www.ff-sarstedt.de\/stadt\/wp-json\/wp\/v2\/pages\/1962","targetHints":{"allow":["GET"]}}],"collection":[{"href":"https:\/\/www.ff-sarstedt.de\/stadt\/wp-json\/wp\/v2\/pages"}],"about":[{"href":"https:\/\/www.ff-sarstedt.de\/stadt\/wp-json\/wp\/v2\/types\/page"}],"author":[{"embeddable":true,"href":"https:\/\/www.ff-sarstedt.de\/stadt\/wp-json\/wp\/v2\/users\/5"}],"replies":[{"embeddable":true,"href":"https:\/\/www.ff-sarstedt.de\/stadt\/wp-json\/wp\/v2\/comments?post=1962"}],"version-history":[{"count":1,"href":"https:\/\/www.ff-sarstedt.de\/stadt\/wp-json\/wp\/v2\/pages\/1962\/revisions"}],"predecessor-version":[{"id":29554,"href":"https:\/\/www.ff-sarstedt.de\/stadt\/wp-json\/wp\/v2\/pages\/1962\/revisions\/29554"}],"up":[{"embeddable":true,"href":"https:\/\/www.ff-sarstedt.de\/stadt\/wp-json\/wp\/v2\/pages\/1714"}],"wp:attachment":[{"href":"https:\/\/www.ff-sarstedt.de\/stadt\/wp-json\/wp\/v2\/media?parent=1962"}],"curies":[{"name":"wp","href":"https:\/\/api.w.org\/{rel}","templated":true}]}}