{"id":1975,"date":"2015-07-03T22:17:43","date_gmt":"2015-07-03T20:17:43","guid":{"rendered":"http:\/\/www.ff-sarstedt.de\/stadt\/?page_id=1975"},"modified":"2016-03-31T20:53:33","modified_gmt":"2016-03-31T18:53:33","slug":"unser-auftrag","status":"publish","type":"page","link":"https:\/\/www.ff-sarstedt.de\/stadt\/stadt-fw\/wir-ueber-uns\/unser-auftrag","title":{"rendered":"Unser Auftrag"},"content":{"rendered":"<table>\n<tbody>\n<tr>\n<td width=\"150\"><img loading=\"lazy\" decoding=\"async\" class=\" wp-image-629 size-thumbnail alignleft\" src=\"https:\/\/www.ff-sarstedt.de\/stadt\/wp-content\/uploads\/2015\/07\/RBS_Logo.gif\" alt=\"\" width=\"150\" height=\"150\" \/><\/td>\n<td style=\"vertical-align: top;\">Das Aufgabengebiet der freiwilligen Feuerwehr l\u00e4sst sich in vier verschiedene Bereiche gliedern: &#8220;Retten, L\u00f6schen, Bergen, Sch\u00fctzen&#8221;. Wir haben als ehrenamtliche Feuerwehrleute in unserem Ausr\u00fcckebereich dieselben Aufgaben wie unsere Kollegen von Berufsfeuerwehren und m\u00fcssen diese genauso professionell bew\u00e4ltigen. Wir sind uns dieser Herausforderung bewusst und begegnen ihr mit einer fundierten Ausbildung, Einsatz- und \u00dcbungsanalysen sowie der n\u00f6tigen Ernsthaftigkeit bei Training und Ernstfall.<\/td>\n<\/tr>\n<\/tbody>\n<\/table>\n<hr \/>\n<hr \/>\n<table>\n<tbody>\n<tr>\n<td width=\"125\"><img loading=\"lazy\" decoding=\"async\" class=\" wp-image-629 size-thumbnail alignleft\" src=\"https:\/\/www.ff-sarstedt.de\/stadt\/wp-content\/uploads\/2015\/07\/Retten.png\" alt=\"\" width=\"125\" height=\"125\" \/><\/td>\n<td style=\"vertical-align: top;\"><b>Retten<\/b><\/p>\n<p>Unter Rettungen verstehen wir die Befreiungen von lebenden Menschen oder Tieren aus einer akuten Gefahr, die das Leben der zu Rettenden gef\u00e4hrdet. Dies kann nat\u00fcrlich bei Br\u00e4nden der Fall sein, wenn Menschen oder Tiere durch Flammen und Rauch gef\u00e4hrdet sind. Aber auch die Befreiung von versch\u00fctteten, abgest\u00fcrzten, eingeklemmten oder auf sonstige Weise verungl\u00fcckten Personen oder Tieren nach Verkehrs-, Arbeits-, oder Freizeitunf\u00e4llen oder technischen St\u00f6rungen geh\u00f6ren zu unseren Aufgaben.<\/td>\n<\/tr>\n<\/tbody>\n<\/table>\n<table>\n<tbody>\n<tr>\n<td style=\"vertical-align: top;\"><b>L\u00f6schen<\/b><\/p>\n<p>Das L\u00f6schen ist die klassische Aufgabe der Feuerwehr, doch haben sich die L\u00f6schverfahren im Laufe der Zeit stark verbessert. Im weiteren sind auch neue Ziele hinzugekommen, so gilt es auf Umst\u00e4nde wie giftige Rauchgasbildung, Minimierung des L\u00f6schwasserverbrauchs, Vermeidung von Rauch- und Einsatzsch\u00e4den, gef\u00e4hrliche Flammendurchz\u00fcndungen und m\u00f6gliche Umweltsch\u00e4den zu achten. Gr\u00f6\u00dfere Br\u00e4nde kommen durch den heutigen Stand des Brandschutzes, vor allem in gro\u00dfen Firmen, nur noch selten vor. Die meisten Feuer zu denen wir gerufen werden, k\u00f6nnen durch technische Neuerungen gl\u00fccklicherweise schnell und sicher gel\u00f6scht werden.<\/td>\n<td width=\"125\"><img loading=\"lazy\" decoding=\"async\" class=\" wp-image-629 size-thumbnail alignleft\" src=\"https:\/\/www.ff-sarstedt.de\/stadt\/wp-content\/uploads\/2015\/07\/L\u00f6schen.png\" alt=\"\" width=\"125\" height=\"125\" \/><\/td>\n<\/tr>\n<\/tbody>\n<\/table>\n<table>\n<tbody>\n<tr>\n<td width=\"125\"><img loading=\"lazy\" decoding=\"async\" class=\" wp-image-629 size-thumbnail alignleft\" src=\"https:\/\/www.ff-sarstedt.de\/stadt\/wp-content\/uploads\/2015\/07\/Bergen.png\" alt=\"\" width=\"125\" height=\"125\" \/><\/td>\n<td style=\"vertical-align: top;\"><b>Bergen<\/b><\/p>\n<p>F\u00fcr die Feuerwehr bedeutet der Begriff &#8220;bergen&#8221; das Befreien eines toten Menschen, Tieres oder eines Gegenstandes aus einer Zwangslage. Zu Bergungseins\u00e4tzen geh\u00f6ren zum Beispiel: die Befreiung von get\u00f6teten Personen oder Tieren nach Unf\u00e4llen, Br\u00e4nden oder sonstigen Ungl\u00fccken aus Unfallwracks, aus Geb\u00e4uden (Tr\u00fcmmern), aus Gew\u00e4ssern, etc.<\/td>\n<\/tr>\n<\/tbody>\n<\/table>\n<table>\n<tbody>\n<tr>\n<td style=\"vertical-align: top;\"><b>Sch\u00fctzen<\/b><\/p>\n<p>Die Feuerwehr wird nicht erst nach einem Ungl\u00fcck aktiv, denn schon im Vorfeld wird versucht, bekannte Risiken zu minimieren und Gefahren auszuschlie\u00dfen. Dies wird durch die Durchf\u00fchrung regelm\u00e4\u00dfiger Brandsicherheitswachdienste bei gr\u00f6\u00dferen Veranstaltungen erreicht. Die eingesetzen Feuerwehrm\u00e4nner sind damit besch\u00e4ftigt zu kontrollieren, ob Fluchtt\u00fcren und Rettungszufahrten frei gehalten werden und auch die sonstigen Sicherheitsvorkehrungen getroffen wurden. Ebenfalls kontrolliert werden vor Ort vorhandene Feuerl\u00f6schger\u00e4te und Einrichtungen. Auch die Beratung und Aufkl\u00e4rung von B\u00fcrgerinnen und B\u00fcrgern sowie die vorbeugende Brandschutzerziehung in Schulen und Kinderg\u00e4rten z\u00e4hlt zum Aufgabenspektrum der Freiwilligen Feuerwehr.<\/td>\n<td width=\"125\"><img loading=\"lazy\" decoding=\"async\" class=\" wp-image-629 size-thumbnail alignleft\" src=\"https:\/\/www.ff-sarstedt.de\/stadt\/wp-content\/uploads\/2015\/07\/Sch\u00fctzen.png\" alt=\"\" width=\"125\" height=\"125\" \/><\/td>\n<\/tr>\n<\/tbody>\n<\/table>\n","protected":false},"excerpt":{"rendered":"<p>Das Aufgabengebiet der freiwilligen Feuerwehr l\u00e4sst sich in vier verschiedene Bereiche gliedern: &#8220;Retten, L\u00f6schen, Bergen, Sch\u00fctzen&#8221;. Wir haben als ehrenamtliche Feuerwehrleute in unserem Ausr\u00fcckebereich dieselben Aufgaben wie unsere Kollegen von Berufsfeuerwehren und m\u00fcssen diese genauso professionell bew\u00e4ltigen. Wir sind uns dieser Herausforderung bewusst und begegnen ihr mit einer fundierten Ausbildung, Einsatz- und \u00dcbungsanalysen sowie der [&hellip;]<\/p>\n","protected":false},"author":9,"featured_media":8278,"parent":8114,"menu_order":26,"comment_status":"closed","ping_status":"closed","template":"side-navigation.php","meta":{"_monsterinsights_skip_tracking":false,"_monsterinsights_sitenote_active":false,"_monsterinsights_sitenote_note":"","_monsterinsights_sitenote_category":0,"footnotes":""},"class_list":["post-1975","page","type-page","status-publish","has-post-thumbnail","hentry"],"aioseo_notices":[],"_links":{"self":[{"href":"https:\/\/www.ff-sarstedt.de\/stadt\/wp-json\/wp\/v2\/pages\/1975","targetHints":{"allow":["GET"]}}],"collection":[{"href":"https:\/\/www.ff-sarstedt.de\/stadt\/wp-json\/wp\/v2\/pages"}],"about":[{"href":"https:\/\/www.ff-sarstedt.de\/stadt\/wp-json\/wp\/v2\/types\/page"}],"author":[{"embeddable":true,"href":"https:\/\/www.ff-sarstedt.de\/stadt\/wp-json\/wp\/v2\/users\/9"}],"replies":[{"embeddable":true,"href":"https:\/\/www.ff-sarstedt.de\/stadt\/wp-json\/wp\/v2\/comments?post=1975"}],"version-history":[{"count":0,"href":"https:\/\/www.ff-sarstedt.de\/stadt\/wp-json\/wp\/v2\/pages\/1975\/revisions"}],"up":[{"embeddable":true,"href":"https:\/\/www.ff-sarstedt.de\/stadt\/wp-json\/wp\/v2\/pages\/8114"}],"wp:featuredmedia":[{"embeddable":true,"href":"https:\/\/www.ff-sarstedt.de\/stadt\/wp-json\/wp\/v2\/media\/8278"}],"wp:attachment":[{"href":"https:\/\/www.ff-sarstedt.de\/stadt\/wp-json\/wp\/v2\/media?parent=1975"}],"curies":[{"name":"wp","href":"https:\/\/api.w.org\/{rel}","templated":true}]}}