{"id":20169,"date":"2019-05-11T22:33:48","date_gmt":"2019-05-11T20:33:48","guid":{"rendered":"http:\/\/www.ff-sarstedt.de\/stadt\/?page_id=20169"},"modified":"2020-07-18T14:32:27","modified_gmt":"2020-07-18T12:32:27","slug":"ehemalige-fahrzeuge","status":"publish","type":"page","link":"https:\/\/www.ff-sarstedt.de\/stadt\/sarstedt-1\/technik\/ehemalige-fahrzeuge","title":{"rendered":"Ehemalige Fahrzeuge"},"content":{"rendered":"\n<p>Hier findet ihr Informationen \u00fcber die ehemaligen Fahrzeuge aus unserem Fuhrpark<\/p>\n<div id=\"ccchildpages-1\" class=\"ccchildpages ccflex twocol cc-child ccclearfix\"><div class=\"ccchildpage  ccfirst ccodd ccpage-count-1 ccpage-id-588 ccpage-loeschgruppenfahrzeug-lf16-ts ccpage-has-parent ccpage-pid-20169 ccpage-parent-ehemalige-fahrzeuge\"><h3 class=\"ccpage_title\" title=\"LF 16-TS\">LF 16-TS<\/h3><img loading=\"lazy\" decoding=\"async\" width=\"300\" height=\"200\" src=\"https:\/\/www.ff-sarstedt.de\/stadt\/wp-content\/uploads\/2015\/03\/DSC_7416-2-300x200.jpg\" class=\"cc-child-pages-thumb wp-post-image\" alt=\"LF 16-TS\" title=\"LF 16-TS\" \/><div class=\"ccpages_excerpt\">Das L\u00f6schgruppenfahrzeug (LF 16-TS) ist als Wasserf\u00f6rderfahrzeug ausgelegt und kann 600 Meter Schlauchleitung verlegen. Es hat\u00a0Material an Bord,\u00a0um\u00a0zwei L\u00f6schgruppen unabh\u00e4ngig...<\/div><p class=\"ccpages_more\"><a href=\"https:\/\/www.ff-sarstedt.de\/stadt\/sarstedt-1\/technik\/ehemalige-fahrzeuge\/loeschgruppenfahrzeug-lf16-ts\"  title=\"weiterlesen...\">weiterlesen...<\/a><\/p><\/div><div class=\"ccchildpage  cclast cceven ccpage-count-2 ccpage-id-559 ccpage-drehleiter-dlk-2312 ccpage-has-parent ccpage-pid-20169 ccpage-parent-ehemalige-fahrzeuge\"><h3 class=\"ccpage_title\" title=\"DLK 23\/12 cc\">DLK 23\/12 cc<\/h3><img loading=\"lazy\" decoding=\"async\" width=\"300\" height=\"200\" src=\"https:\/\/www.ff-sarstedt.de\/stadt\/wp-content\/uploads\/2015\/03\/DSC_8029-300x200.jpg\" class=\"cc-child-pages-thumb wp-post-image\" alt=\"DLK 23\/12 cc\" title=\"DLK 23\/12 cc\" \/><div class=\"ccpages_excerpt\">Die Drehleiter (DLK 23\/12cc) wird zur Rettung aus H\u00f6hen und Tiefen, sowei zur Brandbek\u00e4mpfung eingesetzt. Der Leiterpark hat eine L\u00e4nge...<\/div><p class=\"ccpages_more\"><a href=\"https:\/\/www.ff-sarstedt.de\/stadt\/sarstedt-1\/technik\/ehemalige-fahrzeuge\/drehleiter-dlk-2312\"  title=\"weiterlesen...\">weiterlesen...<\/a><\/p><\/div><div class=\"ccchildpage  ccfirst ccodd ccpage-count-3 ccpage-id-603 ccpage-geraetewagen-gw-oel ccpage-has-parent ccpage-pid-20169 ccpage-parent-ehemalige-fahrzeuge\"><h3 class=\"ccpage_title\" title=\"GW \u00d6l\">GW \u00d6l<\/h3><img loading=\"lazy\" decoding=\"async\" width=\"300\" height=\"200\" src=\"https:\/\/www.ff-sarstedt.de\/stadt\/wp-content\/uploads\/2015\/03\/DSC_7763-300x200.jpg\" class=\"cc-child-pages-thumb wp-post-image\" alt=\"GW \u00d6l\" title=\"GW \u00d6l\" \/><div class=\"ccpages_excerpt\">Der Ger\u00e4tewagen \u00d6l der Ortsfeuerwehr wird haupts\u00e4chlich bei \u00d6lunf\u00e4llen eingesetzt. Er hat alle notwendigen Materialien zur \u00d6lschadenabwehr. \u00a0technische Daten Rufname:\u00a0Florian...<\/div><p class=\"ccpages_more\"><a href=\"https:\/\/www.ff-sarstedt.de\/stadt\/sarstedt-1\/technik\/ehemalige-fahrzeuge\/geraetewagen-gw-oel\"  title=\"weiterlesen...\">weiterlesen...<\/a><\/p><\/div><\/div>\n","protected":false},"excerpt":{"rendered":"<p>Hier findet ihr Informationen \u00fcber die ehemaligen Fahrzeuge aus unserem Fuhrpark<\/p>\n","protected":false},"author":18,"featured_media":658,"parent":721,"menu_order":22,"comment_status":"closed","ping_status":"closed","template":"","meta":{"_monsterinsights_skip_tracking":false,"_monsterinsights_sitenote_active":false,"_monsterinsights_sitenote_note":"","_monsterinsights_sitenote_category":0,"footnotes":""},"class_list":["post-20169","page","type-page","status-publish","has-post-thumbnail","hentry"],"aioseo_notices":[],"_links":{"self":[{"href":"https:\/\/www.ff-sarstedt.de\/stadt\/wp-json\/wp\/v2\/pages\/20169","targetHints":{"allow":["GET"]}}],"collection":[{"href":"https:\/\/www.ff-sarstedt.de\/stadt\/wp-json\/wp\/v2\/pages"}],"about":[{"href":"https:\/\/www.ff-sarstedt.de\/stadt\/wp-json\/wp\/v2\/types\/page"}],"author":[{"embeddable":true,"href":"https:\/\/www.ff-sarstedt.de\/stadt\/wp-json\/wp\/v2\/users\/18"}],"replies":[{"embeddable":true,"href":"https:\/\/www.ff-sarstedt.de\/stadt\/wp-json\/wp\/v2\/comments?post=20169"}],"version-history":[{"count":0,"href":"https:\/\/www.ff-sarstedt.de\/stadt\/wp-json\/wp\/v2\/pages\/20169\/revisions"}],"up":[{"embeddable":true,"href":"https:\/\/www.ff-sarstedt.de\/stadt\/wp-json\/wp\/v2\/pages\/721"}],"wp:featuredmedia":[{"embeddable":true,"href":"https:\/\/www.ff-sarstedt.de\/stadt\/wp-json\/wp\/v2\/media\/658"}],"wp:attachment":[{"href":"https:\/\/www.ff-sarstedt.de\/stadt\/wp-json\/wp\/v2\/media?parent=20169"}],"curies":[{"name":"wp","href":"https:\/\/api.w.org\/{rel}","templated":true}]}}