{"id":20172,"date":"2019-05-11T22:49:57","date_gmt":"2019-05-11T20:49:57","guid":{"rendered":"http:\/\/www.ff-sarstedt.de\/stadt\/?page_id=20172"},"modified":"2025-04-08T09:51:51","modified_gmt":"2025-04-08T07:51:51","slug":"bvd-fahrzeug","status":"publish","type":"page","link":"https:\/\/www.ff-sarstedt.de\/stadt\/sarstedt-1\/technik\/2-zug\/bvd-fahrzeug","title":{"rendered":"KdoW \/ BvD-Fahrzeug"},"content":{"rendered":"\n<p>Der KdoW ist ein Einsatzfahrzeug f\u00fcr die diensthabende F\u00fchrungskraft, den sogenannten Brandmeister vom Dienst (BvD). Der BvD nutzt dieses Fahrzeug w\u00e4hrend seiner Dienstwoche als st\u00e4ndiges Fahrzeug. Bei Alarm f\u00e4hrt er damit direkt die Einsatzstelle an und \u00fcbernimmt vor Ort die Einsatzleitung. Da er sich den Umweg \u00fcber die Feuerwache spart ist er regelm\u00e4\u00dfig einige Minuten vor den anderen Einsatzkr\u00e4ften an der Einsatzstelle. Durch diesen Zeitvorteil an der Einsatzstelle ist er in der Lage, bereits vor Eintreffen der weiteren Einsatzfahrzeuge den Einsatzort ausgiebig zu erkunden, wichtige Grundsatzentscheidungen zu treffen und gegebenenfalls erste Ma\u00dfnahmen einzuleiten. Die nachr\u00fcckenden Einsatzkr\u00e4fte k\u00f6nnen so viel effektiver eingesetzt, oder unn\u00f6tige Fahrzeugbewegungen vermieden werden. <\/p>\n\n\n\n<p>Der BvD-Dienst wird zur Zeit im w\u00f6chentlichen Wechsel von vier F\u00fchrungskr\u00e4ften der Ortsfeuerwehr Sarstedt \u00fcbernommen. Dazu geh\u00f6ren der Ortsbrandmeister, der stellvertretende Ortsbrandmeister, der Zugf\u00fchrer sowie der Zugf\u00fcher zbV.<\/p>\n\n\n<p>\n<!--StartFragment--><\/p>\n\n\n<h3 class=\"wp-block-heading\">Technische Daten<\/h3>\n\n\n\n<p>Rufname: Florian Hildesheim Land 11\/10\/01<br>Baujahr: 2015<br>Hersteller: Ford<br>Typ: Transit Custom 2.2 TDCi<br>Leistung (kw\/PS): 74 \/ 101<br>Max. km\/h: 150<br>Zul. Gesamtgewicht (kg): 3000<br>Besatzung: 1 \/ 8<br>Indienststellung: 11.05.2019<\/p>\n\n\n\n<h3 class=\"wp-block-heading\">Besonderheiten<\/h3>\n\n\n\n<p>Standheizung<\/p>\n\n\n\n<p>Notfallrucksack<\/p>\n\n\n\n<p>Feuerl\u00f6scher<\/p>\n\n\n\n<p>Halligan-Tool mit Spalthammer<\/p>\n\n\n\n<p>Faltpylonen<\/p>\n\n\n\n<p>Euroblitzer<\/p>\n\n\n\n<p>pers\u00f6nliche Einsatzbekleidung f\u00fcr diensthabene F\u00fchrungskraft<\/p>\n\n\n\n<p>Kennzeichnungswesten<\/p>\n\n\n\n<p>Laptop und Drucker<\/p>\n<p>Einsatztablet<\/p>\n<p>Nachschlagewerke<\/p>\n\n\n\n<figure class=\"wp-block-gallery has-nested-images columns-default is-cropped wp-block-gallery-1 is-layout-flex wp-block-gallery-is-layout-flex\">\n<figure class=\"wp-block-image size-large\"><a href=\"https:\/\/www.ff-sarstedt.de\/stadt\/wp-content\/uploads\/2019\/06\/img_2450.jpg\" rel=\"lightbox[20172]\"><img loading=\"lazy\" decoding=\"async\" width=\"1200\" height=\"900\" data-id=\"20612\" src=\"https:\/\/www.ff-sarstedt.de\/stadt\/wp-content\/uploads\/2019\/06\/img_2450-1200x900.jpg\" alt=\"\" class=\"wp-image-20612\"\/><\/a><\/figure>\n\n\n\n<figure class=\"wp-block-image size-large\"><a href=\"https:\/\/www.ff-sarstedt.de\/stadt\/wp-content\/uploads\/2019\/06\/img_2451.jpg\" rel=\"lightbox[20172]\"><img loading=\"lazy\" decoding=\"async\" width=\"1200\" height=\"900\" data-id=\"20613\" src=\"https:\/\/www.ff-sarstedt.de\/stadt\/wp-content\/uploads\/2019\/06\/img_2451-1200x900.jpg\" alt=\"\" class=\"wp-image-20613\"\/><\/a><\/figure>\n\n\n\n<figure class=\"wp-block-image size-large\"><a href=\"https:\/\/www.ff-sarstedt.de\/stadt\/wp-content\/uploads\/2019\/06\/img_2452.jpg\" rel=\"lightbox[20172]\"><img loading=\"lazy\" decoding=\"async\" width=\"1200\" height=\"900\" data-id=\"20614\" src=\"https:\/\/www.ff-sarstedt.de\/stadt\/wp-content\/uploads\/2019\/06\/img_2452-1200x900.jpg\" alt=\"\" class=\"wp-image-20614\"\/><\/a><\/figure>\n\n\n\n<figure class=\"wp-block-image size-large\"><a href=\"https:\/\/www.ff-sarstedt.de\/stadt\/wp-content\/uploads\/2019\/06\/img_2447.jpg\" rel=\"lightbox[20172]\"><img loading=\"lazy\" decoding=\"async\" width=\"1200\" height=\"900\" data-id=\"20617\" src=\"https:\/\/www.ff-sarstedt.de\/stadt\/wp-content\/uploads\/2019\/06\/img_2447-1200x900.jpg\" alt=\"\" class=\"wp-image-20617\"\/><\/a><\/figure>\n\n\n\n<figure class=\"wp-block-image size-large\"><a href=\"https:\/\/www.ff-sarstedt.de\/stadt\/wp-content\/uploads\/2019\/06\/img_2448.jpg\" rel=\"lightbox[20172]\"><img loading=\"lazy\" decoding=\"async\" width=\"1200\" height=\"900\" data-id=\"20618\" src=\"https:\/\/www.ff-sarstedt.de\/stadt\/wp-content\/uploads\/2019\/06\/img_2448-1200x900.jpg\" alt=\"\" class=\"wp-image-20618\"\/><\/a><\/figure>\n\n\n\n<figure class=\"wp-block-image size-large\"><a href=\"https:\/\/www.ff-sarstedt.de\/stadt\/wp-content\/uploads\/2019\/06\/img_2453.jpg\" rel=\"lightbox[20172]\"><img loading=\"lazy\" decoding=\"async\" width=\"1200\" height=\"900\" data-id=\"20615\" src=\"https:\/\/www.ff-sarstedt.de\/stadt\/wp-content\/uploads\/2019\/06\/img_2453-1200x900.jpg\" alt=\"\" class=\"wp-image-20615\"\/><\/a><\/figure>\n<\/figure>\n\n\n\n<p><br><br><\/p>\n\n\n<p><!--EndFragment--><\/p>\n<\/p>","protected":false},"excerpt":{"rendered":"<p>Der KdoW ist ein Einsatzfahrzeug f\u00fcr die diensthabende F\u00fchrungskraft, den sogenannten Brandmeister vom Dienst (BvD). Der BvD nutzt dieses Fahrzeug w\u00e4hrend seiner Dienstwoche als st\u00e4ndiges Fahrzeug. Bei Alarm f\u00e4hrt er damit direkt die Einsatzstelle an und \u00fcbernimmt vor Ort die Einsatzleitung. Da er sich den Umweg \u00fcber die Feuerwache spart ist er regelm\u00e4\u00dfig einige Minuten [&hellip;]<\/p>\n","protected":false},"author":18,"featured_media":20617,"parent":267,"menu_order":0,"comment_status":"closed","ping_status":"closed","template":"","meta":{"_monsterinsights_skip_tracking":false,"_monsterinsights_sitenote_active":false,"_monsterinsights_sitenote_note":"","_monsterinsights_sitenote_category":0,"footnotes":""},"class_list":["post-20172","page","type-page","status-publish","has-post-thumbnail","hentry"],"aioseo_notices":[],"_links":{"self":[{"href":"https:\/\/www.ff-sarstedt.de\/stadt\/wp-json\/wp\/v2\/pages\/20172","targetHints":{"allow":["GET"]}}],"collection":[{"href":"https:\/\/www.ff-sarstedt.de\/stadt\/wp-json\/wp\/v2\/pages"}],"about":[{"href":"https:\/\/www.ff-sarstedt.de\/stadt\/wp-json\/wp\/v2\/types\/page"}],"author":[{"embeddable":true,"href":"https:\/\/www.ff-sarstedt.de\/stadt\/wp-json\/wp\/v2\/users\/18"}],"replies":[{"embeddable":true,"href":"https:\/\/www.ff-sarstedt.de\/stadt\/wp-json\/wp\/v2\/comments?post=20172"}],"version-history":[{"count":1,"href":"https:\/\/www.ff-sarstedt.de\/stadt\/wp-json\/wp\/v2\/pages\/20172\/revisions"}],"predecessor-version":[{"id":29765,"href":"https:\/\/www.ff-sarstedt.de\/stadt\/wp-json\/wp\/v2\/pages\/20172\/revisions\/29765"}],"up":[{"embeddable":true,"href":"https:\/\/www.ff-sarstedt.de\/stadt\/wp-json\/wp\/v2\/pages\/267"}],"wp:featuredmedia":[{"embeddable":true,"href":"https:\/\/www.ff-sarstedt.de\/stadt\/wp-json\/wp\/v2\/media\/20617"}],"wp:attachment":[{"href":"https:\/\/www.ff-sarstedt.de\/stadt\/wp-json\/wp\/v2\/media?parent=20172"}],"curies":[{"name":"wp","href":"https:\/\/api.w.org\/{rel}","templated":true}]}}