{"id":20961,"date":"2020-01-12T11:44:59","date_gmt":"2020-01-12T10:44:59","guid":{"rendered":"http:\/\/www.ff-sarstedt.de\/stadt\/?page_id=20961"},"modified":"2020-04-30T12:14:56","modified_gmt":"2020-04-30T10:14:56","slug":"faq-haeufig-gestellte-fragen-zum-kindergeburtstag","status":"publish","type":"page","link":"https:\/\/www.ff-sarstedt.de\/stadt\/sarstedt-1\/kindergeburtstag-bei-der-feuerwehr-2\/faq-haeufig-gestellte-fragen-zum-kindergeburtstag","title":{"rendered":"FAQ &#8211; H\u00e4ufig gestellte Fragen zum Kindergeburtstag"},"content":{"rendered":"\n<h2 class=\"wp-block-heading\"> Hier finden Sie h\u00e4ufig gestellte Fragen zu den Kindergeburtstagen bei der Feuerwehr Sarstedt. <\/h2>\n\n\n\n<figure class=\"wp-block-pullquote\"><blockquote><p> 1. Wie hoch sind die Kosten f\u00fcr einen Kindergeburtstag? <\/p><cite> Wir wollen allen Kindern erm\u00f6glichen, bei uns einen Kindergeburtstag zu feiern. Deswegen wollen wir kein Geld f\u00fcr uns erwirtschaften. Somit sind die Kindergeburtstage kostenlos. <\/cite><\/blockquote><\/figure>\n\n\n\n<figure class=\"wp-block-pullquote\"><blockquote><p> 2. Kann man nur mitmachen, wenn man in Sarstedt wohnt? <\/p><cite> Nein, es k\u00f6nnen auch Kinder von weiter weg teilnehmen. Wir lassen allerdings Kindern aus Sarstedt den Vorrang und warten eine gewisse Zeit ab, ob sich evtl. noch ein Kind aus Sarstedt meldet. <\/cite><\/blockquote><\/figure>\n\n\n\n<figure class=\"wp-block-pullquote\"><blockquote><p>3. Wie kann ich den Kontakt zum Kindergeburtstagsteam herstellen? <\/p><cite> Sie k\u00f6nnen ganz einfach auf der Hauptseite zu den Kindergeburtstagen das untenstehende Kontaktformular ausf\u00fcllen. <a href=\"https:\/\/www.ff-sarstedt.de\/stadt\/sarstedt\/kindergeburtstag-bei-der-feuerwehr-2\/kontaktformular-kindergeburstag\">Klick Hier!<\/a><\/cite><\/blockquote><\/figure>\n\n\n\n<figure class=\"wp-block-pullquote\"><blockquote><p> 4. Warum gibt es nur so wenig Termine f\u00fcr dies tolle Angebot? <\/p><cite> Die Feuerwehr Sarstedt ist eine Freiwillige Feuerwehr. Das hei\u00dft, dass alle Mitglieder dies Ehrenamtlich machen und die Feuerwehrarbeit noch neben dem Beruf verwirklichen. Des Weiteren gibt es zahlreiche Veranstaltungen und Fortbildungsdienste woran auch das Team der Kindergeburtstage teilnehmen muss. Wir versuchen trotzdem, jeden Monat mindestens einen Termin m\u00f6glich zu machen <\/cite><\/blockquote><\/figure>\n\n\n\n<figure class=\"wp-block-pullquote\"><blockquote><p> 5. Kann man auch an anderen Terminen bei der Feuerwehr Sarstedt einen Kindergeburtstag veranstalten lassen? <\/p><cite> Nein, dass ist leider nicht m\u00f6glich. Kindergeburtstage sind nur zu den angebotenen Terminen m\u00f6glich.  <\/cite><\/blockquote><\/figure>\n\n\n\n<figure class=\"wp-block-pullquote\"><blockquote><p>6.  Mit wie vielen Kindern kann ich an dem Kindergeburtstag teilnehmen? <\/p><cite> An den Kindergeburtstagen k\u00f6nnen maximal 11 Kinder (das Geburtstagskind + 10 Freunde) teilnehmen. Je mehr Kinder, desto langweiliger wird es, da lange Wartezeiten bei den Spielen und Aktionen entstehen. <\/cite><\/blockquote><\/figure>\n\n\n\n<figure class=\"wp-block-pullquote\"><blockquote><p>7.  K\u00f6nnen auch j\u00fcngere oder \u00e4ltere Kinder an den Geburtstagen teilnehmen? <\/p><cite> Nein, dies ist leider nicht m\u00f6glich. Das Programm ist genau f\u00fcr Kinder von 6 \u2013 12 Jahren ausgelegt. J\u00fcngere Kinder, auch wenn sie sehr interessiert an der &nbsp;Feuerwehr sind, haben nicht so eine hohe Aufmerksamkeitsspanne und es wird schnell langweilig. Des Weiteren ist der Umgang mit dem Feuerwehrschlauch oder auch der K\u00fcbelspritze nicht ganz so einfach und k\u00f6nnte so zu frustrierenden Ergebnissen f\u00fchren. <\/cite><\/blockquote><\/figure>\n\n\n\n<figure class=\"wp-block-pullquote\"><blockquote><p>8.  Wo finden die Kindergeburtstage statt? <\/p><cite> Die Kindergeburtstage finden in und am Feuerwehrhaus in Sarstedt statt. Die Adresse ist: Im Kirchenfelde 5A, 31157 Sarstedt. Direkt gegen\u00fcber dem Wertstoffhof der ZAH. <\/cite><\/blockquote><\/figure>\n\n\n\n<figure class=\"wp-block-pullquote\"><blockquote><p>9.  Wie komme ich am besten zum Feuerwehrhaus? <\/p><cite> Mit dem Auto \u00fcber die G\u00f6rlitzer Str. in das Gewerbegebiet Kirchenfelde. Auf der R\u00fcckseite des Geb\u00e4udes sind Parkpl\u00e4tze. <br><br>Mit dem Zug kann man mit der S4 Hildesheim \u2013 Hannover \/ RE2 G\u00f6ttingen \u2013 Hannover \/ RE10 Goslar \u2013 Hannover bis zum Bahnhof Sarstedt fahren. Von hier ist es dann ein circa 15 min. Fu\u00dfweg.<br><br>Mit der Stra\u00dfenbahn kann man mit der Linie 1 der \u00dcstra bis Sarstedt R\u00f6ntgenstra\u00dfe oder Endpunkt fahren. Von hier sind es 5 \u2013 10 Minuten Fu\u00dfweg bis zu uns.<br><br>Mit dem Bus aus Hildesheim Linie 21 bis Sarstedt Wendeschleife, von hier ebenfalls circa 10 Minuten Fu\u00dfweg. <\/cite><\/blockquote><\/figure>\n\n\n\n<figure class=\"wp-block-pullquote\"><blockquote><p>10.  Kann man auch einen Snack einnehmen bei den Kindergeburtstagen? <\/p><cite> Ja klar! Sie k\u00f6nnen etwas mitbringen oder bei uns in der K\u00fcche zubereiten oder erw\u00e4rmen. Nach der ersten H\u00e4lfte des Programmes gibt es eine Pause von ca. einer halben Stunde. <\/cite><\/blockquote><\/figure>\n\n\n\n<figure class=\"wp-block-pullquote\"><blockquote><p>11.  Welche Kleidung ist f\u00fcr die Kinder empfehlenswert? <\/p><cite> Die Kinder sollten nicht das\/den Sonntagskleid\/-anzug tragen. Bei der Feuerwehr kann es auch schnell mal nass oder dreckig werden. <\/cite><\/blockquote><\/figure>\n\n\n\n<!--more-->\n","protected":false},"excerpt":{"rendered":"<p>Hier finden Sie h\u00e4ufig gestellte Fragen zu den Kindergeburtstagen bei der Feuerwehr Sarstedt. 1. Wie hoch sind die Kosten f\u00fcr einen Kindergeburtstag? Wir wollen allen Kindern erm\u00f6glichen, bei uns einen Kindergeburtstag zu feiern. Deswegen wollen wir kein Geld f\u00fcr uns erwirtschaften. Somit sind die Kindergeburtstage kostenlos. 2. Kann man nur mitmachen, wenn man in Sarstedt [&hellip;]<\/p>\n","protected":false},"author":29,"featured_media":0,"parent":20714,"menu_order":0,"comment_status":"closed","ping_status":"closed","template":"","meta":{"_monsterinsights_skip_tracking":false,"_monsterinsights_sitenote_active":false,"_monsterinsights_sitenote_note":"","_monsterinsights_sitenote_category":0,"footnotes":""},"class_list":["post-20961","page","type-page","status-publish","hentry"],"aioseo_notices":[],"_links":{"self":[{"href":"https:\/\/www.ff-sarstedt.de\/stadt\/wp-json\/wp\/v2\/pages\/20961","targetHints":{"allow":["GET"]}}],"collection":[{"href":"https:\/\/www.ff-sarstedt.de\/stadt\/wp-json\/wp\/v2\/pages"}],"about":[{"href":"https:\/\/www.ff-sarstedt.de\/stadt\/wp-json\/wp\/v2\/types\/page"}],"author":[{"embeddable":true,"href":"https:\/\/www.ff-sarstedt.de\/stadt\/wp-json\/wp\/v2\/users\/29"}],"replies":[{"embeddable":true,"href":"https:\/\/www.ff-sarstedt.de\/stadt\/wp-json\/wp\/v2\/comments?post=20961"}],"version-history":[{"count":0,"href":"https:\/\/www.ff-sarstedt.de\/stadt\/wp-json\/wp\/v2\/pages\/20961\/revisions"}],"up":[{"embeddable":true,"href":"https:\/\/www.ff-sarstedt.de\/stadt\/wp-json\/wp\/v2\/pages\/20714"}],"wp:attachment":[{"href":"https:\/\/www.ff-sarstedt.de\/stadt\/wp-json\/wp\/v2\/media?parent=20961"}],"curies":[{"name":"wp","href":"https:\/\/api.w.org\/{rel}","templated":true}]}}