{"id":2301,"date":"2015-07-10T13:14:19","date_gmt":"2015-07-10T11:14:19","guid":{"rendered":"http:\/\/www.ff-sarstedt.de\/stadt\/?page_id=2301"},"modified":"2016-03-25T10:23:27","modified_gmt":"2016-03-25T09:23:27","slug":"fliesen-legen-verputzen-und-die-stiefelwaesche","status":"publish","type":"page","link":"https:\/\/www.ff-sarstedt.de\/stadt\/ruthe\/technik\/feuerwehrhaus\/fliesen-legen-verputzen-und-die-stiefelwaesche","title":{"rendered":"Fliesen legen, verputzen und die Stiefelw\u00e4sche"},"content":{"rendered":"<h3>Fliesen legen, verputzen und die Stiefelw\u00e4sche<\/h3>\n<p>Wir verlegen die Fliesen, machen die letzten D\u00e4mmarbeiten und verputzen diese und bauen unsere Stiefelw\u00e4sche.<\/p>\n\n\t\t<style type=\"text\/css\">\n\t\t\t#gallery-1 {\n\t\t\t\tmargin: auto;\n\t\t\t}\n\t\t\t#gallery-1 .gallery-item {\n\t\t\t\tfloat: left;\n\t\t\t\tmargin-top: 10px;\n\t\t\t\ttext-align: center;\n\t\t\t\twidth: 25%;\n\t\t\t}\n\t\t\t#gallery-1 img {\n\t\t\t\tborder: 2px solid #cfcfcf;\n\t\t\t}\n\t\t\t#gallery-1 .gallery-caption {\n\t\t\t\tmargin-left: 0;\n\t\t\t}\n\t\t\t\/* see gallery_shortcode() in wp-includes\/media.php *\/\n\t\t<\/style>\n\t\t<div id='gallery-1' class='gallery galleryid-2301 gallery-columns-4 gallery-size-medium'><dl class='gallery-item'>\n\t\t\t<dt class='gallery-icon landscape'>\n\t\t\t\t<a rel=\"prettyPhoto[postimages]\" href='https:\/\/www.ff-sarstedt.de\/stadt\/wp-content\/uploads\/2015\/07\/DSCN1065.jpg'><img loading=\"lazy\" decoding=\"async\" width=\"300\" height=\"225\" src=\"https:\/\/www.ff-sarstedt.de\/stadt\/wp-content\/uploads\/2015\/07\/DSCN1065-300x225.jpg\" class=\"attachment-medium size-medium\" alt=\"\" \/><\/a>\n\t\t\t<\/dt><\/dl><dl class='gallery-item'>\n\t\t\t<dt class='gallery-icon landscape'>\n\t\t\t\t<a rel=\"prettyPhoto[postimages]\" href='https:\/\/www.ff-sarstedt.de\/stadt\/wp-content\/uploads\/2015\/07\/DSCN11031.jpg'><img loading=\"lazy\" decoding=\"async\" width=\"300\" height=\"225\" src=\"https:\/\/www.ff-sarstedt.de\/stadt\/wp-content\/uploads\/2015\/07\/DSCN11031-300x225.jpg\" class=\"attachment-medium size-medium\" alt=\"\" \/><\/a>\n\t\t\t<\/dt><\/dl><dl class='gallery-item'>\n\t\t\t<dt class='gallery-icon landscape'>\n\t\t\t\t<a rel=\"prettyPhoto[postimages]\" href='https:\/\/www.ff-sarstedt.de\/stadt\/wp-content\/uploads\/2015\/07\/DSCN1105.jpg'><img loading=\"lazy\" decoding=\"async\" width=\"300\" height=\"225\" src=\"https:\/\/www.ff-sarstedt.de\/stadt\/wp-content\/uploads\/2015\/07\/DSCN1105-300x225.jpg\" class=\"attachment-medium size-medium\" alt=\"\" \/><\/a>\n\t\t\t<\/dt><\/dl><dl class='gallery-item'>\n\t\t\t<dt class='gallery-icon landscape'>\n\t\t\t\t<a rel=\"prettyPhoto[postimages]\" href='https:\/\/www.ff-sarstedt.de\/stadt\/wp-content\/uploads\/2015\/07\/DSCN1106.jpg'><img loading=\"lazy\" decoding=\"async\" width=\"300\" height=\"225\" src=\"https:\/\/www.ff-sarstedt.de\/stadt\/wp-content\/uploads\/2015\/07\/DSCN1106-300x225.jpg\" class=\"attachment-medium size-medium\" alt=\"\" \/><\/a>\n\t\t\t<\/dt><\/dl><br style=\"clear: both\" \/><dl class='gallery-item'>\n\t\t\t<dt class='gallery-icon landscape'>\n\t\t\t\t<a rel=\"prettyPhoto[postimages]\" href='https:\/\/www.ff-sarstedt.de\/stadt\/wp-content\/uploads\/2015\/07\/DSCN1110.jpg'><img loading=\"lazy\" decoding=\"async\" width=\"300\" height=\"225\" src=\"https:\/\/www.ff-sarstedt.de\/stadt\/wp-content\/uploads\/2015\/07\/DSCN1110-300x225.jpg\" class=\"attachment-medium size-medium\" alt=\"\" \/><\/a>\n\t\t\t<\/dt><\/dl><dl class='gallery-item'>\n\t\t\t<dt class='gallery-icon landscape'>\n\t\t\t\t<a rel=\"prettyPhoto[postimages]\" href='https:\/\/www.ff-sarstedt.de\/stadt\/wp-content\/uploads\/2015\/07\/DSCN1111.jpg'><img loading=\"lazy\" decoding=\"async\" width=\"300\" height=\"225\" src=\"https:\/\/www.ff-sarstedt.de\/stadt\/wp-content\/uploads\/2015\/07\/DSCN1111-300x225.jpg\" class=\"attachment-medium size-medium\" alt=\"\" \/><\/a>\n\t\t\t<\/dt><\/dl><dl class='gallery-item'>\n\t\t\t<dt class='gallery-icon landscape'>\n\t\t\t\t<a rel=\"prettyPhoto[postimages]\" href='https:\/\/www.ff-sarstedt.de\/stadt\/wp-content\/uploads\/2015\/07\/DSCN1113.jpg'><img loading=\"lazy\" decoding=\"async\" width=\"300\" height=\"225\" src=\"https:\/\/www.ff-sarstedt.de\/stadt\/wp-content\/uploads\/2015\/07\/DSCN1113-300x225.jpg\" class=\"attachment-medium size-medium\" alt=\"\" \/><\/a>\n\t\t\t<\/dt><\/dl><dl class='gallery-item'>\n\t\t\t<dt class='gallery-icon landscape'>\n\t\t\t\t<a rel=\"prettyPhoto[postimages]\" href='https:\/\/www.ff-sarstedt.de\/stadt\/wp-content\/uploads\/2015\/07\/DSCN1119.jpg'><img loading=\"lazy\" decoding=\"async\" width=\"300\" height=\"225\" src=\"https:\/\/www.ff-sarstedt.de\/stadt\/wp-content\/uploads\/2015\/07\/DSCN1119-300x225.jpg\" class=\"attachment-medium size-medium\" alt=\"\" \/><\/a>\n\t\t\t<\/dt><\/dl><br style=\"clear: both\" \/><dl class='gallery-item'>\n\t\t\t<dt class='gallery-icon landscape'>\n\t\t\t\t<a rel=\"prettyPhoto[postimages]\" href='https:\/\/www.ff-sarstedt.de\/stadt\/wp-content\/uploads\/2015\/07\/DSCN1124.jpg'><img loading=\"lazy\" decoding=\"async\" width=\"300\" height=\"225\" src=\"https:\/\/www.ff-sarstedt.de\/stadt\/wp-content\/uploads\/2015\/07\/DSCN1124-300x225.jpg\" class=\"attachment-medium size-medium\" alt=\"\" \/><\/a>\n\t\t\t<\/dt><\/dl><dl class='gallery-item'>\n\t\t\t<dt class='gallery-icon landscape'>\n\t\t\t\t<a rel=\"prettyPhoto[postimages]\" href='https:\/\/www.ff-sarstedt.de\/stadt\/wp-content\/uploads\/2015\/07\/DSCN1126.jpg'><img loading=\"lazy\" decoding=\"async\" width=\"300\" height=\"225\" src=\"https:\/\/www.ff-sarstedt.de\/stadt\/wp-content\/uploads\/2015\/07\/DSCN1126-300x225.jpg\" class=\"attachment-medium size-medium\" alt=\"\" \/><\/a>\n\t\t\t<\/dt><\/dl><dl class='gallery-item'>\n\t\t\t<dt class='gallery-icon landscape'>\n\t\t\t\t<a rel=\"prettyPhoto[postimages]\" href='https:\/\/www.ff-sarstedt.de\/stadt\/wp-content\/uploads\/2015\/07\/DSCN1136.jpg'><img loading=\"lazy\" decoding=\"async\" width=\"300\" height=\"225\" src=\"https:\/\/www.ff-sarstedt.de\/stadt\/wp-content\/uploads\/2015\/07\/DSCN1136-300x225.jpg\" class=\"attachment-medium size-medium\" alt=\"\" \/><\/a>\n\t\t\t<\/dt><\/dl><dl class='gallery-item'>\n\t\t\t<dt class='gallery-icon landscape'>\n\t\t\t\t<a rel=\"prettyPhoto[postimages]\" href='https:\/\/www.ff-sarstedt.de\/stadt\/wp-content\/uploads\/2015\/07\/DSCN1140.jpg'><img loading=\"lazy\" decoding=\"async\" width=\"300\" height=\"225\" src=\"https:\/\/www.ff-sarstedt.de\/stadt\/wp-content\/uploads\/2015\/07\/DSCN1140-300x225.jpg\" class=\"attachment-medium size-medium\" alt=\"\" \/><\/a>\n\t\t\t<\/dt><\/dl><br style=\"clear: both\" \/><dl class='gallery-item'>\n\t\t\t<dt class='gallery-icon landscape'>\n\t\t\t\t<a rel=\"prettyPhoto[postimages]\" href='https:\/\/www.ff-sarstedt.de\/stadt\/wp-content\/uploads\/2015\/07\/DSCN1142.jpg'><img loading=\"lazy\" decoding=\"async\" width=\"300\" height=\"225\" src=\"https:\/\/www.ff-sarstedt.de\/stadt\/wp-content\/uploads\/2015\/07\/DSCN1142-300x225.jpg\" class=\"attachment-medium size-medium\" alt=\"\" \/><\/a>\n\t\t\t<\/dt><\/dl><dl class='gallery-item'>\n\t\t\t<dt class='gallery-icon landscape'>\n\t\t\t\t<a rel=\"prettyPhoto[postimages]\" href='https:\/\/www.ff-sarstedt.de\/stadt\/wp-content\/uploads\/2015\/07\/DSCN1146.jpg'><img loading=\"lazy\" decoding=\"async\" width=\"300\" height=\"225\" src=\"https:\/\/www.ff-sarstedt.de\/stadt\/wp-content\/uploads\/2015\/07\/DSCN1146-300x225.jpg\" class=\"attachment-medium size-medium\" alt=\"\" \/><\/a>\n\t\t\t<\/dt><\/dl><dl class='gallery-item'>\n\t\t\t<dt class='gallery-icon landscape'>\n\t\t\t\t<a rel=\"prettyPhoto[postimages]\" href='https:\/\/www.ff-sarstedt.de\/stadt\/wp-content\/uploads\/2015\/07\/DSCN1149.jpg'><img loading=\"lazy\" decoding=\"async\" width=\"300\" height=\"225\" src=\"https:\/\/www.ff-sarstedt.de\/stadt\/wp-content\/uploads\/2015\/07\/DSCN1149-300x225.jpg\" class=\"attachment-medium size-medium\" alt=\"\" \/><\/a>\n\t\t\t<\/dt><\/dl><dl class='gallery-item'>\n\t\t\t<dt class='gallery-icon landscape'>\n\t\t\t\t<a rel=\"prettyPhoto[postimages]\" href='https:\/\/www.ff-sarstedt.de\/stadt\/wp-content\/uploads\/2015\/07\/DSCN1152.jpg'><img loading=\"lazy\" decoding=\"async\" width=\"300\" height=\"225\" src=\"https:\/\/www.ff-sarstedt.de\/stadt\/wp-content\/uploads\/2015\/07\/DSCN1152-300x225.jpg\" class=\"attachment-medium size-medium\" alt=\"\" \/><\/a>\n\t\t\t<\/dt><\/dl><br style=\"clear: both\" \/><dl class='gallery-item'>\n\t\t\t<dt class='gallery-icon landscape'>\n\t\t\t\t<a rel=\"prettyPhoto[postimages]\" href='https:\/\/www.ff-sarstedt.de\/stadt\/wp-content\/uploads\/2015\/07\/DSCN1153.jpg'><img loading=\"lazy\" decoding=\"async\" width=\"300\" height=\"225\" src=\"https:\/\/www.ff-sarstedt.de\/stadt\/wp-content\/uploads\/2015\/07\/DSCN1153-300x225.jpg\" class=\"attachment-medium size-medium\" alt=\"\" \/><\/a>\n\t\t\t<\/dt><\/dl><dl class='gallery-item'>\n\t\t\t<dt class='gallery-icon landscape'>\n\t\t\t\t<a rel=\"prettyPhoto[postimages]\" href='https:\/\/www.ff-sarstedt.de\/stadt\/wp-content\/uploads\/2015\/07\/DSCN1163.jpg'><img loading=\"lazy\" decoding=\"async\" width=\"300\" height=\"225\" src=\"https:\/\/www.ff-sarstedt.de\/stadt\/wp-content\/uploads\/2015\/07\/DSCN1163-300x225.jpg\" class=\"attachment-medium size-medium\" alt=\"\" \/><\/a>\n\t\t\t<\/dt><\/dl><dl class='gallery-item'>\n\t\t\t<dt class='gallery-icon landscape'>\n\t\t\t\t<a rel=\"prettyPhoto[postimages]\" href='https:\/\/www.ff-sarstedt.de\/stadt\/wp-content\/uploads\/2015\/07\/DSCN1164.jpg'><img loading=\"lazy\" decoding=\"async\" width=\"300\" height=\"225\" src=\"https:\/\/www.ff-sarstedt.de\/stadt\/wp-content\/uploads\/2015\/07\/DSCN1164-300x225.jpg\" class=\"attachment-medium size-medium\" alt=\"\" \/><\/a>\n\t\t\t<\/dt><\/dl><dl class='gallery-item'>\n\t\t\t<dt class='gallery-icon landscape'>\n\t\t\t\t<a rel=\"prettyPhoto[postimages]\" href='https:\/\/www.ff-sarstedt.de\/stadt\/wp-content\/uploads\/2015\/07\/DSCN1169.jpg'><img loading=\"lazy\" decoding=\"async\" width=\"300\" height=\"225\" src=\"https:\/\/www.ff-sarstedt.de\/stadt\/wp-content\/uploads\/2015\/07\/DSCN1169-300x225.jpg\" class=\"attachment-medium size-medium\" alt=\"\" \/><\/a>\n\t\t\t<\/dt><\/dl><br style=\"clear: both\" \/><dl class='gallery-item'>\n\t\t\t<dt class='gallery-icon landscape'>\n\t\t\t\t<a rel=\"prettyPhoto[postimages]\" href='https:\/\/www.ff-sarstedt.de\/stadt\/wp-content\/uploads\/2015\/07\/DSCN1170.jpg'><img loading=\"lazy\" decoding=\"async\" width=\"300\" height=\"225\" src=\"https:\/\/www.ff-sarstedt.de\/stadt\/wp-content\/uploads\/2015\/07\/DSCN1170-300x225.jpg\" class=\"attachment-medium size-medium\" alt=\"\" \/><\/a>\n\t\t\t<\/dt><\/dl><dl class='gallery-item'>\n\t\t\t<dt class='gallery-icon landscape'>\n\t\t\t\t<a rel=\"prettyPhoto[postimages]\" href='https:\/\/www.ff-sarstedt.de\/stadt\/wp-content\/uploads\/2015\/07\/DSCN1171.jpg'><img loading=\"lazy\" decoding=\"async\" width=\"300\" height=\"225\" src=\"https:\/\/www.ff-sarstedt.de\/stadt\/wp-content\/uploads\/2015\/07\/DSCN1171-300x225.jpg\" class=\"attachment-medium size-medium\" alt=\"\" \/><\/a>\n\t\t\t<\/dt><\/dl><dl class='gallery-item'>\n\t\t\t<dt class='gallery-icon landscape'>\n\t\t\t\t<a rel=\"prettyPhoto[postimages]\" href='https:\/\/www.ff-sarstedt.de\/stadt\/wp-content\/uploads\/2015\/07\/DSCN1172.jpg'><img loading=\"lazy\" decoding=\"async\" width=\"300\" height=\"225\" src=\"https:\/\/www.ff-sarstedt.de\/stadt\/wp-content\/uploads\/2015\/07\/DSCN1172-300x225.jpg\" class=\"attachment-medium size-medium\" alt=\"\" \/><\/a>\n\t\t\t<\/dt><\/dl><dl class='gallery-item'>\n\t\t\t<dt class='gallery-icon landscape'>\n\t\t\t\t<a rel=\"prettyPhoto[postimages]\" href='https:\/\/www.ff-sarstedt.de\/stadt\/wp-content\/uploads\/2015\/07\/DSCN1174.jpg'><img loading=\"lazy\" decoding=\"async\" width=\"300\" height=\"225\" src=\"https:\/\/www.ff-sarstedt.de\/stadt\/wp-content\/uploads\/2015\/07\/DSCN1174-300x225.jpg\" class=\"attachment-medium size-medium\" alt=\"\" \/><\/a>\n\t\t\t<\/dt><\/dl><br style=\"clear: both\" \/><dl class='gallery-item'>\n\t\t\t<dt class='gallery-icon landscape'>\n\t\t\t\t<a rel=\"prettyPhoto[postimages]\" href='https:\/\/www.ff-sarstedt.de\/stadt\/wp-content\/uploads\/2015\/07\/DSCN1175.jpg'><img loading=\"lazy\" decoding=\"async\" width=\"300\" height=\"225\" src=\"https:\/\/www.ff-sarstedt.de\/stadt\/wp-content\/uploads\/2015\/07\/DSCN1175-300x225.jpg\" class=\"attachment-medium size-medium\" alt=\"\" \/><\/a>\n\t\t\t<\/dt><\/dl><dl class='gallery-item'>\n\t\t\t<dt class='gallery-icon landscape'>\n\t\t\t\t<a rel=\"prettyPhoto[postimages]\" href='https:\/\/www.ff-sarstedt.de\/stadt\/wp-content\/uploads\/2015\/07\/DSCN1176.jpg'><img loading=\"lazy\" decoding=\"async\" width=\"300\" height=\"225\" src=\"https:\/\/www.ff-sarstedt.de\/stadt\/wp-content\/uploads\/2015\/07\/DSCN1176-300x225.jpg\" class=\"attachment-medium size-medium\" alt=\"\" \/><\/a>\n\t\t\t<\/dt><\/dl><dl class='gallery-item'>\n\t\t\t<dt class='gallery-icon landscape'>\n\t\t\t\t<a rel=\"prettyPhoto[postimages]\" href='https:\/\/www.ff-sarstedt.de\/stadt\/wp-content\/uploads\/2015\/07\/DSCN1198.jpg'><img loading=\"lazy\" decoding=\"async\" width=\"300\" height=\"225\" src=\"https:\/\/www.ff-sarstedt.de\/stadt\/wp-content\/uploads\/2015\/07\/DSCN1198-300x225.jpg\" class=\"attachment-medium size-medium\" alt=\"\" \/><\/a>\n\t\t\t<\/dt><\/dl><dl class='gallery-item'>\n\t\t\t<dt class='gallery-icon landscape'>\n\t\t\t\t<a rel=\"prettyPhoto[postimages]\" href='https:\/\/www.ff-sarstedt.de\/stadt\/wp-content\/uploads\/2015\/07\/DSCN1199.jpg'><img loading=\"lazy\" decoding=\"async\" width=\"300\" height=\"225\" src=\"https:\/\/www.ff-sarstedt.de\/stadt\/wp-content\/uploads\/2015\/07\/DSCN1199-300x225.jpg\" class=\"attachment-medium size-medium\" alt=\"\" \/><\/a>\n\t\t\t<\/dt><\/dl><br style=\"clear: both\" \/><dl class='gallery-item'>\n\t\t\t<dt class='gallery-icon landscape'>\n\t\t\t\t<a rel=\"prettyPhoto[postimages]\" href='https:\/\/www.ff-sarstedt.de\/stadt\/wp-content\/uploads\/2015\/07\/DSCN1200.jpg'><img loading=\"lazy\" decoding=\"async\" width=\"300\" height=\"225\" src=\"https:\/\/www.ff-sarstedt.de\/stadt\/wp-content\/uploads\/2015\/07\/DSCN1200-300x225.jpg\" class=\"attachment-medium size-medium\" alt=\"\" \/><\/a>\n\t\t\t<\/dt><\/dl><dl class='gallery-item'>\n\t\t\t<dt class='gallery-icon landscape'>\n\t\t\t\t<a rel=\"prettyPhoto[postimages]\" href='https:\/\/www.ff-sarstedt.de\/stadt\/wp-content\/uploads\/2015\/07\/DSCN1222.jpg'><img loading=\"lazy\" decoding=\"async\" width=\"300\" height=\"225\" src=\"https:\/\/www.ff-sarstedt.de\/stadt\/wp-content\/uploads\/2015\/07\/DSCN1222-300x225.jpg\" class=\"attachment-medium size-medium\" alt=\"\" \/><\/a>\n\t\t\t<\/dt><\/dl><dl class='gallery-item'>\n\t\t\t<dt class='gallery-icon landscape'>\n\t\t\t\t<a rel=\"prettyPhoto[postimages]\" href='https:\/\/www.ff-sarstedt.de\/stadt\/wp-content\/uploads\/2015\/07\/DSCN1223.jpg'><img loading=\"lazy\" decoding=\"async\" width=\"300\" height=\"225\" src=\"https:\/\/www.ff-sarstedt.de\/stadt\/wp-content\/uploads\/2015\/07\/DSCN1223-300x225.jpg\" class=\"attachment-medium size-medium\" alt=\"\" \/><\/a>\n\t\t\t<\/dt><\/dl><dl class='gallery-item'>\n\t\t\t<dt class='gallery-icon landscape'>\n\t\t\t\t<a rel=\"prettyPhoto[postimages]\" href='https:\/\/www.ff-sarstedt.de\/stadt\/wp-content\/uploads\/2015\/07\/DSCN1224.jpg'><img loading=\"lazy\" decoding=\"async\" width=\"300\" height=\"225\" src=\"https:\/\/www.ff-sarstedt.de\/stadt\/wp-content\/uploads\/2015\/07\/DSCN1224-300x225.jpg\" class=\"attachment-medium size-medium\" alt=\"\" \/><\/a>\n\t\t\t<\/dt><\/dl><br style=\"clear: both\" \/><dl class='gallery-item'>\n\t\t\t<dt class='gallery-icon landscape'>\n\t\t\t\t<a rel=\"prettyPhoto[postimages]\" href='https:\/\/www.ff-sarstedt.de\/stadt\/wp-content\/uploads\/2015\/07\/DSCN1232.jpg'><img loading=\"lazy\" decoding=\"async\" width=\"300\" height=\"225\" src=\"https:\/\/www.ff-sarstedt.de\/stadt\/wp-content\/uploads\/2015\/07\/DSCN1232-300x225.jpg\" class=\"attachment-medium size-medium\" alt=\"\" \/><\/a>\n\t\t\t<\/dt><\/dl><dl class='gallery-item'>\n\t\t\t<dt class='gallery-icon landscape'>\n\t\t\t\t<a rel=\"prettyPhoto[postimages]\" href='https:\/\/www.ff-sarstedt.de\/stadt\/wp-content\/uploads\/2015\/07\/DSCN1263.jpg'><img loading=\"lazy\" decoding=\"async\" width=\"300\" height=\"225\" src=\"https:\/\/www.ff-sarstedt.de\/stadt\/wp-content\/uploads\/2015\/07\/DSCN1263-300x225.jpg\" class=\"attachment-medium size-medium\" alt=\"\" \/><\/a>\n\t\t\t<\/dt><\/dl><dl class='gallery-item'>\n\t\t\t<dt class='gallery-icon landscape'>\n\t\t\t\t<a rel=\"prettyPhoto[postimages]\" href='https:\/\/www.ff-sarstedt.de\/stadt\/wp-content\/uploads\/2015\/07\/DSCN1264.jpg'><img loading=\"lazy\" decoding=\"async\" width=\"300\" height=\"225\" src=\"https:\/\/www.ff-sarstedt.de\/stadt\/wp-content\/uploads\/2015\/07\/DSCN1264-300x225.jpg\" class=\"attachment-medium size-medium\" alt=\"\" \/><\/a>\n\t\t\t<\/dt><\/dl><dl class='gallery-item'>\n\t\t\t<dt class='gallery-icon landscape'>\n\t\t\t\t<a rel=\"prettyPhoto[postimages]\" href='https:\/\/www.ff-sarstedt.de\/stadt\/wp-content\/uploads\/2015\/07\/DSCN1270.jpg'><img loading=\"lazy\" decoding=\"async\" width=\"300\" height=\"225\" src=\"https:\/\/www.ff-sarstedt.de\/stadt\/wp-content\/uploads\/2015\/07\/DSCN1270-300x225.jpg\" class=\"attachment-medium size-medium\" alt=\"\" \/><\/a>\n\t\t\t<\/dt><\/dl><br style=\"clear: both\" \/>\n\t\t<\/div>\n\n","protected":false},"excerpt":{"rendered":"<p>Fliesen legen, verputzen und die Stiefelw\u00e4sche Wir verlegen die Fliesen, machen die letzten D\u00e4mmarbeiten und verputzen diese und bauen unsere Stiefelw\u00e4sche.<\/p>\n","protected":false},"author":9,"featured_media":2303,"parent":2016,"menu_order":48,"comment_status":"closed","ping_status":"closed","template":"side-navigation.php","meta":{"_monsterinsights_skip_tracking":false,"_monsterinsights_sitenote_active":false,"_monsterinsights_sitenote_note":"","_monsterinsights_sitenote_category":0,"footnotes":""},"class_list":["post-2301","page","type-page","status-publish","has-post-thumbnail","hentry"],"aioseo_notices":[],"_links":{"self":[{"href":"https:\/\/www.ff-sarstedt.de\/stadt\/wp-json\/wp\/v2\/pages\/2301","targetHints":{"allow":["GET"]}}],"collection":[{"href":"https:\/\/www.ff-sarstedt.de\/stadt\/wp-json\/wp\/v2\/pages"}],"about":[{"href":"https:\/\/www.ff-sarstedt.de\/stadt\/wp-json\/wp\/v2\/types\/page"}],"author":[{"embeddable":true,"href":"https:\/\/www.ff-sarstedt.de\/stadt\/wp-json\/wp\/v2\/users\/9"}],"replies":[{"embeddable":true,"href":"https:\/\/www.ff-sarstedt.de\/stadt\/wp-json\/wp\/v2\/comments?post=2301"}],"version-history":[{"count":0,"href":"https:\/\/www.ff-sarstedt.de\/stadt\/wp-json\/wp\/v2\/pages\/2301\/revisions"}],"up":[{"embeddable":true,"href":"https:\/\/www.ff-sarstedt.de\/stadt\/wp-json\/wp\/v2\/pages\/2016"}],"wp:featuredmedia":[{"embeddable":true,"href":"https:\/\/www.ff-sarstedt.de\/stadt\/wp-json\/wp\/v2\/media\/2303"}],"wp:attachment":[{"href":"https:\/\/www.ff-sarstedt.de\/stadt\/wp-json\/wp\/v2\/media?parent=2301"}],"curies":[{"name":"wp","href":"https:\/\/api.w.org\/{rel}","templated":true}]}}