{"id":2423,"date":"2015-07-30T13:28:13","date_gmt":"2015-07-30T11:28:13","guid":{"rendered":"http:\/\/www.ff-sarstedt.de\/stadt\/?page_id=2423"},"modified":"2016-03-25T10:05:21","modified_gmt":"2016-03-25T09:05:21","slug":"leistungsspange-2","status":"publish","type":"page","link":"https:\/\/www.ff-sarstedt.de\/stadt\/stadt-fw\/abteilungen\/stadtjugendfeuerwehr\/leistungsspange-2","title":{"rendered":"Leistungsspange"},"content":{"rendered":"<p>Die Leistungsspange ist das h\u00f6chste Leistungsabzeichen f\u00fcr ein Mitglied der Deutschen Jugendfeuerwehr. Sie wird verliehen, wenn ein Jugendfeuerwehrmitglied in einer Gruppe in f\u00fcnf Bereichen zeigt, dass er\/sie k\u00f6rperlich und geistig den Anforderungen gewachsen ist. Voraussetzung f\u00fcr die Abnahme der Leistungsspange ist die mindestens einj\u00e4hrige Zugeh\u00f6rigkeit zu einer Jugendfeuerwehrgruppe und ein bestimmtes Mindestalter.<\/p>\n<hr \/>\n<table>\n<tbody>\n<tr>\n<td width=\"200\"><a href=\"https:\/\/www.ff-sarstedt.de\/stadt\/wp-content\/uploads\/2015\/07\/LSP-Teil-1.pdf\" target=\"_blanc\"><img decoding=\"async\" src=\"https:\/\/www.ff-sarstedt.de\/stadt\/wp-content\/uploads\/2015\/07\/leistungsspange.gif\" alt=\"\" width=\"200\" \/><\/a><\/td>\n<td><a href=\"https:\/\/www.ff-sarstedt.de\/stadt\/wp-content\/uploads\/2015\/07\/LSP-Teil-1.pdf\" target=\"_blanc\"><span style=\"color: #000000;\">\u27a2 <b><u>Download Leistungsspange &#8211; Teil 1<\/u><\/b><\/span><\/a><\/td>\n<\/tr>\n<\/tbody>\n<\/table>\n<table>\n<tbody>\n<tr>\n<td width=\"200\"><a href=\"https:\/\/www.ff-sarstedt.de\/stadt\/wp-content\/uploads\/2015\/07\/LSP-Teil-2.pdf\" target=\"_blanc\"><img decoding=\"async\" src=\"https:\/\/www.ff-sarstedt.de\/stadt\/wp-content\/uploads\/2015\/07\/leistungsspange.gif\" alt=\"\" width=\"200\" \/><\/a><\/td>\n<td><a href=\"https:\/\/www.ff-sarstedt.de\/stadt\/wp-content\/uploads\/2015\/07\/LSP-Teil-2.pdf\" target=\"_blanc\"><span style=\"color: #000000;\">\u27a2 <b><u>Download Leistungsspange &#8211; Teil 2<\/u><\/b><\/span><\/a><\/td>\n<\/tr>\n<\/tbody>\n<\/table>\n<table>\n<tbody>\n<tr>\n<td width=\"200\"><a href=\"https:\/\/www.ff-sarstedt.de\/stadt\/wp-content\/uploads\/2015\/07\/Fragenkatalog.pdf\" target=\"_blanc\"><img decoding=\"async\" src=\"https:\/\/www.ff-sarstedt.de\/stadt\/wp-content\/uploads\/2015\/07\/bookicon.png\" alt=\"\" width=\"200\" \/><\/a><\/td>\n<td><a href=\"https:\/\/www.ff-sarstedt.de\/stadt\/wp-content\/uploads\/2015\/07\/Fragenkatalog.pdf\" target=\"_blanc\"><span style=\"color: #000000;\">\u27a2 <b><u>Download inoffizieller Fragenkatalog<\/u><\/b><\/span><\/a><\/p>\n<p><span style=\"color: #000000;\">&#8220;Fragenkataloge oder \u00c4hnliches haben bei der Leistungsspange keine Berechtigung&#8221;<\/span><\/td>\n<\/tr>\n<\/tbody>\n<\/table>\n","protected":false},"excerpt":{"rendered":"<p>Die Leistungsspange ist das h\u00f6chste Leistungsabzeichen f\u00fcr ein Mitglied der Deutschen Jugendfeuerwehr. Sie wird verliehen, wenn ein Jugendfeuerwehrmitglied in einer Gruppe in f\u00fcnf Bereichen zeigt, dass er\/sie k\u00f6rperlich und geistig den Anforderungen gewachsen ist. Voraussetzung f\u00fcr die Abnahme der Leistungsspange ist die mindestens einj\u00e4hrige Zugeh\u00f6rigkeit zu einer Jugendfeuerwehrgruppe und ein bestimmtes Mindestalter. \u27a2 Download Leistungsspange [&hellip;]<\/p>\n","protected":false},"author":9,"featured_media":0,"parent":1644,"menu_order":0,"comment_status":"closed","ping_status":"open","template":"side-navigation.php","meta":{"_monsterinsights_skip_tracking":false,"_monsterinsights_sitenote_active":false,"_monsterinsights_sitenote_note":"","_monsterinsights_sitenote_category":0,"footnotes":""},"class_list":["post-2423","page","type-page","status-publish","hentry"],"aioseo_notices":[],"_links":{"self":[{"href":"https:\/\/www.ff-sarstedt.de\/stadt\/wp-json\/wp\/v2\/pages\/2423","targetHints":{"allow":["GET"]}}],"collection":[{"href":"https:\/\/www.ff-sarstedt.de\/stadt\/wp-json\/wp\/v2\/pages"}],"about":[{"href":"https:\/\/www.ff-sarstedt.de\/stadt\/wp-json\/wp\/v2\/types\/page"}],"author":[{"embeddable":true,"href":"https:\/\/www.ff-sarstedt.de\/stadt\/wp-json\/wp\/v2\/users\/9"}],"replies":[{"embeddable":true,"href":"https:\/\/www.ff-sarstedt.de\/stadt\/wp-json\/wp\/v2\/comments?post=2423"}],"version-history":[{"count":0,"href":"https:\/\/www.ff-sarstedt.de\/stadt\/wp-json\/wp\/v2\/pages\/2423\/revisions"}],"up":[{"embeddable":true,"href":"https:\/\/www.ff-sarstedt.de\/stadt\/wp-json\/wp\/v2\/pages\/1644"}],"wp:attachment":[{"href":"https:\/\/www.ff-sarstedt.de\/stadt\/wp-json\/wp\/v2\/media?parent=2423"}],"curies":[{"name":"wp","href":"https:\/\/api.w.org\/{rel}","templated":true}]}}