{"id":250,"date":"2014-04-20T20:32:05","date_gmt":"2014-04-20T18:32:05","guid":{"rendered":"http:\/\/www.ff-sarstedt.de\/stadt\/?page_id=250"},"modified":"2018-08-23T13:08:20","modified_gmt":"2018-08-23T11:08:20","slug":"einsatzleitwagen","status":"publish","type":"page","link":"https:\/\/www.ff-sarstedt.de\/stadt\/sarstedt-1\/technik\/2-zug\/einsatzleitwagen","title":{"rendered":"ELW 1"},"content":{"rendered":"<p>Der Einsatzleitwagen (ELW 1) dient als Hilfsmittel zur F\u00fchrung eines L\u00f6schzuges, zur Erkundung von Einsatzstellen und als mobile F\u00fchrungszentrale vor Ort. Bei h\u00f6heren Alarmstufen ist das Fahrzeug als \u00d6rtliche Einsatzleitung vorgesehen. \u00dcber\u00f6rtlich wird das Fahrzeug im Gefahrgutzug-Nord-1 des Landkreises Hildesheim eingesetzt.<\/p>\n<h3>technische Daten<\/h3>\n<p>Rufname:\u00a0Florian Hildesheim Land 11\/11\/21<\/p>\n<p>Rufname alt:\u00a0Florian Hilburg 11-60<br \/>\nBaujahr: 2010<br \/>\nFahrgestell:\u00a0Mercedes Benz Sprinter 316 CDI KA (163 PS)<br \/>\nAufbau:\u00a0Schmidt Sonderfahrzeugbau<br \/>\nBesatzung: 1\/1\/2\/<span style=\"text-decoration: underline;\">4<\/span><\/p>\n<h4>Die Besonderheiten dieses Fahrzeuges<\/h4>\n<ul>\n<li>2 Funkger\u00e4te im 2 m-Bereich (Betrieb \u00fcber Major-BOS-Anlage)<\/li>\n<li>1\u00a0Funkger\u00e4t im 4 m-Bereich mit FMS FuG 8b-1\u00a0 (Betrieb \u00fcber Major-BOS-Anlage)<\/li>\n<li>2 Funkger\u00e4te (MRT)\u00a0f\u00fcr Digitalfunk (Betrieb \u00fcber Major-BOS-Anlage)<\/li>\n<li>5 Funkger\u00e4te (HRT) f\u00fcr Digitalfunk (Handger\u00e4te)<\/li>\n<li>2 PC Arbeitspl\u00e4tze mit Internetanbindung<\/li>\n<li>mehrere Lizenzen Fireboard (Einsatzf\u00fchrung, Ausnahmezustand, Lagekarte)<\/li>\n<li>Multifunktionsfaxger\u00e4t<\/li>\n<li>Telefonanlage mit Mobil-Anbindung<\/li>\n<li>1 Systemtelefon, 1 Standardtelefon und 1 Schnurlos-Telefon<\/li>\n<li>Einsatzstellenkoordinationsbord mit Wandhalter<\/li>\n<li>Einsatz- und Lagepl\u00e4ne<\/li>\n<li>Stromerzeuger mit 3 kVA<\/li>\n<li>Heckwarnanlage Signalmaster mit 6 gelben Blinkleuchten<\/li>\n<li>Rundum-Kennleuchte Rot, am Heck zur Kennzeichnung der Einsatzleitung<\/li>\n<li>ausfahrbare Markise seitlich am Fahrzeug<\/li>\n<li>Umfeldbeleuchtung<\/li>\n<li>Teleskopleiter<\/li>\n<\/ul>\n<h4><\/h4>\n<div style=\"color: #000000;\"><\/div>\n<div style=\"color: #000000;\">\n\n\t\t<style type=\"text\/css\">\n\t\t\t#gallery-1 {\n\t\t\t\tmargin: auto;\n\t\t\t}\n\t\t\t#gallery-1 .gallery-item {\n\t\t\t\tfloat: left;\n\t\t\t\tmargin-top: 10px;\n\t\t\t\ttext-align: center;\n\t\t\t\twidth: 33%;\n\t\t\t}\n\t\t\t#gallery-1 img {\n\t\t\t\tborder: 2px solid #cfcfcf;\n\t\t\t}\n\t\t\t#gallery-1 .gallery-caption {\n\t\t\t\tmargin-left: 0;\n\t\t\t}\n\t\t\t\/* see gallery_shortcode() in wp-includes\/media.php *\/\n\t\t<\/style>\n\t\t<div id='gallery-1' class='gallery galleryid-250 gallery-columns-3 gallery-size-thumbnail'><dl class='gallery-item'>\n\t\t\t<dt class='gallery-icon landscape'>\n\t\t\t\t<a rel=\"prettyPhoto[postimages]\" href='https:\/\/www.ff-sarstedt.de\/stadt\/wp-content\/uploads\/2014\/04\/DSC_7155-1.jpg'><img loading=\"lazy\" decoding=\"async\" width=\"150\" height=\"150\" src=\"https:\/\/www.ff-sarstedt.de\/stadt\/wp-content\/uploads\/2014\/04\/DSC_7155-1-150x150.jpg\" class=\"attachment-thumbnail size-thumbnail\" alt=\"\" \/><\/a>\n\t\t\t<\/dt><\/dl><dl class='gallery-item'>\n\t\t\t<dt class='gallery-icon landscape'>\n\t\t\t\t<a rel=\"prettyPhoto[postimages]\" href='https:\/\/www.ff-sarstedt.de\/stadt\/wp-content\/uploads\/2014\/04\/DSC_7195-1.jpg'><img loading=\"lazy\" decoding=\"async\" width=\"150\" height=\"150\" src=\"https:\/\/www.ff-sarstedt.de\/stadt\/wp-content\/uploads\/2014\/04\/DSC_7195-1-150x150.jpg\" class=\"attachment-thumbnail size-thumbnail\" alt=\"\" \/><\/a>\n\t\t\t<\/dt><\/dl><dl class='gallery-item'>\n\t\t\t<dt class='gallery-icon landscape'>\n\t\t\t\t<a rel=\"prettyPhoto[postimages]\" href='https:\/\/www.ff-sarstedt.de\/stadt\/wp-content\/uploads\/2014\/04\/DSC_7161-1.jpg'><img loading=\"lazy\" decoding=\"async\" width=\"150\" height=\"150\" src=\"https:\/\/www.ff-sarstedt.de\/stadt\/wp-content\/uploads\/2014\/04\/DSC_7161-1-150x150.jpg\" class=\"attachment-thumbnail size-thumbnail\" alt=\"\" \/><\/a>\n\t\t\t<\/dt><\/dl><br style=\"clear: both\" \/><dl class='gallery-item'>\n\t\t\t<dt class='gallery-icon landscape'>\n\t\t\t\t<a rel=\"prettyPhoto[postimages]\" href='https:\/\/www.ff-sarstedt.de\/stadt\/wp-content\/uploads\/2014\/04\/DSC_7201-1.jpg'><img loading=\"lazy\" decoding=\"async\" width=\"150\" height=\"150\" src=\"https:\/\/www.ff-sarstedt.de\/stadt\/wp-content\/uploads\/2014\/04\/DSC_7201-1-150x150.jpg\" class=\"attachment-thumbnail size-thumbnail\" alt=\"\" aria-describedby=\"gallery-1-15656\" \/><\/a>\n\t\t\t<\/dt>\n\t\t\t\t<dd class='wp-caption-text gallery-caption' id='gallery-1-15656'>\n\t\t\t\tBei schlecht Wetter oder ung\u00fcnstiger Sonneneinstrahlung kommt die Markise zum Einsatz.\n\t\t\t\t<\/dd><\/dl><dl class='gallery-item'>\n\t\t\t<dt class='gallery-icon portrait'>\n\t\t\t\t<a rel=\"prettyPhoto[postimages]\" href='https:\/\/www.ff-sarstedt.de\/stadt\/wp-content\/uploads\/2014\/04\/DSC_7183-1.jpg'><img loading=\"lazy\" decoding=\"async\" width=\"150\" height=\"150\" src=\"https:\/\/www.ff-sarstedt.de\/stadt\/wp-content\/uploads\/2014\/04\/DSC_7183-1-150x150.jpg\" class=\"attachment-thumbnail size-thumbnail\" alt=\"\" aria-describedby=\"gallery-1-15658\" \/><\/a>\n\t\t\t<\/dt>\n\t\t\t\t<dd class='wp-caption-text gallery-caption' id='gallery-1-15658'>\n\t\t\t\tBlick von au\u00dfen auf die Funkarbeitspl\u00e4tze.\n\t\t\t\t<\/dd><\/dl><dl class='gallery-item'>\n\t\t\t<dt class='gallery-icon portrait'>\n\t\t\t\t<a rel=\"prettyPhoto[postimages]\" href='https:\/\/www.ff-sarstedt.de\/stadt\/wp-content\/uploads\/2014\/04\/DSC_7225-1.jpg'><img loading=\"lazy\" decoding=\"async\" width=\"150\" height=\"150\" src=\"https:\/\/www.ff-sarstedt.de\/stadt\/wp-content\/uploads\/2014\/04\/DSC_7225-1-150x150.jpg\" class=\"attachment-thumbnail size-thumbnail\" alt=\"\" aria-describedby=\"gallery-1-15659\" \/><\/a>\n\t\t\t<\/dt>\n\t\t\t\t<dd class='wp-caption-text gallery-caption' id='gallery-1-15659'>\n\t\t\t\tIm ,,Kofferraum\u00b4\u00b4 des ELW befinden sich s\u00e4mtliche Materialien zur Einsatzf\u00fchrung.\n\t\t\t\t<\/dd><\/dl><br style=\"clear: both\" \/><dl class='gallery-item'>\n\t\t\t<dt class='gallery-icon landscape'>\n\t\t\t\t<a rel=\"prettyPhoto[postimages]\" href='https:\/\/www.ff-sarstedt.de\/stadt\/wp-content\/uploads\/2014\/04\/DSC_7187-1.jpg'><img loading=\"lazy\" decoding=\"async\" width=\"150\" height=\"150\" src=\"https:\/\/www.ff-sarstedt.de\/stadt\/wp-content\/uploads\/2014\/04\/DSC_7187-1-150x150.jpg\" class=\"attachment-thumbnail size-thumbnail\" alt=\"\" aria-describedby=\"gallery-1-15660\" \/><\/a>\n\t\t\t<\/dt>\n\t\t\t\t<dd class='wp-caption-text gallery-caption' id='gallery-1-15660'>\n\t\t\t\tBilck auf den vorderen Funkarbeitsplatz mit einem Digital- und einem Analogfunkger\u00e4t sowie einem Telefon.\n\t\t\t\t<\/dd><\/dl><dl class='gallery-item'>\n\t\t\t<dt class='gallery-icon landscape'>\n\t\t\t\t<a rel=\"prettyPhoto[postimages]\" href='https:\/\/www.ff-sarstedt.de\/stadt\/wp-content\/uploads\/2014\/04\/DSC_7193-1.jpg'><img loading=\"lazy\" decoding=\"async\" width=\"150\" height=\"150\" src=\"https:\/\/www.ff-sarstedt.de\/stadt\/wp-content\/uploads\/2014\/04\/DSC_7193-1-150x150.jpg\" class=\"attachment-thumbnail size-thumbnail\" alt=\"\" aria-describedby=\"gallery-1-15661\" \/><\/a>\n\t\t\t<\/dt>\n\t\t\t\t<dd class='wp-caption-text gallery-caption' id='gallery-1-15661'>\n\t\t\t\tIm Innenraum befinden sich zwei Funkarbeitspl\u00e4tze sowie ein Multifunktiosger\u00e4t zum Drucken, Scannen und Faxen   \n\t\t\t\t<\/dd><\/dl><dl class='gallery-item'>\n\t\t\t<dt class='gallery-icon landscape'>\n\t\t\t\t<a rel=\"prettyPhoto[postimages]\" href='https:\/\/www.ff-sarstedt.de\/stadt\/wp-content\/uploads\/2014\/04\/DSC_7247-1.jpg'><img loading=\"lazy\" decoding=\"async\" width=\"150\" height=\"150\" src=\"https:\/\/www.ff-sarstedt.de\/stadt\/wp-content\/uploads\/2014\/04\/DSC_7247-1-150x150.jpg\" class=\"attachment-thumbnail size-thumbnail\" alt=\"\" aria-describedby=\"gallery-1-15662\" \/><\/a>\n\t\t\t<\/dt>\n\t\t\t\t<dd class='wp-caption-text gallery-caption' id='gallery-1-15662'>\n\t\t\t\tBlick auf den Maschinisten- und Einsatzleiterplatz\n\t\t\t\t<\/dd><\/dl><br style=\"clear: both\" \/><dl class='gallery-item'>\n\t\t\t<dt class='gallery-icon landscape'>\n\t\t\t\t<a rel=\"prettyPhoto[postimages]\" href='https:\/\/www.ff-sarstedt.de\/stadt\/wp-content\/uploads\/2014\/04\/elw011-1.jpg'><img loading=\"lazy\" decoding=\"async\" width=\"150\" height=\"150\" src=\"https:\/\/www.ff-sarstedt.de\/stadt\/wp-content\/uploads\/2014\/04\/elw011-1-150x150.jpg\" class=\"attachment-thumbnail size-thumbnail\" alt=\"\" aria-describedby=\"gallery-1-15752\" \/><\/a>\n\t\t\t<\/dt>\n\t\t\t\t<dd class='wp-caption-text gallery-caption' id='gallery-1-15752'>\n\t\t\t\tDer Einsatzleitwagen bei Abholung.\nDamals noch mit der Funkkennung 11-60\n\t\t\t\t<\/dd><\/dl>\n\t\t\t<br style='clear: both' \/>\n\t\t<\/div>\n\n<\/div>\n<div style=\"color: #000000;\"><\/div>\n","protected":false},"excerpt":{"rendered":"<p>Der Einsatzleitwagen (ELW 1) dient als Hilfsmittel zur F\u00fchrung eines L\u00f6schzuges, zur Erkundung von Einsatzstellen und als mobile F\u00fchrungszentrale vor Ort. Bei h\u00f6heren Alarmstufen ist das Fahrzeug als \u00d6rtliche Einsatzleitung vorgesehen. \u00dcber\u00f6rtlich wird das Fahrzeug im Gefahrgutzug-Nord-1 des Landkreises Hildesheim eingesetzt. technische Daten Rufname:\u00a0Florian Hildesheim Land 11\/11\/21 Rufname alt:\u00a0Florian Hilburg 11-60 Baujahr: 2010 Fahrgestell:\u00a0Mercedes Benz [&hellip;]<\/p>\n","protected":false},"author":1,"featured_media":14638,"parent":267,"menu_order":0,"comment_status":"closed","ping_status":"closed","template":"side-navigation.php","meta":{"_monsterinsights_skip_tracking":false,"_monsterinsights_sitenote_active":false,"_monsterinsights_sitenote_note":"","_monsterinsights_sitenote_category":0,"footnotes":""},"class_list":["post-250","page","type-page","status-publish","has-post-thumbnail","hentry"],"aioseo_notices":[],"_links":{"self":[{"href":"https:\/\/www.ff-sarstedt.de\/stadt\/wp-json\/wp\/v2\/pages\/250","targetHints":{"allow":["GET"]}}],"collection":[{"href":"https:\/\/www.ff-sarstedt.de\/stadt\/wp-json\/wp\/v2\/pages"}],"about":[{"href":"https:\/\/www.ff-sarstedt.de\/stadt\/wp-json\/wp\/v2\/types\/page"}],"author":[{"embeddable":true,"href":"https:\/\/www.ff-sarstedt.de\/stadt\/wp-json\/wp\/v2\/users\/1"}],"replies":[{"embeddable":true,"href":"https:\/\/www.ff-sarstedt.de\/stadt\/wp-json\/wp\/v2\/comments?post=250"}],"version-history":[{"count":0,"href":"https:\/\/www.ff-sarstedt.de\/stadt\/wp-json\/wp\/v2\/pages\/250\/revisions"}],"up":[{"embeddable":true,"href":"https:\/\/www.ff-sarstedt.de\/stadt\/wp-json\/wp\/v2\/pages\/267"}],"wp:featuredmedia":[{"embeddable":true,"href":"https:\/\/www.ff-sarstedt.de\/stadt\/wp-json\/wp\/v2\/media\/14638"}],"wp:attachment":[{"href":"https:\/\/www.ff-sarstedt.de\/stadt\/wp-json\/wp\/v2\/media?parent=250"}],"curies":[{"name":"wp","href":"https:\/\/api.w.org\/{rel}","templated":true}]}}