{"id":26,"date":"2014-04-19T15:58:35","date_gmt":"2014-04-19T13:58:35","guid":{"rendered":"http:\/\/www.ff-sarstedt.de\/stadt\/?page_id=26"},"modified":"2018-05-25T10:20:48","modified_gmt":"2018-05-25T08:20:48","slug":"impressum","status":"publish","type":"page","link":"https:\/\/www.ff-sarstedt.de\/stadt\/home-2\/impressum","title":{"rendered":"Impressum"},"content":{"rendered":"<h3>Webmaster<\/h3>\n<p>R\u00fcdiger Schulz<\/p>\n<h3>Inhaber der Seiteninhalte und des Copyrights<\/h3>\n<p>Stadt Sarstedt<br \/>\nSteinstra\u00dfe 22<br \/>\n31157 Sarstedt<\/p>\n<p>B\u00fcrgermeisterin Heike Brennecke<\/p>\n<h3>Design und Konstruktion<\/h3>\n<p>R\u00fcdiger Schulz<\/p>\n<h3>Alleing\u00fcltige Internetadresse (URL)<\/h3>\n<p>http:\/\/www.ff-sarstedt.de<\/p>\n<h3>Kontakt-Emailadresse<\/h3>\n<p>webmaster@ff-sarstedt.de<\/p>\n<h3>Copyright<\/h3>\n<p>Alle zur Feuerwehr Sarstedt geh\u00f6renden Seiten sowie die darin enthaltenen Texte und Grafiken unterliegen dem Urheberrechtsgesetz und sind Eigentum der Feuerwehren der Stadt Sarstedt. Das Vervielf\u00e4ltigen und Reproduzieren jeglicher Inhalte, speziell der Bilder, ist somit untersagt, da illegal! Ausgenommen ist das Einbinden der RSS-Feed\u00b4s<\/p>\n<h3>Datenschutzerkl\u00e4rung<\/h3>\n<p>Es gilt die\u00a0<a href=\"https:\/\/www.ff-sarstedt.de\/stadt\/home-2\/datenschutzerklaerung\">Datenschutzerkl\u00e4rung<\/a>\u00a0der Feuerwehr Stadt\u00a0Sarstedt.<\/p>\n","protected":false},"excerpt":{"rendered":"<p>Webmaster R\u00fcdiger Schulz Inhaber der Seiteninhalte und des Copyrights Stadt Sarstedt Steinstra\u00dfe 22 31157 Sarstedt B\u00fcrgermeisterin Heike Brennecke Design und Konstruktion R\u00fcdiger Schulz Alleing\u00fcltige Internetadresse (URL) http:\/\/www.ff-sarstedt.de Kontakt-Emailadresse webmaster@ff-sarstedt.de Copyright Alle zur Feuerwehr Sarstedt geh\u00f6renden Seiten sowie die darin enthaltenen Texte und Grafiken unterliegen dem Urheberrechtsgesetz und sind Eigentum der Feuerwehren der Stadt Sarstedt. Das [&hellip;]<\/p>\n","protected":false},"author":1,"featured_media":0,"parent":5281,"menu_order":0,"comment_status":"closed","ping_status":"closed","template":"","meta":{"_monsterinsights_skip_tracking":false,"_monsterinsights_sitenote_active":false,"_monsterinsights_sitenote_note":"","_monsterinsights_sitenote_category":0,"footnotes":""},"class_list":["post-26","page","type-page","status-publish","hentry"],"aioseo_notices":[],"_links":{"self":[{"href":"https:\/\/www.ff-sarstedt.de\/stadt\/wp-json\/wp\/v2\/pages\/26","targetHints":{"allow":["GET"]}}],"collection":[{"href":"https:\/\/www.ff-sarstedt.de\/stadt\/wp-json\/wp\/v2\/pages"}],"about":[{"href":"https:\/\/www.ff-sarstedt.de\/stadt\/wp-json\/wp\/v2\/types\/page"}],"author":[{"embeddable":true,"href":"https:\/\/www.ff-sarstedt.de\/stadt\/wp-json\/wp\/v2\/users\/1"}],"replies":[{"embeddable":true,"href":"https:\/\/www.ff-sarstedt.de\/stadt\/wp-json\/wp\/v2\/comments?post=26"}],"version-history":[{"count":0,"href":"https:\/\/www.ff-sarstedt.de\/stadt\/wp-json\/wp\/v2\/pages\/26\/revisions"}],"up":[{"embeddable":true,"href":"https:\/\/www.ff-sarstedt.de\/stadt\/wp-json\/wp\/v2\/pages\/5281"}],"wp:attachment":[{"href":"https:\/\/www.ff-sarstedt.de\/stadt\/wp-json\/wp\/v2\/media?parent=26"}],"curies":[{"name":"wp","href":"https:\/\/api.w.org\/{rel}","templated":true}]}}