{"id":26228,"date":"2022-08-31T11:03:12","date_gmt":"2022-08-31T09:03:12","guid":{"rendered":"https:\/\/www.ff-sarstedt.de\/stadt\/?page_id=26228"},"modified":"2022-08-31T11:06:20","modified_gmt":"2022-08-31T09:06:20","slug":"hotteln-lf-10","status":"publish","type":"page","link":"https:\/\/www.ff-sarstedt.de\/stadt\/hotteln\/technik\/hotteln-lf-10","title":{"rendered":"Hotteln LF 10"},"content":{"rendered":"\n<p><\/p>\n<p><a href=\"?page_id=1692\">Zur\u00fcck zu Technik<\/a><\/p>\n<p> <\/p>\n<p>Hotteln erh\u00e4lt ein neues LF 10 und l\u00f6st damit das 27 Jahre alte <a href=\"https:\/\/www.ff-sarstedt.de\/stadt\/hotteln\/technik\/hotteln-lf-8\">LF8\/6<\/a> ab, das seit dem Jahre 1995 unerm\u00fcdlich seine treuen Dienste verrichtete. Das neue L\u00f6schgruppenfahrzug wurde durch den Orts- und Stadtbrandmeister sowie drei weiteren Kameraden aus Ulm am 02. August 2022 abgeholt.\u00a0<\/p>\n<p>Zusammen mit dem 2019 eingef\u00fchrten <a href=\"https:\/\/www.ff-sarstedt.de\/stadt\/hotteln\/technik\/hotteln-hlf-20\">HLF 20<\/a> kann Hotteln nun auf Basis des Feuerwehrbedarfsplanes in eine sichere Zukunft blicken, denn die Fahrzeugausr\u00fcstung der Freiwilligen Feuerwehr Hotteln ist somit auf dem neuesten Stand. Damit ist die Feuerwehr gewappnet f\u00fcr die Einsatzf\u00e4higkeit im Bereich des Ortes sowie dar\u00fcber hinaus im Stadtgebiet und auf der BAB7.<\/p>\n<p><\/p>\n\n\n\n<h3>Technische Daten<\/h3>\n<table style=\"border-collapse: collapse; width: 100%; height: 186px;\">\n<tbody>\n<tr style=\"height: 23px;\">\n<td style=\"width: 50%; height: 23px;\">\n<ul>\n<li>Fahrzeugbezeichnung<\/li>\n<\/ul>\n<\/td>\n<td style=\"width: 50%; height: 23px;\">L\u00f6schgruppenfahrzeug LF 10<\/td>\n<\/tr>\n<tr style=\"height: 23px;\">\n<td style=\"width: 50%; height: 23px;\">\n<ul>\n<li>Fahrgestell<\/li>\n<\/ul>\n<\/td>\n<td style=\"width: 50%; height: 23px;\">MAN TGN 13.290 Allrad<\/td>\n<\/tr>\n<tr style=\"height: 25px;\">\n<td style=\"width: 50%; height: 25px;\">\n<ul>\n<li>Aufbau<\/li>\n<\/ul>\n<\/td>\n<td style=\"width: 50%; height: 25px;\">MAGIRUS<\/td>\n<\/tr>\n<tr style=\"height: 23px;\">\n<td style=\"width: 50%; height: 23px;\">\n<ul>\n<li>Funkrufnahme<\/li>\n<\/ul>\n<\/td>\n<td style=\"width: 50%; height: 23px;\">Florian Hildesheim Land 11\/45\/11<\/td>\n<\/tr>\n<tr style=\"height: 23px;\">\n<td style=\"width: 50%; height: 23px;\">\n<ul>\n<li>Baujahr<\/li>\n<\/ul>\n<\/td>\n<td style=\"width: 50%; height: 23px;\">2022<\/td>\n<\/tr>\n<tr style=\"height: 23px;\">\n<td style=\"width: 50%; height: 23px;\">\n<ul>\n<li>In Dienst gestellt<\/li>\n<\/ul>\n<\/td>\n<td style=\"width: 50%; height: 23px;\">2022-08<\/td>\n<\/tr>\n<tr style=\"height: 23px;\">\n<td style=\"width: 50%; height: 23px;\">\n<ul>\n<li>Leistung<\/li>\n<\/ul>\n<\/td>\n<td style=\"width: 50%; height: 23px;\">213 kW \/ 290 PS<\/td>\n<\/tr>\n<tr style=\"height: 23px;\">\n<td style=\"width: 50%; height: 23px;\">\n<ul>\n<li>Gesamtgewicht<\/li>\n<\/ul>\n<\/td>\n<td style=\"width: 50%; height: 23px;\">16.000 kg<\/td>\n<\/tr>\n<\/tbody>\n<\/table>\n<p>\u00a0<\/p>\n\n\n\n<h3>Technische Ausr\u00fcstung<\/h3>\n<table style=\"border-collapse: collapse; width: 100%;\">\n<tbody>\n<tr>\n<td style=\"width: 50%;\">\n<ul>\n<li>Wassertank<\/li>\n<\/ul>\n<\/td>\n<td style=\"width: 50%;\">1.600 l<\/td>\n<\/tr>\n<tr>\n<td style=\"width: 50%;\">\n<ul>\n<li>Pumpenleistung<\/li>\n<\/ul>\n<\/td>\n<td style=\"width: 50%;\">1.000 l\/min<\/td>\n<\/tr>\n<\/tbody>\n<\/table>\n<table style=\"border-collapse: collapse; width: 100%; height: 230px;\">\n<tbody>\n<tr style=\"height: 23px;\">\n<td style=\"width: 50%; height: 23px;\">\n<ul>\n<li>Besatzung<\/li>\n<\/ul>\n<\/td>\n<td style=\"width: 50%; height: 23px;\">1\/8<\/td>\n<\/tr>\n<tr style=\"height: 23px;\">\n<td style=\"width: 50%; height: 23px;\">\n<ul>\n<li>Atemschutzger\u00e4te mit Totmannwarner<\/li>\n<\/ul>\n<\/td>\n<td style=\"width: 50%; height: 23px;\">4<\/td>\n<\/tr>\n<tr style=\"height: 23px;\">\n<td style=\"width: 50%; height: 23px;\">\n<ul>\n<li>Tragkraftspritze<\/li>\n<\/ul>\n<\/td>\n<td style=\"width: 50%; height: 23px;\">1<\/td>\n<\/tr>\n<tr style=\"height: 23px;\">\n<td style=\"width: 50%; height: 23px;\">\n<ul>\n<li>Strahler zur Ausleuchtung<\/li>\n<\/ul>\n<\/td>\n<td style=\"width: 50%; height: 23px;\">2 x 1.000 W<\/td>\n<\/tr>\n<tr style=\"height: 23px;\">\n<td style=\"width: 50%; height: 23px;\">\n<ul>\n<li>Notstromaggregat<\/li>\n<\/ul>\n<\/td>\n<td style=\"width: 50%; height: 23px;\">1<\/td>\n<\/tr>\n<tr style=\"height: 23px;\">\n<td style=\"width: 50%; height: 23px;\">\n<ul>\n<li>Tauchpumpe<\/li>\n<\/ul>\n<\/td>\n<td style=\"width: 50%; height: 23px;\">1<\/td>\n<\/tr>\n<tr style=\"height: 23px;\">\n<td style=\"width: 50%; height: 23px;\">\n<ul>\n<li>Schnellangriffschlauch<\/li>\n<\/ul>\n<\/td>\n<td style=\"width: 50%; height: 23px;\">30 m<\/td>\n<\/tr>\n<tr style=\"height: 23px;\">\n<td style=\"width: 50%; height: 23px;\">\n<ul>\n<li>Schaummittel<\/li>\n<\/ul>\n<\/td>\n<td style=\"width: 50%; height: 23px;\">120 l<\/td>\n<\/tr>\n<tr style=\"height: 23px;\">\n<td style=\"width: 50%; height: 23px;\">\n<ul>\n<li>Heckwarneinrichtung<\/li>\n<\/ul>\n<\/td>\n<td style=\"width: 50%; height: 23px;\">\u00a0<\/td>\n<\/tr>\n<tr style=\"height: 23px;\">\n<td style=\"width: 50%; height: 23px;\">\n<ul>\n<li>Abbiegeassistent<\/li>\n<\/ul>\n<\/td>\n<td style=\"width: 50%; height: 23px;\">\u00a0<\/td>\n<\/tr>\n<\/tbody>\n<\/table>\n<p>\u00a0<\/p>\n\n\n\n<figure class=\"wp-block-gallery has-nested-images columns-default is-cropped wp-block-gallery-1 is-layout-flex wp-block-gallery-is-layout-flex\">\n<figure class=\"wp-block-image size-large\"><img loading=\"lazy\" decoding=\"async\" width=\"2560\" height=\"1707\" data-id=\"26144\" src=\"https:\/\/www.ff-sarstedt.de\/stadt\/wp-content\/uploads\/2022\/08\/MBP04097-scaled.jpg\" alt=\"\" class=\"wp-image-26144\"\/><\/figure>\n\n\n\n<figure class=\"wp-block-image size-large\"><img loading=\"lazy\" decoding=\"async\" width=\"2560\" height=\"1871\" data-id=\"26145\" src=\"https:\/\/www.ff-sarstedt.de\/stadt\/wp-content\/uploads\/2022\/08\/MBP04099-scaled.jpg\" alt=\"\" class=\"wp-image-26145\"\/><\/figure>\n\n\n\n<figure class=\"wp-block-image size-large\"><img loading=\"lazy\" decoding=\"async\" width=\"1706\" height=\"2560\" data-id=\"26146\" src=\"https:\/\/www.ff-sarstedt.de\/stadt\/wp-content\/uploads\/2022\/08\/MBP04104-scaled.jpg\" alt=\"\" class=\"wp-image-26146\"\/><\/figure>\n\n\n\n<figure class=\"wp-block-image size-large\"><img loading=\"lazy\" decoding=\"async\" width=\"1707\" height=\"2560\" data-id=\"26147\" src=\"https:\/\/www.ff-sarstedt.de\/stadt\/wp-content\/uploads\/2022\/08\/MBP04149-scaled.jpg\" alt=\"\" class=\"wp-image-26147\"\/><\/figure>\n<\/figure>\n","protected":false},"excerpt":{"rendered":"<p>Zur\u00fcck zu Technik Hotteln erh\u00e4lt ein neues LF 10 und l\u00f6st damit das 27 Jahre alte LF8\/6 ab, das seit dem Jahre 1995 unerm\u00fcdlich seine treuen Dienste verrichtete. Das neue L\u00f6schgruppenfahrzug wurde durch den Orts- und Stadtbrandmeister sowie drei weiteren Kameraden aus Ulm am 02. August 2022 abgeholt.\u00a0 Zusammen mit dem 2019 eingef\u00fchrten HLF 20 [&hellip;]<\/p>\n","protected":false},"author":7,"featured_media":26140,"parent":1692,"menu_order":5,"comment_status":"closed","ping_status":"closed","template":"","meta":{"_monsterinsights_skip_tracking":false,"_monsterinsights_sitenote_active":false,"_monsterinsights_sitenote_note":"","_monsterinsights_sitenote_category":0,"footnotes":""},"class_list":["post-26228","page","type-page","status-publish","has-post-thumbnail","hentry"],"aioseo_notices":[],"_links":{"self":[{"href":"https:\/\/www.ff-sarstedt.de\/stadt\/wp-json\/wp\/v2\/pages\/26228","targetHints":{"allow":["GET"]}}],"collection":[{"href":"https:\/\/www.ff-sarstedt.de\/stadt\/wp-json\/wp\/v2\/pages"}],"about":[{"href":"https:\/\/www.ff-sarstedt.de\/stadt\/wp-json\/wp\/v2\/types\/page"}],"author":[{"embeddable":true,"href":"https:\/\/www.ff-sarstedt.de\/stadt\/wp-json\/wp\/v2\/users\/7"}],"replies":[{"embeddable":true,"href":"https:\/\/www.ff-sarstedt.de\/stadt\/wp-json\/wp\/v2\/comments?post=26228"}],"version-history":[{"count":2,"href":"https:\/\/www.ff-sarstedt.de\/stadt\/wp-json\/wp\/v2\/pages\/26228\/revisions"}],"predecessor-version":[{"id":26235,"href":"https:\/\/www.ff-sarstedt.de\/stadt\/wp-json\/wp\/v2\/pages\/26228\/revisions\/26235"}],"up":[{"embeddable":true,"href":"https:\/\/www.ff-sarstedt.de\/stadt\/wp-json\/wp\/v2\/pages\/1692"}],"wp:featuredmedia":[{"embeddable":true,"href":"https:\/\/www.ff-sarstedt.de\/stadt\/wp-json\/wp\/v2\/media\/26140"}],"wp:attachment":[{"href":"https:\/\/www.ff-sarstedt.de\/stadt\/wp-json\/wp\/v2\/media?parent=26228"}],"curies":[{"name":"wp","href":"https:\/\/api.w.org\/{rel}","templated":true}]}}