{"id":267,"date":"2014-04-20T20:50:08","date_gmt":"2014-04-20T18:50:08","guid":{"rendered":"http:\/\/www.ff-sarstedt.de\/stadt\/?page_id=267"},"modified":"2017-06-04T21:42:32","modified_gmt":"2017-06-04T19:42:32","slug":"2-zug","status":"publish","type":"page","link":"https:\/\/www.ff-sarstedt.de\/stadt\/sarstedt-1\/technik\/2-zug","title":{"rendered":"Fahrzeuge und Anh\u00e4nger"},"content":{"rendered":"<p>Die Ortsfeuerwehr Sarstedt ist als Schwerpunkt ein eigenst\u00e4ndiger Zug. Sie stellt\u00a0den 2. Zug der Stadtfeuerwehr.<\/p>\n<div id=\"ccchildpages-1\" class=\"ccchildpages ccflex twocol cc-child ccclearfix\"><div class=\"ccchildpage  ccfirst ccodd ccpage-count-1 ccpage-id-250 ccpage-einsatzleitwagen ccpage-has-parent ccpage-pid-267 ccpage-parent-2-zug\"><h3 class=\"ccpage_title\" title=\"ELW 1\">ELW 1<\/h3><img loading=\"lazy\" decoding=\"async\" width=\"300\" height=\"190\" src=\"https:\/\/www.ff-sarstedt.de\/stadt\/wp-content\/uploads\/2014\/04\/DSC_7155-e1496536707750-300x190.jpg\" class=\"cc-child-pages-thumb wp-post-image\" alt=\"ELW 1\" title=\"ELW 1\" \/><div class=\"ccpages_excerpt\">Der Einsatzleitwagen (ELW 1) dient als Hilfsmittel zur F\u00fchrung eines L\u00f6schzuges, zur Erkundung von Einsatzstellen und als mobile F\u00fchrungszentrale vor...<\/div><p class=\"ccpages_more\"><a href=\"https:\/\/www.ff-sarstedt.de\/stadt\/sarstedt-1\/technik\/2-zug\/einsatzleitwagen\"  title=\"weiterlesen...\">weiterlesen...<\/a><\/p><\/div><div class=\"ccchildpage  cclast cceven ccpage-count-2 ccpage-id-20172 ccpage-bvd-fahrzeug ccpage-has-parent ccpage-pid-267 ccpage-parent-2-zug\"><h3 class=\"ccpage_title\" title=\"KdoW \/ BvD-Fahrzeug\">KdoW \/ BvD-Fahrzeug<\/h3><img loading=\"lazy\" decoding=\"async\" width=\"300\" height=\"225\" src=\"https:\/\/www.ff-sarstedt.de\/stadt\/wp-content\/uploads\/2019\/06\/img_2447-300x225.jpg\" class=\"cc-child-pages-thumb wp-post-image\" alt=\"KdoW \/ BvD-Fahrzeug\" title=\"KdoW \/ BvD-Fahrzeug\" \/><div class=\"ccpages_excerpt\">Der KdoW ist ein Einsatzfahrzeug f\u00fcr die diensthabende F\u00fchrungskraft, den sogenannten Brandmeister vom Dienst (BvD). Der BvD nutzt dieses Fahrzeug...<\/div><p class=\"ccpages_more\"><a href=\"https:\/\/www.ff-sarstedt.de\/stadt\/sarstedt-1\/technik\/2-zug\/bvd-fahrzeug\"  title=\"weiterlesen...\">weiterlesen...<\/a><\/p><\/div><div class=\"ccchildpage  ccfirst ccodd ccpage-count-3 ccpage-id-532 ccpage-tankloeschfahrzeug-tlf-1625-2 ccpage-has-parent ccpage-pid-267 ccpage-parent-2-zug\"><h3 class=\"ccpage_title\" title=\"TLF 16\/27-2\">TLF 16\/27-2<\/h3><img loading=\"lazy\" decoding=\"async\" width=\"300\" height=\"200\" src=\"https:\/\/www.ff-sarstedt.de\/stadt\/wp-content\/uploads\/2015\/03\/DSC_7599-300x200.jpg\" class=\"cc-child-pages-thumb wp-post-image\" alt=\"TLF 16\/27-2\" title=\"TLF 16\/27-2\" \/><div class=\"ccpages_excerpt\">Das\u00a0Tankl\u00f6schfahrzeug (TLF 16\/27-2) ist der Allrounder f\u00fcr den Ersteinsatz. Das Fahrzeug f\u00e4hrt als erstes Fahrzeug\u00a0in der Brandbek\u00e4mpfung als auch in...<\/div><p class=\"ccpages_more\"><a href=\"https:\/\/www.ff-sarstedt.de\/stadt\/sarstedt-1\/technik\/2-zug\/tankloeschfahrzeug-tlf-1625-2\"  title=\"weiterlesen...\">weiterlesen...<\/a><\/p><\/div><div class=\"ccchildpage  cclast cceven ccpage-count-4 ccpage-id-19673 ccpage-hlf-20 ccpage-has-parent ccpage-pid-267 ccpage-parent-2-zug\"><h3 class=\"ccpage_title\" title=\"HLF 20\">HLF 20<\/h3><img loading=\"lazy\" decoding=\"async\" width=\"300\" height=\"200\" src=\"https:\/\/www.ff-sarstedt.de\/stadt\/wp-content\/uploads\/2019\/03\/IMG_1535-300x200.jpg\" class=\"cc-child-pages-thumb wp-post-image\" alt=\"HLF 20\" title=\"HLF 20\" \/><div class=\"ccpages_excerpt\">Das Hilfeleistungsl\u00f6schfahrzeug 20 (HLF 20) ist als Fahrzeug zur Brandbek\u00e4mpfung und technischen Hilfeleistung ausgelegt. Mit einem Wassertank von 2000 l...<\/div><p class=\"ccpages_more\"><a href=\"https:\/\/www.ff-sarstedt.de\/stadt\/sarstedt-1\/technik\/2-zug\/hlf-20\"  title=\"weiterlesen...\">weiterlesen...<\/a><\/p><\/div><div class=\"ccchildpage  ccfirst ccodd ccpage-count-5 ccpage-id-23549 ccpage-dlak-23-12-gl ccpage-has-parent ccpage-pid-267 ccpage-parent-2-zug\"><h3 class=\"ccpage_title\" title=\"DLA(K) 23-12 GL\">DLA(K) 23-12 GL<\/h3><img loading=\"lazy\" decoding=\"async\" width=\"300\" height=\"169\" src=\"https:\/\/www.ff-sarstedt.de\/stadt\/wp-content\/uploads\/2020\/12\/Image00004-300x169.jpg\" class=\"cc-child-pages-thumb wp-post-image\" alt=\"DLA(K) 23-12 GL\" title=\"DLA(K) 23-12 GL\" \/><div class=\"ccpages_excerpt\">Die Drehleiter vom Typ DLA(K) 23\/12 GL wird in der Hauptsache zur Rettung von Menschen aus H\u00f6hen und Tiefen, sowie...<\/div><p class=\"ccpages_more\"><a href=\"https:\/\/www.ff-sarstedt.de\/stadt\/sarstedt-1\/technik\/2-zug\/dlak-23-12-gl\"  title=\"weiterlesen...\">weiterlesen...<\/a><\/p><\/div><div class=\"ccchildpage  cclast cceven ccpage-count-6 ccpage-id-7143 ccpage-gw-l1 ccpage-has-parent ccpage-pid-267 ccpage-parent-2-zug\"><h3 class=\"ccpage_title\" title=\"GW-L1 Gefahrgut\">GW-L1 Gefahrgut<\/h3><img loading=\"lazy\" decoding=\"async\" width=\"300\" height=\"200\" src=\"https:\/\/www.ff-sarstedt.de\/stadt\/wp-content\/uploads\/2015\/12\/DSC_7887-300x200.jpg\" class=\"cc-child-pages-thumb wp-post-image\" alt=\"GW-L1 Gefahrgut\" title=\"GW-L1 Gefahrgut\" \/><div class=\"ccpages_excerpt\">Der Ger\u00e4tewagen Logistik ist das Materialfahrzeug f\u00fcr ABC-Eins\u00e4tze der Ortsfeuerwehr Sarstedt. \u00dcber\u00f6rtlich ist das Fahrzeug im Gefahrgutzug Nord I des...<\/div><p class=\"ccpages_more\"><a href=\"https:\/\/www.ff-sarstedt.de\/stadt\/sarstedt-1\/technik\/2-zug\/gw-l1\"  title=\"weiterlesen...\">weiterlesen...<\/a><\/p><\/div><div class=\"ccchildpage  ccfirst ccodd ccpage-count-7 ccpage-id-27301 ccpage-gw-l-1-nachschub ccpage-has-parent ccpage-pid-267 ccpage-parent-2-zug\"><h3 class=\"ccpage_title\" title=\"GW-L1 Nachschub\">GW-L1 Nachschub<\/h3><img loading=\"lazy\" decoding=\"async\" width=\"300\" height=\"225\" src=\"https:\/\/www.ff-sarstedt.de\/stadt\/wp-content\/uploads\/2023\/05\/IMG_4654-300x225.jpg\" class=\"cc-child-pages-thumb wp-post-image\" alt=\"GW-L1 Nachschub\" title=\"GW-L1 Nachschub\" \/><div class=\"ccpages_excerpt\">Der Ger\u00e4tewagen Logistik ist das Materialfahrzeug f\u00fcr s\u00e4mtliche Eins\u00e4tze der Ortsfeuerwehr Sarstedt. Durch den Einsatz von mehreren Rollwagen ist das...<\/div><p class=\"ccpages_more\"><a href=\"https:\/\/www.ff-sarstedt.de\/stadt\/sarstedt-1\/technik\/2-zug\/gw-l-1-nachschub\"  title=\"weiterlesen...\">weiterlesen...<\/a><\/p><\/div><div class=\"ccchildpage  cclast cceven ccpage-count-8 ccpage-id-612 ccpage-mannschaftstranswagen-mtw ccpage-has-parent ccpage-pid-267 ccpage-parent-2-zug\"><h3 class=\"ccpage_title\" title=\"MTW\">MTW<\/h3><img loading=\"lazy\" decoding=\"async\" width=\"300\" height=\"200\" src=\"https:\/\/www.ff-sarstedt.de\/stadt\/wp-content\/uploads\/2015\/03\/DSC_7695-300x200.jpg\" class=\"cc-child-pages-thumb wp-post-image\" alt=\"MTW\" title=\"MTW\" \/><div class=\"ccpages_excerpt\">Das Fahrzeug wird zum Mannschaftstransport und zur Materialversorgung eingesetzt. Es dient als Zugfahrzeug vom Mehrzweckboot\u00a0und ist das F\u00fchrungsfahrzeug der L\u00f6schgruppe...<\/div><p class=\"ccpages_more\"><a href=\"https:\/\/www.ff-sarstedt.de\/stadt\/sarstedt-1\/technik\/2-zug\/mannschaftstranswagen-mtw\"  title=\"weiterlesen...\">weiterlesen...<\/a><\/p><\/div><div class=\"ccchildpage  ccfirst ccodd ccpage-count-9 ccpage-id-14741 ccpage-boot ccpage-has-parent ccpage-pid-267 ccpage-parent-2-zug\"><h3 class=\"ccpage_title\" title=\"Boot\">Boot<\/h3><img loading=\"lazy\" decoding=\"async\" width=\"300\" height=\"200\" src=\"https:\/\/www.ff-sarstedt.de\/stadt\/wp-content\/uploads\/2017\/06\/DSC_8273-300x200.jpg\" class=\"cc-child-pages-thumb wp-post-image\" alt=\"Boot\" title=\"Boot\" \/><div class=\"ccpages_excerpt\">Das Mehrzweckboot wird vom MTW\u00a0gezogen und kommt sowohl bei Menschen- und Tierrettung als auch bei \u00d6lsch\u00e4den auf Gew\u00e4sser zum Einsatz....<\/div><p class=\"ccpages_more\"><a href=\"https:\/\/www.ff-sarstedt.de\/stadt\/sarstedt-1\/technik\/2-zug\/boot\"  title=\"weiterlesen...\">weiterlesen...<\/a><\/p><\/div><div class=\"ccchildpage  cclast cceven ccpage-count-10 ccpage-id-14738 ccpage-wasserwerfer ccpage-has-parent ccpage-pid-267 ccpage-parent-2-zug\"><h3 class=\"ccpage_title\" title=\"Wasserwerfer\">Wasserwerfer<\/h3><img loading=\"lazy\" decoding=\"async\" width=\"300\" height=\"200\" src=\"https:\/\/www.ff-sarstedt.de\/stadt\/wp-content\/uploads\/2017\/06\/DSC_8333-300x200.jpg\" class=\"cc-child-pages-thumb wp-post-image\" alt=\"Wasserwerfer\" title=\"Wasserwerfer\" \/><div class=\"ccpages_excerpt\">Der Wasserwerfer wird bei Gro\u00dfbr\u00e4nden mit dem\u00a0LF 16-TS\u00a0zur Einsatzstelle gebracht. Angeschafft wurde der Wasserwerfer von Firma Sieger Wellpappe, jetzt Smurfit...<\/div><p class=\"ccpages_more\"><a href=\"https:\/\/www.ff-sarstedt.de\/stadt\/sarstedt-1\/technik\/2-zug\/wasserwerfer\"  title=\"weiterlesen...\">weiterlesen...<\/a><\/p><\/div><\/div>\n","protected":false},"excerpt":{"rendered":"<p>Die Ortsfeuerwehr Sarstedt ist als Schwerpunkt ein eigenst\u00e4ndiger Zug. Sie stellt\u00a0den 2. Zug der Stadtfeuerwehr.<\/p>\n","protected":false},"author":1,"featured_media":14627,"parent":721,"menu_order":0,"comment_status":"closed","ping_status":"closed","template":"side-navigation.php","meta":{"_monsterinsights_skip_tracking":false,"_monsterinsights_sitenote_active":false,"_monsterinsights_sitenote_note":"","_monsterinsights_sitenote_category":0,"footnotes":""},"class_list":["post-267","page","type-page","status-publish","has-post-thumbnail","hentry"],"aioseo_notices":[],"_links":{"self":[{"href":"https:\/\/www.ff-sarstedt.de\/stadt\/wp-json\/wp\/v2\/pages\/267","targetHints":{"allow":["GET"]}}],"collection":[{"href":"https:\/\/www.ff-sarstedt.de\/stadt\/wp-json\/wp\/v2\/pages"}],"about":[{"href":"https:\/\/www.ff-sarstedt.de\/stadt\/wp-json\/wp\/v2\/types\/page"}],"author":[{"embeddable":true,"href":"https:\/\/www.ff-sarstedt.de\/stadt\/wp-json\/wp\/v2\/users\/1"}],"replies":[{"embeddable":true,"href":"https:\/\/www.ff-sarstedt.de\/stadt\/wp-json\/wp\/v2\/comments?post=267"}],"version-history":[{"count":0,"href":"https:\/\/www.ff-sarstedt.de\/stadt\/wp-json\/wp\/v2\/pages\/267\/revisions"}],"up":[{"embeddable":true,"href":"https:\/\/www.ff-sarstedt.de\/stadt\/wp-json\/wp\/v2\/pages\/721"}],"wp:featuredmedia":[{"embeddable":true,"href":"https:\/\/www.ff-sarstedt.de\/stadt\/wp-json\/wp\/v2\/media\/14627"}],"wp:attachment":[{"href":"https:\/\/www.ff-sarstedt.de\/stadt\/wp-json\/wp\/v2\/media?parent=267"}],"curies":[{"name":"wp","href":"https:\/\/api.w.org\/{rel}","templated":true}]}}