{"id":27301,"date":"2023-03-11T11:08:46","date_gmt":"2023-03-11T10:08:46","guid":{"rendered":"https:\/\/www.ff-sarstedt.de\/stadt\/?page_id=27301"},"modified":"2025-04-08T09:50:51","modified_gmt":"2025-04-08T07:50:51","slug":"gw-l-1-nachschub","status":"publish","type":"page","link":"https:\/\/www.ff-sarstedt.de\/stadt\/sarstedt-1\/technik\/2-zug\/gw-l-1-nachschub","title":{"rendered":"GW-L1 Nachschub"},"content":{"rendered":"\n<p>Der Ger\u00e4tewagen Logistik ist das Materialfahrzeug f\u00fcr s\u00e4mtliche Eins\u00e4tze der Ortsfeuerwehr Sarstedt. Durch den Einsatz von mehreren Rollwagen ist das Fahrzeug variabel einsetzbar. Es kann je nach Einsatzlage schnell \u00fcber die Ladebordwand neu best\u00fcckt werden.<\/p>\n\n\n\n<h3 class=\"wp-block-heading\">&nbsp;Technische Daten<\/h3>\n\n\n\n<p>Rufname:&nbsp;Florian Hildesheim Land 11\/64\/21<\/p>\n\n\n\n<p>Baujahr: 2019<\/p>\n\n\n\n<p>Indienststellung: 2023<\/p>\n\n\n\n<p>Fahrgestell: Iveco Daily 7,2to <\/p>\n\n\n\n<p>Besatzung: 1\/2<\/p>\n\n\n\n<h3 class=\"wp-block-heading\">Die Besonderheiten dieses Fahrzeuges<\/h3>\n\n\n\n<ul class=\"wp-block-list\">\n<li>Fahrzeug-Gesamtgewicht 7,2t \/ 179PS<\/li>\n\n\n\n<li>Automatikgetriebe<\/li>\n\n\n\n<li>R\u00fcckfahrkamera<\/li>\n\n\n\n<li>Rettbox f\u00fcr Stromeinspeisung<\/li>\n\n\n\n<li>Heckwarnsystem (gelbe LED\u00b4s)<\/li>\n\n\n\n<li>Rollwagen f\u00fcr Einsatzstellenhygiene<\/li>\n\n\n\n<li>Rollwagen mit Stromerzeuger (5KVA) und Beleuchtungsmaterial<\/li>\n\n\n\n<li>Rollwagen mit Wassersauger und Chiemseepumpe<\/li>\n\n\n\n<li>Rollwagen mit \u00d6lschadenbeseitigung<\/li>\n\n\n\n<li>Rollwagen mit Tragkraftspritze und Zubeh\u00f6r<\/li>\n\n\n\n<li>div. Materialien f\u00fcr die Verkehrsabsicherung<\/li>\n\n\n\n<li>alle Rollwagen mit Reflexmarkierung<\/li>\n<\/ul>\n\n\n\n\n\n<figure class=\"wp-block-gallery has-nested-images columns-default is-cropped wp-block-gallery-1 is-layout-flex wp-block-gallery-is-layout-flex\">\n<figure class=\"wp-block-image size-large\"><a href=\"https:\/\/www.ff-sarstedt.de\/stadt\/wp-content\/uploads\/2023\/05\/IMG_4654-1-scaled.jpg\" rel=\"lightbox[27301]\"><img loading=\"lazy\" decoding=\"async\" width=\"1200\" height=\"900\" data-id=\"27553\" src=\"https:\/\/www.ff-sarstedt.de\/stadt\/wp-content\/uploads\/2023\/05\/IMG_4654-1-1200x900.jpg\" alt=\"\" class=\"wp-image-27553\"\/><\/a><\/figure>\n\n\n\n<figure class=\"wp-block-image size-large\"><a href=\"https:\/\/www.ff-sarstedt.de\/stadt\/wp-content\/uploads\/2023\/05\/IMG_4658-scaled.jpg\" rel=\"lightbox[27301]\"><img loading=\"lazy\" decoding=\"async\" width=\"1200\" height=\"900\" data-id=\"27560\" src=\"https:\/\/www.ff-sarstedt.de\/stadt\/wp-content\/uploads\/2023\/05\/IMG_4658-1200x900.jpg\" alt=\"\" class=\"wp-image-27560\"\/><\/a><\/figure>\n\n\n\n<figure class=\"wp-block-image size-large\"><a href=\"https:\/\/www.ff-sarstedt.de\/stadt\/wp-content\/uploads\/2023\/05\/IMG_4662-scaled.jpg\" rel=\"lightbox[27301]\"><img loading=\"lazy\" decoding=\"async\" width=\"1200\" height=\"900\" data-id=\"27554\" src=\"https:\/\/www.ff-sarstedt.de\/stadt\/wp-content\/uploads\/2023\/05\/IMG_4662-1200x900.jpg\" alt=\"\" class=\"wp-image-27554\"\/><\/a><\/figure>\n\n\n\n<figure class=\"wp-block-image size-large\"><a href=\"https:\/\/www.ff-sarstedt.de\/stadt\/wp-content\/uploads\/2023\/05\/IMG_4668-scaled.jpg\" rel=\"lightbox[27301]\"><img loading=\"lazy\" decoding=\"async\" width=\"1200\" height=\"900\" data-id=\"27557\" src=\"https:\/\/www.ff-sarstedt.de\/stadt\/wp-content\/uploads\/2023\/05\/IMG_4668-1200x900.jpg\" alt=\"\" class=\"wp-image-27557\"\/><\/a><\/figure>\n\n\n\n<figure class=\"wp-block-image size-large\"><a href=\"https:\/\/www.ff-sarstedt.de\/stadt\/wp-content\/uploads\/2023\/05\/IMG_4671-scaled.jpg\" rel=\"lightbox[27301]\"><img loading=\"lazy\" decoding=\"async\" width=\"1200\" height=\"900\" data-id=\"27555\" src=\"https:\/\/www.ff-sarstedt.de\/stadt\/wp-content\/uploads\/2023\/05\/IMG_4671-1200x900.jpg\" alt=\"\" class=\"wp-image-27555\"\/><\/a><\/figure>\n\n\n\n<figure class=\"wp-block-image size-large\"><a href=\"https:\/\/www.ff-sarstedt.de\/stadt\/wp-content\/uploads\/2023\/05\/IMG_4675-scaled.jpg\" rel=\"lightbox[27301]\"><img loading=\"lazy\" decoding=\"async\" width=\"900\" height=\"1200\" data-id=\"27558\" src=\"https:\/\/www.ff-sarstedt.de\/stadt\/wp-content\/uploads\/2023\/05\/IMG_4675-900x1200.jpg\" alt=\"\" class=\"wp-image-27558\"\/><\/a><\/figure>\n\n\n\n<figure class=\"wp-block-image size-large\"><a href=\"https:\/\/www.ff-sarstedt.de\/stadt\/wp-content\/uploads\/2023\/05\/IMG_4680-scaled.jpg\" rel=\"lightbox[27301]\"><img loading=\"lazy\" decoding=\"async\" width=\"1200\" height=\"900\" data-id=\"27556\" src=\"https:\/\/www.ff-sarstedt.de\/stadt\/wp-content\/uploads\/2023\/05\/IMG_4680-1200x900.jpg\" alt=\"\" class=\"wp-image-27556\"\/><\/a><\/figure>\n\n\n\n<figure class=\"wp-block-image size-large\"><a href=\"https:\/\/www.ff-sarstedt.de\/stadt\/wp-content\/uploads\/2023\/05\/IMG_4685-scaled.jpg\" rel=\"lightbox[27301]\"><img loading=\"lazy\" decoding=\"async\" width=\"1200\" height=\"900\" data-id=\"27559\" src=\"https:\/\/www.ff-sarstedt.de\/stadt\/wp-content\/uploads\/2023\/05\/IMG_4685-1200x900.jpg\" alt=\"\" class=\"wp-image-27559\"\/><\/a><\/figure>\n<\/figure>\n","protected":false},"excerpt":{"rendered":"<p>Der Ger\u00e4tewagen Logistik ist das Materialfahrzeug f\u00fcr s\u00e4mtliche Eins\u00e4tze der Ortsfeuerwehr Sarstedt. Durch den Einsatz von mehreren Rollwagen ist das Fahrzeug variabel einsetzbar. Es kann je nach Einsatzlage schnell \u00fcber die Ladebordwand neu best\u00fcckt werden. &nbsp;Technische Daten Rufname:&nbsp;Florian Hildesheim Land 11\/64\/21 Baujahr: 2019 Indienststellung: 2023 Fahrgestell: Iveco Daily 7,2to Besatzung: 1\/2 Die Besonderheiten dieses Fahrzeuges<\/p>\n","protected":false},"author":18,"featured_media":27552,"parent":267,"menu_order":50,"comment_status":"closed","ping_status":"closed","template":"","meta":{"_monsterinsights_skip_tracking":false,"_monsterinsights_sitenote_active":false,"_monsterinsights_sitenote_note":"","_monsterinsights_sitenote_category":0,"footnotes":""},"class_list":["post-27301","page","type-page","status-publish","has-post-thumbnail","hentry"],"aioseo_notices":[],"_links":{"self":[{"href":"https:\/\/www.ff-sarstedt.de\/stadt\/wp-json\/wp\/v2\/pages\/27301","targetHints":{"allow":["GET"]}}],"collection":[{"href":"https:\/\/www.ff-sarstedt.de\/stadt\/wp-json\/wp\/v2\/pages"}],"about":[{"href":"https:\/\/www.ff-sarstedt.de\/stadt\/wp-json\/wp\/v2\/types\/page"}],"author":[{"embeddable":true,"href":"https:\/\/www.ff-sarstedt.de\/stadt\/wp-json\/wp\/v2\/users\/18"}],"replies":[{"embeddable":true,"href":"https:\/\/www.ff-sarstedt.de\/stadt\/wp-json\/wp\/v2\/comments?post=27301"}],"version-history":[{"count":3,"href":"https:\/\/www.ff-sarstedt.de\/stadt\/wp-json\/wp\/v2\/pages\/27301\/revisions"}],"predecessor-version":[{"id":29764,"href":"https:\/\/www.ff-sarstedt.de\/stadt\/wp-json\/wp\/v2\/pages\/27301\/revisions\/29764"}],"up":[{"embeddable":true,"href":"https:\/\/www.ff-sarstedt.de\/stadt\/wp-json\/wp\/v2\/pages\/267"}],"wp:featuredmedia":[{"embeddable":true,"href":"https:\/\/www.ff-sarstedt.de\/stadt\/wp-json\/wp\/v2\/media\/27552"}],"wp:attachment":[{"href":"https:\/\/www.ff-sarstedt.de\/stadt\/wp-json\/wp\/v2\/media?parent=27301"}],"curies":[{"name":"wp","href":"https:\/\/api.w.org\/{rel}","templated":true}]}}