{"id":29556,"date":"2025-02-16T13:42:32","date_gmt":"2025-02-16T12:42:32","guid":{"rendered":"https:\/\/www.ff-sarstedt.de\/stadt\/?page_id=29556"},"modified":"2025-02-16T16:17:30","modified_gmt":"2025-02-16T15:17:30","slug":"feuerwehrfahne","status":"publish","type":"page","link":"https:\/\/www.ff-sarstedt.de\/stadt\/schliekum\/wir-ueber-uns\/feuerwehrfahne","title":{"rendered":"Feuerwehrfahne"},"content":{"rendered":"\n<p>122 Jahre nach der Gr\u00fcndung hat die Feuerwehr Schliekum im Jahr 2024 ihre erste Feuerwehrfahne angeschafft.<\/p>\n\n\n\n<h3>Bedeutung<\/h3>\n<p>Die Definition einer Fahne lautet wie folgt: Ein einfarbiges oder mehrfarbiges, oft mit Sinnbildern gekennzeichnetes, symbolhaftes Tuch, das an einer Stange befestigt ist.<\/p>\n<p>Eine Feuerwehrfahne ist jedoch mehr als ein Tuch an der Stange. Sie ist ein <strong>Symbol f\u00fcr den Zusammenschluss<\/strong> einer Gemeinschaft von Menschen, die anderen Menschen in Not helfen.<\/p>\n<p>Sie ist ein <strong>Symbol der Verbundenheit<\/strong>. Zum einen der Verbundenheit zu dieser Gemeinschaft, die besonders gefordert ist, wenn Mitmenschen mit ihrem Hab und Gut in Gefahr geraten und dringend Hilfe und Beistand brauchen. Zum anderen zeigt sie die Verbundenheit der Feuerwehr zu unserem Ort Schliekum.<\/p>\n<p>Sie ist auch ein <strong>Bekenntnis zu den Grundwerten<\/strong> der Feuerwehr: Kameradschaft, Pflichtbewusstsein und st\u00e4ndige Bereitschaft, selbstlos und ehrenamtlich in der Freizeit Hilfe zu leisten, Menschen- und Tierleben sowie Sachwerte zu retten, Br\u00e4nde zu l\u00f6schen und weitere Gefahren zu beseitigen. Gott zur Ehr dem N\u00e4chsten zur Wehr. Leider ist das in der heutigen Zeit nicht mehr selbstverst\u00e4ndlich.<\/p>\n<p>Und dar\u00fcber hinaus ist sie <strong>etwas ganz Besonderes<\/strong>: Ein Unikat, das hei\u00dft, es gibt sie kein zweites Mal. Sie repr\u00e4sentiert auf einzigartige Weise die Feuerwehr Schliekum. Sie verbindet die Tradition des Feuerwehrl\u00f6schwesens und das moderne Feuerl\u00f6schwesen.<\/p>\n\n\n\n<h3>Entstehung<\/h3>\n<p>Alles begann im Winter 2018\/2019. Im Skiurlaub sah Ortsbrandmeister Lars Brinkmann auf einem Plakat die Vorank\u00fcndigung f\u00fcr die <strong>23. Internationale Feuerwehr Sternfahrt<\/strong>, die Himmelfahrt 2019 in Dorfgastein in \u00d6sterreich stattfinden sollte. Bis dahin hatte von einer solchen Sternfahrt noch keiner in Schliekum etwas geh\u00f6rt. Aus einer fixen Idee wurde Realit\u00e4t. Die Feuerwehr Schliekum nahm neben vielen anderen Feuerwehren aus ganz Europa mit einer Abordnung an der Sternfahrt in \u00d6sterreich teil. Beim Festumzug stellten die Schliekumer fest, dass sie eine der wenigen Feuerwehren waren, die keine Feuerwehrfahne hatten. Erste Gedanken an eine eigene Feuerwehrfahne waren geboren. Denn an der n\u00e4chsten Sternfahrt zwei Jahre sp\u00e4ter sollte wieder teilgenommen werden. Doch dann kam Corona&#8230;<\/p>\n<p>2022 wurde die Feuerwehr Schliekum zum <strong>140-j\u00e4hrigen Stiftungsfest<\/strong> der Freiwilligen Feuerwehr <strong>Unterleinach<\/strong> eingeladen; der Feuerwehr eines ehemaligen Kameraden. Also machte sich eine Abordnung auf den Weg in Richtung W\u00fcrzburg. Beim Festumzug musste die Schliekumer Abordnung dann feststellen, dass die Feuerwehr Schliekum die einzige Feuerwehr war, die keine Feuerwehrfahne hatte. Bei den Teilnehmern stand fest: Eine Feuerwehrfahne muss her.<\/p>\n<p>Ein <strong>Arbeitskreis<\/strong> wurde gebildet und Kontakt zu einem Hersteller aufgenommen. Was soll auf die Fahne drauf? Der erste Gedanke: Nat\u00fcrlich die Leinebr\u00fccke. Die Planungen gingen weiter. Verschiedene Entw\u00fcrfe wurden gesichtet, aus den vielen Entw\u00fcrfen wurde einer gebastelt, Anpassungen wurden vorgenommen, Schriftarten diskutiert. Im November 2023 kamen schlie\u00dflich die Originalentw\u00fcrfe im Ma\u00dfstab 1:1. Letzte \u00c4nderungen wurden vorgenommen. Im Dezember 2023 wurden die Entw\u00fcrfe freigegeben.<\/p>\n<p>Am 27. April 2024 wurde die Fahne schlie\u00dflich beim Hersteller Fahnen K\u00f6ssinger in Schierling bei Regensburg abgeholt.<\/p>\n\n\t\t<style type=\"text\/css\">\n\t\t\t#gallery-1 {\n\t\t\t\tmargin: auto;\n\t\t\t}\n\t\t\t#gallery-1 .gallery-item {\n\t\t\t\tfloat: left;\n\t\t\t\tmargin-top: 10px;\n\t\t\t\ttext-align: center;\n\t\t\t\twidth: 33%;\n\t\t\t}\n\t\t\t#gallery-1 img {\n\t\t\t\tborder: 2px solid #cfcfcf;\n\t\t\t}\n\t\t\t#gallery-1 .gallery-caption {\n\t\t\t\tmargin-left: 0;\n\t\t\t}\n\t\t\t\/* see gallery_shortcode() in wp-includes\/media.php *\/\n\t\t<\/style>\n\t\t<div id='gallery-1' class='gallery galleryid-29556 gallery-columns-3 gallery-size-thumbnail'><dl class='gallery-item'>\n\t\t\t<dt class='gallery-icon portrait'>\n\t\t\t\t<a rel=\"prettyPhoto[postimages]\" href='https:\/\/www.ff-sarstedt.de\/stadt\/wp-content\/uploads\/2025\/02\/2023-12-07-22.36.29-scaled.jpg'><img loading=\"lazy\" decoding=\"async\" width=\"150\" height=\"150\" src=\"https:\/\/www.ff-sarstedt.de\/stadt\/wp-content\/uploads\/2025\/02\/2023-12-07-22.36.29-150x150.jpg\" class=\"attachment-thumbnail size-thumbnail\" alt=\"\" \/><\/a>\n\t\t\t<\/dt><\/dl><dl class='gallery-item'>\n\t\t\t<dt class='gallery-icon portrait'>\n\t\t\t\t<a rel=\"prettyPhoto[postimages]\" href='https:\/\/www.ff-sarstedt.de\/stadt\/wp-content\/uploads\/2025\/02\/2023-12-07-22.36.20-scaled.jpg'><img loading=\"lazy\" decoding=\"async\" width=\"150\" height=\"150\" src=\"https:\/\/www.ff-sarstedt.de\/stadt\/wp-content\/uploads\/2025\/02\/2023-12-07-22.36.20-150x150.jpg\" class=\"attachment-thumbnail size-thumbnail\" alt=\"\" \/><\/a>\n\t\t\t<\/dt><\/dl><dl class='gallery-item'>\n\t\t\t<dt class='gallery-icon landscape'>\n\t\t\t\t<a rel=\"prettyPhoto[postimages]\" href='https:\/\/www.ff-sarstedt.de\/stadt\/wp-content\/uploads\/2025\/02\/IMG_0474-scaled.jpg'><img loading=\"lazy\" decoding=\"async\" width=\"150\" height=\"150\" src=\"https:\/\/www.ff-sarstedt.de\/stadt\/wp-content\/uploads\/2025\/02\/IMG_0474-150x150.jpg\" class=\"attachment-thumbnail size-thumbnail\" alt=\"\" \/><\/a>\n\t\t\t<\/dt><\/dl><br style=\"clear: both\" \/><dl class='gallery-item'>\n\t\t\t<dt class='gallery-icon landscape'>\n\t\t\t\t<a rel=\"prettyPhoto[postimages]\" href='https:\/\/www.ff-sarstedt.de\/stadt\/wp-content\/uploads\/2025\/02\/IMG_0481-scaled.jpg'><img loading=\"lazy\" decoding=\"async\" width=\"150\" height=\"150\" src=\"https:\/\/www.ff-sarstedt.de\/stadt\/wp-content\/uploads\/2025\/02\/IMG_0481-150x150.jpg\" class=\"attachment-thumbnail size-thumbnail\" alt=\"\" \/><\/a>\n\t\t\t<\/dt><\/dl><dl class='gallery-item'>\n\t\t\t<dt class='gallery-icon landscape'>\n\t\t\t\t<a rel=\"prettyPhoto[postimages]\" href='https:\/\/www.ff-sarstedt.de\/stadt\/wp-content\/uploads\/2025\/02\/IMG_0476-scaled.jpg'><img loading=\"lazy\" decoding=\"async\" width=\"150\" height=\"150\" src=\"https:\/\/www.ff-sarstedt.de\/stadt\/wp-content\/uploads\/2025\/02\/IMG_0476-150x150.jpg\" class=\"attachment-thumbnail size-thumbnail\" alt=\"\" \/><\/a>\n\t\t\t<\/dt><\/dl>\n\t\t\t<br style='clear: both' \/>\n\t\t<\/div>\n\n\n\n\n<h3>Aussehen<\/h3>\n\n\n\n<p>Die Farben rot und blau sind die klassischen Farben der Feuerwehr.<\/p>\n<p>Im Zentrum der <strong>roten Seite<\/strong> steht der Heilige Florian, der Schutzpatron der Feuerwehr, der sch\u00fctzend die Hand \u00fcber die Christophoruskapelle h\u00e4lt und vom Leitspruch der Feuerwehr \u201eGott zur Ehr, dem N\u00e4chsten zur Wehr\u201c umrandet ist. Im oberen Bereich sind Ausr\u00fcstungsgegenst\u00e4nde abgebildet: Historische Beile und ein moderner Helm als Zeichen der Verbindung von Tradition und Moderne. Im unteren Bereich findet sich ein gro\u00dfer und ein kleiner Feuerwehrmann bzw. -frau, die gemeinsam l\u00f6schen. Ein Zeichen daf\u00fcr, dass sich die Feuerwehr Schliekum als eine Feuerwehr versteht: Gemeinsam \u00fcber alle Abteilungen zusammenarbeitet, ob gro\u00df, ob klein, ob alt, ob jung.<\/p>\n<p>Auf der <strong>blauen Seite<\/strong> ist im Zentrum die Leinebr\u00fccke abgebildet. Die Leinebr\u00fccke pr\u00e4gt das Schliekumer Ortsbild seit Jahrzehnten und ist aus dem richtigen Blickwinkel betrachtet ein echter Hingucker. Zudem ist sie Schauplatz zahlreicher Treibguteins\u00e4tze gewesen. Die blaue Seite tr\u00e4gt auch den Namen der Feuerwehr sowie das Gr\u00fcndungsjahr 1902. Des Weiteren findet sich im unteren Bereich das Schliekumer Ortswappen und im oberen Bereich noch einmal die stilisierten Feuerwehrm\u00e4nner bzw. -frauen.<\/p>\n\n\n\n\n\t\t<style type=\"text\/css\">\n\t\t\t#gallery-2 {\n\t\t\t\tmargin: auto;\n\t\t\t}\n\t\t\t#gallery-2 .gallery-item {\n\t\t\t\tfloat: left;\n\t\t\t\tmargin-top: 10px;\n\t\t\t\ttext-align: center;\n\t\t\t\twidth: 50%;\n\t\t\t}\n\t\t\t#gallery-2 img {\n\t\t\t\tborder: 2px solid #cfcfcf;\n\t\t\t}\n\t\t\t#gallery-2 .gallery-caption {\n\t\t\t\tmargin-left: 0;\n\t\t\t}\n\t\t\t\/* see gallery_shortcode() in wp-includes\/media.php *\/\n\t\t<\/style>\n\t\t<div id='gallery-2' class='gallery galleryid-29556 gallery-columns-2 gallery-size-thumbnail'><dl class='gallery-item'>\n\t\t\t<dt class='gallery-icon landscape'>\n\t\t\t\t<a rel=\"prettyPhoto[postimages]\" href='https:\/\/www.ff-sarstedt.de\/stadt\/wp-content\/uploads\/2025\/02\/IMG_5995-scaled.jpg'><img loading=\"lazy\" decoding=\"async\" width=\"150\" height=\"150\" src=\"https:\/\/www.ff-sarstedt.de\/stadt\/wp-content\/uploads\/2025\/02\/IMG_5995-150x150.jpg\" class=\"attachment-thumbnail size-thumbnail\" alt=\"\" \/><\/a>\n\t\t\t<\/dt><\/dl><dl class='gallery-item'>\n\t\t\t<dt class='gallery-icon landscape'>\n\t\t\t\t<a rel=\"prettyPhoto[postimages]\" href='https:\/\/www.ff-sarstedt.de\/stadt\/wp-content\/uploads\/2025\/02\/IMG_5991-scaled.jpg'><img loading=\"lazy\" decoding=\"async\" width=\"150\" height=\"150\" src=\"https:\/\/www.ff-sarstedt.de\/stadt\/wp-content\/uploads\/2025\/02\/IMG_5991-150x150.jpg\" class=\"attachment-thumbnail size-thumbnail\" alt=\"\" \/><\/a>\n\t\t\t<\/dt><\/dl><br style=\"clear: both\" \/>\n\t\t<\/div>\n\n\n\n\n<h3>Feierliche Fahnenweihe<\/h3>\n\n\n\n<p>Die feierliche Fahnenweihe erfolgte am 28. April 2024 auf dem Heinrich-Rohlfs-Platz vor dem Feuerwehrger\u00e4tehaus. Hierzu waren zahlreiche G\u00e4ste der Einladung gefolgt, unter anderem B\u00fcrgermeisterin Heike Brennecke, Stadtbrandmeister Jens Klug, Vertreter der \u00f6rtlichen Vereine und Verb\u00e4nde, Vertreter der Ortsfeuerwehren des Stadtgebiets sowie zahlreiche B\u00fcrgerinnen und B\u00fcrger.<\/p>\n<p>Die Patenschaft f\u00fcr die neue Feuerwehrfahne wurde von der Sch\u00fctzengilde von 1952 e. V. \u00fcbernommen. Daher wurde die zusammengerollte neue Feuerwehrfahne zun\u00e4chst von der Sch\u00fctzengilde an das Fahnenkommando der Feuerwehr \u00fcbergeben. Das Fahnenkommando \u00fcbernahm die Fahne und entrollte sie. Anschlie\u00dfend wurde die neue Fahne geweiht und die Ehrenb\u00e4nder an die Feuerwehrfahne sowie an die Patenfahne der Sch\u00fctzengilde geheftet.<\/p>\n\n\t\t<style type=\"text\/css\">\n\t\t\t#gallery-3 {\n\t\t\t\tmargin: auto;\n\t\t\t}\n\t\t\t#gallery-3 .gallery-item {\n\t\t\t\tfloat: left;\n\t\t\t\tmargin-top: 10px;\n\t\t\t\ttext-align: center;\n\t\t\t\twidth: 33%;\n\t\t\t}\n\t\t\t#gallery-3 img {\n\t\t\t\tborder: 2px solid #cfcfcf;\n\t\t\t}\n\t\t\t#gallery-3 .gallery-caption {\n\t\t\t\tmargin-left: 0;\n\t\t\t}\n\t\t\t\/* see gallery_shortcode() in wp-includes\/media.php *\/\n\t\t<\/style>\n\t\t<div id='gallery-3' class='gallery galleryid-29556 gallery-columns-3 gallery-size-thumbnail'><dl class='gallery-item'>\n\t\t\t<dt class='gallery-icon landscape'>\n\t\t\t\t<a rel=\"prettyPhoto[postimages]\" href='https:\/\/www.ff-sarstedt.de\/stadt\/wp-content\/uploads\/2025\/02\/IMG_5972-scaled.jpg'><img loading=\"lazy\" decoding=\"async\" width=\"150\" height=\"150\" src=\"https:\/\/www.ff-sarstedt.de\/stadt\/wp-content\/uploads\/2025\/02\/IMG_5972-150x150.jpg\" class=\"attachment-thumbnail size-thumbnail\" alt=\"\" \/><\/a>\n\t\t\t<\/dt><\/dl><dl class='gallery-item'>\n\t\t\t<dt class='gallery-icon landscape'>\n\t\t\t\t<a rel=\"prettyPhoto[postimages]\" href='https:\/\/www.ff-sarstedt.de\/stadt\/wp-content\/uploads\/2025\/02\/IMG_5979-scaled.jpg'><img loading=\"lazy\" decoding=\"async\" width=\"150\" height=\"150\" src=\"https:\/\/www.ff-sarstedt.de\/stadt\/wp-content\/uploads\/2025\/02\/IMG_5979-150x150.jpg\" class=\"attachment-thumbnail size-thumbnail\" alt=\"\" \/><\/a>\n\t\t\t<\/dt><\/dl><dl class='gallery-item'>\n\t\t\t<dt class='gallery-icon landscape'>\n\t\t\t\t<a rel=\"prettyPhoto[postimages]\" href='https:\/\/www.ff-sarstedt.de\/stadt\/wp-content\/uploads\/2025\/02\/IMG_5968-scaled.jpg'><img loading=\"lazy\" decoding=\"async\" width=\"150\" height=\"150\" src=\"https:\/\/www.ff-sarstedt.de\/stadt\/wp-content\/uploads\/2025\/02\/IMG_5968-150x150.jpg\" class=\"attachment-thumbnail size-thumbnail\" alt=\"\" \/><\/a>\n\t\t\t<\/dt><\/dl><br style=\"clear: both\" \/><dl class='gallery-item'>\n\t\t\t<dt class='gallery-icon landscape'>\n\t\t\t\t<a rel=\"prettyPhoto[postimages]\" href='https:\/\/www.ff-sarstedt.de\/stadt\/wp-content\/uploads\/2025\/02\/IMG_5975-scaled.jpg'><img loading=\"lazy\" decoding=\"async\" width=\"150\" height=\"150\" src=\"https:\/\/www.ff-sarstedt.de\/stadt\/wp-content\/uploads\/2025\/02\/IMG_5975-150x150.jpg\" class=\"attachment-thumbnail size-thumbnail\" alt=\"\" \/><\/a>\n\t\t\t<\/dt><\/dl><dl class='gallery-item'>\n\t\t\t<dt class='gallery-icon landscape'>\n\t\t\t\t<a rel=\"prettyPhoto[postimages]\" href='https:\/\/www.ff-sarstedt.de\/stadt\/wp-content\/uploads\/2025\/02\/IMG_5977-scaled.jpg'><img loading=\"lazy\" decoding=\"async\" width=\"150\" height=\"150\" src=\"https:\/\/www.ff-sarstedt.de\/stadt\/wp-content\/uploads\/2025\/02\/IMG_5977-150x150.jpg\" class=\"attachment-thumbnail size-thumbnail\" alt=\"\" \/><\/a>\n\t\t\t<\/dt><\/dl><dl class='gallery-item'>\n\t\t\t<dt class='gallery-icon landscape'>\n\t\t\t\t<a rel=\"prettyPhoto[postimages]\" href='https:\/\/www.ff-sarstedt.de\/stadt\/wp-content\/uploads\/2025\/02\/IMG_5990-scaled.jpg'><img loading=\"lazy\" decoding=\"async\" width=\"150\" height=\"150\" src=\"https:\/\/www.ff-sarstedt.de\/stadt\/wp-content\/uploads\/2025\/02\/IMG_5990-150x150.jpg\" class=\"attachment-thumbnail size-thumbnail\" alt=\"\" \/><\/a>\n\t\t\t<\/dt><\/dl><br style=\"clear: both\" \/><dl class='gallery-item'>\n\t\t\t<dt class='gallery-icon portrait'>\n\t\t\t\t<a rel=\"prettyPhoto[postimages]\" href='https:\/\/www.ff-sarstedt.de\/stadt\/wp-content\/uploads\/2025\/02\/IMG_6088-scaled.jpg'><img loading=\"lazy\" decoding=\"async\" width=\"100\" height=\"150\" src=\"https:\/\/www.ff-sarstedt.de\/stadt\/wp-content\/uploads\/2025\/02\/IMG_6088-scaled.jpg\" class=\"attachment-thumbnail size-thumbnail\" alt=\"\" \/><\/a>\n\t\t\t<\/dt><\/dl>\n\t\t\t<br style='clear: both' \/>\n\t\t<\/div>\n\n","protected":false},"excerpt":{"rendered":"<p>122 Jahre nach der Gr\u00fcndung hat die Feuerwehr Schliekum im Jahr 2024 ihre erste Feuerwehrfahne angeschafft. Bedeutung Die Definition einer Fahne lautet wie folgt: Ein einfarbiges oder mehrfarbiges, oft mit Sinnbildern gekennzeichnetes, symbolhaftes Tuch, das an einer Stange befestigt ist. Eine Feuerwehrfahne ist jedoch mehr als ein Tuch an der Stange. Sie ist ein Symbol [&hellip;]<\/p>\n","protected":false},"author":19,"featured_media":29600,"parent":1714,"menu_order":25,"comment_status":"closed","ping_status":"closed","template":"","meta":{"_monsterinsights_skip_tracking":false,"_monsterinsights_sitenote_active":false,"_monsterinsights_sitenote_note":"","_monsterinsights_sitenote_category":0,"footnotes":""},"class_list":["post-29556","page","type-page","status-publish","has-post-thumbnail","hentry"],"aioseo_notices":[],"_links":{"self":[{"href":"https:\/\/www.ff-sarstedt.de\/stadt\/wp-json\/wp\/v2\/pages\/29556","targetHints":{"allow":["GET"]}}],"collection":[{"href":"https:\/\/www.ff-sarstedt.de\/stadt\/wp-json\/wp\/v2\/pages"}],"about":[{"href":"https:\/\/www.ff-sarstedt.de\/stadt\/wp-json\/wp\/v2\/types\/page"}],"author":[{"embeddable":true,"href":"https:\/\/www.ff-sarstedt.de\/stadt\/wp-json\/wp\/v2\/users\/19"}],"replies":[{"embeddable":true,"href":"https:\/\/www.ff-sarstedt.de\/stadt\/wp-json\/wp\/v2\/comments?post=29556"}],"version-history":[{"count":18,"href":"https:\/\/www.ff-sarstedt.de\/stadt\/wp-json\/wp\/v2\/pages\/29556\/revisions"}],"predecessor-version":[{"id":29636,"href":"https:\/\/www.ff-sarstedt.de\/stadt\/wp-json\/wp\/v2\/pages\/29556\/revisions\/29636"}],"up":[{"embeddable":true,"href":"https:\/\/www.ff-sarstedt.de\/stadt\/wp-json\/wp\/v2\/pages\/1714"}],"wp:featuredmedia":[{"embeddable":true,"href":"https:\/\/www.ff-sarstedt.de\/stadt\/wp-json\/wp\/v2\/media\/29600"}],"wp:attachment":[{"href":"https:\/\/www.ff-sarstedt.de\/stadt\/wp-json\/wp\/v2\/media?parent=29556"}],"curies":[{"name":"wp","href":"https:\/\/api.w.org\/{rel}","templated":true}]}}