{"id":426,"date":"2015-03-09T19:46:11","date_gmt":"2015-03-09T18:46:11","guid":{"rendered":"http:\/\/www.ff-sarstedt.de\/stadt\/?page_id=426"},"modified":"2016-03-25T10:01:09","modified_gmt":"2016-03-25T09:01:09","slug":"lf-86-giften","status":"publish","type":"page","link":"https:\/\/www.ff-sarstedt.de\/stadt\/giften\/technik\/lf-86-giften","title":{"rendered":"LF 8\/6 Giften"},"content":{"rendered":"<p>Die Ortsfeuerwehr Giften geh\u00f6rt zum 3. L\u00f6schzug der Stadt Sarstedt. Weiterhin ist der 3. Zug als Dekontaminationseinheit f\u00fcr den Brandschutzabschnitt Nord des Landkreises Hildesheim zust\u00e4ndig.<\/p>\n<div class=\"ueberschrift\">L\u00f6schgruppenfahrzeug (LF 8\/6)<\/div>\n<p><b>Rufname: Florian Hildesheim Land 11\/45\/31<\/b><\/p>\n<p>Rufname alt: Florian Hilburg 11-21<br \/>\nBaujahr 1999<br \/>\nFahrgestell: Mercedes<br \/>\nAufbau: Schlingmann<br \/>\nBesatzung: 1 \/ 8<br \/>\nTankinhalt: 600 Liter<\/p>\n<h3>Bilder<\/h3>\n<p><a href=\"https:\/\/www.ff-sarstedt.de\/stadt\/wp-content\/uploads\/Giften-LF.jpg\" rel=\"lightbox[426]\"><img loading=\"lazy\" decoding=\"async\" class=\"aligncenter wp-image-6796\" src=\"https:\/\/www.ff-sarstedt.de\/stadt\/wp-content\/uploads\/Giften-LF.jpg\" alt=\"Giften LF\" width=\"551\" height=\"551\" \/><\/a><\/p>\n<h3>Beschreibung<\/h3>\n<p>Das L\u00f6schgruppenfahrzeug wird zur Brandbek\u00e4mpfung und Wasserversorgung sowie einfachen technischen Hilfeleistungen eingesetzt. Im Heck des Fahrzeugs ist eine Feuerl\u00f6schkreiselpumpe mit einer Nennf\u00f6rderleistung von 800 l\/min bei 8 bar verbaut. Zus\u00e4tzlich verf\u00fcgt es \u00fcber eine Schnellangriffseinrichtung. In der Mannschaftskabine sind zwei Atemschutzger\u00e4te verlastet. Dadurch kann sich der erste Trupp schon w\u00e4hrend der Anfahrt zur Einsatzstelle damit ausr\u00fcsten.<\/p>\n<p><strong>Besonderheiten dieses Fahrzeugs:<\/strong><br \/>\n\u2013 auf dem Dach montierter Lichtmast<br \/>\n\u2013 Tragkraftspritze (TS 8\/8)<br \/>\n\u2013 Schnellangriffseinrichtung<br \/>\n\u2013 Beleuchtungssatz<br \/>\n\u2013 Stromerzeuger 5 kVA<br \/>\n\u2013 Motorkettens\u00e4ge<br \/>\n\u2013 H\u00f6hen- \/Tiefenrettungssatz<\/p>\n","protected":false},"excerpt":{"rendered":"<p>Die Ortsfeuerwehr Giften geh\u00f6rt zum 3. L\u00f6schzug der Stadt Sarstedt. Weiterhin ist der 3. Zug als Dekontaminationseinheit f\u00fcr den Brandschutzabschnitt Nord des Landkreises Hildesheim zust\u00e4ndig. L\u00f6schgruppenfahrzeug (LF 8\/6) Rufname: Florian Hildesheim Land 11\/45\/31 Rufname alt: Florian Hilburg 11-21 Baujahr 1999 Fahrgestell: Mercedes Aufbau: Schlingmann Besatzung: 1 \/ 8 Tankinhalt: 600 Liter Bilder Beschreibung Das L\u00f6schgruppenfahrzeug [&hellip;]<\/p>\n","protected":false},"author":8,"featured_media":0,"parent":1668,"menu_order":0,"comment_status":"closed","ping_status":"closed","template":"side-navigation.php","meta":{"_monsterinsights_skip_tracking":false,"_monsterinsights_sitenote_active":false,"_monsterinsights_sitenote_note":"","_monsterinsights_sitenote_category":0,"footnotes":""},"class_list":["post-426","page","type-page","status-publish","hentry"],"aioseo_notices":[],"_links":{"self":[{"href":"https:\/\/www.ff-sarstedt.de\/stadt\/wp-json\/wp\/v2\/pages\/426","targetHints":{"allow":["GET"]}}],"collection":[{"href":"https:\/\/www.ff-sarstedt.de\/stadt\/wp-json\/wp\/v2\/pages"}],"about":[{"href":"https:\/\/www.ff-sarstedt.de\/stadt\/wp-json\/wp\/v2\/types\/page"}],"author":[{"embeddable":true,"href":"https:\/\/www.ff-sarstedt.de\/stadt\/wp-json\/wp\/v2\/users\/8"}],"replies":[{"embeddable":true,"href":"https:\/\/www.ff-sarstedt.de\/stadt\/wp-json\/wp\/v2\/comments?post=426"}],"version-history":[{"count":0,"href":"https:\/\/www.ff-sarstedt.de\/stadt\/wp-json\/wp\/v2\/pages\/426\/revisions"}],"up":[{"embeddable":true,"href":"https:\/\/www.ff-sarstedt.de\/stadt\/wp-json\/wp\/v2\/pages\/1668"}],"wp:attachment":[{"href":"https:\/\/www.ff-sarstedt.de\/stadt\/wp-json\/wp\/v2\/media?parent=426"}],"curies":[{"name":"wp","href":"https:\/\/api.w.org\/{rel}","templated":true}]}}