{"id":465,"date":"2015-03-13T21:04:34","date_gmt":"2015-03-13T20:04:34","guid":{"rendered":"http:\/\/www.ff-sarstedt.de\/stadt\/?page_id=465"},"modified":"2020-10-07T19:34:28","modified_gmt":"2020-10-07T17:34:28","slug":"wir-ueber-uns","status":"publish","type":"page","link":"https:\/\/www.ff-sarstedt.de\/stadt\/heisede\/wir-ueber-uns","title":{"rendered":"Wir \u00fcber uns"},"content":{"rendered":"<table>\n<tbody>\n<tr>\n<td width=\"125\"><a href=\"https:\/\/www.ff-sarstedt.de\/stadt\/?page_id=460\"><img loading=\"lazy\" decoding=\"async\" class=\" wp-image-629 size-thumbnail alignleft\" src=\"https:\/\/www.ff-sarstedt.de\/stadt\/wp-content\/uploads\/2015\/07\/news.png\" alt=\"\" width=\"70\" height=\"60\" \/><\/a><\/td>\n<td><a href=\"https:\/\/www.ff-sarstedt.de\/stadt\/?page_id=460\"><span style=\"color: #000000;\">\u27a2 <strong><u>Chronik<\/u><\/strong><\/span><\/a><\/td>\n<td width=\"125\"><a href=\"https:\/\/www.ff-sarstedt.de\/stadt\/?page_id=2547\"><img loading=\"lazy\" decoding=\"async\" class=\" wp-image-629 size-thumbnail alignleft\" src=\"https:\/\/www.ff-sarstedt.de\/stadt\/wp-content\/uploads\/2015\/07\/male.png\" alt=\"\" width=\"70\" height=\"60\" \/><\/a><\/td>\n<td><a href=\"https:\/\/www.ff-sarstedt.de\/stadt\/?page_id=2547\"><span style=\"color: #000000;\">\u27a2 <strong><u>Wehrf\u00fchrer<\/u><\/strong><\/span><\/a><\/td>\n<\/tr>\n<\/tbody>\n<\/table>\n<div class=\"ueberschrift\">Abteilungsbilder<\/div>\n<table>\n<tbody>\n<tr>\n<td>\n<p><div id=\"attachment_2372\" style=\"width: 310px\" class=\"wp-caption aligncenter\"><a href=\"https:\/\/www.ff-sarstedt.de\/stadt\/wp-content\/uploads\/2015\/03\/aktive.jpg\" rel=\"lightbox[465]\"><img loading=\"lazy\" decoding=\"async\" aria-describedby=\"caption-attachment-2372\" class=\"alignnone size-medium wp-image-2372\" src=\"https:\/\/www.ff-sarstedt.de\/stadt\/wp-content\/uploads\/2015\/03\/aktive-300x225.jpg\" alt=\"aktive\" width=\"300\" height=\"225\" \/><\/a><p id=\"caption-attachment-2372\" class=\"wp-caption-text\">Mannschaftsbild<\/p><\/div><\/td>\n<td>\n<p><div id=\"attachment_2373\" style=\"width: 310px\" class=\"wp-caption aligncenter\"><a href=\"https:\/\/www.ff-sarstedt.de\/stadt\/wp-content\/uploads\/2015\/03\/alters.jpg\" rel=\"lightbox[465]\"><img loading=\"lazy\" decoding=\"async\" aria-describedby=\"caption-attachment-2373\" class=\"alignnone size-medium wp-image-2373\" src=\"https:\/\/www.ff-sarstedt.de\/stadt\/wp-content\/uploads\/2015\/03\/alters-300x225.jpg\" alt=\"alters\" width=\"300\" height=\"225\" \/><\/a><p id=\"caption-attachment-2373\" class=\"wp-caption-text\">Alterskammeraden<\/p><\/div><\/td>\n<\/tr>\n<\/tbody>\n<\/table>\n<div id=\"attachment_2374\" style=\"width: 310px\" class=\"wp-caption aligncenter\"><a href=\"https:\/\/www.ff-sarstedt.de\/stadt\/wp-content\/uploads\/2015\/03\/jugend.jpg\" rel=\"lightbox[465]\"><img loading=\"lazy\" decoding=\"async\" aria-describedby=\"caption-attachment-2374\" class=\"alignnone size-medium wp-image-2374\" src=\"https:\/\/www.ff-sarstedt.de\/stadt\/wp-content\/uploads\/2015\/03\/jugend-300x225.jpg\" alt=\"jugend\" width=\"300\" height=\"225\" \/><\/a><p id=\"caption-attachment-2374\" class=\"wp-caption-text\">Jugendfeuerwehr<\/p><\/div>\n<div class=\"ueberschrift\">Feuerwehr Informationen<\/div>\n<p>Unsere Ortsfeuerwehr mit Grundaustattung besitzt ein L\u00f6schgruppen- fahrzeug mit 600 Liter Wassertank (LF 8\/6) und geh\u00f6rt zum 1. L\u00f6schzug der Stadt Sarstedt. Weiterhin ist der 1. Zug Bestandteil der Kreisfeuer- wehrbereitschaft 1 des Landkreises Hildesheim.<\/p>\n<div class=\"ueberschrift\">Allgemeine Informationen<\/div>\n<p><iframe loading=\"lazy\" style=\"border: 0;\" src=\"https:\/\/www.google.com\/maps\/embed?pb=!1m18!1m12!1m3!1d2442.049003797068!2d9.85337725712771!3d52.260655166814246!2m3!1f0!2f0!3f0!3m2!1i1024!2i768!4f13.1!3m3!1m2!1s0x47baa73d0d7f9a37%3A0x520a2ee39d6f186f!2sFasanengarten%2C+31157+Sarstedt!5e0!3m2!1sde!2sde!4v1437263613896\" width=\"600\" height=\"450\" frameborder=\"0\" allowfullscreen=\"allowfullscreen\"><\/iframe><\/p>\n<p>Einwohner : 1069<br \/>\nFl\u00e4che: 451,51<br \/>\nDurch die g\u00fcnstige Verkehrslage des Ortes Heisede, zwischen Hildesheim und Hannover, erbl\u00fchte das Dorf bereits im sp\u00e4ten Mittelalter zu einem reichen Dorf. Hier machten Handelsleute mit ihren pferdegespannten Planwagen und Postkutschen Station, wenn sie vor der Kipphutsh\u00f6he ihre Pferde &#8211; und sich selbst &#8211; tr\u00e4nken wollten.<\/p>\n<div class=\"ueberschrift\">Kontakt<\/div>\n<table>\n<tbody>\n<tr>\n<td width=\"125\"><img loading=\"lazy\" decoding=\"async\" class=\" wp-image-629 size-thumbnail alignleft\" src=\"https:\/\/www.ff-sarstedt.de\/stadt\/wp-content\/uploads\/2015\/04\/male.png\" alt=\"\" width=\"125\" height=\"125\" \/><\/td>\n<td style=\"vertical-align: top;\">\n<h2><b>Ortsbrandmeister<\/b><\/h2>\n<p>Ren\u00e9 Kie\u00dflich<br \/>\nTel.: 01638486077<br \/>\nEmail : ff-heisede@web.de<\/td>\n<\/tr>\n<\/tbody>\n<\/table>\n<table>\n<tbody>\n<tr>\n<td width=\"125\"><img loading=\"lazy\" decoding=\"async\" class=\" wp-image-629 size-thumbnail alignleft\" src=\"https:\/\/www.ff-sarstedt.de\/stadt\/wp-content\/uploads\/2015\/04\/male.png\" alt=\"\" width=\"125\" height=\"125\" \/><\/td>\n<td style=\"vertical-align: top;\">\n<h2><b>stv. Ortsbrandmeister<\/b><\/h2>\n<p>Bianca Fischer-Wedekind<br \/>\nJunkershof 14<br \/>\nTel.: 05066\/819688<br \/>\nEmail : ff-heisede@web.de<\/td>\n<\/tr>\n<\/tbody>\n<\/table>\n<table>\n<tbody>\n<tr>\n<td width=\"125\"><img loading=\"lazy\" decoding=\"async\" class=\" wp-image-629 size-thumbnail alignleft\" src=\"https:\/\/www.ff-sarstedt.de\/stadt\/wp-content\/uploads\/2015\/05\/FW-Haus.png\" alt=\"\" width=\"125\" height=\"125\" \/><\/td>\n<td style=\"vertical-align: top;\">\n<h2><b>Feuerwehrhaus<\/b><\/h2>\n<p>Fasanengarten 35<br \/>\n31157 Heisede<\/td>\n<\/tr>\n<\/tbody>\n<\/table>\n","protected":false},"excerpt":{"rendered":"<p>\u27a2 Chronik \u27a2 Wehrf\u00fchrer Abteilungsbilder Feuerwehr Informationen Unsere Ortsfeuerwehr mit Grundaustattung besitzt ein L\u00f6schgruppen- fahrzeug mit 600 Liter Wassertank (LF 8\/6) und geh\u00f6rt zum 1. L\u00f6schzug der Stadt Sarstedt. Weiterhin ist der 1. Zug Bestandteil der Kreisfeuer- wehrbereitschaft 1 des Landkreises Hildesheim. Allgemeine Informationen Einwohner : 1069 Fl\u00e4che: 451,51 Durch die g\u00fcnstige Verkehrslage des Ortes [&hellip;]<\/p>\n","protected":false},"author":4,"featured_media":0,"parent":56,"menu_order":47,"comment_status":"closed","ping_status":"closed","template":"side-navigation.php","meta":{"_monsterinsights_skip_tracking":false,"_monsterinsights_sitenote_active":false,"_monsterinsights_sitenote_note":"","_monsterinsights_sitenote_category":0,"footnotes":""},"class_list":["post-465","page","type-page","status-publish","hentry"],"aioseo_notices":[],"_links":{"self":[{"href":"https:\/\/www.ff-sarstedt.de\/stadt\/wp-json\/wp\/v2\/pages\/465","targetHints":{"allow":["GET"]}}],"collection":[{"href":"https:\/\/www.ff-sarstedt.de\/stadt\/wp-json\/wp\/v2\/pages"}],"about":[{"href":"https:\/\/www.ff-sarstedt.de\/stadt\/wp-json\/wp\/v2\/types\/page"}],"author":[{"embeddable":true,"href":"https:\/\/www.ff-sarstedt.de\/stadt\/wp-json\/wp\/v2\/users\/4"}],"replies":[{"embeddable":true,"href":"https:\/\/www.ff-sarstedt.de\/stadt\/wp-json\/wp\/v2\/comments?post=465"}],"version-history":[{"count":0,"href":"https:\/\/www.ff-sarstedt.de\/stadt\/wp-json\/wp\/v2\/pages\/465\/revisions"}],"up":[{"embeddable":true,"href":"https:\/\/www.ff-sarstedt.de\/stadt\/wp-json\/wp\/v2\/pages\/56"}],"wp:attachment":[{"href":"https:\/\/www.ff-sarstedt.de\/stadt\/wp-json\/wp\/v2\/media?parent=465"}],"curies":[{"name":"wp","href":"https:\/\/api.w.org\/{rel}","templated":true}]}}