{"id":484,"date":"2015-03-13T21:58:14","date_gmt":"2015-03-13T20:58:14","guid":{"rendered":"http:\/\/www.ff-sarstedt.de\/stadt\/?page_id=484"},"modified":"2016-03-25T10:55:25","modified_gmt":"2016-03-25T09:55:25","slug":"technik","status":"publish","type":"page","link":"https:\/\/www.ff-sarstedt.de\/stadt\/heisede\/technik","title":{"rendered":"Technik"},"content":{"rendered":"<p>Die Ortsfeuerwehr Heisede geh\u00f6rt zum 1. L\u00f6schzug der Stadt Sarstedt. Weiterhin ist der 1. Zug Bestandteil der Kreisfeuerwehrbereitschaft 1 des Landkreises Hildesheim.<\/p>\n<div id=\"ccchildpages-1\" class=\"ccchildpages ccflex onecol cc-child ccclearfix\"><div class=\"ccchildpage  ccodd ccpage-count-1 ccpage-id-489 ccpage-lf-86 ccpage-has-parent ccpage-pid-484 ccpage-parent-technik\"><h3 class=\"ccpage_title\" title=\"L\u00f6schgruppenfahrzeug &#8211; LF 8\/6\">L\u00f6schgruppenfahrzeug &#8211; LF 8\/6<\/h3><img loading=\"lazy\" decoding=\"async\" width=\"200\" height=\"150\" src=\"https:\/\/www.ff-sarstedt.de\/stadt\/wp-content\/uploads\/2015\/07\/lf8-6_thumb.jpg\" class=\"cc-child-pages-thumb wp-post-image\" alt=\"L\u00f6schgruppenfahrzeug &#8211; LF 8\/6\" title=\"L\u00f6schgruppenfahrzeug &#8211; LF 8\/6\" \/><div class=\"ccpages_excerpt\">L\u00f6schgruppenfahrzeug (LF 8\/6) Rufname: Florian Hildesheim Land 11\/45\/13 Rufname alt: Florian Hilburg 11-20 Baujahr 1997 Fahrgestell: Mercedes Aufbau: Schlingmann Besatzung: 1 \/ 8 Tankinhalt: 600 Liter Beschreibung Unser LF 8\/6 kann von einer Besatzung von neun Personen (ein Gruppenf\u00fchrer, acht Mannschafts- mitglieder = L\u00f6schgruppe) gef\u00fchrt werden und besitzt Ausr\u00fcstung f\u00fcr 2 L\u00f6schgruppen. Das Fahrzeug besitzt...<\/div><p class=\"ccpages_more\"><a href=\"https:\/\/www.ff-sarstedt.de\/stadt\/heisede\/technik\/lf-86\"  title=\"weiterlesen...\">weiterlesen...<\/a><\/p><\/div><div class=\"ccchildpage  cceven ccpage-count-2 ccpage-id-496 ccpage-handdruckspritze ccpage-has-parent ccpage-pid-484 ccpage-parent-technik\"><h3 class=\"ccpage_title\" title=\"Handdruckspritze\">Handdruckspritze<\/h3><img loading=\"lazy\" decoding=\"async\" width=\"300\" height=\"205\" src=\"https:\/\/www.ff-sarstedt.de\/stadt\/wp-content\/uploads\/2015\/03\/handdruckspritze_11-300x205.jpg\" class=\"cc-child-pages-thumb wp-post-image\" alt=\"Handdruckspritze\" title=\"Handdruckspritze\" \/><div class=\"ccpages_excerpt\">Beschreibung Dies ist unsere alte mit Muskelkraft betriebene Handdruckspritze oder auch Feuerspritze, welche zur Brandbek\u00e4mpfung verwendet wird und nicht, wie landl\u00e4ufig oft angenommen, einfach nur ein Strahlrohr zur Wasserabgabe. Die Norm sah zu dieser Zeit 1888 folgende Eigenschaften vor: 100 Millimeter weite Zylinder bei 30 bis 35 Doppelh\u00fcben in der Minute eine F\u00f6rderung von 170...<\/div><p class=\"ccpages_more\"><a href=\"https:\/\/www.ff-sarstedt.de\/stadt\/heisede\/technik\/handdruckspritze\"  title=\"weiterlesen...\">weiterlesen...<\/a><\/p><\/div><div class=\"ccchildpage  ccodd ccpage-count-3 ccpage-id-1820 ccpage-feuerwehrhaus ccpage-has-parent ccpage-pid-484 ccpage-parent-technik\"><h3 class=\"ccpage_title\" title=\"Feuerwehrhaus\">Feuerwehrhaus<\/h3><img loading=\"lazy\" decoding=\"async\" width=\"200\" height=\"150\" src=\"https:\/\/www.ff-sarstedt.de\/stadt\/wp-content\/uploads\/2015\/06\/Geraetehaus_THUMB.jpg\" class=\"cc-child-pages-thumb wp-post-image\" alt=\"Feuerwehrhaus\" title=\"Feuerwehrhaus\" \/><div class=\"ccpages_excerpt\">Beschreibung Dies ist das Feuerwehrhaus der Freiwilligen Feuerwehr Heisede. Links sieht man den Eingang, vor dem man sich auch gen\u00fcsslich mal von einem Einsatz auf den B\u00e4nken erholen kann. In der Mitte ist unser Tor hinter dem unser LF 8\/6 auf seinen Einsatz wartet. Rechts sieht man unseren Anbau, der erst vor einiger Zeit fertiggestellt...<\/div><p class=\"ccpages_more\"><a href=\"https:\/\/www.ff-sarstedt.de\/stadt\/heisede\/technik\/feuerwehrhaus\"  title=\"weiterlesen...\">weiterlesen...<\/a><\/p><\/div><\/div>\n","protected":false},"excerpt":{"rendered":"<p>Die Ortsfeuerwehr Heisede geh\u00f6rt zum 1. L\u00f6schzug der Stadt Sarstedt. Weiterhin ist der 1. Zug Bestandteil der Kreisfeuerwehrbereitschaft 1 des Landkreises Hildesheim.<\/p>\n","protected":false},"author":4,"featured_media":0,"parent":56,"menu_order":47,"comment_status":"closed","ping_status":"closed","template":"side-navigation.php","meta":{"_monsterinsights_skip_tracking":false,"_monsterinsights_sitenote_active":false,"_monsterinsights_sitenote_note":"","_monsterinsights_sitenote_category":0,"footnotes":""},"class_list":["post-484","page","type-page","status-publish","hentry"],"aioseo_notices":[],"_links":{"self":[{"href":"https:\/\/www.ff-sarstedt.de\/stadt\/wp-json\/wp\/v2\/pages\/484","targetHints":{"allow":["GET"]}}],"collection":[{"href":"https:\/\/www.ff-sarstedt.de\/stadt\/wp-json\/wp\/v2\/pages"}],"about":[{"href":"https:\/\/www.ff-sarstedt.de\/stadt\/wp-json\/wp\/v2\/types\/page"}],"author":[{"embeddable":true,"href":"https:\/\/www.ff-sarstedt.de\/stadt\/wp-json\/wp\/v2\/users\/4"}],"replies":[{"embeddable":true,"href":"https:\/\/www.ff-sarstedt.de\/stadt\/wp-json\/wp\/v2\/comments?post=484"}],"version-history":[{"count":0,"href":"https:\/\/www.ff-sarstedt.de\/stadt\/wp-json\/wp\/v2\/pages\/484\/revisions"}],"up":[{"embeddable":true,"href":"https:\/\/www.ff-sarstedt.de\/stadt\/wp-json\/wp\/v2\/pages\/56"}],"wp:attachment":[{"href":"https:\/\/www.ff-sarstedt.de\/stadt\/wp-json\/wp\/v2\/media?parent=484"}],"curies":[{"name":"wp","href":"https:\/\/api.w.org\/{rel}","templated":true}]}}