{"id":559,"date":"2015-03-17T22:37:36","date_gmt":"2015-03-17T21:37:36","guid":{"rendered":"http:\/\/www.ff-sarstedt.de\/stadt\/?page_id=559"},"modified":"2021-06-28T15:44:04","modified_gmt":"2021-06-28T13:44:04","slug":"drehleiter-dlk-2312","status":"publish","type":"page","link":"https:\/\/www.ff-sarstedt.de\/stadt\/sarstedt-1\/technik\/ehemalige-fahrzeuge\/drehleiter-dlk-2312","title":{"rendered":"DLK 23\/12 cc"},"content":{"rendered":"<div id=\"fztext\">Die Drehleiter (DLK 23\/12cc) wird zur Rettung aus H\u00f6hen und Tiefen, sowei zur Brandbek\u00e4mpfung eingesetzt. Der Leiterpark hat eine L\u00e4nge von 30 Metern. Damit kann eine Rettungsh\u00f6he bis zum 8. Stockwerk erreicht werden. Mithilfe des Auf- und Abseilger\u00e4tes\u00a0und der Absturzsicherung kann auch im Tiefenbereich Rettungsarbeiten und Sicherungsma\u00dfnahmen durchgef\u00fchrt werden.<\/div>\n<h3>technische Daten<\/h3>\n<p>Rufname:\u00a0Florian Hildesheim Land 11\/30\/21<br \/>\nRufname alt:\u00a0Florian Hilburg 11-30<br \/>\nBaujahr :\u00a01995<br \/>\nFahrgestell :\u00a0Iveco 150E27 14t 266 PS<br \/>\nAufbau :\u00a0Firma Iveco<br \/>\nBesatzung :\u00a01 \/ 2<\/p>\n<h3>Die Besonderheiten dieses Fahrzeuges<\/h3>\n<ul>\n<li>Stromerzeuger (8 kVA)<\/li>\n<li>vom Korb aus bedienbares Wendestrahlrohr<\/li>\n<li>Sprungpolster Typ Lorsbach<\/li>\n<li>Rollgliss (zur Tiefenrettung)<\/li>\n<li>Schleifkorbtrage<\/li>\n<li>Absturzsicherung<\/li>\n<li>Druckl\u00fcfter<\/li>\n<li>Krankentragenlagerung<\/li>\n<li>elektr. Kettens\u00e4ge<\/li>\n<\/ul>\n<h3><\/h3>\n<div><\/div>\n<div>\n\n\t\t<style type=\"text\/css\">\n\t\t\t#gallery-1 {\n\t\t\t\tmargin: auto;\n\t\t\t}\n\t\t\t#gallery-1 .gallery-item {\n\t\t\t\tfloat: left;\n\t\t\t\tmargin-top: 10px;\n\t\t\t\ttext-align: center;\n\t\t\t\twidth: 16%;\n\t\t\t}\n\t\t\t#gallery-1 img {\n\t\t\t\tborder: 2px solid #cfcfcf;\n\t\t\t}\n\t\t\t#gallery-1 .gallery-caption {\n\t\t\t\tmargin-left: 0;\n\t\t\t}\n\t\t\t\/* see gallery_shortcode() in wp-includes\/media.php *\/\n\t\t<\/style>\n\t\t<div id='gallery-1' class='gallery galleryid-559 gallery-columns-6 gallery-size-thumbnail'><dl class='gallery-item'>\n\t\t\t<dt class='gallery-icon landscape'>\n\t\t\t\t<a rel=\"prettyPhoto[postimages]\" href='https:\/\/www.ff-sarstedt.de\/stadt\/wp-content\/uploads\/2015\/03\/DSC_8029-1.jpg'><img loading=\"lazy\" decoding=\"async\" width=\"150\" height=\"150\" src=\"https:\/\/www.ff-sarstedt.de\/stadt\/wp-content\/uploads\/2015\/03\/DSC_8029-1-150x150.jpg\" class=\"attachment-thumbnail size-thumbnail\" alt=\"\" \/><\/a>\n\t\t\t<\/dt><\/dl><dl class='gallery-item'>\n\t\t\t<dt class='gallery-icon landscape'>\n\t\t\t\t<a rel=\"prettyPhoto[postimages]\" href='https:\/\/www.ff-sarstedt.de\/stadt\/wp-content\/uploads\/2015\/03\/DSC_7937-1.jpg'><img loading=\"lazy\" decoding=\"async\" width=\"150\" height=\"150\" src=\"https:\/\/www.ff-sarstedt.de\/stadt\/wp-content\/uploads\/2015\/03\/DSC_7937-1-150x150.jpg\" class=\"attachment-thumbnail size-thumbnail\" alt=\"\" \/><\/a>\n\t\t\t<\/dt><\/dl><dl class='gallery-item'>\n\t\t\t<dt class='gallery-icon landscape'>\n\t\t\t\t<a rel=\"prettyPhoto[postimages]\" href='https:\/\/www.ff-sarstedt.de\/stadt\/wp-content\/uploads\/2015\/03\/DSC_7962-1.jpg'><img loading=\"lazy\" decoding=\"async\" width=\"150\" height=\"150\" src=\"https:\/\/www.ff-sarstedt.de\/stadt\/wp-content\/uploads\/2015\/03\/DSC_7962-1-150x150.jpg\" class=\"attachment-thumbnail size-thumbnail\" alt=\"\" aria-describedby=\"gallery-1-15695\" \/><\/a>\n\t\t\t<\/dt>\n\t\t\t\t<dd class='wp-caption-text gallery-caption' id='gallery-1-15695'>\n\t\t\t\t\u00dcberblick der Ger\u00e4ter\u00e4ume 1 + 3 + 5.\n\t\t\t\t<\/dd><\/dl><dl class='gallery-item'>\n\t\t\t<dt class='gallery-icon portrait'>\n\t\t\t\t<a rel=\"prettyPhoto[postimages]\" href='https:\/\/www.ff-sarstedt.de\/stadt\/wp-content\/uploads\/2015\/03\/DSC_7955-1.jpg'><img loading=\"lazy\" decoding=\"async\" width=\"150\" height=\"150\" src=\"https:\/\/www.ff-sarstedt.de\/stadt\/wp-content\/uploads\/2015\/03\/DSC_7955-1-150x150.jpg\" class=\"attachment-thumbnail size-thumbnail\" alt=\"\" aria-describedby=\"gallery-1-15696\" \/><\/a>\n\t\t\t<\/dt>\n\t\t\t\t<dd class='wp-caption-text gallery-caption' id='gallery-1-15696'>\n\t\t\t\tIm Ger\u00e4teraum 1 ist der L\u00fcfter sowie das Rollgliss und die Absturzsicherung untergebracht.\n\t\t\t\t<\/dd><\/dl><dl class='gallery-item'>\n\t\t\t<dt class='gallery-icon landscape'>\n\t\t\t\t<a rel=\"prettyPhoto[postimages]\" href='https:\/\/www.ff-sarstedt.de\/stadt\/wp-content\/uploads\/2015\/03\/DSC_7959-1.jpg'><img loading=\"lazy\" decoding=\"async\" width=\"150\" height=\"150\" src=\"https:\/\/www.ff-sarstedt.de\/stadt\/wp-content\/uploads\/2015\/03\/DSC_7959-1-150x150.jpg\" class=\"attachment-thumbnail size-thumbnail\" alt=\"\" aria-describedby=\"gallery-1-15697\" \/><\/a>\n\t\t\t<\/dt>\n\t\t\t\t<dd class='wp-caption-text gallery-caption' id='gallery-1-15697'>\n\t\t\t\tIm Ger\u00e4teraum 3 ist der 35 m B-Schlauch f\u00fcr den Leiterpark aber auch der Sprungretter verstaut.\n\t\t\t\t<\/dd><\/dl><dl class='gallery-item'>\n\t\t\t<dt class='gallery-icon portrait'>\n\t\t\t\t<a rel=\"prettyPhoto[postimages]\" href='https:\/\/www.ff-sarstedt.de\/stadt\/wp-content\/uploads\/2015\/03\/DSC_7960-1.jpg'><img loading=\"lazy\" decoding=\"async\" width=\"150\" height=\"150\" src=\"https:\/\/www.ff-sarstedt.de\/stadt\/wp-content\/uploads\/2015\/03\/DSC_7960-1-150x150.jpg\" class=\"attachment-thumbnail size-thumbnail\" alt=\"\" aria-describedby=\"gallery-1-15698\" \/><\/a>\n\t\t\t<\/dt>\n\t\t\t\t<dd class='wp-caption-text gallery-caption' id='gallery-1-15698'>\n\t\t\t\tIm Ger\u00e4teraum 5 sind Unterlegh\u00f6lzer f\u00fcr die Abst\u00fctzung sowie ein Verbandskasten und ein Feuerl\u00f6scher verbaut. \n\t\t\t\t<\/dd><\/dl><br style=\"clear: both\" \/><dl class='gallery-item'>\n\t\t\t<dt class='gallery-icon landscape'>\n\t\t\t\t<a rel=\"prettyPhoto[postimages]\" href='https:\/\/www.ff-sarstedt.de\/stadt\/wp-content\/uploads\/2015\/03\/DSC_7928-1.jpg'><img loading=\"lazy\" decoding=\"async\" width=\"150\" height=\"150\" src=\"https:\/\/www.ff-sarstedt.de\/stadt\/wp-content\/uploads\/2015\/03\/DSC_7928-1-150x150.jpg\" class=\"attachment-thumbnail size-thumbnail\" alt=\"\" \/><\/a>\n\t\t\t<\/dt><\/dl><dl class='gallery-item'>\n\t\t\t<dt class='gallery-icon landscape'>\n\t\t\t\t<a rel=\"prettyPhoto[postimages]\" href='https:\/\/www.ff-sarstedt.de\/stadt\/wp-content\/uploads\/2015\/03\/DSC_8124-1.jpg'><img loading=\"lazy\" decoding=\"async\" width=\"150\" height=\"150\" src=\"https:\/\/www.ff-sarstedt.de\/stadt\/wp-content\/uploads\/2015\/03\/DSC_8124-1-150x150.jpg\" class=\"attachment-thumbnail size-thumbnail\" alt=\"\" aria-describedby=\"gallery-1-15700\" \/><\/a>\n\t\t\t<\/dt>\n\t\t\t\t<dd class='wp-caption-text gallery-caption' id='gallery-1-15700'>\n\t\t\t\t\u00dcberblick der Ger\u00e4ter\u00e4ume 2 + 4 + 6. In G2 sind die Atemluftger\u00e4te gelagert.\n\t\t\t\t<\/dd><\/dl><dl class='gallery-item'>\n\t\t\t<dt class='gallery-icon portrait'>\n\t\t\t\t<a rel=\"prettyPhoto[postimages]\" href='https:\/\/www.ff-sarstedt.de\/stadt\/wp-content\/uploads\/2015\/03\/DSC_7988-1.jpg'><img loading=\"lazy\" decoding=\"async\" width=\"150\" height=\"150\" src=\"https:\/\/www.ff-sarstedt.de\/stadt\/wp-content\/uploads\/2015\/03\/DSC_7988-1-150x150.jpg\" class=\"attachment-thumbnail size-thumbnail\" alt=\"\" aria-describedby=\"gallery-1-15701\" \/><\/a>\n\t\t\t<\/dt>\n\t\t\t\t<dd class='wp-caption-text gallery-caption' id='gallery-1-15701'>\n\t\t\t\tIm Ger\u00e4teraum 6 sind zwei 20 m B-Schl\u00e4uche f\u00fcr die Wasserversorgung aber auch Unterlegh\u00f6lzer f\u00fcr die Abst\u00fctzung auf unebenen Boden.\n\t\t\t\t<\/dd><\/dl><dl class='gallery-item'>\n\t\t\t<dt class='gallery-icon landscape'>\n\t\t\t\t<a rel=\"prettyPhoto[postimages]\" href='https:\/\/www.ff-sarstedt.de\/stadt\/wp-content\/uploads\/2015\/03\/DSC_7990-1.jpg'><img loading=\"lazy\" decoding=\"async\" width=\"150\" height=\"150\" src=\"https:\/\/www.ff-sarstedt.de\/stadt\/wp-content\/uploads\/2015\/03\/DSC_7990-1-150x150.jpg\" class=\"attachment-thumbnail size-thumbnail\" alt=\"\" aria-describedby=\"gallery-1-15702\" \/><\/a>\n\t\t\t<\/dt>\n\t\t\t\t<dd class='wp-caption-text gallery-caption' id='gallery-1-15702'>\n\t\t\t\tIm Ger\u00e4teraum 4 sind unterschiedlichste Materialien f\u00fcr Hilfeleistung und Brandbek\u00e4mpfung verbaut. \n\t\t\t\t<\/dd><\/dl><dl class='gallery-item'>\n\t\t\t<dt class='gallery-icon portrait'>\n\t\t\t\t<a rel=\"prettyPhoto[postimages]\" href='https:\/\/www.ff-sarstedt.de\/stadt\/wp-content\/uploads\/2015\/03\/DSC_7991-1.jpg'><img loading=\"lazy\" decoding=\"async\" width=\"150\" height=\"150\" src=\"https:\/\/www.ff-sarstedt.de\/stadt\/wp-content\/uploads\/2015\/03\/DSC_7991-1-150x150.jpg\" class=\"attachment-thumbnail size-thumbnail\" alt=\"\" aria-describedby=\"gallery-1-15703\" \/><\/a>\n\t\t\t<\/dt>\n\t\t\t\t<dd class='wp-caption-text gallery-caption' id='gallery-1-15703'>\n\t\t\t\tIm Ger\u00e4teraum 2 sind die Atemluftger\u00e4te untergebracht. Drei unterschiedliche Tragen haben auch hier ihren Platz gefunden. Material zur Absicherung sind hier auch verstaut.\n\t\t\t\t<\/dd><\/dl><dl class='gallery-item'>\n\t\t\t<dt class='gallery-icon landscape'>\n\t\t\t\t<a rel=\"prettyPhoto[postimages]\" href='https:\/\/www.ff-sarstedt.de\/stadt\/wp-content\/uploads\/2015\/03\/DSC_8113-1.jpg'><img loading=\"lazy\" decoding=\"async\" width=\"150\" height=\"150\" src=\"https:\/\/www.ff-sarstedt.de\/stadt\/wp-content\/uploads\/2015\/03\/DSC_8113-1-150x150.jpg\" class=\"attachment-thumbnail size-thumbnail\" alt=\"\" \/><\/a>\n\t\t\t<\/dt><\/dl><br style=\"clear: both\" \/><dl class='gallery-item'>\n\t\t\t<dt class='gallery-icon portrait'>\n\t\t\t\t<a rel=\"prettyPhoto[postimages]\" href='https:\/\/www.ff-sarstedt.de\/stadt\/wp-content\/uploads\/2015\/03\/DSC_7985-1.jpg'><img loading=\"lazy\" decoding=\"async\" width=\"150\" height=\"150\" src=\"https:\/\/www.ff-sarstedt.de\/stadt\/wp-content\/uploads\/2015\/03\/DSC_7985-1-150x150.jpg\" class=\"attachment-thumbnail size-thumbnail\" alt=\"\" aria-describedby=\"gallery-1-15705\" \/><\/a>\n\t\t\t<\/dt>\n\t\t\t\t<dd class='wp-caption-text gallery-caption' id='gallery-1-15705'>\n\t\t\t\tDas Wenderohr, welches zur Brandbek\u00e4mpfung genutzt wird, ist an der rechten Seite der DLK angebracht.\n\t\t\t\t<\/dd><\/dl><dl class='gallery-item'>\n\t\t\t<dt class='gallery-icon portrait'>\n\t\t\t\t<a rel=\"prettyPhoto[postimages]\" href='https:\/\/www.ff-sarstedt.de\/stadt\/wp-content\/uploads\/2015\/03\/DSC_7945-1.jpg'><img loading=\"lazy\" decoding=\"async\" width=\"150\" height=\"150\" src=\"https:\/\/www.ff-sarstedt.de\/stadt\/wp-content\/uploads\/2015\/03\/DSC_7945-1-150x150.jpg\" class=\"attachment-thumbnail size-thumbnail\" alt=\"\" aria-describedby=\"gallery-1-15706\" \/><\/a>\n\t\t\t<\/dt>\n\t\t\t\t<dd class='wp-caption-text gallery-caption' id='gallery-1-15706'>\n\t\t\t\tBlick in die Truppkabine der Drehleiter. \n\t\t\t\t<\/dd><\/dl><dl class='gallery-item'>\n\t\t\t<dt class='gallery-icon landscape'>\n\t\t\t\t<a rel=\"prettyPhoto[postimages]\" href='https:\/\/www.ff-sarstedt.de\/stadt\/wp-content\/uploads\/2015\/03\/DSC_8075-1.jpg'><img loading=\"lazy\" decoding=\"async\" width=\"150\" height=\"150\" src=\"https:\/\/www.ff-sarstedt.de\/stadt\/wp-content\/uploads\/2015\/03\/DSC_8075-1-150x150.jpg\" class=\"attachment-thumbnail size-thumbnail\" alt=\"\" \/><\/a>\n\t\t\t<\/dt><\/dl><dl class='gallery-item'>\n\t\t\t<dt class='gallery-icon landscape'>\n\t\t\t\t<a rel=\"prettyPhoto[postimages]\" href='https:\/\/www.ff-sarstedt.de\/stadt\/wp-content\/uploads\/2015\/03\/DSC_8090-1.jpg'><img loading=\"lazy\" decoding=\"async\" width=\"150\" height=\"150\" src=\"https:\/\/www.ff-sarstedt.de\/stadt\/wp-content\/uploads\/2015\/03\/DSC_8090-1-150x150.jpg\" class=\"attachment-thumbnail size-thumbnail\" alt=\"\" \/><\/a>\n\t\t\t<\/dt><\/dl><dl class='gallery-item'>\n\t\t\t<dt class='gallery-icon portrait'>\n\t\t\t\t<a rel=\"prettyPhoto[postimages]\" href='https:\/\/www.ff-sarstedt.de\/stadt\/wp-content\/uploads\/2015\/03\/DSC_8097-1.jpg'><img loading=\"lazy\" decoding=\"async\" width=\"150\" height=\"150\" src=\"https:\/\/www.ff-sarstedt.de\/stadt\/wp-content\/uploads\/2015\/03\/DSC_8097-1-150x150.jpg\" class=\"attachment-thumbnail size-thumbnail\" alt=\"\" aria-describedby=\"gallery-1-15709\" \/><\/a>\n\t\t\t<\/dt>\n\t\t\t\t<dd class='wp-caption-text gallery-caption' id='gallery-1-15709'>\n\t\t\t\tDie Drehleiter ist hier auf volle 30 m ausgefahren. Sie hat einen Aufstellwinkel von 75\u00b0.Im Hintergrund, unser \u00dcbungsturm mit 15 m.\n\t\t\t\t<\/dd><\/dl><dl class='gallery-item'>\n\t\t\t<dt class='gallery-icon portrait'>\n\t\t\t\t<a rel=\"prettyPhoto[postimages]\" href='https:\/\/www.ff-sarstedt.de\/stadt\/wp-content\/uploads\/2015\/03\/dl14-1.jpg'><img loading=\"lazy\" decoding=\"async\" width=\"150\" height=\"150\" src=\"https:\/\/www.ff-sarstedt.de\/stadt\/wp-content\/uploads\/2015\/03\/dl14-1-150x150.jpg\" class=\"attachment-thumbnail size-thumbnail\" alt=\"\" aria-describedby=\"gallery-1-15757\" \/><\/a>\n\t\t\t<\/dt>\n\t\t\t\t<dd class='wp-caption-text gallery-caption' id='gallery-1-15757'>\n\t\t\t\tDer ausgefahrene Korb mit der aufgebauten Krankentragenlagerrung.\n\t\t\t\t<\/dd><\/dl><br style=\"clear: both\" \/>\n\t\t<\/div>\n\n<\/div>\n","protected":false},"excerpt":{"rendered":"<p>Die Drehleiter (DLK 23\/12cc) wird zur Rettung aus H\u00f6hen und Tiefen, sowei zur Brandbek\u00e4mpfung eingesetzt. Der Leiterpark hat eine L\u00e4nge von 30 Metern. Damit kann eine Rettungsh\u00f6he bis zum 8. Stockwerk erreicht werden. Mithilfe des Auf- und Abseilger\u00e4tes\u00a0und der Absturzsicherung kann auch im Tiefenbereich Rettungsarbeiten und Sicherungsma\u00dfnahmen durchgef\u00fchrt werden. technische Daten Rufname:\u00a0Florian Hildesheim Land 11\/30\/21 [&hellip;]<\/p>\n","protected":false},"author":1,"featured_media":14692,"parent":20169,"menu_order":6,"comment_status":"closed","ping_status":"closed","template":"side-navigation.php","meta":{"_monsterinsights_skip_tracking":false,"_monsterinsights_sitenote_active":false,"_monsterinsights_sitenote_note":"","_monsterinsights_sitenote_category":0,"footnotes":""},"class_list":["post-559","page","type-page","status-publish","has-post-thumbnail","hentry"],"aioseo_notices":[],"_links":{"self":[{"href":"https:\/\/www.ff-sarstedt.de\/stadt\/wp-json\/wp\/v2\/pages\/559","targetHints":{"allow":["GET"]}}],"collection":[{"href":"https:\/\/www.ff-sarstedt.de\/stadt\/wp-json\/wp\/v2\/pages"}],"about":[{"href":"https:\/\/www.ff-sarstedt.de\/stadt\/wp-json\/wp\/v2\/types\/page"}],"author":[{"embeddable":true,"href":"https:\/\/www.ff-sarstedt.de\/stadt\/wp-json\/wp\/v2\/users\/1"}],"replies":[{"embeddable":true,"href":"https:\/\/www.ff-sarstedt.de\/stadt\/wp-json\/wp\/v2\/comments?post=559"}],"version-history":[{"count":0,"href":"https:\/\/www.ff-sarstedt.de\/stadt\/wp-json\/wp\/v2\/pages\/559\/revisions"}],"up":[{"embeddable":true,"href":"https:\/\/www.ff-sarstedt.de\/stadt\/wp-json\/wp\/v2\/pages\/20169"}],"wp:featuredmedia":[{"embeddable":true,"href":"https:\/\/www.ff-sarstedt.de\/stadt\/wp-json\/wp\/v2\/media\/14692"}],"wp:attachment":[{"href":"https:\/\/www.ff-sarstedt.de\/stadt\/wp-json\/wp\/v2\/media?parent=559"}],"curies":[{"name":"wp","href":"https:\/\/api.w.org\/{rel}","templated":true}]}}