{"id":6338,"date":"2015-10-03T09:49:53","date_gmt":"2015-10-03T07:49:53","guid":{"rendered":"http:\/\/www.ff-sarstedt.de\/stadt\/?page_id=6338"},"modified":"2016-03-25T10:32:36","modified_gmt":"2016-03-25T09:32:36","slug":"1880-die-gruendung","status":"publish","type":"page","link":"https:\/\/www.ff-sarstedt.de\/stadt\/sarstedt-1\/wir-ueber-uns\/chronik\/1880-die-gruendung","title":{"rendered":"1880 &#8211; Die Gr\u00fcndung"},"content":{"rendered":"<div id=\"attachment_6340\" style=\"width: 225px\" class=\"wp-caption alignright\"><a href=\"https:\/\/www.ff-sarstedt.de\/stadt\/wp-content\/uploads\/2015\/10\/germann.jpg\" rel=\"lightbox[6338]\"><img loading=\"lazy\" decoding=\"async\" aria-describedby=\"caption-attachment-6340\" class=\"size-medium wp-image-6340\" src=\"https:\/\/www.ff-sarstedt.de\/stadt\/wp-content\/uploads\/2015\/10\/germann-215x300.jpg\" alt=\"Friedrich Germann Gr\u00fcnder und 1. Hauptmann 1880 - 1881\" width=\"215\" height=\"300\" \/><\/a><p id=\"caption-attachment-6340\" class=\"wp-caption-text\">Friedrich Germann<br \/>Gr\u00fcnder und 1. Hauptmann<br \/>1880 &#8211; 1881<\/p><\/div>\n<p>Der B\u00fcrstenmacher <strong>Friedrich Germann<\/strong> war Gr\u00fcnder der Wehr und wurde der 1. Hauptmann.<br \/>\nDie Freiwillige Feuerwehr z\u00e4hlte <strong>50 Mitglieder<\/strong>.<\/p>\n<p>Eine \u00f6ffentliche Sammlung ergab 500,- Mark zur Anschaffung von Feuerwehrger\u00e4ten.<br \/>\nDie interessierten Versicherungen gaben als Beihilfe 1,000,- Mark.<\/p>\n<p>Am <strong>6.2.1880<\/strong> konnten bereits f\u00fcr 1085,- DM <strong>Ausr\u00fcstungs- gegenst\u00e4nde<\/strong> gekauft werden.<\/p>\n<p>Am <strong>27. Mai 1880<\/strong> erlie\u00df der Magistrat der Stadt Sarstedt ein<br \/>\n<strong>Statut <\/strong>f\u00fcr die Freiwillige Feuerwehr Sarstedt.<\/p>\n<p>In der <strong>ersten Generalversammlung<\/strong>, die am <strong>18.07.1880<\/strong> stattfand, wurden<br \/>\ndie Statuten der bekannt gegeben und genehmigt.<\/p>\n<div id=\"attachment_6339\" style=\"width: 160px\" class=\"wp-caption alignright\"><a href=\"https:\/\/www.ff-sarstedt.de\/stadt\/wp-content\/uploads\/2015\/10\/wappen2.jpg\" rel=\"lightbox[6338]\"><img loading=\"lazy\" decoding=\"async\" aria-describedby=\"caption-attachment-6339\" class=\"wp-image-6339 size-thumbnail\" src=\"https:\/\/www.ff-sarstedt.de\/stadt\/wp-content\/uploads\/2015\/10\/wappen2-150x150.jpg\" alt=\"Sarstedt Wappen\" width=\"150\" height=\"150\" \/><\/a><p id=\"caption-attachment-6339\" class=\"wp-caption-text\">Sarstedt Wappen<\/p><\/div>\n<p>Germann trat aber schon wenig sp\u00e4ter sein Amt aus Altersgr\u00fcnden ab an den Ackerb\u00fcrger und<br \/>\nB\u00fcrgervorsteher <strong>Friedrich Walters<\/strong> ab.<\/p>\n<p>Walters wurde tatkr\u00e4ftig bei der Ausbildung vom\u00a0Ackerb\u00fcrger <strong>Carl Hinze<\/strong> unterst\u00fctzt. Hinze wurde ab<br \/>\n<strong>1895 Branddirektor und Ratsherr<\/strong> der Stadt.<\/p>\n","protected":false},"excerpt":{"rendered":"<p>Der B\u00fcrstenmacher Friedrich Germann war Gr\u00fcnder der Wehr und wurde der 1. Hauptmann. Die Freiwillige Feuerwehr z\u00e4hlte 50 Mitglieder. Eine \u00f6ffentliche Sammlung ergab 500,- Mark zur Anschaffung von Feuerwehrger\u00e4ten. Die interessierten Versicherungen gaben als Beihilfe 1,000,- Mark. Am 6.2.1880 konnten bereits f\u00fcr 1085,- DM Ausr\u00fcstungs- gegenst\u00e4nde gekauft werden. Am 27. Mai 1880 erlie\u00df der Magistrat [&hellip;]<\/p>\n","protected":false},"author":1,"featured_media":6339,"parent":6324,"menu_order":0,"comment_status":"closed","ping_status":"closed","template":"side-navigation.php","meta":{"_monsterinsights_skip_tracking":false,"_monsterinsights_sitenote_active":false,"_monsterinsights_sitenote_note":"","_monsterinsights_sitenote_category":0,"footnotes":""},"class_list":["post-6338","page","type-page","status-publish","has-post-thumbnail","hentry"],"aioseo_notices":[],"_links":{"self":[{"href":"https:\/\/www.ff-sarstedt.de\/stadt\/wp-json\/wp\/v2\/pages\/6338","targetHints":{"allow":["GET"]}}],"collection":[{"href":"https:\/\/www.ff-sarstedt.de\/stadt\/wp-json\/wp\/v2\/pages"}],"about":[{"href":"https:\/\/www.ff-sarstedt.de\/stadt\/wp-json\/wp\/v2\/types\/page"}],"author":[{"embeddable":true,"href":"https:\/\/www.ff-sarstedt.de\/stadt\/wp-json\/wp\/v2\/users\/1"}],"replies":[{"embeddable":true,"href":"https:\/\/www.ff-sarstedt.de\/stadt\/wp-json\/wp\/v2\/comments?post=6338"}],"version-history":[{"count":0,"href":"https:\/\/www.ff-sarstedt.de\/stadt\/wp-json\/wp\/v2\/pages\/6338\/revisions"}],"up":[{"embeddable":true,"href":"https:\/\/www.ff-sarstedt.de\/stadt\/wp-json\/wp\/v2\/pages\/6324"}],"wp:featuredmedia":[{"embeddable":true,"href":"https:\/\/www.ff-sarstedt.de\/stadt\/wp-json\/wp\/v2\/media\/6339"}],"wp:attachment":[{"href":"https:\/\/www.ff-sarstedt.de\/stadt\/wp-json\/wp\/v2\/media?parent=6338"}],"curies":[{"name":"wp","href":"https:\/\/api.w.org\/{rel}","templated":true}]}}