{"id":6356,"date":"2015-10-03T10:22:30","date_gmt":"2015-10-03T08:22:30","guid":{"rendered":"http:\/\/www.ff-sarstedt.de\/stadt\/?page_id=6356"},"modified":"2016-03-25T10:32:54","modified_gmt":"2016-03-25T09:32:54","slug":"1921-1950","status":"publish","type":"page","link":"https:\/\/www.ff-sarstedt.de\/stadt\/sarstedt-1\/wir-ueber-uns\/chronik\/1921-1950","title":{"rendered":"1921 &#8211; 1950"},"content":{"rendered":"<p>&nbsp;<\/p>\n<h3>Chronik der Ortsfeuerwehr Sarstedt &#8211; 1921 bis 1950<\/h3>\n<div style=\"float: left; width: 200;\">\n<div id=\"attachment_6457\" style=\"width: 160px\" class=\"wp-caption alignleft\"><a href=\"https:\/\/www.ff-sarstedt.de\/stadt\/wp-content\/uploads\/2015\/10\/GR104c.jpg\" rel=\"lightbox[6356]\"><img loading=\"lazy\" decoding=\"async\" aria-describedby=\"caption-attachment-6457\" class=\"size-thumbnail wp-image-6457\" src=\"https:\/\/www.ff-sarstedt.de\/stadt\/wp-content\/uploads\/2015\/10\/GR104c-150x150.jpg\" alt=\"Brand Gut Boksberg\" width=\"150\" height=\"150\" \/><\/a><p id=\"caption-attachment-6457\" class=\"wp-caption-text\">Brand Gut Boksberg<\/p><\/div>\n<p>&nbsp;<\/p>\n<p>&nbsp;<\/p>\n<p>&nbsp;<\/p>\n<p>&nbsp;<\/p>\n<div id=\"attachment_6456\" style=\"width: 160px\" class=\"wp-caption alignleft\"><a href=\"https:\/\/www.ff-sarstedt.de\/stadt\/wp-content\/uploads\/2015\/10\/GR104b.jpg\" rel=\"lightbox[6356]\"><img loading=\"lazy\" decoding=\"async\" aria-describedby=\"caption-attachment-6456\" class=\"size-thumbnail wp-image-6456\" src=\"https:\/\/www.ff-sarstedt.de\/stadt\/wp-content\/uploads\/2015\/10\/GR104b-150x150.jpg\" alt=\"Brand Gut Boksberg\" width=\"150\" height=\"150\" \/><\/a><p id=\"caption-attachment-6456\" class=\"wp-caption-text\">Brand Gut Boksberg<\/p><\/div>\n<p>&nbsp;<\/p>\n<p>&nbsp;<\/p>\n<p>&nbsp;<\/p>\n<p>&nbsp;<\/p>\n<div id=\"attachment_6455\" style=\"width: 160px\" class=\"wp-caption alignleft\"><a href=\"https:\/\/www.ff-sarstedt.de\/stadt\/wp-content\/uploads\/2015\/10\/GR104a.jpg\" rel=\"lightbox[6356]\"><img loading=\"lazy\" decoding=\"async\" aria-describedby=\"caption-attachment-6455\" class=\"size-thumbnail wp-image-6455\" src=\"https:\/\/www.ff-sarstedt.de\/stadt\/wp-content\/uploads\/2015\/10\/GR104a-150x150.jpg\" alt=\"Brand Gut Boksberg\" width=\"150\" height=\"150\" \/><\/a><p id=\"caption-attachment-6455\" class=\"wp-caption-text\">Brand Gut Boksberg<\/p><\/div>\n<p>&nbsp;<\/p>\n<p>&nbsp;<\/p>\n<p>&nbsp;<\/p>\n<p>&nbsp;<\/p>\n<div id=\"attachment_6454\" style=\"width: 160px\" class=\"wp-caption alignleft\"><a href=\"https:\/\/www.ff-sarstedt.de\/stadt\/wp-content\/uploads\/2015\/10\/GR103c.jpg\" rel=\"lightbox[6356]\"><img loading=\"lazy\" decoding=\"async\" aria-describedby=\"caption-attachment-6454\" class=\"size-thumbnail wp-image-6454\" src=\"https:\/\/www.ff-sarstedt.de\/stadt\/wp-content\/uploads\/2015\/10\/GR103c-150x150.jpg\" alt=\"Dampfm\u00fchle Baxmann\" width=\"150\" height=\"150\" \/><\/a><p id=\"caption-attachment-6454\" class=\"wp-caption-text\">Dampfm\u00fchle Baxmann<\/p><\/div>\n<p>&nbsp;<\/p>\n<p>&nbsp;<\/p>\n<p>&nbsp;<\/p>\n<p>&nbsp;<\/p>\n<div id=\"attachment_6453\" style=\"width: 160px\" class=\"wp-caption alignleft\"><a href=\"https:\/\/www.ff-sarstedt.de\/stadt\/wp-content\/uploads\/2015\/10\/GR103a.jpg\" rel=\"lightbox[6356]\"><img loading=\"lazy\" decoding=\"async\" aria-describedby=\"caption-attachment-6453\" class=\"size-thumbnail wp-image-6453\" src=\"https:\/\/www.ff-sarstedt.de\/stadt\/wp-content\/uploads\/2015\/10\/GR103a-150x150.jpg\" alt=\"Dampfm\u00fchle Baxmann\" width=\"150\" height=\"150\" \/><\/a><p id=\"caption-attachment-6453\" class=\"wp-caption-text\">Dampfm\u00fchle Baxmann<\/p><\/div>\n<p>&nbsp;<\/p>\n<p>&nbsp;<\/p>\n<p>&nbsp;<\/p>\n<p>&nbsp;<\/p>\n<p><a href=\"https:\/\/www.ff-sarstedt.de\/stadt\/wp-content\/uploads\/2015\/10\/GR107b.jpg\" rel=\"lightbox[6356]\"><img loading=\"lazy\" decoding=\"async\" class=\"alignleft size-thumbnail wp-image-6452\" src=\"https:\/\/www.ff-sarstedt.de\/stadt\/wp-content\/uploads\/2015\/10\/GR107b-150x150.jpg\" alt=\"\" width=\"150\" height=\"150\" \/><\/a><\/p>\n<p>&nbsp;<\/p>\n<p>&nbsp;<\/p>\n<p>&nbsp;<\/p>\n<p>&nbsp;<\/p>\n<div id=\"attachment_6451\" style=\"width: 160px\" class=\"wp-caption alignleft\"><a href=\"https:\/\/www.ff-sarstedt.de\/stadt\/wp-content\/uploads\/2015\/10\/GR107a.jpg\" rel=\"lightbox[6356]\"><img loading=\"lazy\" decoding=\"async\" aria-describedby=\"caption-attachment-6451\" class=\"size-thumbnail wp-image-6451\" src=\"https:\/\/www.ff-sarstedt.de\/stadt\/wp-content\/uploads\/2015\/10\/GR107a-150x150.jpg\" alt=\"Werner H\u00fcbener (rechts) und Walter Achilles (links daneben)\" width=\"150\" height=\"150\" \/><\/a><p id=\"caption-attachment-6451\" class=\"wp-caption-text\">Werner H\u00fcbener (rechts)<br \/>und Walter Achilles (links daneben)<\/p><\/div>\n<p>&nbsp;<\/p>\n<p>&nbsp;<\/p>\n<p>&nbsp;<\/p>\n<p>&nbsp;<\/p>\n<div id=\"attachment_6450\" style=\"width: 160px\" class=\"wp-caption alignleft\"><a href=\"https:\/\/www.ff-sarstedt.de\/stadt\/wp-content\/uploads\/2015\/10\/GR106b.jpg\" rel=\"lightbox[6356]\"><img loading=\"lazy\" decoding=\"async\" aria-describedby=\"caption-attachment-6450\" class=\"size-thumbnail wp-image-6450\" src=\"https:\/\/www.ff-sarstedt.de\/stadt\/wp-content\/uploads\/2015\/10\/GR106b-150x150.jpg\" alt=\"Ortsfeuerwehr Sarstedt unter Alfred Schrader im Jahre 1950\" width=\"150\" height=\"150\" \/><\/a><p id=\"caption-attachment-6450\" class=\"wp-caption-text\">Ortsfeuerwehr Sarstedt<br \/>unter Alfred Schrader<br \/>im Jahre 1950<\/p><\/div>\n<p>&nbsp;<\/p>\n<p>&nbsp;<\/p>\n<p>&nbsp;<\/p>\n<p>&nbsp;<\/p>\n<div id=\"attachment_6449\" style=\"width: 160px\" class=\"wp-caption alignleft\"><a href=\"https:\/\/www.ff-sarstedt.de\/stadt\/wp-content\/uploads\/2015\/10\/GR106a.jpg\" rel=\"lightbox[6356]\"><img loading=\"lazy\" decoding=\"async\" aria-describedby=\"caption-attachment-6449\" class=\"size-thumbnail wp-image-6449\" src=\"https:\/\/www.ff-sarstedt.de\/stadt\/wp-content\/uploads\/2015\/10\/GR106a-150x150.jpg\" alt=\"Ehrung Alfred Schrader\" width=\"150\" height=\"150\" \/><\/a><p id=\"caption-attachment-6449\" class=\"wp-caption-text\">Ehrung Alfred Schrader<\/p><\/div>\n<p>&nbsp;<\/p>\n<p>&nbsp;<\/p>\n<p>&nbsp;<\/p>\n<p>&nbsp;<\/p>\n<div id=\"attachment_6448\" style=\"width: 160px\" class=\"wp-caption alignleft\"><a href=\"https:\/\/www.ff-sarstedt.de\/stadt\/wp-content\/uploads\/2015\/10\/GR104d.jpg\" rel=\"lightbox[6356]\"><img loading=\"lazy\" decoding=\"async\" aria-describedby=\"caption-attachment-6448\" class=\"size-thumbnail wp-image-6448\" src=\"https:\/\/www.ff-sarstedt.de\/stadt\/wp-content\/uploads\/2015\/10\/GR104d-150x150.jpg\" alt=\"Brand Gut Boksberg\" width=\"150\" height=\"150\" \/><\/a><p id=\"caption-attachment-6448\" class=\"wp-caption-text\">Brand Gut Boksberg<\/p><\/div>\n<p>&nbsp;<\/p>\n<p>&nbsp;<\/p>\n<p>&nbsp;<\/p>\n<p>&nbsp;<\/p>\n<\/div>\n<div style=\"text-align: justify;\">\n<p>Im Jahre <strong>1924 <\/strong>brach in der Zwiebackfabrik H. Gott ein Schadenfeuer aus.<\/p>\n<p>Am <strong>18.5.1925<\/strong> wurden von der Stadt 12 lange Hanfschl\u00e4uche und ein gummierter Hanfschlauch<br \/>\nangeschafft. Die Kosten betrugen 192,50 Mark.<\/p>\n<p>Im Gew\u00e4chshaus der G\u00e4rtnerei Sauer brach ein Brand aus. Es entstand gro\u00dfer Schaden, da durch die Hitze die Glasbedachung in Bruch ging.<\/p>\n<p>Am <strong>19.3.1926<\/strong> brannte die Flu\u00dfbadeanstalt an der Innerste ab. Es wurden die Umkleider\u00e4ume und 9 Ruderboote ein Raub der Flammen.<\/p>\n<p>In den ersten <strong>November<\/strong>tagen wurde Sarstedt zum 3. Male im Jahre <strong>1926<\/strong> von einer Hochwasser-Katastrophe heimgesucht.<br \/>\nDie Feuerwehr mu\u00dfte alarmiert werden um Mensch und zu retten. Ein in Sarstedt gastierender Zirkus\u00a0wurde \u00fcberflutet, das gro\u00dfe Zelt st\u00fcrzte in die<br \/>\nWassermassen. Abermals wurde auf Veranlassung von Th. Kl\u00f6pper im Preu\u00dfischen Landtag eine Interpellation eingebracht, den Sarstedter Hochwsser-Gesch\u00e4digten zu helfen.<\/p>\n<p>Am <strong>2. Mai 1927<\/strong> wurde eine Polizeiverordnung \u00fcber die amtliche Brandschau erlassen.<br \/>\nAls Brandschauer in den Stadtgemeinden mit eigener Polizeiverwaltung sind<\/p>\n<ul>\n<li>a) ein Polizeibeamter<\/li>\n<li>b) der st\u00e4dt. Brandmeister<\/li>\n<li>c) der Bezirksschornsteinfegermeister<\/li>\n<\/ul>\n<p>Im Jahre <strong>1927<\/strong> wurde die <strong>Scheune<\/strong> von Hinze, gegen\u00fcber dem &#8220;M\u00fchlenkrug&#8221; durch Feuer vollst\u00e4ndig vernichtet.<\/p>\n<p>Am <strong>2. M\u00e4rz 1927<\/strong> brannte die Scheune von Beckmann an der Ruther Stra\u00dfe. Sie wurde ein Raub der Flammen.<br \/>\nIn beiden F\u00e4llen wurde Brandstiftung vermutet.<\/p>\n<p>Am <strong>30.1.1928<\/strong> beschlo\u00df die Bau- und Finanzkommission des Magastrats, die Feuerwehrleute zu dem erh\u00f6hten<br \/>\nBeitrag der Versicherung zu versichern. Der Beitrag betrug f\u00fcr 108 Feuerwehrleute 162,&#8211; Mark.<\/p>\n<p>Ein Schadenfeuer entstand in der Zwiebackfabrik H. Gott. Das Obergescho\u00df brannte aus.<\/p>\n<p>Im Jahre <strong>1929<\/strong> wurde das &#8220;K\u00f6nig-Rauchschutzger\u00e4t&#8221; f\u00fcr die Freiw. Feuerwehr angeschafft.<\/p>\n<p><strong>Juni 1929<\/strong>. Der amtierende Feuerwehrhauptmann Arnold Tischbein bittet aus Altersgr\u00fcnden um Entlassung aus seinem Amt.<\/p>\n<p>Am <strong>7. Juli 1929<\/strong> wurde der Kaufmann Alfred Schrader Nachfolger von Hauptmann Tischbein gew\u00e4hlt.<br \/>\nSchrader, auch als FC Schrader bekannt, hat die schwere Aufgabe die Wehr durch die Kriegsjahre zu f\u00fchren.<br \/>\nEr intensiviert die Ausbildung der Feuerwehrkameraden und verstand es wie kein anderer die Einsatzfreudigkeit und den Kameradschaftsgeist zu pflegen und zu f\u00f6rdern.<\/p>\n<p>Am <strong>15. M\u00e4rz 1930<\/strong> hatte die Freiw. Feuerwehr einen Mitglieder-bestandvon 112 Mann.<\/p>\n<p>Am <strong>11 Februar 1930<\/strong> wurde die Dampfm\u00fchle von Baxmann durch ein Gro\u00dffeuer einge\u00e4schert.<br \/>\nDer Brandschaden betrug 300.000,- Mark. Man vermutete Brandstiftung die aber nicht nachgewiesen werden konnte. Die Brandruinen mu\u00dften durch<br \/>\nPioniere gesprengt werden, da einsturzgefahr bestand.<\/p>\n<p>Im Jahre <strong>1930<\/strong> wurde eine Feuerschutzwoche durchgef\u00fchrt. Die Freiw. Feuerwehr erhielt eine Motorspritze im Werte von 10.620,- Mark.<\/p>\n<p>Vom <strong>17. bis 19. Mai 1930<\/strong> feierte die Freiw. Feuerwehr Sarstedt ihr 50j\u00e4hriges Bestehen. Es wurde auf der Sch\u00fctzenwiese ein Zeltfest durchgef\u00fchrt.<\/p>\n<p>Am <strong>2.9.1930<\/strong> wurde ein &#8221; Wintrich Feuerl\u00f6scher &#8221; mit einer Ersatzf\u00fcllung im Werte von 59,50 Mark angeschafft.<\/p>\n<p>Am <strong>1.7.1930<\/strong> wurde die Handdruckspritze an die Gemeinde Klein-F\u00f6rste verkauft. Die Einnahme hierf\u00fcr betrug 450,- Mark.<\/p>\n<p>Bei der, in der Zeit vom <strong>3. &#8211; 26. Februar 1931<\/strong> durchgef\u00fchrten Brandschau, wurden 182 Beanstandungen vermerkt.<\/p>\n<p>Am <strong>10. April 1931<\/strong>, gegen 10 Uhr 15 Minuten, brach in der kath. Kirche ein Schadenfeuer aus. Es war ein<br \/>\nkleiner Schrank in der Sakristei in Brand geraten. Der Schaden belief sich auf ca 550,- bis 400,- Mark. Die Brandursache konnte<br \/>\nnicht ermittelt werden. Die Feuerwehr brauchte nicht mehr einzugreifen.<\/p>\n<p>Am <strong>7. September 1931<\/strong>, gegen 16 Uhr 40 Minuten, brach in der Scheune des Rittergutsbesitzers<br \/>\nGeorg Heyer, Gut Boksberg, ein Brand aus. Die ganze Scheune, sowie die gesamte Ernte,<br \/>\n1 Dreschmaschine, 1 Ackerwagen, 1 Strohpresse, 1 Viehwaage und eine andere Waage fielen den Flammen zum Opfer.<\/p>\n<p>Die L\u00f6scharbeiten der Freiw. Feuerwehren aus Sarstedt und Heisede gestallteten sich recht schwierig. Es mu\u00dften \u00fcber 500 Meter<br \/>\nSchl\u00e4uche verlegt werden, um an einen Brunnen heranzukommen.<\/p>\n<p>Die 20 Zentner schwere Sarstedter Kraftspritze mu\u00dfte von 50 Feuerwehrm\u00e4nnern \u00fcber gepfl\u00fcgten Acker an den Brunnen geschafft<br \/>\nwerden. Hinterher stellte sich heraus, da\u00df der Brunnen nicht ergiebig genug war. Der Brandschaden wurde auf ca.<br \/>\na) f\u00fcr die Scheune 24.000,- Mark b) f\u00fcr Getreide usw. 20 &#8211; 50.000,- Mark gesch\u00e4tzt.<\/p>\n<p>Am <strong>12. Dezember 1931<\/strong> hatte die Feuerwehr eine Mitgliederzahl von 115 Mann.<\/p>\n<p>Die am <strong>12. Dezember 1931<\/strong> stattgefundene Bestandsaufnahme ergab:<\/p>\n<ul>\n<li>1 Handdruckspritze &#8211; Leistung 400 Liter in der Minute &#8211; Baujahr 1900<\/li>\n<li>1 Motorspritze &#8211; Leistung 800 Liter &#8211; 1400 Liter in der Minute &#8211; Meyer &#8211; Hagen<\/li>\n<li>Schlauchmaterial 500 Meter B-Schl\u00e4uche<\/li>\n<li>280 Meter C-Schl\u00e4uche<\/li>\n<li>1 mechanische Schiebeleiter<\/li>\n<li>1 Ger\u00e4tewagen f\u00fcr die Steigerabteilung<\/li>\n<li>5 Hydrantenwagen<\/li>\n<li>2 Handfeuerl\u00f6scher<\/li>\n<li>1 K\u00f6nig-Rauchschutzger\u00e4t<\/li>\n<\/ul>\n<p>Am <strong>18. Juni 1932<\/strong>, gegen 19 Uhr, brach auf dem Grundst\u00fcck des Arbeiters Julius Schenkemeyer, Fr.-Ludw.-Jahn-Str. 1 ein<br \/>\nFeuer aus. Durch den schnellen Einsatz der Wehr, die bereits kurz nach 19 Uhr zur Stelle war, konnte gr\u00f6\u00dferer Schaden verh\u00fctet werden.<br \/>\nUm 19 Uhr 50 Minuten konnte die Wehrwieder abr\u00fccken.<\/p>\n<p>Am <strong>21. Dezember 1933<\/strong> wurde ein neues Feuerl\u00f6schgesetz erlassen, da\u00df das Feuerl\u00f6schwesen in Preu\u00dfen grunds\u00e4tzlich neu regelte.<br \/>\nAnl\u00e4\u00dflich der Verabschiedung dieses Gesetzes, wurde die Einf\u00fchrung eines neuen Erinnerungszeichen f\u00fcr Verdienste um das Feuerl\u00f6schwesen beschlossen. Das in Feinsilber<br \/>\ngepr\u00e4gte Erinnerungszeichen zeigte einen Feuerwehrmann mit Strahlrohr und Horn, der ein brennendes Haus l\u00f6scht. Das Erinnerungszeichen wurde<br \/>\nf\u00fcr \u00fcber 25j\u00e4hrige Mitgliedschaft in der Wehr oder f\u00fcr besondere Verdienste in der Wehr verliehen.<\/p>\n<p>Im Gesch\u00e4ftshaus von L. Lehmann, Holztorstra\u00dfe brach im Jahre 1934 ein Schadenfeuer aus, welches durch die Feuerwehr im Keime erstickt werden konnte.<\/p>\n<p>Im <strong>August 1934<\/strong> bestand die Freiw. Feuerwehr aus 90 Aktiven und 40 Kameraden der Altersabteilung.<br \/>\nVon den Alterskameraden sind 17 Kameraden zu Ehrenbrandmeistern ernannt.<\/p>\n<p>Am <strong>26. und 27. Mai 1935<\/strong>. Das 55j\u00e4hrige Jubil\u00e4um dem 20. Kreisfeuerwehrverbandstag als gro\u00dfes Zeltfest gefeiert.<\/p>\n<p>In einem Rundschreiben des Reichs- und Preu\u00dfischen Ministers des Innern aus dem Jahre <strong>1936<\/strong> hei\u00dft es:<\/p>\n<blockquote><p>&#8220;Die F\u00fchrung und Organisation des Brandschutzes wird den zust\u00e4ndigen F\u00fchrern der SA, unter<br \/>\nUnterstellung s\u00e4mtlicher, an dem Brandschutz beteiligten Gliederungen und Organisationen, \u00fcbertragen. Die Leitung der<br \/>\nBrandbek\u00e4mpfung verbleibt in den Gemeinden den Feuerwehrf\u00fchrern.&#8221;<\/p><\/blockquote>\n<p>Im Jahre <strong>1936<\/strong> wurde von der Stadt Sarstedt ein Verbandsbeitrag in H\u00f6he von 120,55 Mark gezahlt.<\/p>\n<p>Im <strong>September 1936<\/strong> wurde der Feuerl\u00f6schverband und Feuerl\u00f6schbezirk gegr\u00fcndet. Hierzu geh\u00f6ren die Gemeinden: Ahrbergen,<br \/>\nBarnten, Giften, Heisede, Ruthe und Sarstedt. F\u00fchrer des L\u00f6schbezirks wurde der Wehrf\u00fchrer Alfred Schrader, aus Sarstedt.<\/p>\n<p>Am <strong>11. M\u00e4rz 1937<\/strong> wurde die Satzung f\u00fcr den L\u00f6schverband Sarstedt erlassen und am <strong>22. November 1937<\/strong><br \/>\ndurch den Landrat des Kreises Hildesheim genehmigt.<\/p>\n<p>Am <strong>28. Juli 1937<\/strong> brach in der Reinigungsanlage der M\u00fchle Malzfeldt ein Brand aus, der durch den schnellen Einsatz<br \/>\nder Motorspritze auf seinen Herd beschr\u00e4nkt werden konnte.<\/p>\n<p>Die Kapelle der Freiw. Feuerwehr Sarstedt beging ihr 50j\u00e4hriges Bestehen und gab aus diesem Anla\u00df ein Jubil\u00e4ums-Blaskonzert.<\/p>\n<p>Am <strong>26. Februar 1938<\/strong> wurde die Germania-0fenfabrik der Vo\u00dfwerke durch Gro\u00dffeuer vernichtet.<br \/>\nDer Sachschaden belief sich auf \u00fcber 500.000,- Reichsmark. Die Fabrik wurde wieder aufgebaut. Das Werk kaufte f\u00fcr ihre Wehr eine gro\u00dfe, moderne Kraftspritze.<\/p>\n<p>Im Jahre <strong>1938<\/strong> wurde an die Teilnehmer von Kursen an der Provinzialfeuerwehrschule in Celle der Verdienstausfall von der Stadt gezahlt.<br \/>\nAu\u00dferdem wurde wurde jedem Teilnehmer ein Taschengeld von 4 &#8211; 10,- Reichsmark, je nach Dauer der Kurse, mitgegeben.<\/p>\n<p>Am <strong>23. November 1938<\/strong> wurde das Gesetz \u00fcber das Feuerl\u00f6schwesen -Organisation der Freiw. Feuerwehr- herausgegeben.<br \/>\nHiernach ist die Feuerwehr eine Hilfspolizei-Truppe unter staatlicher Aufsicht geworden.<\/p>\n<p>Die Vo\u00dfwerke bauten im Jahre <strong>1939<\/strong> auf ihrem Fabrikgel\u00e4nde zur Verbesserung der L\u00f6schwasserverh\u00e4ltnisse, 6 Rohrbrunnen.<\/p>\n<p>Im <strong>August 1939<\/strong> wurden, f\u00fcr den Fall einer Mobilmachung, 25 Kameraden f\u00fcr die Feuerwehr freigestellt.<\/p>\n<p><strong>29. Mai 1940<\/strong> beging die Freiw. Feuerwehr ihr 60j\u00e4hriges Bestehen. Im ersten Kriegsjahr fand nur ein Festabend im<br \/>\nRatskeller zum Gedenken an die Gr\u00fcndung der Wehr.<\/p>\n<p>Zur Verbesserung der Feuerloschverh\u00e4ltnisse, wurden im Stadtgebiet\u00a03 Rohrbrunnen angelegt.<\/p>\n<p>Die Sarstedter Feuerwehr mu\u00dfte zu den L\u00f6scharbeiten des M\u00fchlenbrandes in Hasede mit herangezogen werden.<br \/>\nDie gro\u00dfe M\u00fchle von Gebr. Engelke brannte vollst\u00e4ndig nieder.<\/p>\n<p>Am <strong>14. November 1940<\/strong> brannte es in der Villa Steinberg. Es entstand ein Schaden von ca.<br \/>\n40.000,- Reichsmark. Der Dachstuhl und die 1. Etage wurden zerst\u00f6rt und im Jahre 1941 wieder aufgebaut.<\/p>\n<p>Am <strong>2. Mai 1941<\/strong> brannte auf dem <strong>Hof von Hinze<\/strong> die mit Erntevorr\u00e4ten gef\u00fcllte Scheune vollst\u00e4ndig ab.<br \/>\nDie \u00fcbrigen Geb\u00e4ude des Hofes konnten gerettet werden. Die polizeilichen Ermittlungen ergaben, da\u00df ein 4 j\u00e4hriges Kind mit<br \/>\nStreichh\u00f6lzern gespielt und die Scheune in Brand gesteckt hat.<\/p>\n<p>Die Gemeinder\u00e4te beschlossen die Anschaffung eines neuen L\u00f6schgruppenger\u00e4tes f\u00fcr die Feuerwehr, da die bisherige Spritze veraltet war.<\/p>\n<p>Im <strong>Jahre 1942<\/strong>, im April, wurde die Feuerwehr-Hitler-Jugend gegr\u00fcndet.<\/p>\n<p>Im <strong>Jahre 1945<\/strong> wurden auf dem Fabrikgel\u00e4nde der Fa. Plinke 2 Feuerl\u00f6schbrunnen angelegt. Die Feuerwehr-Hitler-Jugend hat eine Mitgliederzahl von 19 Mann.<\/p>\n<p><strong>1944<\/strong>. In Sarstedt wurde eine Gro\u00df-Sirenenanlage f\u00fcr die Alarmierung bei Luftangriffen gebaut. Vier Sirenen wurden in Betrieb genommen.<br \/>\nHinzu kommt noch die Sirene von den Vo\u00dfwerken. Diese Alarmierung wird jetzt f\u00fcr den Feueralarm benutzt. Die Ausl\u00f6sung erfolgt durch die Polizei.<br \/>\nBei einem Brand in Sarstedt wird die Sirene wie folgt ausgel\u00f6st:<\/p>\n<p>3&#215;1 Minute Dauerton mit einer 1\/2 Minute Unterbrechung<\/p>\n<p>Bei einem Brand in einer Nachbargemeinde:<\/p>\n<p>2&#215;1 Minute Dauerton mit 1\/2 Minute Unterbrechung.<\/p>\n<p>Im <strong>Februar 1946<\/strong> kam es in Sarstedt und Umgebung zu einer Hochwasserkatastrophe gr\u00f6\u00dften Ausma\u00dfes. Das Wasser stieg in kurzer Zeit auf<br \/>\neinen, bisher nicht gekannten H\u00f6chstand und verursachte gro\u00dfen Schaden. Viele Stra\u00dfen und Keller waren \u00fcberschwemmt.<br \/>\nDie Feuerwehr mu\u00dfte helfend eingreifen und hatte viel Arbeit, um \u00fcberall die Not zu lindern.<\/p>\n<p>In der Ratssitzung vom <strong>6. M\u00e4rz 1946<\/strong> wurde die Anschaffung eines motorisierten Feuerwehrfahrzeuges beschlossen. Der Anschaffungspreis<br \/>\nbetrug 12.750,- Reichsmark. Das moderne und leistungsf\u00e4hige Fahrzeug konnte aus Wehrnachtsbest\u00e4nden preiswert erworben werden.<\/p>\n<p>Am <strong>2. August 1949<\/strong> brannte das 2 geschossige Behelfsheim in Hildesheimer Stra\u00dfe nieder. Dadurch wurden 16 in der Holzbaracke<br \/>\nuntergebrachte Fl\u00fcchtlingsfamilien mit ihren 70 Angeh\u00f6rigen obdachlos.<\/p>\n<p>Aus Anla\u00df seines 20j\u00e4hrigen Jubil\u00e4ums als Ortsbrandmeister wurde Hauptbrandmeister Schrader in einer au\u00dferordentlichen Ratssitzung<br \/>\nam <strong>13. September 1949<\/strong> von B\u00fcrgermeister und Rat besonders geehrt und ihm eine Urkunde \u00fcberreicht.<\/p>\n<p>Im <strong>Oktober 1949<\/strong> wurden die L\u00f6schfahrzeuge mit Signalh\u00f6rnern ausger\u00fcstet.<\/p>\n<p><strong>26. &#8211; 28. August 1950<\/strong>. Die Wehr feiert ihr 70j\u00e4hriges Jubil\u00e4um.<\/p>\n<\/div>\n","protected":false},"excerpt":{"rendered":"<p>&nbsp; Chronik der Ortsfeuerwehr Sarstedt &#8211; 1921 bis 1950 &nbsp; &nbsp; &nbsp; &nbsp; &nbsp; &nbsp; &nbsp; &nbsp; &nbsp; &nbsp; &nbsp; &nbsp; &nbsp; &nbsp; &nbsp; &nbsp; &nbsp; &nbsp; &nbsp; &nbsp; &nbsp; &nbsp; &nbsp; &nbsp; &nbsp; &nbsp; &nbsp; &nbsp; &nbsp; &nbsp; &nbsp; &nbsp; &nbsp; &nbsp; &nbsp; &nbsp; &nbsp; &nbsp; &nbsp; &nbsp; Im Jahre 1924 brach in der [&hellip;]<\/p>\n","protected":false},"author":1,"featured_media":6451,"parent":6324,"menu_order":0,"comment_status":"closed","ping_status":"closed","template":"side-navigation.php","meta":{"_monsterinsights_skip_tracking":false,"_monsterinsights_sitenote_active":false,"_monsterinsights_sitenote_note":"","_monsterinsights_sitenote_category":0,"footnotes":""},"class_list":["post-6356","page","type-page","status-publish","has-post-thumbnail","hentry"],"aioseo_notices":[],"_links":{"self":[{"href":"https:\/\/www.ff-sarstedt.de\/stadt\/wp-json\/wp\/v2\/pages\/6356","targetHints":{"allow":["GET"]}}],"collection":[{"href":"https:\/\/www.ff-sarstedt.de\/stadt\/wp-json\/wp\/v2\/pages"}],"about":[{"href":"https:\/\/www.ff-sarstedt.de\/stadt\/wp-json\/wp\/v2\/types\/page"}],"author":[{"embeddable":true,"href":"https:\/\/www.ff-sarstedt.de\/stadt\/wp-json\/wp\/v2\/users\/1"}],"replies":[{"embeddable":true,"href":"https:\/\/www.ff-sarstedt.de\/stadt\/wp-json\/wp\/v2\/comments?post=6356"}],"version-history":[{"count":0,"href":"https:\/\/www.ff-sarstedt.de\/stadt\/wp-json\/wp\/v2\/pages\/6356\/revisions"}],"up":[{"embeddable":true,"href":"https:\/\/www.ff-sarstedt.de\/stadt\/wp-json\/wp\/v2\/pages\/6324"}],"wp:featuredmedia":[{"embeddable":true,"href":"https:\/\/www.ff-sarstedt.de\/stadt\/wp-json\/wp\/v2\/media\/6451"}],"wp:attachment":[{"href":"https:\/\/www.ff-sarstedt.de\/stadt\/wp-json\/wp\/v2\/media?parent=6356"}],"curies":[{"name":"wp","href":"https:\/\/api.w.org\/{rel}","templated":true}]}}