{"id":6358,"date":"2015-10-03T10:23:49","date_gmt":"2015-10-03T08:23:49","guid":{"rendered":"http:\/\/www.ff-sarstedt.de\/stadt\/?page_id=6358"},"modified":"2016-03-25T10:33:01","modified_gmt":"2016-03-25T09:33:01","slug":"1951-1965","status":"publish","type":"page","link":"https:\/\/www.ff-sarstedt.de\/stadt\/sarstedt-1\/wir-ueber-uns\/chronik\/1951-1965","title":{"rendered":"1951 &#8211; 1965"},"content":{"rendered":"<p>Im Jahre <strong>1954 <\/strong>ehrt die Stadt Sarstedt Ortsbrandmeister Alfred Schrader f\u00fcr 25j\u00e4hriges Dienstjubil\u00e4um als<br \/>\nOrtsbrandmeister. Die Ehrung fand in einer \u00f6ffentlichen Sitzung statt.<\/p>\n<p><strong>01. Juni 1954<\/strong>. Grundsteinlegung f\u00fcr das heutige Feuerwehrger\u00e4tehaus in der Bleekstra\u00dfe. 18 Wochen sp\u00e4ter h\u00e4ngt die Richtkrone \u00fcber dem Ger\u00e4tehaus.<\/p>\n<p>Am <strong>14. Mai 1955 <\/strong>feiert die Wehr ihr 75j\u00e4hriges Jubil\u00e4um und bekommt von der Stadt als Jubil\u00e4umsgeschenk eine Tragkraftspritze geschenkt.<br \/>\nDie Feier wurde in der TKJ-Sporthalle in der Weberstra\u00dfe durchgef\u00fchrt.<\/p>\n<p><strong>08. 03. 1958<\/strong> nachdem Alfred Schrader nach Krankheit verstorben war wird der Oberbrandmeister Richard Hilke von<br \/>\nder Generalversammlung zum Stadtbrandmeister gew\u00e4hlt. In seine Amtszeit fiel das <strong>Glutjahr 1959<\/strong> in dem die<br \/>\nFreiwillige Feuerwehr Sarstedt insgesamt zehn Br\u00e4nde zu l\u00f6schen hatte Insbesondere die Feldbr\u00e4nde im Juli \/ August.<\/p>\n<p>Weil die beiden L\u00f6schfahrzeuge LF 25 und LF 8 den Anforderungen nicht mehr gen\u00fcgten, beschlo\u00df der Rat der Stadt Anfang 1962 die Beschaffung eines<br \/>\nTankl\u00f6schfahrzeugs TLF 16 (T). Es konnte am <strong>1. Dezember 1962<\/strong> in den Dienst gestellt werden.<\/p>\n<p>Im <strong>Fr\u00fchjahr 1963<\/strong> wird ein VW Bus in den Dienst gestellt um die Manschaft an den Brandort zu Transportieren .<\/p>\n<p><strong>Feb. 1964<\/strong> Der Amtierende Stadtbrandmeister Richard Hilke verzichtet aus gesundheitlichen Gr\u00fcnden auf eine Wiederwahl.<br \/>\nEs wird auf der Generalversammlung einstimmig der Stadtbaumeister Willi Jaedtke zum Stadtbrandmeister gew\u00e4hlt.<\/p>\n<p><strong>Nov. 1964<\/strong> Der Stadtbrandmeister Willi Jaedke gr\u00fcndet die Jugendfeuerwehr.<\/p>\n<p>Sarstedt und setzt sich zielstrebig f\u00fcr die Erg\u00e4nzung der l\u00f6schtechnischen Ausr\u00fcstung ein.<\/p>\n<p>Die Alten L\u00f6schfahrzeuge m\u00fcssen wegen \u00dcberalterung aus den Verkehr gezogen werden, so das im <strong>Juni 1965<\/strong> ein neues<br \/>\nL\u00f6schgruppenfahrzeug ( LF 16 TS) beschafft wird.<\/p>\n","protected":false},"excerpt":{"rendered":"<p>Im Jahre 1954 ehrt die Stadt Sarstedt Ortsbrandmeister Alfred Schrader f\u00fcr 25j\u00e4hriges Dienstjubil\u00e4um als Ortsbrandmeister. Die Ehrung fand in einer \u00f6ffentlichen Sitzung statt. 01. Juni 1954. Grundsteinlegung f\u00fcr das heutige Feuerwehrger\u00e4tehaus in der Bleekstra\u00dfe. 18 Wochen sp\u00e4ter h\u00e4ngt die Richtkrone \u00fcber dem Ger\u00e4tehaus. Am 14. Mai 1955 feiert die Wehr ihr 75j\u00e4hriges Jubil\u00e4um und bekommt [&hellip;]<\/p>\n","protected":false},"author":1,"featured_media":0,"parent":6324,"menu_order":0,"comment_status":"closed","ping_status":"closed","template":"side-navigation.php","meta":{"_monsterinsights_skip_tracking":false,"_monsterinsights_sitenote_active":false,"_monsterinsights_sitenote_note":"","_monsterinsights_sitenote_category":0,"footnotes":""},"class_list":["post-6358","page","type-page","status-publish","hentry"],"aioseo_notices":[],"_links":{"self":[{"href":"https:\/\/www.ff-sarstedt.de\/stadt\/wp-json\/wp\/v2\/pages\/6358","targetHints":{"allow":["GET"]}}],"collection":[{"href":"https:\/\/www.ff-sarstedt.de\/stadt\/wp-json\/wp\/v2\/pages"}],"about":[{"href":"https:\/\/www.ff-sarstedt.de\/stadt\/wp-json\/wp\/v2\/types\/page"}],"author":[{"embeddable":true,"href":"https:\/\/www.ff-sarstedt.de\/stadt\/wp-json\/wp\/v2\/users\/1"}],"replies":[{"embeddable":true,"href":"https:\/\/www.ff-sarstedt.de\/stadt\/wp-json\/wp\/v2\/comments?post=6358"}],"version-history":[{"count":0,"href":"https:\/\/www.ff-sarstedt.de\/stadt\/wp-json\/wp\/v2\/pages\/6358\/revisions"}],"up":[{"embeddable":true,"href":"https:\/\/www.ff-sarstedt.de\/stadt\/wp-json\/wp\/v2\/pages\/6324"}],"wp:attachment":[{"href":"https:\/\/www.ff-sarstedt.de\/stadt\/wp-json\/wp\/v2\/media?parent=6358"}],"curies":[{"name":"wp","href":"https:\/\/api.w.org\/{rel}","templated":true}]}}