{"id":6360,"date":"2015-10-03T10:25:14","date_gmt":"2015-10-03T08:25:14","guid":{"rendered":"http:\/\/www.ff-sarstedt.de\/stadt\/?page_id=6360"},"modified":"2016-03-25T10:33:10","modified_gmt":"2016-03-25T09:33:10","slug":"1966-2005","status":"publish","type":"page","link":"https:\/\/www.ff-sarstedt.de\/stadt\/sarstedt-1\/wir-ueber-uns\/chronik\/1966-2005","title":{"rendered":"1966 &#8211; 2005"},"content":{"rendered":"<p>&nbsp;<\/p>\n<h3>Chronik der Ortsfeuerwehr Sarstedt &#8211; 1966 bis 2005<\/h3>\n<div style=\"float: left; width: 200px;\">\n<div id=\"attachment_1020\" style=\"width: 160px\" class=\"wp-caption alignleft\"><a href=\"https:\/\/www.ff-sarstedt.de\/stadt\/wp-content\/uploads\/2015\/03\/achilles.jpg\" rel=\"lightbox[6360]\"><img loading=\"lazy\" decoding=\"async\" aria-describedby=\"caption-attachment-1020\" class=\"size-thumbnail wp-image-1020\" src=\"https:\/\/www.ff-sarstedt.de\/stadt\/wp-content\/uploads\/2015\/03\/achilles-150x150.jpg\" alt=\"Walter ArchillesStadtbrandmeister1970 - 1988\" width=\"150\" height=\"150\" \/><\/a><p id=\"caption-attachment-1020\" class=\"wp-caption-text\">Walter Archilles<br \/>Stadtbrandmeister<br \/>1970 &#8211; 1988<\/p><\/div>\n<p>&nbsp;<\/p>\n<p>&nbsp;<\/p>\n<p>&nbsp;<\/p>\n<p>&nbsp;<\/p>\n<div id=\"attachment_6421\" style=\"width: 160px\" class=\"wp-caption alignleft\"><a href=\"https:\/\/www.ff-sarstedt.de\/stadt\/wp-content\/uploads\/2015\/10\/1969-06-08_1200schuetzenfest.jpg\" rel=\"lightbox[6360]\"><img loading=\"lazy\" decoding=\"async\" aria-describedby=\"caption-attachment-6421\" class=\"size-thumbnail wp-image-6421\" src=\"https:\/\/www.ff-sarstedt.de\/stadt\/wp-content\/uploads\/2015\/10\/1969-06-08_1200schuetzenfest-150x150.jpg\" alt=\"Sch\u00fctzenumzug 08.06.1969\" width=\"150\" height=\"150\" \/><\/a><p id=\"caption-attachment-6421\" class=\"wp-caption-text\">Sch\u00fctzenumzug 08.06.1969<\/p><\/div>\n<p>&nbsp;<\/p>\n<p>&nbsp;<\/p>\n<p>&nbsp;<\/p>\n<p>&nbsp;<\/p>\n<div id=\"attachment_6424\" style=\"width: 160px\" class=\"wp-caption alignleft\"><a href=\"https:\/\/www.ff-sarstedt.de\/stadt\/wp-content\/uploads\/2015\/10\/dl1972.jpg\" rel=\"lightbox[6360]\"><img loading=\"lazy\" decoding=\"async\" aria-describedby=\"caption-attachment-6424\" class=\"size-thumbnail wp-image-6424\" src=\"https:\/\/www.ff-sarstedt.de\/stadt\/wp-content\/uploads\/2015\/10\/dl1972-150x150.jpg\" alt=\"Alterskameradentreffen am 23.10.1976\" width=\"150\" height=\"150\" \/><\/a><p id=\"caption-attachment-6424\" class=\"wp-caption-text\">Alterskameradentreffen am 23.10.1976<\/p><\/div>\n<p>&nbsp;<\/p>\n<p>&nbsp;<\/p>\n<p>&nbsp;<\/p>\n<p>&nbsp;<\/p>\n<div id=\"attachment_6420\" style=\"width: 160px\" class=\"wp-caption alignleft\"><a href=\"https:\/\/www.ff-sarstedt.de\/stadt\/wp-content\/uploads\/2015\/10\/1970mannschaft1200.jpg\" rel=\"lightbox[6360]\"><img loading=\"lazy\" decoding=\"async\" aria-describedby=\"caption-attachment-6420\" class=\"size-thumbnail wp-image-6420\" src=\"https:\/\/www.ff-sarstedt.de\/stadt\/wp-content\/uploads\/2015\/10\/1970mannschaft1200-150x150.jpg\" alt=\"Feuerwehr Sarstedt Mannschaftsbild 1972\" width=\"150\" height=\"150\" \/><\/a><p id=\"caption-attachment-6420\" class=\"wp-caption-text\">Feuerwehr Sarstedt Mannschaftsbild 1972<\/p><\/div>\n<p>&nbsp;<\/p>\n<p>&nbsp;<\/p>\n<p>&nbsp;<\/p>\n<p>&nbsp;<\/p>\n<div id=\"attachment_1025\" style=\"width: 160px\" class=\"wp-caption alignleft\"><a href=\"https:\/\/www.ff-sarstedt.de\/stadt\/wp-content\/uploads\/2015\/03\/huebener.jpg\" rel=\"lightbox[6360]\"><img loading=\"lazy\" decoding=\"async\" aria-describedby=\"caption-attachment-1025\" class=\"size-thumbnail wp-image-1025\" src=\"https:\/\/www.ff-sarstedt.de\/stadt\/wp-content\/uploads\/2015\/03\/huebener-150x150.jpg\" alt=\"Werner H\u00fcbenerOrtsbrandmeister1976 - 1988\" width=\"150\" height=\"150\" \/><\/a><p id=\"caption-attachment-1025\" class=\"wp-caption-text\">Werner H\u00fcbener<br \/>Ortsbrandmeister<br \/>1976 &#8211; 1988<\/p><\/div>\n<p>&nbsp;<\/p>\n<p>&nbsp;<\/p>\n<p>&nbsp;<\/p>\n<p>&nbsp;<\/p>\n<div id=\"attachment_1021\" style=\"width: 160px\" class=\"wp-caption alignleft\"><a href=\"https:\/\/www.ff-sarstedt.de\/stadt\/wp-content\/uploads\/2015\/03\/dissmer.jpg\" rel=\"lightbox[6360]\"><img loading=\"lazy\" decoding=\"async\" aria-describedby=\"caption-attachment-1021\" class=\"size-thumbnail wp-image-1021\" src=\"https:\/\/www.ff-sarstedt.de\/stadt\/wp-content\/uploads\/2015\/03\/dissmer-150x150.jpg\" alt=\"Claus-Peter Di\u00dfmerOrtsbrandmeister1988 - 1994\" width=\"150\" height=\"150\" \/><\/a><p id=\"caption-attachment-1021\" class=\"wp-caption-text\">Claus-Peter Di\u00dfmer<br \/>Ortsbrandmeister<br \/>1988 &#8211; 1994<\/p><\/div>\n<p>&nbsp;<\/p>\n<p>&nbsp;<\/p>\n<p>&nbsp;<\/p>\n<p>&nbsp;<\/p>\n<div id=\"attachment_1023\" style=\"width: 160px\" class=\"wp-caption alignleft\"><a href=\"https:\/\/www.ff-sarstedt.de\/stadt\/wp-content\/uploads\/2015\/03\/hartmann.jpg\" rel=\"lightbox[6360]\"><img loading=\"lazy\" decoding=\"async\" aria-describedby=\"caption-attachment-1023\" class=\"size-thumbnail wp-image-1023\" src=\"https:\/\/www.ff-sarstedt.de\/stadt\/wp-content\/uploads\/2015\/03\/hartmann-150x150.jpg\" alt=\"Heinz-Georg HartmannOrtsbrandmeister1994 - 2000\" width=\"150\" height=\"150\" \/><\/a><p id=\"caption-attachment-1023\" class=\"wp-caption-text\">Heinz-Georg Hartmann<br \/>Ortsbrandmeister<br \/>1994 &#8211; 2000<\/p><\/div>\n<p>&nbsp;<\/p>\n<p>&nbsp;<\/p>\n<p>&nbsp;<\/p>\n<p>&nbsp;<\/p>\n<div id=\"attachment_1030\" style=\"width: 160px\" class=\"wp-caption alignleft\"><a href=\"https:\/\/www.ff-sarstedt.de\/stadt\/wp-content\/uploads\/2015\/03\/ulrich.jpg\" rel=\"lightbox[6360]\"><img loading=\"lazy\" decoding=\"async\" aria-describedby=\"caption-attachment-1030\" class=\"size-thumbnail wp-image-1030\" src=\"https:\/\/www.ff-sarstedt.de\/stadt\/wp-content\/uploads\/2015\/03\/ulrich-150x150.jpg\" alt=\"Friedhelm UlrichOrtsbrandmeister2000 - 2012\" width=\"150\" height=\"150\" \/><\/a><p id=\"caption-attachment-1030\" class=\"wp-caption-text\">Friedhelm Ulrich<br \/>Ortsbrandmeister<br \/>2000 &#8211; 2012<\/p><\/div>\n<p>&nbsp;<\/p>\n<p>&nbsp;<\/p>\n<p>&nbsp;<\/p>\n<p>&nbsp;<\/p>\n<\/div>\n<div style=\"text-align: justify;\"><strong>1970<\/strong>. Die Amtszeit von Willy Jaedtke l\u00e4uft ab. Er kandidiert aus beruflichen Gr\u00fcnden nicht wieder. In der Generalversammlung wird<br \/>\nder amtierende stellvertretende Stadtbrandmeister Walter Achilles zum neuen Stadtbrandmeister gew\u00e4hlt.<strong>3. April 1970<\/strong>. Willy Jaedtke wird ehrenvoll aus seinem Amt verabschiedet.Am <strong>23. Mai 1970<\/strong> wird zum 9. Male ein Feuerwehrjubil\u00e4um in der Lappenberghalle gefeiert: das 90j\u00e4hrige.Durch die Gemeindereform im Landkreis Hildesheim vom <strong>1. M\u00e4rz 1974<\/strong> \u00fcbernimmt der Stadtbrandmeister Walter Achilles die<br \/>\nF\u00fchrung der Stadtfeuerwehr mit seinen Ortsteilen. Die Ortsfeuerwehren bleiben als selbstst\u00e4ndige Wehren<br \/>\nunter der F\u00fchrung der dortigen Ortsbrandmeister erhalten.Im <strong>Mai 1975<\/strong> feiert die Wehr ihr 95j\u00e4hriges Feuerwehrjubil\u00e4um in der Lappenberghalle.<\/p>\n<p>Im <strong>Februar 1976<\/strong> w\u00e4hlte die Hauptversammlung Werner H\u00fcbener zum Ortsbrandmeister. Er sorgt f\u00fcr eine gut ausgebildete<br \/>\nund schlagkr\u00e4ftige Feuerwehr. Die Vergangenheit, wissen wir heute, gibt ihm recht. Denn in seine Amtszeit fallen mehrere Gro\u00dffeuer.<br \/>\nUnter anderem Hahnerol &#8211; am <strong>7. August 1979<\/strong> brennt ein Chemie verarbeitender Betrieb an<br \/>\nder Ziegelbrennerstra\u00dfe ab. Bei den L\u00f6scharbeiten wird der Kamerad Ernst Peters schwer verletzt.<\/p>\n<p>Vom <strong>6.- 9. Juni 1980<\/strong> feiert die Ortsfeuerwehr das 100j\u00e4hrige Jubil\u00e4um in Verbindung mit dem Kreisfeuerwehrverbandstag<br \/>\nund dem Sch\u00fctzenfest Sarstedt als gro\u00dfes Zeltfest.<\/p>\n<p>Im Zuge der Ersatzbeschaffung des TLF 16 ( T ) durch ein TLF 16 \/ 25 wird ein Anbau an das Feuerwehrhaus erforderlich und die ehemalige<br \/>\nGer\u00e4tewartwohnung wird zum Unterrichtsaal umgebaut.<\/p>\n<p><strong>1988<\/strong> tritt Werner H\u00fcbener aus Altersgr\u00fcnden nach 12 Jahren Amtszeit nicht wieder an. Werner H\u00fcbener wird ehrenvoll<br \/>\naus seinem Amt verabschiedet und auf Vorschlag der Ortsfeuerwehr zum Ehrenbrandmeister ernannt.<\/p>\n<p><strong>1988<\/strong> wird Claus-Peter Di\u00dfmer zum neuen Ortsbrandmeister gew\u00e4hlt.<\/p>\n<p>Am <strong>21.07.1988<\/strong> brennt am Boksberg die Lagerhalle der Firma Schr\u00f6ter und Bake bis auf die Grundmauern nieder.<\/p>\n<p>In den Vormittagsstunden des <strong>18.08.1988 <\/strong>brennen in der Holztorstra\u00dfe der Dachstuhl und die erste Etage der L\u00f6wenapotheke aus.<br \/>\nDurch den schnellen Einsatz der Feuerwehr kann ein \u00dcbergreifen auf die angrenzenden H\u00e4user (7 Br\u00fcder) verhindert werden.<\/p>\n<p>Am <strong>04.06.1989<\/strong> feiert die Jugendfeuerwehr ihr 25-j\u00e4hriges Jubil\u00e4um mit einem Tag der offenen T\u00fcr und den Abschnittswettbewerben.<\/p>\n<p>Am <strong>06.12.1991<\/strong> wird ein neues LF16 TS in den Dienst gestellt.<\/p>\n<p>Am <strong>15.12.1993<\/strong> werden von der Stadt 2 Fertighallen gegen\u00fcber dem Feuerwehrhaus errichtet.<br \/>\nEin neuer Ger\u00e4tewagen erg\u00e4nzt seitdem den Fuhrpark der Sarstedter Feuerwehr.<\/p>\n<p><strong>1994<\/strong> wird Heinz Georg Hartmann zum neuen Ortsbrandmeister durch die Mitgliederversammlung gew\u00e4hlt.<\/p>\n<p><strong>1995<\/strong> wird die Drehleiter Ersatzbeschafft. Die neue DLK 23\/12 ist zu diesem Zeitpunkt das modernste Ger\u00e4t, was es auf<br \/>\ndem Markt gibt. Des weiteren wird ein gebrauchter MTW zur Bef\u00f6rderung des Personals beschafft.<\/p>\n<p>Im Jahr <strong>1995<\/strong> wird die Jugendfeuerwehr unter der F\u00fchrung von Jugendfeuerwehrwart R\u00fcdiger Schulz zum ersten Mal Kreismeister.<\/p>\n<p><strong>17. August 1999<\/strong> Durch Brandstiftung werden in der Friedrich-Ebert-Stra\u00dfe ein Reisebus und ein Vereinsheim total zerst\u00f6rt.<\/p>\n<p><strong>Februar 2000<\/strong> Die Amtszeit des Ortsbrandmeisters Heinz-Georg Hartmann l\u00e4uft ab. Er kandidiert aus pers\u00f6nlichen Gr\u00fcnden<br \/>\nnicht wieder. Friedhelm Ulrich wird zum neuen Ortsbrandmeister durch die Mitglieder gew\u00e4hlt.<\/p>\n<p>Am <strong>28.10.2000<\/strong> feiert die Ortsfeuerwehr ihr 120j\u00e4hriges Jubil\u00e4um im Dorfgemeinschaftshaus Hotteln.<\/p>\n<p>In der Nacht vom <strong>29.-30.09.2001<\/strong> brennt ein Restposte- Markt in der Gutenbergstra\u00dfe bis auf die Grundmauern nieder.<\/p>\n<p>Im Zuge der Ersatzbeschaffung wird im <strong>Dezember 2001<\/strong> ein neues Tankl\u00f6schfahrzeug TLF 16\/25 in den Dienst gestellt.<\/p>\n<p>In der Jahreshauptversammlung vom <strong>26.01.2002<\/strong> werden der Ortsbrandmeister Fiedhelm Ulrich und sein Stellvertreter<br \/>\nUwe Meyer zum Vollzugsbeamten, sowie Ernst Peters zum Ehrenbrandmeister ernannt.<\/p>\n<p>Am <strong>03.01.2003<\/strong> wird Sarstedt von einem Hochwasser heimgesucht. Der Einsatz dauert bis zum <strong>05.01.2003<\/strong><\/p>\n<p><strong>04.09.2004<\/strong>. Die Jugendfeuerwehr feiert ihr 40j\u00e4hriges Jubil\u00e4um.<\/p>\n<p><strong>09. &#8211; 13. Juni 2005<\/strong> &#8211; die Ortsfeuerwehr feiert das 125j\u00e4hrige Jubil\u00e4um in Verbindung mit dem Sch\u00fctzenfest Sarstedt als gro\u00dfes Zeltfest.<\/p>\n<\/div>\n","protected":false},"excerpt":{"rendered":"<p>&nbsp; Chronik der Ortsfeuerwehr Sarstedt &#8211; 1966 bis 2005 &nbsp; &nbsp; &nbsp; &nbsp; &nbsp; &nbsp; &nbsp; &nbsp; &nbsp; &nbsp; &nbsp; &nbsp; &nbsp; &nbsp; &nbsp; &nbsp; &nbsp; &nbsp; &nbsp; &nbsp; &nbsp; &nbsp; &nbsp; &nbsp; &nbsp; &nbsp; &nbsp; &nbsp; &nbsp; &nbsp; &nbsp; &nbsp; 1970. Die Amtszeit von Willy Jaedtke l\u00e4uft ab. Er kandidiert aus beruflichen Gr\u00fcnden nicht [&hellip;]<\/p>\n","protected":false},"author":1,"featured_media":6420,"parent":6324,"menu_order":0,"comment_status":"closed","ping_status":"closed","template":"side-navigation.php","meta":{"_monsterinsights_skip_tracking":false,"_monsterinsights_sitenote_active":false,"_monsterinsights_sitenote_note":"","_monsterinsights_sitenote_category":0,"footnotes":""},"class_list":["post-6360","page","type-page","status-publish","has-post-thumbnail","hentry"],"aioseo_notices":[],"_links":{"self":[{"href":"https:\/\/www.ff-sarstedt.de\/stadt\/wp-json\/wp\/v2\/pages\/6360","targetHints":{"allow":["GET"]}}],"collection":[{"href":"https:\/\/www.ff-sarstedt.de\/stadt\/wp-json\/wp\/v2\/pages"}],"about":[{"href":"https:\/\/www.ff-sarstedt.de\/stadt\/wp-json\/wp\/v2\/types\/page"}],"author":[{"embeddable":true,"href":"https:\/\/www.ff-sarstedt.de\/stadt\/wp-json\/wp\/v2\/users\/1"}],"replies":[{"embeddable":true,"href":"https:\/\/www.ff-sarstedt.de\/stadt\/wp-json\/wp\/v2\/comments?post=6360"}],"version-history":[{"count":0,"href":"https:\/\/www.ff-sarstedt.de\/stadt\/wp-json\/wp\/v2\/pages\/6360\/revisions"}],"up":[{"embeddable":true,"href":"https:\/\/www.ff-sarstedt.de\/stadt\/wp-json\/wp\/v2\/pages\/6324"}],"wp:featuredmedia":[{"embeddable":true,"href":"https:\/\/www.ff-sarstedt.de\/stadt\/wp-json\/wp\/v2\/media\/6420"}],"wp:attachment":[{"href":"https:\/\/www.ff-sarstedt.de\/stadt\/wp-json\/wp\/v2\/media?parent=6360"}],"curies":[{"name":"wp","href":"https:\/\/api.w.org\/{rel}","templated":true}]}}