{"id":6364,"date":"2015-10-03T10:27:42","date_gmt":"2015-10-03T08:27:42","guid":{"rendered":"http:\/\/www.ff-sarstedt.de\/stadt\/?page_id=6364"},"modified":"2016-04-25T15:53:56","modified_gmt":"2016-04-25T13:53:56","slug":"2011-dato","status":"publish","type":"page","link":"https:\/\/www.ff-sarstedt.de\/stadt\/sarstedt-1\/wir-ueber-uns\/chronik\/2011-dato","title":{"rendered":"2011 &#8211; dato"},"content":{"rendered":"<p>&nbsp;<\/p>\n<h3>Die Chronik der Ortsfeuerwehr Sarstedt &#8211; 2011 bis dato<\/h3>\n<div style=\"width: 200; float: left;\">\n<div id=\"attachment_6387\" style=\"width: 160px\" class=\"wp-caption alignleft\"><a href=\"https:\/\/www.ff-sarstedt.de\/stadt\/wp-content\/uploads\/2015\/10\/2012ggeinsatz_1200.jpg\" rel=\"lightbox[6364]\"><img loading=\"lazy\" decoding=\"async\" aria-describedby=\"caption-attachment-6387\" class=\"size-thumbnail wp-image-6387\" src=\"https:\/\/www.ff-sarstedt.de\/stadt\/wp-content\/uploads\/2015\/10\/2012ggeinsatz_1200-150x150.jpg\" alt=\"Gefahrguteinsatz 2012 am Kleks.\" width=\"150\" height=\"150\" \/><\/a><p id=\"caption-attachment-6387\" class=\"wp-caption-text\">Gefahrguteinsatz 2012 am Klecks.<\/p><\/div>\n<p>&nbsp;<\/p>\n<div id=\"attachment_6386\" style=\"width: 160px\" class=\"wp-caption alignleft\"><a href=\"https:\/\/www.ff-sarstedt.de\/stadt\/wp-content\/uploads\/2015\/10\/2012ampelmord_1200.jpg\" rel=\"lightbox[6364]\"><img loading=\"lazy\" decoding=\"async\" aria-describedby=\"caption-attachment-6386\" class=\"size-thumbnail wp-image-6386\" src=\"https:\/\/www.ff-sarstedt.de\/stadt\/wp-content\/uploads\/2015\/10\/2012ampelmord_1200-150x150.jpg\" alt=\"2012 Ampelmord in Sarstedt\" width=\"150\" height=\"150\" \/><\/a><p id=\"caption-attachment-6386\" class=\"wp-caption-text\">2012 Ampelmord in Sarstedt<\/p><\/div>\n<p>&nbsp;<\/p>\n<div id=\"attachment_6385\" style=\"width: 160px\" class=\"wp-caption alignleft\"><a href=\"https:\/\/www.ff-sarstedt.de\/stadt\/wp-content\/uploads\/2015\/10\/2012umzug_1200.jpg\" rel=\"lightbox[6364]\"><img loading=\"lazy\" decoding=\"async\" aria-describedby=\"caption-attachment-6385\" class=\"size-thumbnail wp-image-6385\" src=\"https:\/\/www.ff-sarstedt.de\/stadt\/wp-content\/uploads\/2015\/10\/2012umzug_1200-150x150.jpg\" alt=\"September 2012. Feierlicher Umzug ins neue Haus\" width=\"150\" height=\"150\" \/><\/a><p id=\"caption-attachment-6385\" class=\"wp-caption-text\">September 2012. Feierlicher Umzug ins neue Haus<\/p><\/div>\n<p>&nbsp;<\/p>\n<div id=\"attachment_1027\" style=\"width: 160px\" class=\"wp-caption alignleft\"><a href=\"https:\/\/www.ff-sarstedt.de\/stadt\/wp-content\/uploads\/2015\/03\/meyer.jpg\" rel=\"lightbox[6364]\"><img loading=\"lazy\" decoding=\"async\" aria-describedby=\"caption-attachment-1027\" class=\"size-thumbnail wp-image-1027\" src=\"https:\/\/www.ff-sarstedt.de\/stadt\/wp-content\/uploads\/2015\/03\/meyer-150x150.jpg\" alt=\"Ulrich MeyerOrtsbrandmeister2012 - dato\" width=\"150\" height=\"150\" \/><\/a><p id=\"caption-attachment-1027\" class=\"wp-caption-text\">Ulrich Meyer<br \/>Ortsbrandmeister<br \/>2012 &#8211; dato<\/p><\/div>\n<\/div>\n<div style=\"text-align: justify;\">Aufgrund von starken Dauerregen schwillt die Innerste stark an. Der B\u00fcrgermeister l\u00f6ste am <strong>09.01. 2011<\/strong> einen Voralarm aus,\u00a0um mit den F\u00fchrungskr\u00e4ften einen m\u00f6glichen Einsatz vorzubereiten. Doch am n\u00e4chsten Tag konnte Entwarnung gegeben werden.\u00a0<strong>Am 26.05. 2011<\/strong> findet der feierliche Spatenstich vom Neubau statt. Bereits am <strong>02. September 2011<\/strong> ist das Richtfest f\u00fcr einen veredelten Rohbau.Ulrich Meyer wird am <strong>08.10.2011<\/strong> zum Ortsbrandmeister gew\u00e4hlt. Der alte Ortsbrandmeister Friedhelm Ulrich trat als designierter Brandschutzabschnittsleiter Nord\u00a0nicht mehr zur Wahl an. Neuer Stellvetreter wird Kam. R\u00fcdiger Schulz.Das Jahr <strong>2012<\/strong> f\u00e4ngt am <strong>Neujahrstag<\/strong> mit einer Schie\u00dferei an. Die Feuerwehr wird in der Nacht zu dem sp\u00e4ter in den Medien beschriebenen &#8220;Ampelmord von Sarstedt&#8221; gerufen, um die<br \/>\nEinsatzstelle auszuleuchten.Am <strong>04.02. 2012<\/strong> werden in einer offizellen Feierstunde durch B\u00fcrgermeister Karl-Heinz Wondratschek die alten Ortsbrandmeister verabschiedet und die neuen ernannt.<\/p>\n<p>Teilweise drei\u00dfig Liter Regen in 20 Minuten sorgten am <strong>09.05.2012<\/strong> f\u00fcr 40 Eins\u00e4tze. Die gesamte Stadtfeuerwehr ist f\u00fcr 4 Stunden im Dauereinsatz.<br \/>\nAls Sp\u00e4tfolge vom Regen, hie\u00df es drei Tage sp\u00e4ter Gefahrguteinsatz\u00a0am Kleks. hier waren 151 Feuerwehrm\u00e4nner unter der Leitung von Stadtbrandmeister Uwe Meyer im Einsatz.<\/p>\n<p>In einem feierlichen Umzug zieht die Ortsfeuerwehr am <strong>15. September 2012<\/strong> in Richtung neues Domizil. Sie marschieren in Dreierreihe, begleitend von allen Fahrzeugen mit Martinshorn durch die Innenstadt. Mit einem Lied wird das neue Haus von den Kameraden eingeweiht. Am <strong>20. Oktober 2012<\/strong> findet dann die offizielle Einweihungsfeier statt. \u00dcber 250 G\u00e4ste sind Zeuge bei der symbolischen Schl\u00fcssel\u00fcbergabe.<\/p>\n<div class=\"t4p-youtube\" style=\"max-width:600px;max-height:350px;\"><div class=\"video-shortcode\"><iframe loading=\"lazy\" title=\"YouTube video player\" src=\"https:\/\/www.youtube.com\/embed\/oYquNMSTkAc?wmode=transparent\" width=\"600\" height=\"350\" frameborder=\"0\" allowfullscreen><\/iframe><\/div><\/div>\n<\/div>\n","protected":false},"excerpt":{"rendered":"<p>&nbsp; Die Chronik der Ortsfeuerwehr Sarstedt &#8211; 2011 bis dato &nbsp; &nbsp; &nbsp; Aufgrund von starken Dauerregen schwillt die Innerste stark an. Der B\u00fcrgermeister l\u00f6ste am 09.01. 2011 einen Voralarm aus,\u00a0um mit den F\u00fchrungskr\u00e4ften einen m\u00f6glichen Einsatz vorzubereiten. Doch am n\u00e4chsten Tag konnte Entwarnung gegeben werden.\u00a0Am 26.05. 2011 findet der feierliche Spatenstich vom Neubau statt. [&hellip;]<\/p>\n","protected":false},"author":1,"featured_media":6385,"parent":6324,"menu_order":0,"comment_status":"closed","ping_status":"closed","template":"side-navigation.php","meta":{"_monsterinsights_skip_tracking":false,"_monsterinsights_sitenote_active":false,"_monsterinsights_sitenote_note":"","_monsterinsights_sitenote_category":0,"footnotes":""},"class_list":["post-6364","page","type-page","status-publish","has-post-thumbnail","hentry"],"aioseo_notices":[],"_links":{"self":[{"href":"https:\/\/www.ff-sarstedt.de\/stadt\/wp-json\/wp\/v2\/pages\/6364","targetHints":{"allow":["GET"]}}],"collection":[{"href":"https:\/\/www.ff-sarstedt.de\/stadt\/wp-json\/wp\/v2\/pages"}],"about":[{"href":"https:\/\/www.ff-sarstedt.de\/stadt\/wp-json\/wp\/v2\/types\/page"}],"author":[{"embeddable":true,"href":"https:\/\/www.ff-sarstedt.de\/stadt\/wp-json\/wp\/v2\/users\/1"}],"replies":[{"embeddable":true,"href":"https:\/\/www.ff-sarstedt.de\/stadt\/wp-json\/wp\/v2\/comments?post=6364"}],"version-history":[{"count":0,"href":"https:\/\/www.ff-sarstedt.de\/stadt\/wp-json\/wp\/v2\/pages\/6364\/revisions"}],"up":[{"embeddable":true,"href":"https:\/\/www.ff-sarstedt.de\/stadt\/wp-json\/wp\/v2\/pages\/6324"}],"wp:featuredmedia":[{"embeddable":true,"href":"https:\/\/www.ff-sarstedt.de\/stadt\/wp-json\/wp\/v2\/media\/6385"}],"wp:attachment":[{"href":"https:\/\/www.ff-sarstedt.de\/stadt\/wp-json\/wp\/v2\/media?parent=6364"}],"curies":[{"name":"wp","href":"https:\/\/api.w.org\/{rel}","templated":true}]}}