{"id":6837,"date":"2015-11-06T09:15:18","date_gmt":"2015-11-06T08:15:18","guid":{"rendered":"http:\/\/www.ff-sarstedt.de\/stadt\/?page_id=6837"},"modified":"2024-02-25T21:41:56","modified_gmt":"2024-02-25T20:41:56","slug":"feuerwehrhaus","status":"publish","type":"page","link":"https:\/\/www.ff-sarstedt.de\/stadt\/giften\/technik\/feuerwehrhaus","title":{"rendered":"Feuerwehrhaus"},"content":{"rendered":"<p>Das Feuerwehrhaus der Ortschaft Giften befindet sich im Vierpa\u00df 13 und wurde am 01.05.2021 bezogen. .<\/p>\n<p>Es wurde 2020-2021 nach dem aktuellen Standard f\u00fcr Feuerwehrh\u00e4user erbaut und ist nun das modernste Feuerwehrhaus im Stadtgebiet.<\/p>\n","protected":false},"excerpt":{"rendered":"<p>Das Feuerwehrhaus der Ortschaft Giften befindet sich im Vierpa\u00df 13 und wurde am 01.05.2021 bezogen. . Es wurde 2020-2021 nach dem aktuellen Standard f\u00fcr Feuerwehrh\u00e4user erbaut und ist nun das modernste Feuerwehrhaus im Stadtgebiet.<\/p>\n","protected":false},"author":14,"featured_media":0,"parent":1668,"menu_order":0,"comment_status":"closed","ping_status":"closed","template":"side-navigation.php","meta":{"_monsterinsights_skip_tracking":false,"_monsterinsights_sitenote_active":false,"_monsterinsights_sitenote_note":"","_monsterinsights_sitenote_category":0,"footnotes":""},"class_list":["post-6837","page","type-page","status-publish","hentry"],"aioseo_notices":[],"_links":{"self":[{"href":"https:\/\/www.ff-sarstedt.de\/stadt\/wp-json\/wp\/v2\/pages\/6837","targetHints":{"allow":["GET"]}}],"collection":[{"href":"https:\/\/www.ff-sarstedt.de\/stadt\/wp-json\/wp\/v2\/pages"}],"about":[{"href":"https:\/\/www.ff-sarstedt.de\/stadt\/wp-json\/wp\/v2\/types\/page"}],"author":[{"embeddable":true,"href":"https:\/\/www.ff-sarstedt.de\/stadt\/wp-json\/wp\/v2\/users\/14"}],"replies":[{"embeddable":true,"href":"https:\/\/www.ff-sarstedt.de\/stadt\/wp-json\/wp\/v2\/comments?post=6837"}],"version-history":[{"count":1,"href":"https:\/\/www.ff-sarstedt.de\/stadt\/wp-json\/wp\/v2\/pages\/6837\/revisions"}],"predecessor-version":[{"id":28397,"href":"https:\/\/www.ff-sarstedt.de\/stadt\/wp-json\/wp\/v2\/pages\/6837\/revisions\/28397"}],"up":[{"embeddable":true,"href":"https:\/\/www.ff-sarstedt.de\/stadt\/wp-json\/wp\/v2\/pages\/1668"}],"wp:attachment":[{"href":"https:\/\/www.ff-sarstedt.de\/stadt\/wp-json\/wp\/v2\/media?parent=6837"}],"curies":[{"name":"wp","href":"https:\/\/api.w.org\/{rel}","templated":true}]}}