{"id":684,"date":"2015-03-19T12:50:52","date_gmt":"2015-03-19T11:50:52","guid":{"rendered":"http:\/\/www.ff-sarstedt.de\/stadt\/?page_id=684"},"modified":"2016-05-14T23:42:00","modified_gmt":"2016-05-14T21:42:00","slug":"ausbildungsraeume","status":"publish","type":"page","link":"https:\/\/www.ff-sarstedt.de\/stadt\/sarstedt-1\/technik\/feuerwehrhaus\/ausbildungsraeume","title":{"rendered":"Ausbildungsr\u00e4ume"},"content":{"rendered":"<p>Die Ausbildungsr\u00e4ume befinden sich im Obergeschoss des Geb\u00e4udes. Sie erstrecken sich \u00fcber die gesamte L\u00e4nge.<\/p>\n\n\t\t<style type=\"text\/css\">\n\t\t\t#gallery-1 {\n\t\t\t\tmargin: auto;\n\t\t\t}\n\t\t\t#gallery-1 .gallery-item {\n\t\t\t\tfloat: left;\n\t\t\t\tmargin-top: 10px;\n\t\t\t\ttext-align: center;\n\t\t\t\twidth: 33%;\n\t\t\t}\n\t\t\t#gallery-1 img {\n\t\t\t\tborder: 2px solid #cfcfcf;\n\t\t\t}\n\t\t\t#gallery-1 .gallery-caption {\n\t\t\t\tmargin-left: 0;\n\t\t\t}\n\t\t\t\/* see gallery_shortcode() in wp-includes\/media.php *\/\n\t\t<\/style>\n\t\t<div id='gallery-1' class='gallery galleryid-684 gallery-columns-3 gallery-size-thumbnail'><dl class='gallery-item'>\n\t\t\t<dt class='gallery-icon landscape'>\n\t\t\t\t<a rel=\"prettyPhoto[postimages]\" href='https:\/\/www.ff-sarstedt.de\/stadt\/wp-content\/uploads\/2015\/03\/oben_kdo.jpg'><img loading=\"lazy\" decoding=\"async\" width=\"150\" height=\"150\" src=\"https:\/\/www.ff-sarstedt.de\/stadt\/wp-content\/uploads\/2015\/03\/oben_kdo-150x150.jpg\" class=\"attachment-thumbnail size-thumbnail\" alt=\"\" aria-describedby=\"gallery-1-687\" \/><\/a>\n\t\t\t<\/dt>\n\t\t\t\t<dd class='wp-caption-text gallery-caption' id='gallery-1-687'>\n\t\t\t\tF\u00fchrungsraum\n\t\t\t\t<\/dd><\/dl><dl class='gallery-item'>\n\t\t\t<dt class='gallery-icon landscape'>\n\t\t\t\t<a rel=\"prettyPhoto[postimages]\" href='https:\/\/www.ff-sarstedt.de\/stadt\/wp-content\/uploads\/2015\/03\/oben_funkraum.jpg'><img loading=\"lazy\" decoding=\"async\" width=\"150\" height=\"150\" src=\"https:\/\/www.ff-sarstedt.de\/stadt\/wp-content\/uploads\/2015\/03\/oben_funkraum-150x150.jpg\" class=\"attachment-thumbnail size-thumbnail\" alt=\"\" aria-describedby=\"gallery-1-688\" \/><\/a>\n\t\t\t<\/dt>\n\t\t\t\t<dd class='wp-caption-text gallery-caption' id='gallery-1-688'>\n\t\t\t\tFunkraum\n\t\t\t\t<\/dd><\/dl><dl class='gallery-item'>\n\t\t\t<dt class='gallery-icon landscape'>\n\t\t\t\t<a rel=\"prettyPhoto[postimages]\" href='https:\/\/www.ff-sarstedt.de\/stadt\/wp-content\/uploads\/2015\/03\/jfraum.jpg'><img loading=\"lazy\" decoding=\"async\" width=\"150\" height=\"150\" src=\"https:\/\/www.ff-sarstedt.de\/stadt\/wp-content\/uploads\/2015\/03\/jfraum-150x150.jpg\" class=\"attachment-thumbnail size-thumbnail\" alt=\"\" aria-describedby=\"gallery-1-689\" \/><\/a>\n\t\t\t<\/dt>\n\t\t\t\t<dd class='wp-caption-text gallery-caption' id='gallery-1-689'>\n\t\t\t\tJugendfeuerwehr\n\t\t\t\t<\/dd><\/dl><br style=\"clear: both\" \/><dl class='gallery-item'>\n\t\t\t<dt class='gallery-icon landscape'>\n\t\t\t\t<a rel=\"prettyPhoto[postimages]\" href='https:\/\/www.ff-sarstedt.de\/stadt\/wp-content\/uploads\/2015\/03\/kueche.jpg'><img loading=\"lazy\" decoding=\"async\" width=\"150\" height=\"150\" src=\"https:\/\/www.ff-sarstedt.de\/stadt\/wp-content\/uploads\/2015\/03\/kueche-150x150.jpg\" class=\"attachment-thumbnail size-thumbnail\" alt=\"\" aria-describedby=\"gallery-1-690\" \/><\/a>\n\t\t\t<\/dt>\n\t\t\t\t<dd class='wp-caption-text gallery-caption' id='gallery-1-690'>\n\t\t\t\tK\u00fcche\n\t\t\t\t<\/dd><\/dl><dl class='gallery-item'>\n\t\t\t<dt class='gallery-icon landscape'>\n\t\t\t\t<a rel=\"prettyPhoto[postimages]\" href='https:\/\/www.ff-sarstedt.de\/stadt\/wp-content\/uploads\/2015\/03\/schulungsraum1.jpg'><img loading=\"lazy\" decoding=\"async\" width=\"150\" height=\"150\" src=\"https:\/\/www.ff-sarstedt.de\/stadt\/wp-content\/uploads\/2015\/03\/schulungsraum1-150x150.jpg\" class=\"attachment-thumbnail size-thumbnail\" alt=\"\" aria-describedby=\"gallery-1-691\" \/><\/a>\n\t\t\t<\/dt>\n\t\t\t\t<dd class='wp-caption-text gallery-caption' id='gallery-1-691'>\n\t\t\t\tSchulungssaal\n\t\t\t\t<\/dd><\/dl><dl class='gallery-item'>\n\t\t\t<dt class='gallery-icon landscape'>\n\t\t\t\t<a rel=\"prettyPhoto[postimages]\" href='https:\/\/www.ff-sarstedt.de\/stadt\/wp-content\/uploads\/2015\/03\/archiv.jpg'><img loading=\"lazy\" decoding=\"async\" width=\"150\" height=\"150\" src=\"https:\/\/www.ff-sarstedt.de\/stadt\/wp-content\/uploads\/2015\/03\/archiv-150x150.jpg\" class=\"attachment-thumbnail size-thumbnail\" alt=\"\" aria-describedby=\"gallery-1-692\" \/><\/a>\n\t\t\t<\/dt>\n\t\t\t\t<dd class='wp-caption-text gallery-caption' id='gallery-1-692'>\n\t\t\t\tArchivmittelraum\n\t\t\t\t<\/dd><\/dl><br style=\"clear: both\" \/><dl class='gallery-item'>\n\t\t\t<dt class='gallery-icon portrait'>\n\t\t\t\t<a rel=\"prettyPhoto[postimages]\" href='https:\/\/www.ff-sarstedt.de\/stadt\/wp-content\/uploads\/2016\/05\/Sarstedt-FF-Haus-14-1.jpg'><img loading=\"lazy\" decoding=\"async\" width=\"150\" height=\"150\" src=\"https:\/\/www.ff-sarstedt.de\/stadt\/wp-content\/uploads\/2016\/05\/Sarstedt-FF-Haus-14-1-150x150.jpg\" class=\"attachment-thumbnail size-thumbnail\" alt=\"\" aria-describedby=\"gallery-1-12072\" \/><\/a>\n\t\t\t<\/dt>\n\t\t\t\t<dd class='wp-caption-text gallery-caption' id='gallery-1-12072'>\n\t\t\t\tGeschenk vom Blasorchester zum 100j\u00e4hrigem\n\t\t\t\t<\/dd><\/dl><dl class='gallery-item'>\n\t\t\t<dt class='gallery-icon portrait'>\n\t\t\t\t<a rel=\"prettyPhoto[postimages]\" href='https:\/\/www.ff-sarstedt.de\/stadt\/wp-content\/uploads\/2016\/05\/Sarstedt-FF-Haus-13-1.jpg'><img loading=\"lazy\" decoding=\"async\" width=\"150\" height=\"150\" src=\"https:\/\/www.ff-sarstedt.de\/stadt\/wp-content\/uploads\/2016\/05\/Sarstedt-FF-Haus-13-1-150x150.jpg\" class=\"attachment-thumbnail size-thumbnail\" alt=\"\" aria-describedby=\"gallery-1-12070\" \/><\/a>\n\t\t\t<\/dt>\n\t\t\t\t<dd class='wp-caption-text gallery-caption' id='gallery-1-12070'>\n\t\t\t\tBeste Dienstbeteiligung\n\t\t\t\t<\/dd><\/dl><dl class='gallery-item'>\n\t\t\t<dt class='gallery-icon portrait'>\n\t\t\t\t<a rel=\"prettyPhoto[postimages]\" href='https:\/\/www.ff-sarstedt.de\/stadt\/wp-content\/uploads\/2016\/05\/Sarstedt-FF-Haus-12-1.jpg'><img loading=\"lazy\" decoding=\"async\" width=\"150\" height=\"150\" src=\"https:\/\/www.ff-sarstedt.de\/stadt\/wp-content\/uploads\/2016\/05\/Sarstedt-FF-Haus-12-1-150x150.jpg\" class=\"attachment-thumbnail size-thumbnail\" alt=\"\" aria-describedby=\"gallery-1-12068\" \/><\/a>\n\t\t\t<\/dt>\n\t\t\t\t<dd class='wp-caption-text gallery-caption' id='gallery-1-12068'>\n\t\t\t\tGeschenk der Feuerwehrfrauen\n\t\t\t\t<\/dd><\/dl><br style=\"clear: both\" \/><dl class='gallery-item'>\n\t\t\t<dt class='gallery-icon portrait'>\n\t\t\t\t<a rel=\"prettyPhoto[postimages]\" href='https:\/\/www.ff-sarstedt.de\/stadt\/wp-content\/uploads\/2016\/05\/Sarstedt-FF-Haus-11-1.jpg'><img loading=\"lazy\" decoding=\"async\" width=\"150\" height=\"150\" src=\"https:\/\/www.ff-sarstedt.de\/stadt\/wp-content\/uploads\/2016\/05\/Sarstedt-FF-Haus-11-1-150x150.jpg\" class=\"attachment-thumbnail size-thumbnail\" alt=\"\" aria-describedby=\"gallery-1-12066\" \/><\/a>\n\t\t\t<\/dt>\n\t\t\t\t<dd class='wp-caption-text gallery-caption' id='gallery-1-12066'>\n\t\t\t\tSankt Florian\n\t\t\t\t<\/dd><\/dl><dl class='gallery-item'>\n\t\t\t<dt class='gallery-icon landscape'>\n\t\t\t\t<a rel=\"prettyPhoto[postimages]\" href='https:\/\/www.ff-sarstedt.de\/stadt\/wp-content\/uploads\/2016\/05\/Sarstedt-FF-Haus-10-1.jpg'><img loading=\"lazy\" decoding=\"async\" width=\"150\" height=\"150\" src=\"https:\/\/www.ff-sarstedt.de\/stadt\/wp-content\/uploads\/2016\/05\/Sarstedt-FF-Haus-10-1-150x150.jpg\" class=\"attachment-thumbnail size-thumbnail\" alt=\"\" aria-describedby=\"gallery-1-12064\" \/><\/a>\n\t\t\t<\/dt>\n\t\t\t\t<dd class='wp-caption-text gallery-caption' id='gallery-1-12064'>\n\t\t\t\tChronik der Ortsbrandmeister\n\t\t\t\t<\/dd><\/dl><dl class='gallery-item'>\n\t\t\t<dt class='gallery-icon landscape'>\n\t\t\t\t<a rel=\"prettyPhoto[postimages]\" href='https:\/\/www.ff-sarstedt.de\/stadt\/wp-content\/uploads\/2016\/05\/Sarstedt-FF-Haus-9-1.jpg'><img loading=\"lazy\" decoding=\"async\" width=\"150\" height=\"150\" src=\"https:\/\/www.ff-sarstedt.de\/stadt\/wp-content\/uploads\/2016\/05\/Sarstedt-FF-Haus-9-1-150x150.jpg\" class=\"attachment-thumbnail size-thumbnail\" alt=\"\" aria-describedby=\"gallery-1-12062\" \/><\/a>\n\t\t\t<\/dt>\n\t\t\t\t<dd class='wp-caption-text gallery-caption' id='gallery-1-12062'>\n\t\t\t\tB\u00fcro Ortsbrandmeister\n\t\t\t\t<\/dd><\/dl><br style=\"clear: both\" \/><dl class='gallery-item'>\n\t\t\t<dt class='gallery-icon landscape'>\n\t\t\t\t<a rel=\"prettyPhoto[postimages]\" href='https:\/\/www.ff-sarstedt.de\/stadt\/wp-content\/uploads\/2016\/05\/Sarstedt-FF-Haus-3-1.jpg'><img loading=\"lazy\" decoding=\"async\" width=\"150\" height=\"150\" src=\"https:\/\/www.ff-sarstedt.de\/stadt\/wp-content\/uploads\/2016\/05\/Sarstedt-FF-Haus-3-1-150x150.jpg\" class=\"attachment-thumbnail size-thumbnail\" alt=\"\" aria-describedby=\"gallery-1-12050\" \/><\/a>\n\t\t\t<\/dt>\n\t\t\t\t<dd class='wp-caption-text gallery-caption' id='gallery-1-12050'>\n\t\t\t\tBlick vom Funkraum in die Fahrzeughalle\n\t\t\t\t<\/dd><\/dl><dl class='gallery-item'>\n\t\t\t<dt class='gallery-icon landscape'>\n\t\t\t\t<a rel=\"prettyPhoto[postimages]\" href='https:\/\/www.ff-sarstedt.de\/stadt\/wp-content\/uploads\/2016\/05\/Sarstedt-FF-Haus-4-1.jpg'><img loading=\"lazy\" decoding=\"async\" width=\"150\" height=\"150\" src=\"https:\/\/www.ff-sarstedt.de\/stadt\/wp-content\/uploads\/2016\/05\/Sarstedt-FF-Haus-4-1-150x150.jpg\" class=\"attachment-thumbnail size-thumbnail\" alt=\"\" aria-describedby=\"gallery-1-12052\" \/><\/a>\n\t\t\t<\/dt>\n\t\t\t\t<dd class='wp-caption-text gallery-caption' id='gallery-1-12052'>\n\t\t\t\tF\u00fchrungsraum\n\t\t\t\t<\/dd><\/dl><dl class='gallery-item'>\n\t\t\t<dt class='gallery-icon landscape'>\n\t\t\t\t<a rel=\"prettyPhoto[postimages]\" href='https:\/\/www.ff-sarstedt.de\/stadt\/wp-content\/uploads\/2016\/05\/Sarstedt-FF-Haus-5-1.jpg'><img loading=\"lazy\" decoding=\"async\" width=\"150\" height=\"150\" src=\"https:\/\/www.ff-sarstedt.de\/stadt\/wp-content\/uploads\/2016\/05\/Sarstedt-FF-Haus-5-1-150x150.jpg\" class=\"attachment-thumbnail size-thumbnail\" alt=\"\" aria-describedby=\"gallery-1-12054\" \/><\/a>\n\t\t\t<\/dt>\n\t\t\t\t<dd class='wp-caption-text gallery-caption' id='gallery-1-12054'>\n\t\t\t\tTreppenabgang\n\t\t\t\t<\/dd><\/dl><br style=\"clear: both\" \/><dl class='gallery-item'>\n\t\t\t<dt class='gallery-icon landscape'>\n\t\t\t\t<a rel=\"prettyPhoto[postimages]\" href='https:\/\/www.ff-sarstedt.de\/stadt\/wp-content\/uploads\/2016\/05\/Sarstedt-FF-Haus-6-1.jpg'><img loading=\"lazy\" decoding=\"async\" width=\"150\" height=\"150\" src=\"https:\/\/www.ff-sarstedt.de\/stadt\/wp-content\/uploads\/2016\/05\/Sarstedt-FF-Haus-6-1-150x150.jpg\" class=\"attachment-thumbnail size-thumbnail\" alt=\"\" aria-describedby=\"gallery-1-12056\" \/><\/a>\n\t\t\t<\/dt>\n\t\t\t\t<dd class='wp-caption-text gallery-caption' id='gallery-1-12056'>\n\t\t\t\tKleiderkammer Einsatzabteilung\n\t\t\t\t<\/dd><\/dl><dl class='gallery-item'>\n\t\t\t<dt class='gallery-icon landscape'>\n\t\t\t\t<a rel=\"prettyPhoto[postimages]\" href='https:\/\/www.ff-sarstedt.de\/stadt\/wp-content\/uploads\/2016\/05\/Sarstedt-FF-Haus-7-1.jpg'><img loading=\"lazy\" decoding=\"async\" width=\"150\" height=\"150\" src=\"https:\/\/www.ff-sarstedt.de\/stadt\/wp-content\/uploads\/2016\/05\/Sarstedt-FF-Haus-7-1-150x150.jpg\" class=\"attachment-thumbnail size-thumbnail\" alt=\"\" aria-describedby=\"gallery-1-12058\" \/><\/a>\n\t\t\t<\/dt>\n\t\t\t\t<dd class='wp-caption-text gallery-caption' id='gallery-1-12058'>\n\t\t\t\tKleiderkammer Jugend\n\t\t\t\t<\/dd><\/dl><dl class='gallery-item'>\n\t\t\t<dt class='gallery-icon landscape'>\n\t\t\t\t<a rel=\"prettyPhoto[postimages]\" href='https:\/\/www.ff-sarstedt.de\/stadt\/wp-content\/uploads\/2016\/05\/Sarstedt-FF-Haus-8-1.jpg'><img loading=\"lazy\" decoding=\"async\" width=\"150\" height=\"150\" src=\"https:\/\/www.ff-sarstedt.de\/stadt\/wp-content\/uploads\/2016\/05\/Sarstedt-FF-Haus-8-1-150x150.jpg\" class=\"attachment-thumbnail size-thumbnail\" alt=\"\" aria-describedby=\"gallery-1-12060\" \/><\/a>\n\t\t\t<\/dt>\n\t\t\t\t<dd class='wp-caption-text gallery-caption' id='gallery-1-12060'>\n\t\t\t\tKleiderkammer B\u00fcro\n\t\t\t\t<\/dd><\/dl><br style=\"clear: both\" \/><dl class='gallery-item'>\n\t\t\t<dt class='gallery-icon portrait'>\n\t\t\t\t<a rel=\"prettyPhoto[postimages]\" href='https:\/\/www.ff-sarstedt.de\/stadt\/wp-content\/uploads\/2016\/05\/Sarstedt-FF-Haus-2-1.jpg'><img loading=\"lazy\" decoding=\"async\" width=\"150\" height=\"150\" src=\"https:\/\/www.ff-sarstedt.de\/stadt\/wp-content\/uploads\/2016\/05\/Sarstedt-FF-Haus-2-1-150x150.jpg\" class=\"attachment-thumbnail size-thumbnail\" alt=\"\" aria-describedby=\"gallery-1-12048\" \/><\/a>\n\t\t\t<\/dt>\n\t\t\t\t<dd class='wp-caption-text gallery-caption' id='gallery-1-12048'>\n\t\t\t\tFunkraum Durchsage\n\t\t\t\t<\/dd><\/dl><dl class='gallery-item'>\n\t\t\t<dt class='gallery-icon landscape'>\n\t\t\t\t<a rel=\"prettyPhoto[postimages]\" href='https:\/\/www.ff-sarstedt.de\/stadt\/wp-content\/uploads\/2016\/05\/Sarstedt-FF-Haus-1-1.jpg'><img loading=\"lazy\" decoding=\"async\" width=\"150\" height=\"150\" src=\"https:\/\/www.ff-sarstedt.de\/stadt\/wp-content\/uploads\/2016\/05\/Sarstedt-FF-Haus-1-1-150x150.jpg\" class=\"attachment-thumbnail size-thumbnail\" alt=\"\" aria-describedby=\"gallery-1-12046\" \/><\/a>\n\t\t\t<\/dt>\n\t\t\t\t<dd class='wp-caption-text gallery-caption' id='gallery-1-12046'>\n\t\t\t\tFunkarbeitsplatz\n\t\t\t\t<\/dd><\/dl>\n\t\t\t<br style='clear: both' \/>\n\t\t<\/div>\n\n","protected":false},"excerpt":{"rendered":"<p>Die Ausbildungsr\u00e4ume befinden sich im Obergeschoss des Geb\u00e4udes. Sie erstrecken sich \u00fcber die gesamte L\u00e4nge.<\/p>\n","protected":false},"author":1,"featured_media":12046,"parent":660,"menu_order":0,"comment_status":"closed","ping_status":"closed","template":"side-navigation.php","meta":{"_monsterinsights_skip_tracking":false,"_monsterinsights_sitenote_active":false,"_monsterinsights_sitenote_note":"","_monsterinsights_sitenote_category":0,"footnotes":""},"class_list":["post-684","page","type-page","status-publish","has-post-thumbnail","hentry"],"aioseo_notices":[],"_links":{"self":[{"href":"https:\/\/www.ff-sarstedt.de\/stadt\/wp-json\/wp\/v2\/pages\/684","targetHints":{"allow":["GET"]}}],"collection":[{"href":"https:\/\/www.ff-sarstedt.de\/stadt\/wp-json\/wp\/v2\/pages"}],"about":[{"href":"https:\/\/www.ff-sarstedt.de\/stadt\/wp-json\/wp\/v2\/types\/page"}],"author":[{"embeddable":true,"href":"https:\/\/www.ff-sarstedt.de\/stadt\/wp-json\/wp\/v2\/users\/1"}],"replies":[{"embeddable":true,"href":"https:\/\/www.ff-sarstedt.de\/stadt\/wp-json\/wp\/v2\/comments?post=684"}],"version-history":[{"count":0,"href":"https:\/\/www.ff-sarstedt.de\/stadt\/wp-json\/wp\/v2\/pages\/684\/revisions"}],"up":[{"embeddable":true,"href":"https:\/\/www.ff-sarstedt.de\/stadt\/wp-json\/wp\/v2\/pages\/660"}],"wp:featuredmedia":[{"embeddable":true,"href":"https:\/\/www.ff-sarstedt.de\/stadt\/wp-json\/wp\/v2\/media\/12046"}],"wp:attachment":[{"href":"https:\/\/www.ff-sarstedt.de\/stadt\/wp-json\/wp\/v2\/media?parent=684"}],"curies":[{"name":"wp","href":"https:\/\/api.w.org\/{rel}","templated":true}]}}