{"id":6932,"date":"2015-11-26T20:56:52","date_gmt":"2015-11-26T19:56:52","guid":{"rendered":"http:\/\/www.ff-sarstedt.de\/stadt\/?page_id=6932"},"modified":"2016-04-15T07:48:24","modified_gmt":"2016-04-15T05:48:24","slug":"gruppe-der-bademeister","status":"publish","type":"page","link":"https:\/\/www.ff-sarstedt.de\/stadt\/hotteln\/einsatzabteilung\/gruppe-der-bademeister","title":{"rendered":"Gruppe der Bademeister"},"content":{"rendered":"<h2><strong>Hotteln &#8211; die Gruppe der Bademeister<\/strong><\/h2>\n<p>&#8211; <a href=\"?page_id=1691\">Zur\u00fcck zur Einsatzabteilung<\/a>\u00a0&#8211;<\/p>\n<p>Eine Wettkampfgruppe der Freiwilligen Feuerwehr Hotteln qualifizierte sich im Jahre <strong>1986<\/strong> bei den <strong>Stadtwettk\u00e4mpfen<\/strong> der Stadt Sarstedt zu den Kreiswettk\u00e4mpfen, die am 30.08.1986 in \u00d6strum ausgetragen werden sollte.<\/p>\n<p>Mit Kampfeslust nahm die Hottelner Gruppe am Wettkampf teil und handelte sich w\u00e4hrend der \u00dcbung durch einen <strong>Fehler vom Wettkampfrichter<\/strong> \u201e10 Miese\u201c ein. Die Kameraden aus Heyersum, die nach den Hottelnern dran waren, machten den gleichen Fehler und wurden vom Wettkampfrichter auch mit \u201e10 Miesen\u201c bestraft. Doch die Heyersummer fingen mit dem Wettkampfrichter an zu diskutieren, und machten ihn darauf aufmerksam, dass der angebliche Fehler gar keiner war, und die \u201e10 Miese\u201c wieder zur\u00fcck genommen werden sollten. Der Wettkampfrichter war einsichtig und nahm sie zur\u00fcck. Die Hottelner wollten nun Gerechtigkeit erfahren, und machten den Wettkampfrichter darauf aufmerksam auch ihre Fehlerpunkte zur\u00fcck zu nehmen. Der Wettkampfrichter war jedoch hier uneinsichtig und lies alles beim alten.<\/p>\n<p>Daraufhin folgten immer wieder \u201eHinweise\u201c in Richtung Wettkampfrichter, dass er sich diese <strong>Entscheidung<\/strong> doch lieber noch mal gut <strong>\u00fcberlegen<\/strong> solle.<\/p>\n<p>Schlie\u00dflich kam es zu Siegerehrung. Die ersten Pl\u00e4tze wurden vergeben, die sich somit zu den Bezirks-Wettk\u00e4mpfe <strong>weiterqualifiziert<\/strong> hatten. Die <strong>Freiwillige Feuerwehr Hotteln<\/strong> kam durch die \u201e10 Miese\u201c <strong>leider nicht weiter<\/strong>. Schnell entschied sich die Hottelner Gruppe, unter Gruppenf\u00fchrer Adolf Klug, den Wettkampfrichter unfreiwillig Baden zu schicken. Mit samt Uniform schmiss man den Wettkampfrichter schwungvoll in die <strong>Wasserentnahmestelle<\/strong>.<\/p>\n<p>Unter dem damaligen <strong>Kreisbrandmeister<\/strong> Kurt R\u00fchmkorf (Hotteln), <strong>Abschnittsleiter<\/strong> J\u00fcrgen Mumme (Bledeln) und <strong>Stadtbrandmeister<\/strong> Walter Achilles (Sarstedt) kam es am <strong>Sonntagmorgen<\/strong>, den 31.08.1986 um 10.00Uhr, wegen dieses Vorfalles zur <strong>Kriesensitzung<\/strong> im Feuerwehrger\u00e4tehaus in der B\u00e4ckerstra\u00dfe in Hotteln. Nach so einem Eklat wollte man den Gruppenf\u00fchrer Adolf Klug aus der Feuerwehr herauswerfen. Hierbei wurde aber nicht mit dem in Hotteln stets vorhandenen guten <strong>Zusammenhalt<\/strong> gerechnet. Die Wettkampfgruppe entschloss sich: <strong>Einer f\u00fcr Alle, Alle f\u00fcr Einen!<\/strong> \u201egetrickst muss werden\u201c. So sagte der Rest der Gruppe, entweder gehen Alle oder Keiner. Nach langem hin und her durften letztendlich alle in der Feuerwehr bleiben. Die Hottelner Kameraden mussten schlie\u00dflich f\u00fcr die durchn\u00e4sste Uniform und angeblicher Reparaturen an der Uhr aus eigener Tasche 114 DM bezahlen. Und sie mussten sich nat\u00fcrlich bei dem Wettkampfrichter entschuldigen!<\/p>\n<p>Noch heute werden die <strong>Hottelner Wettkampfgruppen<\/strong> bei Wettk\u00e4mpfen mit den Worten <strong>\u201edie Bademeistergruppe\u201c<\/strong> begr\u00fc\u00dft.<\/p>\n<p><a href=\"#top\">\u21d1<\/a><\/p>\n","protected":false},"excerpt":{"rendered":"<p>Hotteln &#8211; die Gruppe der Bademeister &#8211; Zur\u00fcck zur Einsatzabteilung\u00a0&#8211; Eine Wettkampfgruppe der Freiwilligen Feuerwehr Hotteln qualifizierte sich im Jahre 1986 bei den Stadtwettk\u00e4mpfen der Stadt Sarstedt zu den Kreiswettk\u00e4mpfen, die am 30.08.1986 in \u00d6strum ausgetragen werden sollte. Mit Kampfeslust nahm die Hottelner Gruppe am Wettkampf teil und handelte sich w\u00e4hrend der \u00dcbung durch einen [&hellip;]<\/p>\n","protected":false},"author":7,"featured_media":0,"parent":1691,"menu_order":47,"comment_status":"closed","ping_status":"closed","template":"side-navigation.php","meta":{"_monsterinsights_skip_tracking":false,"_monsterinsights_sitenote_active":false,"_monsterinsights_sitenote_note":"","_monsterinsights_sitenote_category":0,"footnotes":""},"class_list":["post-6932","page","type-page","status-publish","hentry"],"aioseo_notices":[],"_links":{"self":[{"href":"https:\/\/www.ff-sarstedt.de\/stadt\/wp-json\/wp\/v2\/pages\/6932","targetHints":{"allow":["GET"]}}],"collection":[{"href":"https:\/\/www.ff-sarstedt.de\/stadt\/wp-json\/wp\/v2\/pages"}],"about":[{"href":"https:\/\/www.ff-sarstedt.de\/stadt\/wp-json\/wp\/v2\/types\/page"}],"author":[{"embeddable":true,"href":"https:\/\/www.ff-sarstedt.de\/stadt\/wp-json\/wp\/v2\/users\/7"}],"replies":[{"embeddable":true,"href":"https:\/\/www.ff-sarstedt.de\/stadt\/wp-json\/wp\/v2\/comments?post=6932"}],"version-history":[{"count":0,"href":"https:\/\/www.ff-sarstedt.de\/stadt\/wp-json\/wp\/v2\/pages\/6932\/revisions"}],"up":[{"embeddable":true,"href":"https:\/\/www.ff-sarstedt.de\/stadt\/wp-json\/wp\/v2\/pages\/1691"}],"wp:attachment":[{"href":"https:\/\/www.ff-sarstedt.de\/stadt\/wp-json\/wp\/v2\/media?parent=6932"}],"curies":[{"name":"wp","href":"https:\/\/api.w.org\/{rel}","templated":true}]}}