{"id":6968,"date":"2015-11-26T22:35:08","date_gmt":"2015-11-26T21:35:08","guid":{"rendered":"http:\/\/www.ff-sarstedt.de\/stadt\/?page_id=6968"},"modified":"2020-04-10T09:16:21","modified_gmt":"2020-04-10T07:16:21","slug":"veranstaltungen","status":"publish","type":"page","link":"https:\/\/www.ff-sarstedt.de\/stadt\/hotteln\/wir-ueber-uns\/veranstaltungen","title":{"rendered":"Veranstaltungen"},"content":{"rendered":"<h2><strong>Allgemeine Veranstaltungen der Ortsfeuerwehr Hotteln<\/strong><\/h2>\n<p>Die Feuerwehr Hotteln organisiert selbst oder zusammen mit anderen Ortsvereinen verschiedene Veranstaltungen im Dorf Hotteln. Zwei davon sind hier erw\u00e4hnt.<\/p>\n<h2>Osterfeuer<\/h2>\n<p>Jahrzehtelang war das Osterfeuer ohne die Feuerwehr nicht mehr wegzudenken. Mittlerweile wird das Osterfeuer veranstaltet von der Junggesellenschaft Hotteln (<a href=\"http:\/\/www.jghotteln.wordpress.com\" target=\"_blank\" rel=\"noopener noreferrer\">http:\/\/www.jghotteln.wordpress.com<\/a>) jedoch stellt die Feuerwehr Hotteln weiterhin die vorgeschriebene Brandschutzwache und tr\u00e4gt damit zum Brandschutz und Sicherheit des Osterfeuerplatzes bei.<\/p>\n<p>\u00a0<\/p>\n<h2>Maibaum<\/h2>\n<p>1996 wird zum ersten Mal der 15m Hohe Maibaum am Ehrenmal aufgestellt. Schilder von der ortsans\u00e4ssigen Vereinen und Gewerbebetrieben verzieren ihn noch heute. Im Anschluss findet in gewohnt geselliger Atmosph\u00e4re die Maifeier statt.\u00a0<\/p>\n<p>\u00a0<\/p>\n<h2>Bockessen<\/h2>\n<p>Seit 2003 findet traditionell das sogenannte &#8220;Bockessen&#8221; zum Jahresbeginn in kleinem internen Kreise statt. Dann hei\u00dft es wieder &#8220;Bock zum Gru\u00dfe&#8221;, den mittlerweile traditionellen Begr\u00fc\u00dfungsspruch der Teilnehmer. Ursprung hat diese Tradition in einer &#8220;Bock&#8221;-Wette. Mehr dazu erfahrt ihr <a href=\"?page_id=13742\">hier<\/a>.<\/p>\n<p>\u00a0<\/p>\n<h2>Traditionelles 5-j\u00e4hriges Zeltfest<\/h2>\n<p>Alle 5 Jahre veranstalten die Hottelnder Vereine seit Jahrzehnten ein gro\u00dfes 3-t\u00e4giges Zeltfest. Dieses findet immer im f\u00fcnften und im nullten Jahr statt.<\/p>\n<p>Infos zu den Hottelner Vereinen findet ihr unter folgendem Link: <a href=\"http:\/\/www.hotteln.info\/\" target=\"_blank\" rel=\"noopener noreferrer\">http:\/\/www.hotteln.info\/<\/a>.<\/p>\n<p>\u00a0<\/p>\n<p>\u00a0<\/p>\n\n","protected":false},"excerpt":{"rendered":"<p>Allgemeine Veranstaltungen der Ortsfeuerwehr Hotteln Die Feuerwehr Hotteln organisiert selbst oder zusammen mit anderen Ortsvereinen verschiedene Veranstaltungen im Dorf Hotteln. Zwei davon sind hier erw\u00e4hnt. Osterfeuer Jahrzehtelang war das Osterfeuer ohne die Feuerwehr nicht mehr wegzudenken. Mittlerweile wird das Osterfeuer veranstaltet von der Junggesellenschaft Hotteln (http:\/\/www.jghotteln.wordpress.com) jedoch stellt die Feuerwehr Hotteln weiterhin die vorgeschriebene Brandschutzwache [&hellip;]<\/p>\n","protected":false},"author":7,"featured_media":0,"parent":1170,"menu_order":0,"comment_status":"closed","ping_status":"closed","template":"side-navigation.php","meta":{"_monsterinsights_skip_tracking":false,"_monsterinsights_sitenote_active":false,"_monsterinsights_sitenote_note":"","_monsterinsights_sitenote_category":0,"footnotes":""},"class_list":["post-6968","page","type-page","status-publish","hentry"],"aioseo_notices":[],"_links":{"self":[{"href":"https:\/\/www.ff-sarstedt.de\/stadt\/wp-json\/wp\/v2\/pages\/6968","targetHints":{"allow":["GET"]}}],"collection":[{"href":"https:\/\/www.ff-sarstedt.de\/stadt\/wp-json\/wp\/v2\/pages"}],"about":[{"href":"https:\/\/www.ff-sarstedt.de\/stadt\/wp-json\/wp\/v2\/types\/page"}],"author":[{"embeddable":true,"href":"https:\/\/www.ff-sarstedt.de\/stadt\/wp-json\/wp\/v2\/users\/7"}],"replies":[{"embeddable":true,"href":"https:\/\/www.ff-sarstedt.de\/stadt\/wp-json\/wp\/v2\/comments?post=6968"}],"version-history":[{"count":0,"href":"https:\/\/www.ff-sarstedt.de\/stadt\/wp-json\/wp\/v2\/pages\/6968\/revisions"}],"up":[{"embeddable":true,"href":"https:\/\/www.ff-sarstedt.de\/stadt\/wp-json\/wp\/v2\/pages\/1170"}],"wp:attachment":[{"href":"https:\/\/www.ff-sarstedt.de\/stadt\/wp-json\/wp\/v2\/media?parent=6968"}],"curies":[{"name":"wp","href":"https:\/\/api.w.org\/{rel}","templated":true}]}}