{"id":7143,"date":"2015-12-18T09:32:01","date_gmt":"2015-12-18T08:32:01","guid":{"rendered":"http:\/\/www.ff-sarstedt.de\/stadt\/?page_id=7143"},"modified":"2025-04-08T09:49:33","modified_gmt":"2025-04-08T07:49:33","slug":"gw-l1","status":"publish","type":"page","link":"https:\/\/www.ff-sarstedt.de\/stadt\/sarstedt-1\/technik\/2-zug\/gw-l1","title":{"rendered":"GW-L1 Gefahrgut"},"content":{"rendered":"<dl class=\"fzinfo\">\n<dt>\n<dl class=\"fzinfo\">\n<dt>Der Ger\u00e4tewagen Logistik ist das Materialfahrzeug f\u00fcr ABC-Eins\u00e4tze der Ortsfeuerwehr Sarstedt. \u00dcber\u00f6rtlich ist das Fahrzeug im Gefahrgutzug Nord I des LK Hildesheim eingebunden. Durch den Einsatz von mehreren Rollwagen ist das Fahrzeug variabel einsetzbar. Es kann je nach Einsatzlage schnell \u00fcber die Ladebordwand neu best\u00fcckt werden.<\/dt>\n<dt>\n<h3>\u00a0Technische Daten<\/h3>\n<div id=\"fztext\">Rufname:\u00a0Florian Hildesheim Land 11\/73\/21<\/div>\n<div>Baujahr : 2015<\/div>\n<div>Fahrgestell : MAN TGL 8.220 4&#215;2 BL<\/div>\n<\/dt>\n<dt>Besatzung :1\/5<\/dt>\n<\/dl>\n<h3>Die Besonderheiten dieses Fahrzeuges<\/h3>\n<ul>\n<li>Fahrzeug-Gesamtgewicht 8,8t \/ 220PS<\/li>\n<li>Automatisiertes Schaltgetriebe MAN-TipMatic<\/li>\n<li>R\u00fcckfahrkamera<\/li>\n<li>Rettbox f\u00fcr Strom- und Drucklufteinspeisung<\/li>\n<li>Heckwarnsystem (gelbe LED\u00b4s)<\/li>\n<li>Multifunktionsleiter<\/li>\n<li>Rollwagen f\u00fcr 6 Chemikalienschutzanz\u00fcge mit Zubeh\u00f6r<\/li>\n<li>Rollwagen mit Kunstoffwanne \/ Dekontaminationsdusche<\/li>\n<li>Rollwagen f\u00fcr das Schnelleinsatzzelt<\/li>\n<li>Rollwagen mit Stromerzeuger (5KVA) und Beleuchtungsmaterial<\/li>\n<li>Rollwagen mit 4 Atemschutzger\u00e4te und Strahlenschutz-Ausr\u00fcstung<\/li>\n<li>Rollwagen mit Werkzeug und Einsatzmaterial Gefahrgut<\/li>\n<li>2xRollwagen mit Dekonmaterial f\u00fcr Dekon Stufe 2<\/li>\n<\/ul>\n<\/dt>\n<dt>\n<ul>\n<li>alle Rollwagen mit Reflexmarkierung<\/li>\n<\/ul>\n<p>\n\t\t<style type=\"text\/css\">\n\t\t\t#gallery-1 {\n\t\t\t\tmargin: auto;\n\t\t\t}\n\t\t\t#gallery-1 .gallery-item {\n\t\t\t\tfloat: left;\n\t\t\t\tmargin-top: 10px;\n\t\t\t\ttext-align: center;\n\t\t\t\twidth: 33%;\n\t\t\t}\n\t\t\t#gallery-1 img {\n\t\t\t\tborder: 2px solid #cfcfcf;\n\t\t\t}\n\t\t\t#gallery-1 .gallery-caption {\n\t\t\t\tmargin-left: 0;\n\t\t\t}\n\t\t\t\/* see gallery_shortcode() in wp-includes\/media.php *\/\n\t\t<\/style>\n\t\t<div id='gallery-1' class='gallery galleryid-7143 gallery-columns-3 gallery-size-medium'><dl class='gallery-item'>\n\t\t\t<dt class='gallery-icon landscape'>\n\t\t\t\t<a rel=\"prettyPhoto[postimages]\" href='https:\/\/www.ff-sarstedt.de\/stadt\/wp-content\/uploads\/2015\/12\/DSC_7887-1.jpg'><img loading=\"lazy\" decoding=\"async\" width=\"300\" height=\"200\" src=\"https:\/\/www.ff-sarstedt.de\/stadt\/wp-content\/uploads\/2015\/12\/DSC_7887-1-300x200.jpg\" class=\"attachment-medium size-medium\" alt=\"\" \/><\/a>\n\t\t\t<\/dt><\/dl><dl class='gallery-item'>\n\t\t\t<dt class='gallery-icon landscape'>\n\t\t\t\t<a rel=\"prettyPhoto[postimages]\" href='https:\/\/www.ff-sarstedt.de\/stadt\/wp-content\/uploads\/2015\/12\/DSC_7877-1.jpg'><img loading=\"lazy\" decoding=\"async\" width=\"300\" height=\"200\" src=\"https:\/\/www.ff-sarstedt.de\/stadt\/wp-content\/uploads\/2015\/12\/DSC_7877-1-300x200.jpg\" class=\"attachment-medium size-medium\" alt=\"\" aria-describedby=\"gallery-1-15712\" \/><\/a>\n\t\t\t<\/dt>\n\t\t\t\t<dd class='wp-caption-text gallery-caption' id='gallery-1-15712'>\n\t\t\t\t\u00dcberblick \u00fcber alle Rollwagen\n\t\t\t\t<\/dd><\/dl><dl class='gallery-item'>\n\t\t\t<dt class='gallery-icon landscape'>\n\t\t\t\t<a rel=\"prettyPhoto[postimages]\" href='https:\/\/www.ff-sarstedt.de\/stadt\/wp-content\/uploads\/2015\/12\/DSC_7858-1.jpg'><img loading=\"lazy\" decoding=\"async\" width=\"300\" height=\"200\" src=\"https:\/\/www.ff-sarstedt.de\/stadt\/wp-content\/uploads\/2015\/12\/DSC_7858-1-300x200.jpg\" class=\"attachment-medium size-medium\" alt=\"\" aria-describedby=\"gallery-1-15713\" \/><\/a>\n\t\t\t<\/dt>\n\t\t\t\t<dd class='wp-caption-text gallery-caption' id='gallery-1-15713'>\n\t\t\t\tEin \u00dcberblick \u00fcber alle Rollwagen des GW-L1\n\t\t\t\t<\/dd><\/dl><br style=\"clear: both\" \/><dl class='gallery-item'>\n\t\t\t<dt class='gallery-icon landscape'>\n\t\t\t\t<a rel=\"prettyPhoto[postimages]\" href='https:\/\/www.ff-sarstedt.de\/stadt\/wp-content\/uploads\/2015\/12\/DSC_7848-1.jpg'><img loading=\"lazy\" decoding=\"async\" width=\"300\" height=\"200\" src=\"https:\/\/www.ff-sarstedt.de\/stadt\/wp-content\/uploads\/2015\/12\/DSC_7848-1-300x200.jpg\" class=\"attachment-medium size-medium\" alt=\"\" aria-describedby=\"gallery-1-15714\" \/><\/a>\n\t\t\t<\/dt>\n\t\t\t\t<dd class='wp-caption-text gallery-caption' id='gallery-1-15714'>\n\t\t\t\tAuf der ge\u00f6ffneten Ladefl\u00e4che ist der Rollwagen zur Wasserschadensbek\u00e4mpfung.\n\t\t\t\t<\/dd><\/dl><dl class='gallery-item'>\n\t\t\t<dt class='gallery-icon landscape'>\n\t\t\t\t<a rel=\"prettyPhoto[postimages]\" href='https:\/\/www.ff-sarstedt.de\/stadt\/wp-content\/uploads\/2015\/12\/DSC_7820-1.jpg'><img loading=\"lazy\" decoding=\"async\" width=\"300\" height=\"200\" src=\"https:\/\/www.ff-sarstedt.de\/stadt\/wp-content\/uploads\/2015\/12\/DSC_7820-1-300x200.jpg\" class=\"attachment-medium size-medium\" alt=\"\" aria-describedby=\"gallery-1-15715\" \/><\/a>\n\t\t\t<\/dt>\n\t\t\t\t<dd class='wp-caption-text gallery-caption' id='gallery-1-15715'>\n\t\t\t\tBlick in den Ladebereich des Logistikfahrzeug. \n\t\t\t\t<\/dd><\/dl><dl class='gallery-item'>\n\t\t\t<dt class='gallery-icon landscape'>\n\t\t\t\t<a rel=\"prettyPhoto[postimages]\" href='https:\/\/www.ff-sarstedt.de\/stadt\/wp-content\/uploads\/2015\/12\/DSC_7827-1.jpg'><img loading=\"lazy\" decoding=\"async\" width=\"300\" height=\"200\" src=\"https:\/\/www.ff-sarstedt.de\/stadt\/wp-content\/uploads\/2015\/12\/DSC_7827-1-300x200.jpg\" class=\"attachment-medium size-medium\" alt=\"\" aria-describedby=\"gallery-1-15716\" \/><\/a>\n\t\t\t<\/dt>\n\t\t\t\t<dd class='wp-caption-text gallery-caption' id='gallery-1-15716'>\n\t\t\t\tBlick auf die offene Ladefl\u00e4che und den Lichtbalken.\n\t\t\t\t<\/dd><\/dl><br style=\"clear: both\" \/><dl class='gallery-item'>\n\t\t\t<dt class='gallery-icon landscape'>\n\t\t\t\t<a rel=\"prettyPhoto[postimages]\" href='https:\/\/www.ff-sarstedt.de\/stadt\/wp-content\/uploads\/2015\/12\/DSC_7795-1.jpg'><img loading=\"lazy\" decoding=\"async\" width=\"300\" height=\"200\" src=\"https:\/\/www.ff-sarstedt.de\/stadt\/wp-content\/uploads\/2015\/12\/DSC_7795-1-300x200.jpg\" class=\"attachment-medium size-medium\" alt=\"\" aria-describedby=\"gallery-1-15717\" \/><\/a>\n\t\t\t<\/dt>\n\t\t\t\t<dd class='wp-caption-text gallery-caption' id='gallery-1-15717'>\n\t\t\t\tBlick aus der Mannschaftskabine in den Fahrerraum.\n\t\t\t\t<\/dd><\/dl><dl class='gallery-item'>\n\t\t\t<dt class='gallery-icon portrait'>\n\t\t\t\t<a rel=\"prettyPhoto[postimages]\" href='https:\/\/www.ff-sarstedt.de\/stadt\/wp-content\/uploads\/2015\/12\/IMG_4418-683x1024.jpg'><img loading=\"lazy\" decoding=\"async\" width=\"200\" height=\"300\" src=\"https:\/\/www.ff-sarstedt.de\/stadt\/wp-content\/uploads\/2015\/12\/IMG_4418-683x1024-200x300.jpg\" class=\"attachment-medium size-medium\" alt=\"\" \/><\/a>\n\t\t\t<\/dt><\/dl><dl class='gallery-item'>\n\t\t\t<dt class='gallery-icon landscape'>\n\t\t\t\t<a rel=\"prettyPhoto[postimages]\" href='https:\/\/www.ff-sarstedt.de\/stadt\/wp-content\/uploads\/2015\/12\/DSC_7801-1.jpg'><img loading=\"lazy\" decoding=\"async\" width=\"300\" height=\"200\" src=\"https:\/\/www.ff-sarstedt.de\/stadt\/wp-content\/uploads\/2015\/12\/DSC_7801-1-300x200.jpg\" class=\"attachment-medium size-medium\" alt=\"\" aria-describedby=\"gallery-1-15718\" \/><\/a>\n\t\t\t<\/dt>\n\t\t\t\t<dd class='wp-caption-text gallery-caption' id='gallery-1-15718'>\n\t\t\t\tBlick von rechts aus in die Staffelkabine.\n\t\t\t\t<\/dd><\/dl><br style=\"clear: both\" \/><dl class='gallery-item'>\n\t\t\t<dt class='gallery-icon landscape'>\n\t\t\t\t<a rel=\"prettyPhoto[postimages]\" href='https:\/\/www.ff-sarstedt.de\/stadt\/wp-content\/uploads\/2015\/12\/DSC_7809-1.jpg'><img loading=\"lazy\" decoding=\"async\" width=\"300\" height=\"200\" src=\"https:\/\/www.ff-sarstedt.de\/stadt\/wp-content\/uploads\/2015\/12\/DSC_7809-1-300x200.jpg\" class=\"attachment-medium size-medium\" alt=\"\" aria-describedby=\"gallery-1-15720\" \/><\/a>\n\t\t\t<\/dt>\n\t\t\t\t<dd class='wp-caption-text gallery-caption' id='gallery-1-15720'>\n\t\t\t\tAm Heck ist ein Multifunktionaler Lichtbalken angebracht, welcher sowohl Blaulicht als auch Warnlicht besitzt, allerdings auch eine Umfeldbeleuchtung.Die Gro\u00dffl\u00e4chige Klebung der Ladebordwand dient zur Sicherheit an der Einsatzstelle. \n\t\t\t\t<\/dd><\/dl><dl class='gallery-item'>\n\t\t\t<dt class='gallery-icon landscape'>\n\t\t\t\t<a rel=\"prettyPhoto[postimages]\" href='https:\/\/www.ff-sarstedt.de\/stadt\/wp-content\/uploads\/2015\/12\/DSC_7790-1.jpg'><img loading=\"lazy\" decoding=\"async\" width=\"300\" height=\"200\" src=\"https:\/\/www.ff-sarstedt.de\/stadt\/wp-content\/uploads\/2015\/12\/DSC_7790-1-300x200.jpg\" class=\"attachment-medium size-medium\" alt=\"\" aria-describedby=\"gallery-1-15721\" \/><\/a>\n\t\t\t<\/dt>\n\t\t\t\t<dd class='wp-caption-text gallery-caption' id='gallery-1-15721'>\n\t\t\t\tSeitliche Ansicht\n\t\t\t\t<\/dd><\/dl>\n\t\t\t<br style='clear: both' \/>\n\t\t<\/div>\n<\/dt>\n<\/dl>\n","protected":false},"excerpt":{"rendered":"<p>Der Ger\u00e4tewagen Logistik ist das Materialfahrzeug f\u00fcr ABC-Eins\u00e4tze der Ortsfeuerwehr Sarstedt. \u00dcber\u00f6rtlich ist das Fahrzeug im Gefahrgutzug Nord I des LK Hildesheim eingebunden. Durch den Einsatz von mehreren Rollwagen ist das Fahrzeug variabel einsetzbar. Es kann je nach Einsatzlage schnell \u00fcber die Ladebordwand neu best\u00fcckt werden. \u00a0Technische Daten Rufname:\u00a0Florian Hildesheim Land 11\/73\/21 Baujahr : 2015 [&hellip;]<\/p>\n","protected":false},"author":15,"featured_media":14733,"parent":267,"menu_order":49,"comment_status":"closed","ping_status":"closed","template":"side-navigation.php","meta":{"_monsterinsights_skip_tracking":false,"_monsterinsights_sitenote_active":false,"_monsterinsights_sitenote_note":"","_monsterinsights_sitenote_category":0,"footnotes":""},"class_list":["post-7143","page","type-page","status-publish","has-post-thumbnail","hentry"],"aioseo_notices":[],"_links":{"self":[{"href":"https:\/\/www.ff-sarstedt.de\/stadt\/wp-json\/wp\/v2\/pages\/7143","targetHints":{"allow":["GET"]}}],"collection":[{"href":"https:\/\/www.ff-sarstedt.de\/stadt\/wp-json\/wp\/v2\/pages"}],"about":[{"href":"https:\/\/www.ff-sarstedt.de\/stadt\/wp-json\/wp\/v2\/types\/page"}],"author":[{"embeddable":true,"href":"https:\/\/www.ff-sarstedt.de\/stadt\/wp-json\/wp\/v2\/users\/15"}],"replies":[{"embeddable":true,"href":"https:\/\/www.ff-sarstedt.de\/stadt\/wp-json\/wp\/v2\/comments?post=7143"}],"version-history":[{"count":2,"href":"https:\/\/www.ff-sarstedt.de\/stadt\/wp-json\/wp\/v2\/pages\/7143\/revisions"}],"predecessor-version":[{"id":29763,"href":"https:\/\/www.ff-sarstedt.de\/stadt\/wp-json\/wp\/v2\/pages\/7143\/revisions\/29763"}],"up":[{"embeddable":true,"href":"https:\/\/www.ff-sarstedt.de\/stadt\/wp-json\/wp\/v2\/pages\/267"}],"wp:featuredmedia":[{"embeddable":true,"href":"https:\/\/www.ff-sarstedt.de\/stadt\/wp-json\/wp\/v2\/media\/14733"}],"wp:attachment":[{"href":"https:\/\/www.ff-sarstedt.de\/stadt\/wp-json\/wp\/v2\/media?parent=7143"}],"curies":[{"name":"wp","href":"https:\/\/api.w.org\/{rel}","templated":true}]}}