{"id":8728,"date":"2021-07-02T19:30:56","date_gmt":"2021-07-02T17:30:56","guid":{"rendered":"http:\/\/www.ff-sarstedt.de\/stadt\/?page_id=8728"},"modified":"2021-07-02T19:30:58","modified_gmt":"2021-07-02T17:30:58","slug":"chronik-kinderfeuerwehr","status":"publish","type":"page","link":"https:\/\/www.ff-sarstedt.de\/stadt\/schliekum\/wir-ueber-uns\/chronik-kinderfeuerwehr","title":{"rendered":"Chronik Kinderfeuerwehr"},"content":{"rendered":"\n<p>Schon seit Langem erz\u00e4hlten viele Eltern, deren Kinder das Jugendfeuerwehralter von zehn Jahren noch nicht erreicht haben, dass ihr Nachwuchs mit Plastikeimern auf dem Kopf und Wasserschlauch in der Hand im Garten Feuerwehr spielt. Aus diesem Grundgedanken war der Vorschlag zur Gr\u00fcndung einer \u201eKinderfeuerwehr\u201c entstanden. In der Planungsphase lobten viele diese Idee, gaben Anregungen und Tipps, mahnten aber gleichzeitig vor allzu viel \u00dcbereifer. Zum Schluss kamen die Verantwortlichen zu dem Ergebnis, eine Gruppe ins Leben rufen zu wollen und vorsichtig auszutesten, was erwartet wird und welche Anforderungen erf\u00fcllt werden k\u00f6nnen.<\/p>\n<p>Nach einer l\u00e4ngeren Planungs- und Vorbereitungsphase wurden an alle Schliekumer Kinder, die im Fr\u00fchjahr 2000 zwischen f\u00fcnf und zehn Jahre alt waren, Einladungen zum ersten Treffen verteilt.<\/p>\n<p>Am 5. Juli 2000 war es endlich so weit. Die Kinderfeuerwehr in Schliekum wurde offiziell unter dem Namen \u201eT\u00fcTa-Kids Schliekum\u201c gegr\u00fcndet. Das Interesse bei den Kindern im Dorf war so gro\u00df, dass der Schulungsraum im Feuerwehrhaus nicht f\u00fcr alle ausreichte. Kurzerhand setzten sich alle in der Fahrzeughalle auf Decken.<\/p>\n<p>Die Betreuung der T\u00fcTa-Kids erfolgte aus den Reihen der Ortsfeuerwehr durch Kai Brinkmann, Lars Brinkmann und Birgit Marheineke. Aus der Jugendfeuerwehr waren Linda Langner und Katrin Klu\u00dfmann mit von der Partie. Andrea Boseniuk und Kerstin Struck waren als \u201eNicht-Feuerwehrmitglieder\u201c ein fester Bestandteil des Teams. Falls mal Not am \u201eMann\u201c war, waren stets Eltern und Feuerwehrkameraden bereit zu unterst\u00fctzen.<\/p>\n<p>Bei den Diensten der Kinderfeuerwehr werden sowohl feuerwehrspezifische als auch soziale Themen behandelt. Die Kinder lernen spielerisch das Feuerwehrfahrzeug und die Aufgaben der Einsatzabteilung kennen. Aber auch Themen wie Erste Hilfe oder Brandschutzerziehung werden mit den Kindern besprochen. Oftmals werden die Nachmittage durch Ideen oder Anregungen der Kinder mitgestaltet oder auch hin und wieder spontan umgestaltet.<\/p>\n<p>Der Zusammenhalt der Gruppe hat ebenfalls einen hohen Stellenwert. Hierzu tragen die j\u00e4hrliche Fahrt in den Harz oder \u00dcbernachtungspartys im Feuerwehrhaus oder auf dem Schliekumer Sportplatz bei.<\/p>\n<p>Ein j\u00e4hrliches Highlight ist der Wettbewerb aller Kinderfeuerwehren aus dem Stadtgebiet. Mal muss dabei eine kleine Feuerwehr\u00fcbung auf Zeit bew\u00e4ltigt werden, mal gibt es einen kleinen Orientierungsmarsch durch den Ort der ausrichtenden Kinderfeuerwehr mit kleinen Spielstationen.<\/p>\n<p>Seit ein paar Jahren nehmen die Mitglieder auch sehr erfolgreich an der Brandflohabnahme teil, einem Abzeichen f\u00fcr die Kinderfeuerwehr.<\/p>\n<p>Um bei den T\u00fcTa-Kids mitmachen zu k\u00f6nnen, muss man zwischen sechs und zehn Jahre alt und neugierig auf Neues sein. Treffen ist regelm\u00e4\u00dfig jeden ersten Mittwoch im Monat um 17 Uhr am Feuerwehrger\u00e4tehaus in der Pattenser Stra\u00dfe.<\/p>\n<p>Alle Kinder, die zehn Jahre sind, werden feierlich bei den T\u00fcTa-Kids verabschiedet und d\u00fcrfen direkt in die Jugendfeuerwehr wechseln.<\/p>\n<p>Nachfolgend ein paar interessante Erlebnisse aus den letzten Jahren:<\/p>\n<p>\u00a0<\/p>\n<h3>2000<\/h3>\n<p>Bei den ersten Treffen galt die besondere Aufmerksamkeit der Kinder dem neuen Feuerwehrfahrzeug. Ganz besonders spannend war auch eine Fahrt durch Schliekum mit dem Fahrzeug. Nat\u00fcrlich waren alle voll bei der Sache, als sie in Jugendfeuerwehrregenjacken und \u2011helmen mit K\u00fcbelspritze und Schnellangriff auf eine Dosenpyramide zielen durften. Das Absetzen eines Notrufs mit Hilfe eines umgebauten Telefons sorgte f\u00fcr besondere Aufregung, wenn sich am anderen Ende pl\u00f6tzlich eine unbekannte Stimme meldet und wissen m\u00f6chte, wo man wohnt. So manches Kind war da unsicher und sprachlos. Bei einem Treffen konnten die Kinder lernen, wie sie Erste Hilfe leisten k\u00f6nnen, wenn kein Erwachsener in der N\u00e4he ist oder was bei kleineren Verletzungen zu beachten ist. Nat\u00fcrlich kam auch die Brandschutzerziehung nicht zu kurz, damit die Kinder wissen, was beim Umgang mit Feuer zu beachten ist.<\/p>\n<p>\u00a0<\/p>\n<h3>2001<\/h3>\n<p>Die Floriansbande aus Ruthe hatte die T\u00fcTa-Kids im Sommer 2001 zum 25-j\u00e4hrigen Jubil\u00e4um der Jugendfeuerwehr Ruthe zu einem kleinen Wettbewerb eingeladen. Bevor hier angetreten werden konnte, musste flei\u00dfig ge\u00fcbt und probiert werden. Nat\u00fcrlich stand bei der ganzen Aktion der Spa\u00df an erster Stelle und es gab kaum andere T\u00fcTa-Kids-Treffen, bei denen vor dem Feuerwehrger\u00e4tehaus mehr gelacht und gejubelt wurde als bei diesen \u00dcbungen.<\/p>\n<p>Am 4. August 2001 waren 21 Kinder und viele Eltern, Geschwister, Gro\u00dfeltern und Freunde nach Ruthe gereist, um an dem Wettbewerb teilzunehmen. Gestartet war die Floriansbande mit zwei Gruppen, die T\u00fcTa-Kids hatten sogar drei Gruppen gemeldet.<\/p>\n<p>Beim ersten Teil des Wettbewerbs musste jeder aus der Gruppe einen D-Schlauch aufrollen, durch den Tunnel kriechen, den viele von den Wettbewerben der Jugendfeuerwehr kannten, und den Mastwurf an einem Knotengestell binden. Umso schneller die sechs Gruppenmitglieder ihre Aufgaben erledigt hatten, umso besser wurden sie bewertet.<\/p>\n<p>Beim zweiten Teil durfte endlich mit Wasser gearbeitet werden. Einer aus der Gruppe stand am Strahlrohr, einer zum Pumpen an der K\u00fcbelspritze und die anderen vier Kinder mussten das Wasser in kleinen Eimern aus einem Trog holen und in die K\u00fcbelspritze einf\u00fcllen. Die Gruppe, die das meiste Wasser durch die Spritzwand in den dahinterstehenden Eimer gespritzt hatte, bekam auch die meisten Punkte f\u00fcr diese \u00dcbung. Um die Bewertung einigerma\u00dfen gerecht durchzuf\u00fchren, wurde das Durchschnittsalter der Gruppe \u2013 \u00e4hnlich wie bei der Bewertung der Jugendfeuerwehrwettbewerbe \u2013 ber\u00fccksichtigt, denn in einer Gruppe waren alle gerade mal erst f\u00fcnf oder sogar noch j\u00fcnger und in einer anderen Gruppe waren nur Kinder, die schon fast zehn Jahre alt waren.<\/p>\n<p>\u00a0<\/p>\n<h3>2002<\/h3>\n<p>Zum 100-j\u00e4hrigen Bestehen der Freiwilligen Feuerwehr Schliekum hatten die T\u00fcTa-Kids einen kleinen Auftritt zusammen mit der Jugendfeuerwehr. Den anwesenden G\u00e4sten wurde gezeigt, wie ein Haus gel\u00f6scht und dessen Bewohner gerettet werden. Die Bobby-Cars der Kinder dienten hierf\u00fcr als Feuerwehrautos.<\/p>\n<p>2002 stand auch ein Zeltlager auf dem Plan. Die Kinder \u00fcbernachteten zusammen mit den Betreuern in gro\u00dfen Mannschaftszelten auf dem dorfeigenen Sportplatz. Am Abend sa\u00dfen alle zusammen am Lagerfeuer und haben Stockbrot gebacken.<\/p>\n<p>\u00a0<\/p>\n<h3>2005<\/h3>\n<p>Bei der j\u00e4hrlichen Weihnachtsfeier im Dorf wurde zusammen mit der Jugendfeuerwehr ein Tanz aufgef\u00fchrt.<\/p>\n<p>\u00a0<\/p>\n<h3>2014<\/h3>\n<p>Im Jahr 2014 wurde zusammen mit der Jugendfeuerwehr eine Wochenendfreizeit im Dorfgemeinschaftshaus in Holtensen durchgef\u00fchrt. Zahlreiche Aktionen standen auf dem Programm. Unter anderem bemalten alle Kinder zusammen jeweils einen Teller mit einem Feuerwehrauto. Nat\u00fcrlich wurde auch eine Nachtwanderung durchgef\u00fchrt.<\/p>\n<p>\u00a0<\/p>\n<h3>2017<\/h3>\n<p>Zum 115-j\u00e4hrigen Jubil\u00e4um der Freiwilligen Feuerwehr Schliekum gab es eine gro\u00dfe Feier im Dorf. Als \u00dcberraschung f\u00fcr die G\u00e4ste hatten die T\u00fcta-Kids zusammen mit der Jugendfeuerwehr und der Einsatzabteilung Songs einstudiert, die den anwesenden G\u00e4sten am Abend mit kleinen Tanzeinlagen pr\u00e4sentiert wurden.<\/p>\n<p>Ein gemeinsames \u00dcbernachtungswochenende mit der Jugendfeuerwehr verbrachten die T\u00fcTa-Kids im Dorfgemeinschaftshaus Schliekum. Tags\u00fcber waren alle zusammen im Schwimmbad in Sarstedt und machten eine Ketcar-Tour durch die Leinemasch. Am Abend wurde gemeinsam das Essen vorbereitet, welches anschlie\u00dfend \u00fcber dem Lagerfeuer erw\u00e4rmt wurde. Am Sonntagmorgen, als gerade das Fr\u00fchst\u00fcck vorbereitet wurde, ging auf einmal die Sirene los und die Kinder bekamen hautnah mit, wie die Feuerwehrleute sich schnell im Feuerwehrhaus umzogen und zum Einsatz ausr\u00fcckten.<\/p>\n<p>\u00a0<\/p>\n<h3>2019<\/h3>\n<p>Auch an den j\u00e4hrlichen Dorfveranstaltungen (beispielsweise dem Maibaumaufstellen), beteiligten sich die T\u00fcTa-Kids. So veranstalteten sie im Jahr 2019 eine kleine Modenschau f\u00fcr die anwesenden G\u00e4ste. Die gesamte Kleidung der Feuerwehr von den T\u00fcTa-Kids bis hin zur Einsatzabteilung mit Atemschutz wurde pr\u00e4sentiert.<\/p>\n<p>\u00a0<\/p>\n\n\n\n<div class=\"wp-block-image is-style-default\"><figure class=\"aligncenter size-medium\"><img loading=\"lazy\" decoding=\"async\" width=\"251\" height=\"300\" src=\"https:\/\/www.ff-sarstedt.de\/stadt\/wp-content\/uploads\/2021\/06\/Maskottchen-Loeschi-251x300.jpg\" alt=\"\" class=\"wp-image-24321\"\/><figcaption><kbd><em>Maskottchen L\u00f6schi<\/em><\/kbd><\/figcaption><\/figure><\/div>\n","protected":false},"excerpt":{"rendered":"<p>Schon seit Langem erz\u00e4hlten viele Eltern, deren Kinder das Jugendfeuerwehralter von zehn Jahren noch nicht erreicht haben, dass ihr Nachwuchs mit Plastikeimern auf dem Kopf und Wasserschlauch in der Hand im Garten Feuerwehr spielt. Aus diesem Grundgedanken war der Vorschlag zur Gr\u00fcndung einer \u201eKinderfeuerwehr\u201c entstanden. In der Planungsphase lobten viele diese Idee, gaben Anregungen und [&hellip;]<\/p>\n","protected":false},"author":5,"featured_media":0,"parent":1714,"menu_order":39,"comment_status":"closed","ping_status":"closed","template":"","meta":{"_monsterinsights_skip_tracking":false,"_monsterinsights_sitenote_active":false,"_monsterinsights_sitenote_note":"","_monsterinsights_sitenote_category":0,"footnotes":""},"class_list":["post-8728","page","type-page","status-publish","hentry"],"aioseo_notices":[],"_links":{"self":[{"href":"https:\/\/www.ff-sarstedt.de\/stadt\/wp-json\/wp\/v2\/pages\/8728","targetHints":{"allow":["GET"]}}],"collection":[{"href":"https:\/\/www.ff-sarstedt.de\/stadt\/wp-json\/wp\/v2\/pages"}],"about":[{"href":"https:\/\/www.ff-sarstedt.de\/stadt\/wp-json\/wp\/v2\/types\/page"}],"author":[{"embeddable":true,"href":"https:\/\/www.ff-sarstedt.de\/stadt\/wp-json\/wp\/v2\/users\/5"}],"replies":[{"embeddable":true,"href":"https:\/\/www.ff-sarstedt.de\/stadt\/wp-json\/wp\/v2\/comments?post=8728"}],"version-history":[{"count":1,"href":"https:\/\/www.ff-sarstedt.de\/stadt\/wp-json\/wp\/v2\/pages\/8728\/revisions"}],"predecessor-version":[{"id":29555,"href":"https:\/\/www.ff-sarstedt.de\/stadt\/wp-json\/wp\/v2\/pages\/8728\/revisions\/29555"}],"up":[{"embeddable":true,"href":"https:\/\/www.ff-sarstedt.de\/stadt\/wp-json\/wp\/v2\/pages\/1714"}],"wp:attachment":[{"href":"https:\/\/www.ff-sarstedt.de\/stadt\/wp-json\/wp\/v2\/media?parent=8728"}],"curies":[{"name":"wp","href":"https:\/\/api.w.org\/{rel}","templated":true}]}}