{"id":958,"date":"2015-03-21T12:06:51","date_gmt":"2015-03-21T11:06:51","guid":{"rendered":"http:\/\/www.ff-sarstedt.de\/stadt\/?page_id=958"},"modified":"2017-11-17T21:36:59","modified_gmt":"2017-11-17T20:36:59","slug":"lf86","status":"publish","type":"page","link":"https:\/\/www.ff-sarstedt.de\/stadt\/goedringen\/technik\/lf86","title":{"rendered":"LF 8\/6 G\u00f6dringen"},"content":{"rendered":"<p style=\"text-align: center;\" align=\"center\"><span style=\"line-height: 115%; font-family: 'Arial','sans-serif'; font-size: 12pt;\"><span style=\"color: #000000;\">Die Feuerwehr G\u00f6dringen verf\u00fcgt \u00fcber ein L\u00f6schgruppenfahrzeug (LF 8\/6). <\/span><\/span><span style=\"line-height: 115%; font-family: 'Arial','sans-serif'; font-size: 12pt;\"><span style=\"color: #000000;\">Das Feuerwehrfahrzeug hat einen Tank mit 600 Liter Wasser, vier PA Ger\u00e4te, um verrauchte Geb\u00e4ude zu betreten, eine vierteilige Steckleiter, ein Notstromaggregat, Schnelleinsatzbeleuchtung, ein Stativ f\u00fcr das Ausleuchten an der Einsatzstelle, eine TS Ultra Power 3 von Ziegler, einen Wasserwerfer und s\u00e4mtliche Ger\u00e4te f\u00fcr die Brandbek\u00e4mpfung und einfache Technische Hilfeleistung.<\/span><\/span><span style=\"line-height: 115%; font-family: 'Arial','sans-serif'; font-size: 12pt;\"><span style=\"color: #000000;\"> Es wird von einer L\u00f6schgruppe, bestehend aus neuen Personen besetzt.<\/span><\/span><\/p>\n<p style=\"text-align: center;\" align=\"center\"><a href=\"https:\/\/www.ff-sarstedt.de\/stadt\/wp-content\/uploads\/2015\/03\/P4080003.jpg\" rel=\"lightbox[958]\"><img loading=\"lazy\" decoding=\"async\" class=\"alignnone size-medium wp-image-962\" src=\"https:\/\/www.ff-sarstedt.de\/stadt\/wp-content\/uploads\/2015\/03\/P4080003-300x225.jpg\" alt=\"OLYMPUS DIGITAL CAMERA\" width=\"300\" height=\"225\" \/><\/a><\/p>\n<p>&nbsp;<\/p>\n\n\t\t<style type=\"text\/css\">\n\t\t\t#gallery-1 {\n\t\t\t\tmargin: auto;\n\t\t\t}\n\t\t\t#gallery-1 .gallery-item {\n\t\t\t\tfloat: left;\n\t\t\t\tmargin-top: 10px;\n\t\t\t\ttext-align: center;\n\t\t\t\twidth: 33%;\n\t\t\t}\n\t\t\t#gallery-1 img {\n\t\t\t\tborder: 2px solid #cfcfcf;\n\t\t\t}\n\t\t\t#gallery-1 .gallery-caption {\n\t\t\t\tmargin-left: 0;\n\t\t\t}\n\t\t\t\/* see gallery_shortcode() in wp-includes\/media.php *\/\n\t\t<\/style>\n\t\t<div id='gallery-1' class='gallery galleryid-958 gallery-columns-3 gallery-size-thumbnail'><dl class='gallery-item'>\n\t\t\t<dt class='gallery-icon landscape'>\n\t\t\t\t<a rel=\"prettyPhoto[postimages]\" href='https:\/\/www.ff-sarstedt.de\/stadt\/wp-content\/uploads\/2017\/11\/LF-Hildesheim-3.jpg'><img loading=\"lazy\" decoding=\"async\" width=\"150\" height=\"150\" src=\"https:\/\/www.ff-sarstedt.de\/stadt\/wp-content\/uploads\/2017\/11\/LF-Hildesheim-3-150x150.jpg\" class=\"attachment-thumbnail size-thumbnail\" alt=\"\" \/><\/a>\n\t\t\t<\/dt><\/dl><dl class='gallery-item'>\n\t\t\t<dt class='gallery-icon landscape'>\n\t\t\t\t<a rel=\"prettyPhoto[postimages]\" href='https:\/\/www.ff-sarstedt.de\/stadt\/wp-content\/uploads\/2017\/11\/LF-Hildesheim-1.jpg'><img loading=\"lazy\" decoding=\"async\" width=\"150\" height=\"150\" src=\"https:\/\/www.ff-sarstedt.de\/stadt\/wp-content\/uploads\/2017\/11\/LF-Hildesheim-1-150x150.jpg\" class=\"attachment-thumbnail size-thumbnail\" alt=\"\" \/><\/a>\n\t\t\t<\/dt><\/dl><dl class='gallery-item'>\n\t\t\t<dt class='gallery-icon landscape'>\n\t\t\t\t<a rel=\"prettyPhoto[postimages]\" href='https:\/\/www.ff-sarstedt.de\/stadt\/wp-content\/uploads\/2017\/11\/LF-Hildesheim-2.jpg'><img loading=\"lazy\" decoding=\"async\" width=\"150\" height=\"150\" src=\"https:\/\/www.ff-sarstedt.de\/stadt\/wp-content\/uploads\/2017\/11\/LF-Hildesheim-2-150x150.jpg\" class=\"attachment-thumbnail size-thumbnail\" alt=\"\" \/><\/a>\n\t\t\t<\/dt><\/dl><br style=\"clear: both\" \/>\n\t\t<\/div>\n\n","protected":false},"excerpt":{"rendered":"<p>Die Feuerwehr G\u00f6dringen verf\u00fcgt \u00fcber ein L\u00f6schgruppenfahrzeug (LF 8\/6). Das Feuerwehrfahrzeug hat einen Tank mit 600 Liter Wasser, vier PA Ger\u00e4te, um verrauchte Geb\u00e4ude zu betreten, eine vierteilige Steckleiter, ein Notstromaggregat, Schnelleinsatzbeleuchtung, ein Stativ f\u00fcr das Ausleuchten an der Einsatzstelle, eine TS Ultra Power 3 von Ziegler, einen Wasserwerfer und s\u00e4mtliche Ger\u00e4te f\u00fcr die Brandbek\u00e4mpfung [&hellip;]<\/p>\n","protected":false},"author":6,"featured_media":962,"parent":1629,"menu_order":41,"comment_status":"closed","ping_status":"closed","template":"side-navigation.php","meta":{"_monsterinsights_skip_tracking":false,"_monsterinsights_sitenote_active":false,"_monsterinsights_sitenote_note":"","_monsterinsights_sitenote_category":0,"footnotes":""},"class_list":["post-958","page","type-page","status-publish","has-post-thumbnail","hentry"],"aioseo_notices":[],"_links":{"self":[{"href":"https:\/\/www.ff-sarstedt.de\/stadt\/wp-json\/wp\/v2\/pages\/958","targetHints":{"allow":["GET"]}}],"collection":[{"href":"https:\/\/www.ff-sarstedt.de\/stadt\/wp-json\/wp\/v2\/pages"}],"about":[{"href":"https:\/\/www.ff-sarstedt.de\/stadt\/wp-json\/wp\/v2\/types\/page"}],"author":[{"embeddable":true,"href":"https:\/\/www.ff-sarstedt.de\/stadt\/wp-json\/wp\/v2\/users\/6"}],"replies":[{"embeddable":true,"href":"https:\/\/www.ff-sarstedt.de\/stadt\/wp-json\/wp\/v2\/comments?post=958"}],"version-history":[{"count":0,"href":"https:\/\/www.ff-sarstedt.de\/stadt\/wp-json\/wp\/v2\/pages\/958\/revisions"}],"up":[{"embeddable":true,"href":"https:\/\/www.ff-sarstedt.de\/stadt\/wp-json\/wp\/v2\/pages\/1629"}],"wp:featuredmedia":[{"embeddable":true,"href":"https:\/\/www.ff-sarstedt.de\/stadt\/wp-json\/wp\/v2\/media\/962"}],"wp:attachment":[{"href":"https:\/\/www.ff-sarstedt.de\/stadt\/wp-json\/wp\/v2\/media?parent=958"}],"curies":[{"name":"wp","href":"https:\/\/api.w.org\/{rel}","templated":true}]}}