{"id":973,"date":"2015-03-21T18:23:58","date_gmt":"2015-03-21T17:23:58","guid":{"rendered":"http:\/\/www.ff-sarstedt.de\/stadt\/?page_id=973"},"modified":"2025-06-13T17:24:59","modified_gmt":"2025-06-13T15:24:59","slug":"kinderfeuerwehr","status":"publish","type":"page","link":"https:\/\/www.ff-sarstedt.de\/stadt\/goedringen\/kinderfeuerwehr","title":{"rendered":"Kinderfeuerwehr"},"content":{"rendered":"<p>Die Kleinsten der Feuerwehr \u2013 Der Miniclub G\u00f6dringen<\/p>\n<p>Im Miniclub G\u00f6dringen (gegr\u00fcndet 1996) lernen Kinder im Alter von 6 bis 10 Jahren auf spielerischer Art und Weise die Aufgaben eines Feuerwehrmannes bzw. einer Feuerwehrfrau kennen. Die Kinder treffen sich einmal im Monat montags in der Zeit von 17 bis ca. 18.30 Uhr am und im Feuerwehrger\u00e4tehaus in G\u00f6dringen. Als Erkennungsmerkmal haben auch die Kleinsten unserer Feuerwehr eine eigene &#8220;Uniform&#8221;. Sie tragen dunkelblaue T-Shirts mit hellgelber Leuchtaufschrift.<\/p>\n<p>In den Diensten steht beim Miniclub die Brandschutzerziehung im Vordergrund. Die Kinder lernen so zum Beispiel die Ausr\u00fcstung der Feuerwehrm\u00e4nner und \u2013 frauen hautnah kennen, erkunden das Feuerwehrauto, rollen Schl\u00e4uche, lernen einen Notruf richtig abzusetzen, lernen die Bedeutung der Feuermelder und verschiedene L\u00f6schverfahren kennen, beobachten einen Atemschutzger\u00e4tetr\u00e4ger aus n\u00e4chster N\u00e4he, probieren verschiedene Knoten und Stiche aus. \u00a0Highlight eines jeden Jahres sind kindgerechte feuerwehrtechnische Wettbewerbe, bei denen alle Kinderfeuerwehren der Stadt Sarstedt zusammen kommen und bei Sport und Spiel ihre \u201eKr\u00e4fte\u201c messen. In den Sommermonaten probieren wir auch immer gerne bei Wasserspielen aus, wie nass wir werden k\u00f6nnen.<\/p>\n<p>Vielleicht hast du ja Lust bekommen uns mal zu besuchen?<\/p>\n<p>Wir freuen uns auf deinen Besuch \ud83d\ude42<\/p>\n<p>Eyleen Grotheer und Philipp Wuchert<\/p>\n<p><a href=\"https:\/\/www.ff-sarstedt.de\/stadt\/wp-content\/uploads\/2023\/09\/IMG_7060-scaled.jpg\" rel=\"lightbox[973]\"><img loading=\"lazy\" decoding=\"async\" class=\"alignnone wp-image-27985 size-medium\" src=\"https:\/\/www.ff-sarstedt.de\/stadt\/wp-content\/uploads\/2023\/09\/IMG_7060-300x202.jpg\" alt=\"\" width=\"300\" height=\"202\" \/><\/a><\/p>\n<p>Stadtpokalsieger der Kinderfeuerwehren 2023<\/p>\n","protected":false},"excerpt":{"rendered":"<p>Die Kleinsten der Feuerwehr \u2013 Der Miniclub G\u00f6dringen Im Miniclub G\u00f6dringen (gegr\u00fcndet 1996) lernen Kinder im Alter von 6 bis 10 Jahren auf spielerischer Art und Weise die Aufgaben eines Feuerwehrmannes bzw. einer Feuerwehrfrau kennen. Die Kinder treffen sich einmal im Monat montags in der Zeit von 17 bis ca. 18.30 Uhr am und im [&hellip;]<\/p>\n","protected":false},"author":6,"featured_media":27985,"parent":54,"menu_order":7,"comment_status":"closed","ping_status":"closed","template":"side-navigation.php","meta":{"_monsterinsights_skip_tracking":false,"_monsterinsights_sitenote_active":false,"_monsterinsights_sitenote_note":"","_monsterinsights_sitenote_category":0,"footnotes":""},"class_list":["post-973","page","type-page","status-publish","has-post-thumbnail","hentry"],"aioseo_notices":[],"_links":{"self":[{"href":"https:\/\/www.ff-sarstedt.de\/stadt\/wp-json\/wp\/v2\/pages\/973","targetHints":{"allow":["GET"]}}],"collection":[{"href":"https:\/\/www.ff-sarstedt.de\/stadt\/wp-json\/wp\/v2\/pages"}],"about":[{"href":"https:\/\/www.ff-sarstedt.de\/stadt\/wp-json\/wp\/v2\/types\/page"}],"author":[{"embeddable":true,"href":"https:\/\/www.ff-sarstedt.de\/stadt\/wp-json\/wp\/v2\/users\/6"}],"replies":[{"embeddable":true,"href":"https:\/\/www.ff-sarstedt.de\/stadt\/wp-json\/wp\/v2\/comments?post=973"}],"version-history":[{"count":3,"href":"https:\/\/www.ff-sarstedt.de\/stadt\/wp-json\/wp\/v2\/pages\/973\/revisions"}],"predecessor-version":[{"id":29928,"href":"https:\/\/www.ff-sarstedt.de\/stadt\/wp-json\/wp\/v2\/pages\/973\/revisions\/29928"}],"up":[{"embeddable":true,"href":"https:\/\/www.ff-sarstedt.de\/stadt\/wp-json\/wp\/v2\/pages\/54"}],"wp:featuredmedia":[{"embeddable":true,"href":"https:\/\/www.ff-sarstedt.de\/stadt\/wp-json\/wp\/v2\/media\/27985"}],"wp:attachment":[{"href":"https:\/\/www.ff-sarstedt.de\/stadt\/wp-json\/wp\/v2\/media?parent=973"}],"curies":[{"name":"wp","href":"https:\/\/api.w.org\/{rel}","templated":true}]}}